{"id":34687,"date":"2021-01-12T16:55:59","date_gmt":"2021-01-12T14:55:59","guid":{"rendered":"https:\/\/www.visitmalinska.com\/?page_id=34687"},"modified":"2021-01-12T17:16:10","modified_gmt":"2021-01-12T15:16:10","slug":"kuca-dubasljanske-bastine","status":"publish","type":"page","link":"https:\/\/www.visitmalinska.com\/si\/kulturna-dediscina\/hisa-dubasljanske-dediscine\/","title":{"rendered":"Hi\u0161a duba\u0161ljanske dedi\u0161\u010dine"},"content":{"rendered":"<p>[vc_row][vc_column]<div id=\"fullwidth-block-69d016094ec22\" class=\"fullwidth-block clearfix\"  style=\"background-color: #1c8cce;\"><script type=\"text\/javascript\">if (typeof(gem_fix_fullwidth_position) == \"function\") { gem_fix_fullwidth_position(document.getElementById(\"fullwidth-block-69d016094ec22\")); }<\/script><div class=\"fullwidth-block-inner\">[vc_row_inner][vc_column_inner css=&#8221;.vc_custom_1557924656461{padding-top: 50px !important;padding-bottom: 50px !important;}&#8221;][vc_column_text]<\/p>\n<h5 style=\"text-align: center;\"><a href=\"https:\/\/www.visitmalinska.com\/si\/kulturna-dediscina\/\"><span style=\"color: #ffffff;\">Kulturna dedi\u0161\u010dina<\/span><\/a><\/h5>\n<p>[\/vc_column_text][vc_column_text]<\/p>\n<h1 style=\"text-align: center;\"><span style=\"color: #ffffff;\">Hi\u0161a duba\u0161ljanske dedi\u0161\u010dine<\/span><\/h1>\n<p>[\/vc_column_text][\/vc_column_inner][\/vc_row_inner]<\/div><\/div>[\/vc_column][\/vc_row][vc_row][vc_column]<div id=\"fullwidth-block-69d016094ec6d\" class=\"fullwidth-block clearfix\"  style=\"\"><script type=\"text\/javascript\">if (typeof(gem_fix_fullwidth_position) == \"function\") { gem_fix_fullwidth_position(document.getElementById(\"fullwidth-block-69d016094ec6d\")); }<\/script><div class=\"fullwidth-block-inner\">[vc_row_inner][vc_column_inner][vc_single_image image=&#8221;34690&#8243; img_size=&#8221;full&#8221;][\/vc_column_inner][\/vc_row_inner]<\/div><\/div>[\/vc_column][\/vc_row][vc_row css=&#8221;.vc_custom_1557925708802{padding-top: 50px !important;}&#8221;][vc_column][vc_column_text]Staro pode\u017eelsko hi\u0161o so zgradili sredi 19. st. kot objekt, namenjen dvema dru\u017einama. Pri\u010da o skromnem \u017eivljenju prebivalcev Duba\u0161nice, ki so se ve\u010dinoma ukvarjali s poljedelstvom in \u017eivinorejo. Sezidali so jo iz lomljenega kamena z ometom iz apna in lokalnega peska ter pokrili s sto\u017e\u010dastimi zaobljenimi plo\u0161\u010dicami. Hi\u0161a ni imela svoje <em>\u0161terne<\/em> (cisterne za vodo). V pritli\u010dju sta bili dve lo\u010deni (zdaj povezani) kleti <em>konobi<\/em>, iz skupne dvignjene terase <em>balature<\/em> se je vstopalo v dve lo\u010deni stanovanjski enoti. V <em>konobo<\/em> so vstopali skozi predprostor <em>volto (<\/em>obok). Tu so hranili voz, sode za vino in \u017eganje ter tudi su\u0161ili sir. <em>Balatura j<\/em>e pravzaprav obok <em>volte<\/em>, tak\u0161en zapleten na\u010din gradnje pa je zagotavljal hladno <em>konobo, <\/em>kamor prav nikoli niso prodrli son\u010dni \u017earki. Na <em>balaturo<\/em> so prihajali po zunanjem stopni\u0161\u010du, tukaj so prebivali, su\u0161ili perilo in pre\u017eivljali ve\u010dere v pogovoru. V levi hi\u0161i je bilo <em>ognji\u0161\u010de<\/em> brez dimnika, medtem ko je bil desni prostor urejen bolj bogato. Tu je kamnita polica poleg kru\u0161ne pe\u010di, ognji\u0161\u010de z dimnikom in dograjena spalnica v drugem nadstropju. Poleg skupne hi\u0161e so dodali manj\u0161i svinjak, prekrit s slamo.<\/p>\n<p>Danes se hi\u0161a ureja kot Interpretacijski-etnografski center \u2013 pri\u010da \u017eivljenja in obi\u010dajev v Duba\u0161nici. V njej bodo potekale tudi delavnice na temo tradicionalne gastronomije, pozabljenih ve\u0161\u010din, tradicionalne glasbe in glagolice\u2026<\/p>\n<p>V dvori\u0161\u010du pred Hi\u0161o duba\u0161ljanske dedi\u0161\u010dine so postavili doprsni kip prof. Ivana Mil\u010deti\u0107a (1853 \u20131921), sina tukaj\u0161njega kraja. Bil je literarni zgodovinar, dialektolog in filolog, ukvarjal se je z zgodovino, folkloro in obi\u010daji rojstnega kraja Duba\u0161nica. V znanem delu <em>Hrva\u0161ka glagolska bibliografija <\/em>iz leta 1911 je strokovno obdelal stare glagolske rokopise.[\/vc_column_text][\/vc_column][\/vc_row]<\/p>\n","protected":false},"excerpt":{"rendered":"<p>Staro pode\u017eelsko hi\u0161o so zgradili sredi 19. st. kot objekt, namenjen dvema dru\u017einama. <\/p>\n","protected":false},"author":1,"featured_media":34690,"parent":30185,"menu_order":0,"comment_status":"closed","ping_status":"closed","template":"","meta":{"footnotes":""},"class_list":["post-34687","page","type-page","status-publish","has-post-thumbnail"],"acf":[],"yoast_head":"<!-- This site is optimized with the Yoast SEO plugin v23.5 - https:\/\/yoast.com\/wordpress\/plugins\/seo\/ -->\n<title>Hi\u0161a duba\u0161ljanske dedi\u0161\u010dine - TZO Malinska-Duba\u0161nica<\/title>\n<meta name=\"robots\" content=\"index, follow, max-snippet:-1, max-image-preview:large, max-video-preview:-1\" \/>\n<link rel=\"canonical\" href=\"https:\/\/www.visitmalinska.com\/kulturno-povijesne-znamenitosti\/kuca-dubasljanske-bastine\/\" \/>\n<meta property=\"og:locale\" content=\"sl_SI\" \/>\n<meta property=\"og:type\" content=\"article\" \/>\n<meta property=\"og:title\" content=\"{:hr}Ku\u0107a duba\u0161ljanske ba\u0161tine{:}{:en}Duba\u0161nica Heritage House{:}{:de}Heimatmuseum Duba\u0161nica{:}{:it}Casa del patrimonio storico di Duba\u0161nica{:}{:si}Hi\u0161a duba\u0161ljanske dedi\u0161\u010dine{:} - TZO Malinska-Duba\u0161nica\" \/>\n<meta property=\"og:description\" content=\"Staro pode\u017eelsko hi\u0161o so zgradili sredi 19. st. kot objekt, namenjen dvema dru\u017einama.\" \/>\n<meta property=\"og:url\" content=\"https:\/\/www.visitmalinska.com\/kulturno-povijesne-znamenitosti\/kuca-dubasljanske-bastine\/\" \/>\n<meta property=\"og:site_name\" content=\"TZO Malinska-Duba\u0161nica\" \/>\n<meta property=\"article:publisher\" content=\"https:\/\/www.facebook.com\/Malinska.Island.Krk\/\" \/>\n<meta property=\"article:modified_time\" content=\"2021-01-12T15:16:10+00:00\" \/>\n<meta property=\"og:image\" content=\"https:\/\/www.visitmalinska.com\/wp-content\/uploads\/2021\/01\/tabela-018.jpg\" \/>\n\t<meta property=\"og:image:width\" content=\"1920\" \/>\n\t<meta property=\"og:image:height\" content=\"700\" \/>\n\t<meta property=\"og:image:type\" content=\"image\/jpeg\" \/>\n<meta name=\"twitter:card\" content=\"summary_large_image\" \/>\n<meta name=\"twitter:label1\" content=\"Est. reading time\" \/>\n\t<meta name=\"twitter:data1\" content=\"10 minutes\" \/>\n<script type=\"application\/ld+json\" class=\"yoast-schema-graph\">{\"@context\":\"https:\/\/schema.org\",\"@graph\":[{\"@type\":\"WebPage\",\"@id\":\"https:\/\/www.visitmalinska.com\/kulturno-povijesne-znamenitosti\/kuca-dubasljanske-bastine\/\",\"url\":\"https:\/\/www.visitmalinska.com\/kulturno-povijesne-znamenitosti\/kuca-dubasljanske-bastine\/\",\"name\":\"{:hr}Ku\u0107a duba\u0161ljanske ba\u0161tine{:}{:en}Duba\u0161nica Heritage House{:}{:de}Heimatmuseum Duba\u0161nica{:}{:it}Casa del patrimonio storico di Duba\u0161nica{:}{:si}Hi\u0161a duba\u0161ljanske dedi\u0161\u010dine{:} - TZO Malinska-Duba\u0161nica\",\"isPartOf\":{\"@id\":\"https:\/\/www.visitmalinska.com\/#website\"},\"primaryImageOfPage\":{\"@id\":\"https:\/\/www.visitmalinska.com\/kulturno-povijesne-znamenitosti\/kuca-dubasljanske-bastine\/#primaryimage\"},\"image\":{\"@id\":\"https:\/\/www.visitmalinska.com\/kulturno-povijesne-znamenitosti\/kuca-dubasljanske-bastine\/#primaryimage\"},\"thumbnailUrl\":\"https:\/\/www.visitmalinska.com\/wp-content\/uploads\/2021\/01\/tabela-018.jpg\",\"datePublished\":\"2021-01-12T14:55:59+00:00\",\"dateModified\":\"2021-01-12T15:16:10+00:00\",\"breadcrumb\":{\"@id\":\"https:\/\/www.visitmalinska.com\/kulturno-povijesne-znamenitosti\/kuca-dubasljanske-bastine\/#breadcrumb\"},\"inLanguage\":\"sl-SI\",\"potentialAction\":[{\"@type\":\"ReadAction\",\"target\":[\"https:\/\/www.visitmalinska.com\/kulturno-povijesne-znamenitosti\/kuca-dubasljanske-bastine\/\"]}]},{\"@type\":\"ImageObject\",\"inLanguage\":\"sl-SI\",\"@id\":\"https:\/\/www.visitmalinska.com\/kulturno-povijesne-znamenitosti\/kuca-dubasljanske-bastine\/#primaryimage\",\"url\":\"https:\/\/www.visitmalinska.com\/wp-content\/uploads\/2021\/01\/tabela-018.jpg\",\"contentUrl\":\"https:\/\/www.visitmalinska.com\/wp-content\/uploads\/2021\/01\/tabela-018.jpg\",\"width\":1920,\"height\":700},{\"@type\":\"BreadcrumbList\",\"@id\":\"https:\/\/www.visitmalinska.com\/kulturno-povijesne-znamenitosti\/kuca-dubasljanske-bastine\/#breadcrumb\",\"itemListElement\":[{\"@type\":\"ListItem\",\"position\":1,\"name\":\"Po\u010detna stranica\",\"item\":\"https:\/\/www.visitmalinska.com\/\"},{\"@type\":\"ListItem\",\"position\":2,\"name\":\"Kulturno povijesne znamenitosti\",\"item\":\"https:\/\/www.visitmalinska.com\/kulturno-povijesne-znamenitosti\/\"},{\"@type\":\"ListItem\",\"position\":3,\"name\":\"Ku\u0107a duba\u0161ljanske ba\u0161tine\"}]},{\"@type\":\"WebSite\",\"@id\":\"https:\/\/www.visitmalinska.com\/#website\",\"url\":\"https:\/\/www.visitmalinska.com\/\",\"name\":\"TZO Malinska-Duba\u0161nica\",\"description\":\"\",\"publisher\":{\"@id\":\"https:\/\/www.visitmalinska.com\/#organization\"},\"potentialAction\":[{\"@type\":\"SearchAction\",\"target\":{\"@type\":\"EntryPoint\",\"urlTemplate\":\"https:\/\/www.visitmalinska.com\/?s={search_term_string}\"},\"query-input\":{\"@type\":\"PropertyValueSpecification\",\"valueRequired\":true,\"valueName\":\"search_term_string\"}}],\"inLanguage\":\"sl-SI\"},{\"@type\":\"Organization\",\"@id\":\"https:\/\/www.visitmalinska.com\/#organization\",\"name\":\"TZO Malinska - Duba\u0161nica\",\"url\":\"https:\/\/www.visitmalinska.com\/\",\"logo\":{\"@type\":\"ImageObject\",\"inLanguage\":\"sl-SI\",\"@id\":\"https:\/\/www.visitmalinska.com\/#\/schema\/logo\/image\/\",\"url\":\"https:\/\/www.visitmalinska.com\/wp-content\/uploads\/2019\/03\/malinska-logo-240.png\",\"contentUrl\":\"https:\/\/www.visitmalinska.com\/wp-content\/uploads\/2019\/03\/malinska-logo-240.png\",\"width\":1188,\"height\":241,\"caption\":\"TZO Malinska - Duba\u0161nica\"},\"image\":{\"@id\":\"https:\/\/www.visitmalinska.com\/#\/schema\/logo\/image\/\"},\"sameAs\":[\"https:\/\/www.facebook.com\/Malinska.Island.Krk\/\",\"https:\/\/www.instagram.com\/visitmalinska\/\"]}]}<\/script>\n<!-- \/ Yoast SEO plugin. -->","yoast_head_json":{"title":"Hi\u0161a duba\u0161ljanske dedi\u0161\u010dine - TZO Malinska-Duba\u0161nica","robots":{"index":"index","follow":"follow","max-snippet":"max-snippet:-1","max-image-preview":"max-image-preview:large","max-video-preview":"max-video-preview:-1"},"canonical":"https:\/\/www.visitmalinska.com\/kulturno-povijesne-znamenitosti\/kuca-dubasljanske-bastine\/","og_locale":"sl_SI","og_type":"article","og_title":"{:hr}Ku\u0107a duba\u0161ljanske ba\u0161tine{:}{:en}Duba\u0161nica Heritage House{:}{:de}Heimatmuseum Duba\u0161nica{:}{:it}Casa del patrimonio storico di Duba\u0161nica{:}{:si}Hi\u0161a duba\u0161ljanske dedi\u0161\u010dine{:} - TZO Malinska-Duba\u0161nica","og_description":"Staro pode\u017eelsko hi\u0161o so zgradili sredi 19. st. kot objekt, namenjen dvema dru\u017einama.","og_url":"https:\/\/www.visitmalinska.com\/kulturno-povijesne-znamenitosti\/kuca-dubasljanske-bastine\/","og_site_name":"TZO Malinska-Duba\u0161nica","article_publisher":"https:\/\/www.facebook.com\/Malinska.Island.Krk\/","article_modified_time":"2021-01-12T15:16:10+00:00","og_image":[{"width":1920,"height":700,"url":"https:\/\/www.visitmalinska.com\/wp-content\/uploads\/2021\/01\/tabela-018.jpg","type":"image\/jpeg"}],"twitter_card":"summary_large_image","twitter_misc":{"Est. reading time":"10 minutes"},"schema":{"@context":"https:\/\/schema.org","@graph":[{"@type":"WebPage","@id":"https:\/\/www.visitmalinska.com\/kulturno-povijesne-znamenitosti\/kuca-dubasljanske-bastine\/","url":"https:\/\/www.visitmalinska.com\/kulturno-povijesne-znamenitosti\/kuca-dubasljanske-bastine\/","name":"{:hr}Ku\u0107a duba\u0161ljanske ba\u0161tine{:}{:en}Duba\u0161nica Heritage House{:}{:de}Heimatmuseum Duba\u0161nica{:}{:it}Casa del patrimonio storico di Duba\u0161nica{:}{:si}Hi\u0161a duba\u0161ljanske dedi\u0161\u010dine{:} - TZO Malinska-Duba\u0161nica","isPartOf":{"@id":"https:\/\/www.visitmalinska.com\/#website"},"primaryImageOfPage":{"@id":"https:\/\/www.visitmalinska.com\/kulturno-povijesne-znamenitosti\/kuca-dubasljanske-bastine\/#primaryimage"},"image":{"@id":"https:\/\/www.visitmalinska.com\/kulturno-povijesne-znamenitosti\/kuca-dubasljanske-bastine\/#primaryimage"},"thumbnailUrl":"https:\/\/www.visitmalinska.com\/wp-content\/uploads\/2021\/01\/tabela-018.jpg","datePublished":"2021-01-12T14:55:59+00:00","dateModified":"2021-01-12T15:16:10+00:00","breadcrumb":{"@id":"https:\/\/www.visitmalinska.com\/kulturno-povijesne-znamenitosti\/kuca-dubasljanske-bastine\/#breadcrumb"},"inLanguage":"sl-SI","potentialAction":[{"@type":"ReadAction","target":["https:\/\/www.visitmalinska.com\/kulturno-povijesne-znamenitosti\/kuca-dubasljanske-bastine\/"]}]},{"@type":"ImageObject","inLanguage":"sl-SI","@id":"https:\/\/www.visitmalinska.com\/kulturno-povijesne-znamenitosti\/kuca-dubasljanske-bastine\/#primaryimage","url":"https:\/\/www.visitmalinska.com\/wp-content\/uploads\/2021\/01\/tabela-018.jpg","contentUrl":"https:\/\/www.visitmalinska.com\/wp-content\/uploads\/2021\/01\/tabela-018.jpg","width":1920,"height":700},{"@type":"BreadcrumbList","@id":"https:\/\/www.visitmalinska.com\/kulturno-povijesne-znamenitosti\/kuca-dubasljanske-bastine\/#breadcrumb","itemListElement":[{"@type":"ListItem","position":1,"name":"Po\u010detna stranica","item":"https:\/\/www.visitmalinska.com\/"},{"@type":"ListItem","position":2,"name":"Kulturno povijesne znamenitosti","item":"https:\/\/www.visitmalinska.com\/kulturno-povijesne-znamenitosti\/"},{"@type":"ListItem","position":3,"name":"Ku\u0107a duba\u0161ljanske ba\u0161tine"}]},{"@type":"WebSite","@id":"https:\/\/www.visitmalinska.com\/#website","url":"https:\/\/www.visitmalinska.com\/","name":"TZO Malinska-Duba\u0161nica","description":"","publisher":{"@id":"https:\/\/www.visitmalinska.com\/#organization"},"potentialAction":[{"@type":"SearchAction","target":{"@type":"EntryPoint","urlTemplate":"https:\/\/www.visitmalinska.com\/?s={search_term_string}"},"query-input":{"@type":"PropertyValueSpecification","valueRequired":true,"valueName":"search_term_string"}}],"inLanguage":"sl-SI"},{"@type":"Organization","@id":"https:\/\/www.visitmalinska.com\/#organization","name":"TZO Malinska - Duba\u0161nica","url":"https:\/\/www.visitmalinska.com\/","logo":{"@type":"ImageObject","inLanguage":"sl-SI","@id":"https:\/\/www.visitmalinska.com\/#\/schema\/logo\/image\/","url":"https:\/\/www.visitmalinska.com\/wp-content\/uploads\/2019\/03\/malinska-logo-240.png","contentUrl":"https:\/\/www.visitmalinska.com\/wp-content\/uploads\/2019\/03\/malinska-logo-240.png","width":1188,"height":241,"caption":"TZO Malinska - Duba\u0161nica"},"image":{"@id":"https:\/\/www.visitmalinska.com\/#\/schema\/logo\/image\/"},"sameAs":["https:\/\/www.facebook.com\/Malinska.Island.Krk\/","https:\/\/www.instagram.com\/visitmalinska\/"]}]}},"_links":{"self":[{"href":"https:\/\/www.visitmalinska.com\/si\/wp-json\/wp\/v2\/pages\/34687","targetHints":{"allow":["GET"]}}],"collection":[{"href":"https:\/\/www.visitmalinska.com\/si\/wp-json\/wp\/v2\/pages"}],"about":[{"href":"https:\/\/www.visitmalinska.com\/si\/wp-json\/wp\/v2\/types\/page"}],"author":[{"embeddable":true,"href":"https:\/\/www.visitmalinska.com\/si\/wp-json\/wp\/v2\/users\/1"}],"replies":[{"embeddable":true,"href":"https:\/\/www.visitmalinska.com\/si\/wp-json\/wp\/v2\/comments?post=34687"}],"version-history":[{"count":9,"href":"https:\/\/www.visitmalinska.com\/si\/wp-json\/wp\/v2\/pages\/34687\/revisions"}],"predecessor-version":[{"id":34700,"href":"https:\/\/www.visitmalinska.com\/si\/wp-json\/wp\/v2\/pages\/34687\/revisions\/34700"}],"up":[{"embeddable":true,"href":"https:\/\/www.visitmalinska.com\/si\/wp-json\/wp\/v2\/pages\/30185"}],"wp:featuredmedia":[{"embeddable":true,"href":"https:\/\/www.visitmalinska.com\/si\/wp-json\/wp\/v2\/media\/34690"}],"wp:attachment":[{"href":"https:\/\/www.visitmalinska.com\/si\/wp-json\/wp\/v2\/media?parent=34687"}],"curies":[{"name":"wp","href":"https:\/\/api.w.org\/{rel}","templated":true}]}}