{"id":32233,"date":"2019-09-02T16:06:23","date_gmt":"2019-09-02T14:06:23","guid":{"rendered":"http:\/\/www.visitmalinska.com\/?page_id=32233"},"modified":"2019-09-02T16:27:15","modified_gmt":"2019-09-02T14:27:15","slug":"kvarner-family","status":"publish","type":"page","link":"https:\/\/www.visitmalinska.com\/si\/kutak-za-iznajmljivace\/kvarner-family\/","title":{"rendered":"Kvarner Family"},"content":{"rendered":"<p>[vc_row][vc_column]<div id=\"fullwidth-block-69f6c2fe8511b\" class=\"fullwidth-block clearfix\"  style=\"color: #ffffff;background-color: #1c8cce;\"><script type=\"text\/javascript\">if (typeof(gem_fix_fullwidth_position) == \"function\") { gem_fix_fullwidth_position(document.getElementById(\"fullwidth-block-69f6c2fe8511b\")); }<\/script><div class=\"fullwidth-block-inner\">[vc_row_inner][vc_column_inner css=&#8221;.vc_custom_1567432827265{padding-top: 50px !important;padding-bottom: 50px !important;}&#8221;][vc_column_text]<\/p>\n<h5 style=\"text-align: center;\"><span style=\"color: #ffffff;\">Kutak za iznajmljiva\u010de<\/span><\/h5>\n<p>[\/vc_column_text][vc_column_text]<\/p>\n<h1 style=\"text-align: center;\"><span style=\"color: #ffffff;\">Kvarner Family<\/span><\/h1>\n<p>[\/vc_column_text][\/vc_column_inner][\/vc_row_inner]<\/div><\/div>[\/vc_column][\/vc_row][vc_row css=&#8221;.vc_custom_1567433426909{padding-top: 100px !important;}&#8221;][vc_column width=&#8221;2\/3&#8243;][vc_column_text]<\/p>\n<p>Kvarner Family ozna\u010dava provjerenu kvalitetu turisti\u010dkog smje\u0161taja po zadanim kriterijima koje je postavila Turisti\u010dka zajednica Kvarnera u suradnji s turisti\u010dkim zajednicama \u2013 \u010dlanicama.<\/p>\n<p>Kriteriji su:<\/p>\n<ol>\n<li>\u00a0Osnovna kategorizacija kapaciteta i odobrenja za rad<\/li>\n<li>\u00a0Ure\u0111en okoli\u0161<\/li>\n<li>\u00a0Interijer<\/li>\n<li>\u00a0Osigurano parkirno mjesto<\/li>\n<li>\u00a0Prepoznatljivost<\/li>\n<li>\u00a0Najmanje dvije godine obiteljske tradicije u iznajmljivanju<\/li>\n<li>\u00a0Vjernost gostiju<\/li>\n<li>\u00a0Knjiga dojmova<\/li>\n<li>\u00a0Odlazak na edukacije<\/li>\n<li>\u00a0Ukupan dojam Povjerenstva<\/li>\n<\/ol>\n<p>Nositelji oznake Kvarner Family, bilo da se radi o apartmanima, sobama, kampovima ili ku\u0107ama, povezuju se kroz sustav koji te\u017ei pove\u0107anju kvalitete turisti\u010dke ponude obiteljskog smje\u0161taja, postizanju bolje tr\u017ei\u0161ne prepoznatljivosti te poja\u010danoj promociji obiteljskog smje\u0161taja, posebice u elektroni\u010dkim medijima. Kvarner Family nudi i brojne zajedni\u010dke programe edukacije i mogu\u0107nost pokretanja zajedni\u010dkih programa obuke.<\/p>\n<p>Uz kontinuirani rad na implementaciji projekta Kvarner Family, TZ Kvarnera razvija i podbrendove Pet Friendly, Bike Friendly, Hike Friendly i Turizam bez barijera, kako bi se dodatno iskoristio tr\u017ei\u0161ni potencijal te dodatno razvilo i unaprijedilo iskustvo gostiju.<\/p>\n<p>[\/vc_column_text][\/vc_column][vc_column width=&#8221;1\/3&#8243;][vc_column_text]<\/p>\n<h4>Dokumenti<\/h4>\n<p>[\/vc_column_text][vc_column_text]<a href=\"http:\/\/www.visitmalinska.com\/pet-friendly-kvarner-family\/\" target=\"_blank\" rel=\"noopener noreferrer\">PET Friendly (DOC)<\/a><\/p>\n<p><a href=\"http:\/\/www.visitmalinska.com\/dog-friendly-kvarner-family\/\" target=\"_blank\" rel=\"noopener noreferrer\">DOG Friendly (DOC)<\/a><\/p>\n<p><a href=\"http:\/\/www.visitmalinska.com\/bike-friendly-kvarner-family\/\" target=\"_blank\" rel=\"noopener noreferrer\">BIKE Friendly (DOC)<\/a><\/p>\n<p><a href=\"http:\/\/www.visitmalinska.com\/hike-friendly-kvarner-family\/\" target=\"_blank\" rel=\"noopener noreferrer\">HIKE Friendly (DOC)<\/a>[\/vc_column_text][vc_column_text]<a href=\"http:\/\/www.visitmalinska.com\/ugovor-kvarner-family\/\" target=\"_blank\" rel=\"noopener noreferrer\">Ugovor (DOC)<\/a><\/p>\n<p><a href=\"http:\/\/www.visitmalinska.com\/animacijsko-pismo-kvarner-family\/\" target=\"_blank\" rel=\"noopener noreferrer\">Animacijsko pismo (DOC)<\/a><\/p>\n<p><a href=\"http:\/\/www.visitmalinska.com\/kucni-red-kvarner-family\/\" target=\"_blank\" rel=\"noopener noreferrer\">Ku\u0107ni red (DOC)<\/a><\/p>\n<p><a href=\"http:\/\/www.visitmalinska.com\/privola-iznajmljivaca-kvarner-family-obrazac\/\" target=\"_blank\" rel=\"noopener noreferrer\">Privola iznajmljiva\u010da &#8211; obrazac (DOC)<\/a><\/p>\n<p><a href=\"http:\/\/www.visitmalinska.com\/uputstva-za-provodenje-projekta-kvarner-family\/\" target=\"_blank\" rel=\"noopener noreferrer\">Uputstva za provo\u0111enje projekta (ZIP)<\/a><\/p>\n<p><a href=\"http:\/\/www.visitmalinska.com\/uputstvo-za-narucivanje-ploce-s-oznakom-standarda-za-kf-privatnike\/\" target=\"_blank\" rel=\"noopener noreferrer\">Uputstvo za naru\u010divanje plo\u010de s oznakom standarda za KF privatnike (DOC)<\/a>[\/vc_column_text][\/vc_column][\/vc_row]<\/p>\n","protected":false},"excerpt":{"rendered":"<p>[vc_row][vc_column][\/vc_column][\/vc_row][vc_row css=&#8221;.vc_custom_1567433426909{padding-top: 100px !important;}&#8221;][vc_column width=&#8221;2\/3&#8243;][vc_column_text] Kvarner Family ozna\u010dava provjerenu kvalitetu turisti\u010dkog smje\u0161taja po zadanim kriterijima koje je postavila Turisti\u010dka zajednica&#8230;<\/p>\n","protected":false},"author":1,"featured_media":0,"parent":32218,"menu_order":0,"comment_status":"closed","ping_status":"closed","template":"","meta":{"footnotes":""},"class_list":["post-32233","page","type-page","status-publish"],"acf":[],"yoast_head":"<!-- This site is optimized with the Yoast SEO plugin v23.5 - https:\/\/yoast.com\/wordpress\/plugins\/seo\/ -->\n<title>- TZO Malinska-Duba\u0161nica<\/title>\n<meta name=\"robots\" content=\"index, follow, max-snippet:-1, max-image-preview:large, max-video-preview:-1\" \/>\n<link rel=\"canonical\" href=\"https:\/\/www.visitmalinska.com\/kutak-za-iznajmljivace\/kvarner-family\/\" \/>\n<meta property=\"og:locale\" content=\"sl_SI\" \/>\n<meta property=\"og:type\" content=\"article\" \/>\n<meta property=\"og:title\" content=\"{:hr}Kvarner Family{:}{:en}Natje\u010daji{:} - TZO Malinska-Duba\u0161nica\" \/>\n<meta property=\"og:description\" content=\"[vc_row][vc_column][\/vc_column][\/vc_row][vc_row css=&#8221;.vc_custom_1567433426909{padding-top: 100px !important;}&#8221;][vc_column width=&#8221;2\/3&#8243;][vc_column_text] Kvarner Family ozna\u010dava provjerenu kvalitetu turisti\u010dkog smje\u0161taja po zadanim kriterijima koje je postavila Turisti\u010dka zajednica...\" \/>\n<meta property=\"og:url\" content=\"https:\/\/www.visitmalinska.com\/kutak-za-iznajmljivace\/kvarner-family\/\" \/>\n<meta property=\"og:site_name\" content=\"TZO Malinska-Duba\u0161nica\" \/>\n<meta property=\"article:publisher\" content=\"https:\/\/www.facebook.com\/Malinska.Island.Krk\/\" \/>\n<meta property=\"article:modified_time\" content=\"2019-09-02T14:27:15+00:00\" \/>\n<meta property=\"og:image\" content=\"https:\/\/www.visitmalinska.com\/wp-content\/uploads\/2019\/09\/tzo-malinska-dubasnica-facebook.jpg\" \/>\n\t<meta property=\"og:image:width\" content=\"1200\" \/>\n\t<meta property=\"og:image:height\" content=\"630\" \/>\n\t<meta property=\"og:image:type\" content=\"image\/jpeg\" \/>\n<meta name=\"twitter:card\" content=\"summary_large_image\" \/>\n<meta name=\"twitter:label1\" content=\"Est. reading time\" \/>\n\t<meta name=\"twitter:data1\" content=\"2 minutes\" \/>\n<script type=\"application\/ld+json\" class=\"yoast-schema-graph\">{\"@context\":\"https:\/\/schema.org\",\"@graph\":[{\"@type\":\"WebPage\",\"@id\":\"https:\/\/www.visitmalinska.com\/kutak-za-iznajmljivace\/kvarner-family\/\",\"url\":\"https:\/\/www.visitmalinska.com\/kutak-za-iznajmljivace\/kvarner-family\/\",\"name\":\"{:hr}Kvarner Family{:}{:en}Natje\u010daji{:} - TZO Malinska-Duba\u0161nica\",\"isPartOf\":{\"@id\":\"https:\/\/www.visitmalinska.com\/#website\"},\"datePublished\":\"2019-09-02T14:06:23+00:00\",\"dateModified\":\"2019-09-02T14:27:15+00:00\",\"breadcrumb\":{\"@id\":\"https:\/\/www.visitmalinska.com\/kutak-za-iznajmljivace\/kvarner-family\/#breadcrumb\"},\"inLanguage\":\"sl-SI\",\"potentialAction\":[{\"@type\":\"ReadAction\",\"target\":[\"https:\/\/www.visitmalinska.com\/kutak-za-iznajmljivace\/kvarner-family\/\"]}]},{\"@type\":\"BreadcrumbList\",\"@id\":\"https:\/\/www.visitmalinska.com\/kutak-za-iznajmljivace\/kvarner-family\/#breadcrumb\",\"itemListElement\":[{\"@type\":\"ListItem\",\"position\":1,\"name\":\"Po\u010detna stranica\",\"item\":\"https:\/\/www.visitmalinska.com\/\"},{\"@type\":\"ListItem\",\"position\":2,\"name\":\"Kutak za iznajmljiva\u010de\",\"item\":\"https:\/\/www.visitmalinska.com\/kutak-za-iznajmljivace\/\"},{\"@type\":\"ListItem\",\"position\":3,\"name\":\"Kvarner Family\"}]},{\"@type\":\"WebSite\",\"@id\":\"https:\/\/www.visitmalinska.com\/#website\",\"url\":\"https:\/\/www.visitmalinska.com\/\",\"name\":\"TZO Malinska-Duba\u0161nica\",\"description\":\"\",\"publisher\":{\"@id\":\"https:\/\/www.visitmalinska.com\/#organization\"},\"potentialAction\":[{\"@type\":\"SearchAction\",\"target\":{\"@type\":\"EntryPoint\",\"urlTemplate\":\"https:\/\/www.visitmalinska.com\/?s={search_term_string}\"},\"query-input\":{\"@type\":\"PropertyValueSpecification\",\"valueRequired\":true,\"valueName\":\"search_term_string\"}}],\"inLanguage\":\"sl-SI\"},{\"@type\":\"Organization\",\"@id\":\"https:\/\/www.visitmalinska.com\/#organization\",\"name\":\"TZO Malinska - Duba\u0161nica\",\"url\":\"https:\/\/www.visitmalinska.com\/\",\"logo\":{\"@type\":\"ImageObject\",\"inLanguage\":\"sl-SI\",\"@id\":\"https:\/\/www.visitmalinska.com\/#\/schema\/logo\/image\/\",\"url\":\"https:\/\/www.visitmalinska.com\/wp-content\/uploads\/2019\/03\/malinska-logo-240.png\",\"contentUrl\":\"https:\/\/www.visitmalinska.com\/wp-content\/uploads\/2019\/03\/malinska-logo-240.png\",\"width\":1188,\"height\":241,\"caption\":\"TZO Malinska - Duba\u0161nica\"},\"image\":{\"@id\":\"https:\/\/www.visitmalinska.com\/#\/schema\/logo\/image\/\"},\"sameAs\":[\"https:\/\/www.facebook.com\/Malinska.Island.Krk\/\",\"https:\/\/www.instagram.com\/visitmalinska\/\"]}]}<\/script>\n<!-- \/ Yoast SEO plugin. -->","yoast_head_json":{"title":"- TZO Malinska-Duba\u0161nica","robots":{"index":"index","follow":"follow","max-snippet":"max-snippet:-1","max-image-preview":"max-image-preview:large","max-video-preview":"max-video-preview:-1"},"canonical":"https:\/\/www.visitmalinska.com\/kutak-za-iznajmljivace\/kvarner-family\/","og_locale":"sl_SI","og_type":"article","og_title":"{:hr}Kvarner Family{:}{:en}Natje\u010daji{:} - TZO Malinska-Duba\u0161nica","og_description":"[vc_row][vc_column][\/vc_column][\/vc_row][vc_row css=&#8221;.vc_custom_1567433426909{padding-top: 100px !important;}&#8221;][vc_column width=&#8221;2\/3&#8243;][vc_column_text] Kvarner Family ozna\u010dava provjerenu kvalitetu turisti\u010dkog smje\u0161taja po zadanim kriterijima koje je postavila Turisti\u010dka zajednica...","og_url":"https:\/\/www.visitmalinska.com\/kutak-za-iznajmljivace\/kvarner-family\/","og_site_name":"TZO Malinska-Duba\u0161nica","article_publisher":"https:\/\/www.facebook.com\/Malinska.Island.Krk\/","article_modified_time":"2019-09-02T14:27:15+00:00","og_image":[{"width":1200,"height":630,"url":"https:\/\/www.visitmalinska.com\/wp-content\/uploads\/2019\/09\/tzo-malinska-dubasnica-facebook.jpg","type":"image\/jpeg"}],"twitter_card":"summary_large_image","twitter_misc":{"Est. reading time":"2 minutes"},"schema":{"@context":"https:\/\/schema.org","@graph":[{"@type":"WebPage","@id":"https:\/\/www.visitmalinska.com\/kutak-za-iznajmljivace\/kvarner-family\/","url":"https:\/\/www.visitmalinska.com\/kutak-za-iznajmljivace\/kvarner-family\/","name":"{:hr}Kvarner Family{:}{:en}Natje\u010daji{:} - TZO Malinska-Duba\u0161nica","isPartOf":{"@id":"https:\/\/www.visitmalinska.com\/#website"},"datePublished":"2019-09-02T14:06:23+00:00","dateModified":"2019-09-02T14:27:15+00:00","breadcrumb":{"@id":"https:\/\/www.visitmalinska.com\/kutak-za-iznajmljivace\/kvarner-family\/#breadcrumb"},"inLanguage":"sl-SI","potentialAction":[{"@type":"ReadAction","target":["https:\/\/www.visitmalinska.com\/kutak-za-iznajmljivace\/kvarner-family\/"]}]},{"@type":"BreadcrumbList","@id":"https:\/\/www.visitmalinska.com\/kutak-za-iznajmljivace\/kvarner-family\/#breadcrumb","itemListElement":[{"@type":"ListItem","position":1,"name":"Po\u010detna stranica","item":"https:\/\/www.visitmalinska.com\/"},{"@type":"ListItem","position":2,"name":"Kutak za iznajmljiva\u010de","item":"https:\/\/www.visitmalinska.com\/kutak-za-iznajmljivace\/"},{"@type":"ListItem","position":3,"name":"Kvarner Family"}]},{"@type":"WebSite","@id":"https:\/\/www.visitmalinska.com\/#website","url":"https:\/\/www.visitmalinska.com\/","name":"TZO Malinska-Duba\u0161nica","description":"","publisher":{"@id":"https:\/\/www.visitmalinska.com\/#organization"},"potentialAction":[{"@type":"SearchAction","target":{"@type":"EntryPoint","urlTemplate":"https:\/\/www.visitmalinska.com\/?s={search_term_string}"},"query-input":{"@type":"PropertyValueSpecification","valueRequired":true,"valueName":"search_term_string"}}],"inLanguage":"sl-SI"},{"@type":"Organization","@id":"https:\/\/www.visitmalinska.com\/#organization","name":"TZO Malinska - Duba\u0161nica","url":"https:\/\/www.visitmalinska.com\/","logo":{"@type":"ImageObject","inLanguage":"sl-SI","@id":"https:\/\/www.visitmalinska.com\/#\/schema\/logo\/image\/","url":"https:\/\/www.visitmalinska.com\/wp-content\/uploads\/2019\/03\/malinska-logo-240.png","contentUrl":"https:\/\/www.visitmalinska.com\/wp-content\/uploads\/2019\/03\/malinska-logo-240.png","width":1188,"height":241,"caption":"TZO Malinska - Duba\u0161nica"},"image":{"@id":"https:\/\/www.visitmalinska.com\/#\/schema\/logo\/image\/"},"sameAs":["https:\/\/www.facebook.com\/Malinska.Island.Krk\/","https:\/\/www.instagram.com\/visitmalinska\/"]}]}},"_links":{"self":[{"href":"https:\/\/www.visitmalinska.com\/si\/wp-json\/wp\/v2\/pages\/32233","targetHints":{"allow":["GET"]}}],"collection":[{"href":"https:\/\/www.visitmalinska.com\/si\/wp-json\/wp\/v2\/pages"}],"about":[{"href":"https:\/\/www.visitmalinska.com\/si\/wp-json\/wp\/v2\/types\/page"}],"author":[{"embeddable":true,"href":"https:\/\/www.visitmalinska.com\/si\/wp-json\/wp\/v2\/users\/1"}],"replies":[{"embeddable":true,"href":"https:\/\/www.visitmalinska.com\/si\/wp-json\/wp\/v2\/comments?post=32233"}],"version-history":[{"count":5,"href":"https:\/\/www.visitmalinska.com\/si\/wp-json\/wp\/v2\/pages\/32233\/revisions"}],"predecessor-version":[{"id":32240,"href":"https:\/\/www.visitmalinska.com\/si\/wp-json\/wp\/v2\/pages\/32233\/revisions\/32240"}],"up":[{"embeddable":true,"href":"https:\/\/www.visitmalinska.com\/si\/wp-json\/wp\/v2\/pages\/32218"}],"wp:attachment":[{"href":"https:\/\/www.visitmalinska.com\/si\/wp-json\/wp\/v2\/media?parent=32233"}],"curies":[{"name":"wp","href":"https:\/\/api.w.org\/{rel}","templated":true}]}}