{"id":32207,"date":"2019-09-03T11:45:38","date_gmt":"2019-09-03T09:45:38","guid":{"rendered":"http:\/\/www.visitmalinska.com\/?page_id=32207"},"modified":"2025-09-27T13:11:01","modified_gmt":"2025-09-27T11:11:01","slug":"kontakt","status":"publish","type":"page","link":"https:\/\/www.visitmalinska.com\/si\/kontakt\/","title":{"rendered":"Kontakt"},"content":{"rendered":"<p>[vc_row][vc_column width=&#8221;1\/2&#8243;][vc_column_text]<\/p>\n<h4>Turisti\u010dna skupnost Ob\u010dine Malinska &#8211; Duba\u0161nica<\/h4>\n<p>Markat 1<br \/>\n51511 Malinska<br \/>\nHrva\u0161ka<\/p>\n<p>Telefon: +385 (0)51 859 207<\/p>\n<p>E-mail: <a href=\"mailto:info@visitmalinska.com\">info@visitmalinska.com<\/a>[\/vc_column_text][vc_column_text]<\/p>\n<h5><b>Delovni \u010das<\/b>:<\/h5>\n<h6 id=\"tw-target-text\" class=\"tw-data-text tw-text-large tw-ta\" dir=\"ltr\" data-placeholder=\"Prijevod\" data-ved=\"2ahUKEwi4sc-DxMiNAxWKhP0HHU4fFYEQ3ewLegQICRAV\" aria-label=\"Prevedeni tekst: IZVEN SEZONE DELOVNI \u010cAS\"><strong><span class=\"Y2IQFc\" lang=\"sl\">IZVENSEZONski DELOVNI \u010cAS (Januar &#8211; april &#038; oktober &#8211; december)<\/span><\/strong><\/h6>\n<p>Ponedeljek &#8211; petek: 7:30 &#8211; 15:30<br \/>\nPavza: 12:00 &#8211; 12:30<br \/>\nSobota, nedelja in prazniki: zaprto<\/p>\n<p>* 24.12. &#038;\u00a0 31.12.2025. &#8211; 8:00 &#8211; 12:00<\/p>\n<h6>1.5.-15.06.2025.<\/h6>\n<p>Ponedeljek &#8211; petek: 8:00 &#8211; 15:00<br \/>\nSobota: 9:00 -13:00<br \/>\nPavza: 12:00 -12:30<\/p>\n<p>&nbsp;<\/p>\n<h6>JUNIJ, JULIJ, AVGUST<\/h6>\n<p><strong>16.6. -31.8.2025.<\/strong><br \/>\nPonedeljek &#8211; Sobota: 8:00 &#8211; 20:00<br \/>\nNedelja in prazniki: 9:00 &#8211; 13:00<br \/>\nPavza: 12:00 &#8211; 12:30; 17:00 &#8211; 17:30[\/vc_column_text][\/vc_column][vc_column width=&#8221;1\/2&#8243;][vc_column_text]<\/p>\n<h4>Po\u0161ljite nam sporo\u010dilo<\/h4>\n<p>[\/vc_column_text]<div role=\"form\" class=\"wpcf7\" id=\"wpcf7-f33336-o1\" lang=\"hr\" dir=\"ltr\">\n<div class=\"screen-reader-response\"><\/div>\n<form action=\"\/si\/wp-json\/wp\/v2\/pages\/32207#wpcf7-f33336-o1\" method=\"post\" class=\"wpcf7-form\" novalidate=\"novalidate\">\n<div style=\"display: none;\">\n<input type=\"hidden\" name=\"_wpcf7\" value=\"33336\" \/>\n<input type=\"hidden\" name=\"_wpcf7_version\" value=\"5.1.3\" \/>\n<input type=\"hidden\" name=\"_wpcf7_locale\" value=\"hr\" \/>\n<input type=\"hidden\" name=\"_wpcf7_unit_tag\" value=\"wpcf7-f33336-o1\" \/>\n<input type=\"hidden\" name=\"_wpcf7_container_post\" value=\"0\" \/>\n<input type=\"hidden\" name=\"g-recaptcha-response\" value=\"\" \/>\n<\/div>\n<p><label> Tvoje ime *<br \/>\n    <span class=\"wpcf7-form-control-wrap your-name\"><input type=\"text\" name=\"your-name\" value=\"\" size=\"40\" class=\"wpcf7-form-control wpcf7-text wpcf7-validates-as-required\" aria-required=\"true\" aria-invalid=\"false\" \/><\/span> <\/label><\/p>\n<p><label> Tvoj e-mail *<br \/>\n    <span class=\"wpcf7-form-control-wrap your-email\"><input type=\"email\" name=\"your-email\" value=\"\" size=\"40\" class=\"wpcf7-form-control wpcf7-text wpcf7-email wpcf7-validates-as-required wpcf7-validates-as-email\" aria-required=\"true\" aria-invalid=\"false\" \/><\/span> <\/label><\/p>\n<p><label> Predmet<br \/>\n    <span class=\"wpcf7-form-control-wrap your-subject\"><input type=\"text\" name=\"your-subject\" value=\"\" size=\"40\" class=\"wpcf7-form-control wpcf7-text\" aria-invalid=\"false\" \/><\/span> <\/label><\/p>\n<p><label> Tvoje sporo\u010dilo<br \/>\n    <span class=\"wpcf7-form-control-wrap your-message\"><textarea name=\"your-message\" cols=\"40\" rows=\"10\" class=\"wpcf7-form-control wpcf7-textarea\" aria-invalid=\"false\"><\/textarea><\/span> <\/label><\/p>\n<p><input type=\"submit\" value=\"Po\u0161lji\" class=\"wpcf7-form-control wpcf7-submit\" \/><\/p>\n<div class=\"wpcf7-response-output wpcf7-display-none\"><\/div><\/form><\/div>[\/vc_column][\/vc_row]<\/p>\n","protected":false},"excerpt":{"rendered":"<p>[vc_row][vc_column width=&#8221;1\/2&#8243;][vc_column_text] Turisti\u010dna skupnost Ob\u010dine Malinska &#8211; Duba\u0161nica Markat 1 51511 Malinska Hrva\u0161ka Telefon: +385 (0)51 859 207 E-mail: info@visitmalinska.com[\/vc_column_text][vc_column_text]&#8230;<\/p>\n","protected":false},"author":1,"featured_media":37294,"parent":0,"menu_order":0,"comment_status":"closed","ping_status":"closed","template":"","meta":{"footnotes":""},"class_list":["post-32207","page","type-page","status-publish","has-post-thumbnail"],"acf":[],"yoast_head":"<!-- This site is optimized with the Yoast SEO plugin v23.5 - https:\/\/yoast.com\/wordpress\/plugins\/seo\/ -->\n<title>Kontakt - TZO Malinska-Duba\u0161nica<\/title>\n<meta name=\"robots\" content=\"index, follow, max-snippet:-1, max-image-preview:large, max-video-preview:-1\" \/>\n<link rel=\"canonical\" href=\"https:\/\/www.visitmalinska.com\/kontakt\/\" \/>\n<meta property=\"og:locale\" content=\"sl_SI\" \/>\n<meta property=\"og:type\" content=\"article\" \/>\n<meta property=\"og:title\" content=\"{:hr}Kontakt{:}{:en}Contact{:}{:de}Kontakt{:}{:it}Contatto{:}{:si}Kontakt{:} - TZO Malinska-Duba\u0161nica\" \/>\n<meta property=\"og:description\" content=\"[vc_row][vc_column width=&#8221;1\/2&#8243;][vc_column_text] Turisti\u010dna skupnost Ob\u010dine Malinska &#8211; Duba\u0161nica Markat 1 51511 Malinska Hrva\u0161ka Telefon: +385 (0)51 859 207 E-mail: info@visitmalinska.com[\/vc_column_text][vc_column_text]...\" \/>\n<meta property=\"og:url\" content=\"https:\/\/www.visitmalinska.com\/kontakt\/\" \/>\n<meta property=\"og:site_name\" content=\"TZO Malinska-Duba\u0161nica\" \/>\n<meta property=\"article:publisher\" content=\"https:\/\/www.facebook.com\/Malinska.Island.Krk\/\" \/>\n<meta property=\"article:modified_time\" content=\"2025-09-27T11:11:01+00:00\" \/>\n<meta property=\"og:image\" content=\"https:\/\/www.visitmalinska.com\/wp-content\/uploads\/2022\/04\/kontakt.jpg\" \/>\n\t<meta property=\"og:image:width\" content=\"800\" \/>\n\t<meta property=\"og:image:height\" content=\"800\" \/>\n\t<meta property=\"og:image:type\" content=\"image\/jpeg\" \/>\n<meta name=\"twitter:card\" content=\"summary_large_image\" \/>\n<meta name=\"twitter:label1\" content=\"Est. reading time\" \/>\n\t<meta name=\"twitter:data1\" content=\"1 minute\" \/>\n<script type=\"application\/ld+json\" class=\"yoast-schema-graph\">{\"@context\":\"https:\/\/schema.org\",\"@graph\":[{\"@type\":\"WebPage\",\"@id\":\"https:\/\/www.visitmalinska.com\/kontakt\/\",\"url\":\"https:\/\/www.visitmalinska.com\/kontakt\/\",\"name\":\"{:hr}Kontakt{:}{:en}Contact{:}{:de}Kontakt{:}{:it}Contatto{:}{:si}Kontakt{:} - TZO Malinska-Duba\u0161nica\",\"isPartOf\":{\"@id\":\"https:\/\/www.visitmalinska.com\/#website\"},\"primaryImageOfPage\":{\"@id\":\"https:\/\/www.visitmalinska.com\/kontakt\/#primaryimage\"},\"image\":{\"@id\":\"https:\/\/www.visitmalinska.com\/kontakt\/#primaryimage\"},\"thumbnailUrl\":\"https:\/\/www.visitmalinska.com\/wp-content\/uploads\/2022\/04\/kontakt.jpg\",\"datePublished\":\"2019-09-03T09:45:38+00:00\",\"dateModified\":\"2025-09-27T11:11:01+00:00\",\"breadcrumb\":{\"@id\":\"https:\/\/www.visitmalinska.com\/kontakt\/#breadcrumb\"},\"inLanguage\":\"sl-SI\",\"potentialAction\":[{\"@type\":\"ReadAction\",\"target\":[\"https:\/\/www.visitmalinska.com\/kontakt\/\"]}]},{\"@type\":\"ImageObject\",\"inLanguage\":\"sl-SI\",\"@id\":\"https:\/\/www.visitmalinska.com\/kontakt\/#primaryimage\",\"url\":\"https:\/\/www.visitmalinska.com\/wp-content\/uploads\/2022\/04\/kontakt.jpg\",\"contentUrl\":\"https:\/\/www.visitmalinska.com\/wp-content\/uploads\/2022\/04\/kontakt.jpg\",\"width\":800,\"height\":800},{\"@type\":\"BreadcrumbList\",\"@id\":\"https:\/\/www.visitmalinska.com\/kontakt\/#breadcrumb\",\"itemListElement\":[{\"@type\":\"ListItem\",\"position\":1,\"name\":\"Po\u010detna stranica\",\"item\":\"https:\/\/www.visitmalinska.com\/\"},{\"@type\":\"ListItem\",\"position\":2,\"name\":\"Kontakt\"}]},{\"@type\":\"WebSite\",\"@id\":\"https:\/\/www.visitmalinska.com\/#website\",\"url\":\"https:\/\/www.visitmalinska.com\/\",\"name\":\"TZO Malinska-Duba\u0161nica\",\"description\":\"\",\"publisher\":{\"@id\":\"https:\/\/www.visitmalinska.com\/#organization\"},\"potentialAction\":[{\"@type\":\"SearchAction\",\"target\":{\"@type\":\"EntryPoint\",\"urlTemplate\":\"https:\/\/www.visitmalinska.com\/?s={search_term_string}\"},\"query-input\":{\"@type\":\"PropertyValueSpecification\",\"valueRequired\":true,\"valueName\":\"search_term_string\"}}],\"inLanguage\":\"sl-SI\"},{\"@type\":\"Organization\",\"@id\":\"https:\/\/www.visitmalinska.com\/#organization\",\"name\":\"TZO Malinska - Duba\u0161nica\",\"url\":\"https:\/\/www.visitmalinska.com\/\",\"logo\":{\"@type\":\"ImageObject\",\"inLanguage\":\"sl-SI\",\"@id\":\"https:\/\/www.visitmalinska.com\/#\/schema\/logo\/image\/\",\"url\":\"https:\/\/www.visitmalinska.com\/wp-content\/uploads\/2019\/03\/malinska-logo-240.png\",\"contentUrl\":\"https:\/\/www.visitmalinska.com\/wp-content\/uploads\/2019\/03\/malinska-logo-240.png\",\"width\":1188,\"height\":241,\"caption\":\"TZO Malinska - Duba\u0161nica\"},\"image\":{\"@id\":\"https:\/\/www.visitmalinska.com\/#\/schema\/logo\/image\/\"},\"sameAs\":[\"https:\/\/www.facebook.com\/Malinska.Island.Krk\/\",\"https:\/\/www.instagram.com\/visitmalinska\/\"]}]}<\/script>\n<!-- \/ Yoast SEO plugin. -->","yoast_head_json":{"title":"Kontakt - TZO Malinska-Duba\u0161nica","robots":{"index":"index","follow":"follow","max-snippet":"max-snippet:-1","max-image-preview":"max-image-preview:large","max-video-preview":"max-video-preview:-1"},"canonical":"https:\/\/www.visitmalinska.com\/kontakt\/","og_locale":"sl_SI","og_type":"article","og_title":"{:hr}Kontakt{:}{:en}Contact{:}{:de}Kontakt{:}{:it}Contatto{:}{:si}Kontakt{:} - TZO Malinska-Duba\u0161nica","og_description":"[vc_row][vc_column width=&#8221;1\/2&#8243;][vc_column_text] Turisti\u010dna skupnost Ob\u010dine Malinska &#8211; Duba\u0161nica Markat 1 51511 Malinska Hrva\u0161ka Telefon: +385 (0)51 859 207 E-mail: info@visitmalinska.com[\/vc_column_text][vc_column_text]...","og_url":"https:\/\/www.visitmalinska.com\/kontakt\/","og_site_name":"TZO Malinska-Duba\u0161nica","article_publisher":"https:\/\/www.facebook.com\/Malinska.Island.Krk\/","article_modified_time":"2025-09-27T11:11:01+00:00","og_image":[{"width":800,"height":800,"url":"https:\/\/www.visitmalinska.com\/wp-content\/uploads\/2022\/04\/kontakt.jpg","type":"image\/jpeg"}],"twitter_card":"summary_large_image","twitter_misc":{"Est. reading time":"1 minute"},"schema":{"@context":"https:\/\/schema.org","@graph":[{"@type":"WebPage","@id":"https:\/\/www.visitmalinska.com\/kontakt\/","url":"https:\/\/www.visitmalinska.com\/kontakt\/","name":"{:hr}Kontakt{:}{:en}Contact{:}{:de}Kontakt{:}{:it}Contatto{:}{:si}Kontakt{:} - TZO Malinska-Duba\u0161nica","isPartOf":{"@id":"https:\/\/www.visitmalinska.com\/#website"},"primaryImageOfPage":{"@id":"https:\/\/www.visitmalinska.com\/kontakt\/#primaryimage"},"image":{"@id":"https:\/\/www.visitmalinska.com\/kontakt\/#primaryimage"},"thumbnailUrl":"https:\/\/www.visitmalinska.com\/wp-content\/uploads\/2022\/04\/kontakt.jpg","datePublished":"2019-09-03T09:45:38+00:00","dateModified":"2025-09-27T11:11:01+00:00","breadcrumb":{"@id":"https:\/\/www.visitmalinska.com\/kontakt\/#breadcrumb"},"inLanguage":"sl-SI","potentialAction":[{"@type":"ReadAction","target":["https:\/\/www.visitmalinska.com\/kontakt\/"]}]},{"@type":"ImageObject","inLanguage":"sl-SI","@id":"https:\/\/www.visitmalinska.com\/kontakt\/#primaryimage","url":"https:\/\/www.visitmalinska.com\/wp-content\/uploads\/2022\/04\/kontakt.jpg","contentUrl":"https:\/\/www.visitmalinska.com\/wp-content\/uploads\/2022\/04\/kontakt.jpg","width":800,"height":800},{"@type":"BreadcrumbList","@id":"https:\/\/www.visitmalinska.com\/kontakt\/#breadcrumb","itemListElement":[{"@type":"ListItem","position":1,"name":"Po\u010detna stranica","item":"https:\/\/www.visitmalinska.com\/"},{"@type":"ListItem","position":2,"name":"Kontakt"}]},{"@type":"WebSite","@id":"https:\/\/www.visitmalinska.com\/#website","url":"https:\/\/www.visitmalinska.com\/","name":"TZO Malinska-Duba\u0161nica","description":"","publisher":{"@id":"https:\/\/www.visitmalinska.com\/#organization"},"potentialAction":[{"@type":"SearchAction","target":{"@type":"EntryPoint","urlTemplate":"https:\/\/www.visitmalinska.com\/?s={search_term_string}"},"query-input":{"@type":"PropertyValueSpecification","valueRequired":true,"valueName":"search_term_string"}}],"inLanguage":"sl-SI"},{"@type":"Organization","@id":"https:\/\/www.visitmalinska.com\/#organization","name":"TZO Malinska - Duba\u0161nica","url":"https:\/\/www.visitmalinska.com\/","logo":{"@type":"ImageObject","inLanguage":"sl-SI","@id":"https:\/\/www.visitmalinska.com\/#\/schema\/logo\/image\/","url":"https:\/\/www.visitmalinska.com\/wp-content\/uploads\/2019\/03\/malinska-logo-240.png","contentUrl":"https:\/\/www.visitmalinska.com\/wp-content\/uploads\/2019\/03\/malinska-logo-240.png","width":1188,"height":241,"caption":"TZO Malinska - Duba\u0161nica"},"image":{"@id":"https:\/\/www.visitmalinska.com\/#\/schema\/logo\/image\/"},"sameAs":["https:\/\/www.facebook.com\/Malinska.Island.Krk\/","https:\/\/www.instagram.com\/visitmalinska\/"]}]}},"_links":{"self":[{"href":"https:\/\/www.visitmalinska.com\/si\/wp-json\/wp\/v2\/pages\/32207","targetHints":{"allow":["GET"]}}],"collection":[{"href":"https:\/\/www.visitmalinska.com\/si\/wp-json\/wp\/v2\/pages"}],"about":[{"href":"https:\/\/www.visitmalinska.com\/si\/wp-json\/wp\/v2\/types\/page"}],"author":[{"embeddable":true,"href":"https:\/\/www.visitmalinska.com\/si\/wp-json\/wp\/v2\/users\/1"}],"replies":[{"embeddable":true,"href":"https:\/\/www.visitmalinska.com\/si\/wp-json\/wp\/v2\/comments?post=32207"}],"version-history":[{"count":271,"href":"https:\/\/www.visitmalinska.com\/si\/wp-json\/wp\/v2\/pages\/32207\/revisions"}],"predecessor-version":[{"id":42291,"href":"https:\/\/www.visitmalinska.com\/si\/wp-json\/wp\/v2\/pages\/32207\/revisions\/42291"}],"wp:featuredmedia":[{"embeddable":true,"href":"https:\/\/www.visitmalinska.com\/si\/wp-json\/wp\/v2\/media\/37294"}],"wp:attachment":[{"href":"https:\/\/www.visitmalinska.com\/si\/wp-json\/wp\/v2\/media?parent=32207"}],"curies":[{"name":"wp","href":"https:\/\/api.w.org\/{rel}","templated":true}]}}