{"id":31051,"date":"2019-04-17T13:57:16","date_gmt":"2019-04-17T12:57:16","guid":{"rendered":"http:\/\/www.visitmalinska.com\/?page_id=31051"},"modified":"2020-01-31T14:28:28","modified_gmt":"2020-01-31T12:28:28","slug":"vjencanja-u-malinskoj","status":"publish","type":"page","link":"https:\/\/www.visitmalinska.com\/si\/malinska-za-vse\/poroke-v-malinski\/","title":{"rendered":"Poroke v Malinski"},"content":{"rendered":"<p>[vc_row][vc_column][vc_column_text]<\/p>\n<h4>Malinska \u2013 va\u0161a popolna destinacija za poroko<\/h4>\n<p><img loading=\"lazy\" decoding=\"async\" class=\"responsive aligncenter wp-image-32313 size-full\" src=\"http:\/\/www.visitmalinska.com\/wp-content\/uploads\/2019\/09\/vjencanja-02.jpg\" alt=\"\" width=\"1280\" height=\"720\" srcset=\"https:\/\/www.visitmalinska.com\/wp-content\/uploads\/2019\/09\/vjencanja-02.jpg 1280w, https:\/\/www.visitmalinska.com\/wp-content\/uploads\/2019\/09\/vjencanja-02-300x169.jpg 300w, https:\/\/www.visitmalinska.com\/wp-content\/uploads\/2019\/09\/vjencanja-02-768x432.jpg 768w, https:\/\/www.visitmalinska.com\/wp-content\/uploads\/2019\/09\/vjencanja-02-1024x576.jpg 1024w\" sizes=\"auto, (max-width: 1280px) 100vw, 1280px\" \/><\/p>\n<p>Na\u010drtujete poroko, proslavo obletnice ali obnovo poro\u010dnih zaobljub v romanti\u010dnem kraju na Hrva\u0161kem? Malinska kot destinacija isto\u010dasno ustreza vsem, ki se navdu\u0161ujejo nad resni\u010dnimi naravnimi lepotami otoka Krka, kot tudi hedonistom, ki hlepijo po luksuzu. Omogo\u010dite sebi in gostom absolutno popolno zabavo v idili\u010dnem in spro\u0161\u010denem vzdu\u0161ju ob morju: od obreda na pla\u017ei, \u010darobnih son\u010dnih zahodov do vrhunske sredozemske gastronomije.<\/p>\n<p><img loading=\"lazy\" decoding=\"async\" class=\"responsive aligncenter wp-image-32312 size-full\" src=\"http:\/\/www.visitmalinska.com\/wp-content\/uploads\/2019\/09\/vjencanja-03.jpg\" alt=\"\" width=\"1280\" height=\"720\" srcset=\"https:\/\/www.visitmalinska.com\/wp-content\/uploads\/2019\/09\/vjencanja-03.jpg 1280w, https:\/\/www.visitmalinska.com\/wp-content\/uploads\/2019\/09\/vjencanja-03-300x169.jpg 300w, https:\/\/www.visitmalinska.com\/wp-content\/uploads\/2019\/09\/vjencanja-03-768x432.jpg 768w, https:\/\/www.visitmalinska.com\/wp-content\/uploads\/2019\/09\/vjencanja-03-1024x576.jpg 1024w\" sizes=\"auto, (max-width: 1280px) 100vw, 1280px\" \/><\/p>\n<p>Povpra\u0161evanje v zvezi z organizacijo poroke in namestitvijo za goste po u\u017eivanju v poro\u010dnem slavju lahko po\u0161ljete na:<\/p>\n<h5>Hotel Malin<\/h5>\n<ul>\n<li>E-naslov:\u00a0<a href=\"mailto:reservations@hotelmalin.com\">reservations@hotelmalin.com<\/a><\/li>\n<li>Tel:\u00a0<a href=\"tel:+385%2051%20850%20129\">+385 51 850 129<\/a><\/li>\n<li>Tel:\u00a0<a href=\"tel:+385%2051%20850%20234\">+385 51 850 234<\/a><\/li>\n<li>Faks: +385 51 850 259<\/li>\n<\/ul>\n<p>&nbsp;<\/p>\n<p>[\/vc_column_text][\/vc_column][\/vc_row]<\/p>\n","protected":false},"excerpt":{"rendered":"<p>Na\u010drtujete poroko, praznovanje obletnice ali obnovitev zaobljub na romanti\u010dnem prizori\u0161\u010du na Hrva\u0161kem?<\/p>\n","protected":false},"author":1,"featured_media":32084,"parent":30090,"menu_order":0,"comment_status":"closed","ping_status":"closed","template":"","meta":{"footnotes":""},"class_list":["post-31051","page","type-page","status-publish","has-post-thumbnail"],"acf":[],"yoast_head":"<!-- This site is optimized with the Yoast SEO plugin v23.5 - https:\/\/yoast.com\/wordpress\/plugins\/seo\/ -->\n<title>Poroke v Malinski - TZO Malinska-Duba\u0161nica<\/title>\n<meta name=\"description\" content=\"Planirate vjen\u010danje, proslavu obljetnice ili obnovu zavjeta na romanti\u010dnom mjestu u Hrvatskoj?\" \/>\n<meta name=\"robots\" content=\"index, follow, max-snippet:-1, max-image-preview:large, max-video-preview:-1\" \/>\n<link rel=\"canonical\" href=\"https:\/\/www.visitmalinska.com\/malinska-za-sve\/vjencanja-u-malinskoj\/\" \/>\n<meta property=\"og:locale\" content=\"sl_SI\" \/>\n<meta property=\"og:type\" content=\"article\" \/>\n<meta property=\"og:title\" content=\"{:hr}Vjen\u010danja u Malinskoj{:}{:en}Weddings in Malinska{:}{:de}Hochzeiten in Malinska{:}{:it}Matrimoni a Malinska{:}{:si}Poroke v Malinski{:} - TZO Malinska-Duba\u0161nica\" \/>\n<meta property=\"og:description\" content=\"{:hr}Planirate vjen\u010danje, proslavu obljetnice ili obnovu zavjeta na romanti\u010dnom mjestu u Hrvatskoj?{:}{:en}Are you planning a wedding, celebrating an anniversary or renewing your vows in a romantic venue in Croatia?{:}\" \/>\n<meta property=\"og:url\" content=\"https:\/\/www.visitmalinska.com\/malinska-za-sve\/vjencanja-u-malinskoj\/\" \/>\n<meta property=\"og:site_name\" content=\"TZO Malinska-Duba\u0161nica\" \/>\n<meta property=\"article:publisher\" content=\"https:\/\/www.facebook.com\/Malinska.Island.Krk\/\" \/>\n<meta property=\"article:modified_time\" content=\"2020-01-31T12:28:28+00:00\" \/>\n<meta property=\"og:image\" content=\"https:\/\/www.visitmalinska.com\/wp-content\/uploads\/2019\/09\/vjencanja-facebook.jpg\" \/>\n\t<meta property=\"og:image:width\" content=\"1200\" \/>\n\t<meta property=\"og:image:height\" content=\"630\" \/>\n\t<meta property=\"og:image:type\" content=\"image\/jpeg\" \/>\n<meta name=\"twitter:card\" content=\"summary_large_image\" \/>\n<meta name=\"twitter:image\" content=\"https:\/\/www.visitmalinska.com\/wp-content\/uploads\/2019\/09\/vjencanja-twitter.jpg\" \/>\n<meta name=\"twitter:label1\" content=\"Est. reading time\" \/>\n\t<meta name=\"twitter:data1\" content=\"3 minutes\" \/>\n<script type=\"application\/ld+json\" class=\"yoast-schema-graph\">{\"@context\":\"https:\/\/schema.org\",\"@graph\":[{\"@type\":\"WebPage\",\"@id\":\"https:\/\/www.visitmalinska.com\/malinska-za-sve\/vjencanja-u-malinskoj\/\",\"url\":\"https:\/\/www.visitmalinska.com\/malinska-za-sve\/vjencanja-u-malinskoj\/\",\"name\":\"{:hr}Vjen\u010danja u Malinskoj{:}{:en}Weddings in Malinska{:}{:de}Hochzeiten in Malinska{:}{:it}Matrimoni a Malinska{:}{:si}Poroke v Malinski{:} - TZO Malinska-Duba\u0161nica\",\"isPartOf\":{\"@id\":\"https:\/\/www.visitmalinska.com\/#website\"},\"primaryImageOfPage\":{\"@id\":\"https:\/\/www.visitmalinska.com\/malinska-za-sve\/vjencanja-u-malinskoj\/#primaryimage\"},\"image\":{\"@id\":\"https:\/\/www.visitmalinska.com\/malinska-za-sve\/vjencanja-u-malinskoj\/#primaryimage\"},\"thumbnailUrl\":\"https:\/\/www.visitmalinska.com\/wp-content\/uploads\/2019\/08\/vjencanja-bg-new.jpg\",\"datePublished\":\"2019-04-17T12:57:16+00:00\",\"dateModified\":\"2020-01-31T12:28:28+00:00\",\"description\":\"{:hr}Planirate vjen\u010danje, proslavu obljetnice ili obnovu zavjeta na romanti\u010dnom mjestu u Hrvatskoj?{:}{:en}Are you planning a wedding, celebrating an anniversary or renewing your vows in a romantic venue in Croatia?{:}\",\"breadcrumb\":{\"@id\":\"https:\/\/www.visitmalinska.com\/malinska-za-sve\/vjencanja-u-malinskoj\/#breadcrumb\"},\"inLanguage\":\"sl-SI\",\"potentialAction\":[{\"@type\":\"ReadAction\",\"target\":[\"https:\/\/www.visitmalinska.com\/malinska-za-sve\/vjencanja-u-malinskoj\/\"]}]},{\"@type\":\"ImageObject\",\"inLanguage\":\"sl-SI\",\"@id\":\"https:\/\/www.visitmalinska.com\/malinska-za-sve\/vjencanja-u-malinskoj\/#primaryimage\",\"url\":\"https:\/\/www.visitmalinska.com\/wp-content\/uploads\/2019\/08\/vjencanja-bg-new.jpg\",\"contentUrl\":\"https:\/\/www.visitmalinska.com\/wp-content\/uploads\/2019\/08\/vjencanja-bg-new.jpg\",\"width\":1000,\"height\":1000},{\"@type\":\"BreadcrumbList\",\"@id\":\"https:\/\/www.visitmalinska.com\/malinska-za-sve\/vjencanja-u-malinskoj\/#breadcrumb\",\"itemListElement\":[{\"@type\":\"ListItem\",\"position\":1,\"name\":\"Po\u010detna stranica\",\"item\":\"https:\/\/www.visitmalinska.com\/\"},{\"@type\":\"ListItem\",\"position\":2,\"name\":\"Malinska za sve\",\"item\":\"https:\/\/www.visitmalinska.com\/malinska-za-sve\/\"},{\"@type\":\"ListItem\",\"position\":3,\"name\":\"Vjen\u010danja u Malinskoj\"}]},{\"@type\":\"WebSite\",\"@id\":\"https:\/\/www.visitmalinska.com\/#website\",\"url\":\"https:\/\/www.visitmalinska.com\/\",\"name\":\"TZO Malinska-Duba\u0161nica\",\"description\":\"\",\"publisher\":{\"@id\":\"https:\/\/www.visitmalinska.com\/#organization\"},\"potentialAction\":[{\"@type\":\"SearchAction\",\"target\":{\"@type\":\"EntryPoint\",\"urlTemplate\":\"https:\/\/www.visitmalinska.com\/?s={search_term_string}\"},\"query-input\":{\"@type\":\"PropertyValueSpecification\",\"valueRequired\":true,\"valueName\":\"search_term_string\"}}],\"inLanguage\":\"sl-SI\"},{\"@type\":\"Organization\",\"@id\":\"https:\/\/www.visitmalinska.com\/#organization\",\"name\":\"TZO Malinska - Duba\u0161nica\",\"url\":\"https:\/\/www.visitmalinska.com\/\",\"logo\":{\"@type\":\"ImageObject\",\"inLanguage\":\"sl-SI\",\"@id\":\"https:\/\/www.visitmalinska.com\/#\/schema\/logo\/image\/\",\"url\":\"https:\/\/www.visitmalinska.com\/wp-content\/uploads\/2019\/03\/malinska-logo-240.png\",\"contentUrl\":\"https:\/\/www.visitmalinska.com\/wp-content\/uploads\/2019\/03\/malinska-logo-240.png\",\"width\":1188,\"height\":241,\"caption\":\"TZO Malinska - Duba\u0161nica\"},\"image\":{\"@id\":\"https:\/\/www.visitmalinska.com\/#\/schema\/logo\/image\/\"},\"sameAs\":[\"https:\/\/www.facebook.com\/Malinska.Island.Krk\/\",\"https:\/\/www.instagram.com\/visitmalinska\/\"]}]}<\/script>\n<!-- \/ Yoast SEO plugin. -->","yoast_head_json":{"title":"Poroke v Malinski - TZO Malinska-Duba\u0161nica","description":"Planirate vjen\u010danje, proslavu obljetnice ili obnovu zavjeta na romanti\u010dnom mjestu u Hrvatskoj?","robots":{"index":"index","follow":"follow","max-snippet":"max-snippet:-1","max-image-preview":"max-image-preview:large","max-video-preview":"max-video-preview:-1"},"canonical":"https:\/\/www.visitmalinska.com\/malinska-za-sve\/vjencanja-u-malinskoj\/","og_locale":"sl_SI","og_type":"article","og_title":"{:hr}Vjen\u010danja u Malinskoj{:}{:en}Weddings in Malinska{:}{:de}Hochzeiten in Malinska{:}{:it}Matrimoni a Malinska{:}{:si}Poroke v Malinski{:} - TZO Malinska-Duba\u0161nica","og_description":"{:hr}Planirate vjen\u010danje, proslavu obljetnice ili obnovu zavjeta na romanti\u010dnom mjestu u Hrvatskoj?{:}{:en}Are you planning a wedding, celebrating an anniversary or renewing your vows in a romantic venue in Croatia?{:}","og_url":"https:\/\/www.visitmalinska.com\/malinska-za-sve\/vjencanja-u-malinskoj\/","og_site_name":"TZO Malinska-Duba\u0161nica","article_publisher":"https:\/\/www.facebook.com\/Malinska.Island.Krk\/","article_modified_time":"2020-01-31T12:28:28+00:00","og_image":[{"width":1200,"height":630,"url":"https:\/\/www.visitmalinska.com\/wp-content\/uploads\/2019\/09\/vjencanja-facebook.jpg","type":"image\/jpeg"}],"twitter_card":"summary_large_image","twitter_image":"https:\/\/www.visitmalinska.com\/wp-content\/uploads\/2019\/09\/vjencanja-twitter.jpg","twitter_misc":{"Est. reading time":"3 minutes"},"schema":{"@context":"https:\/\/schema.org","@graph":[{"@type":"WebPage","@id":"https:\/\/www.visitmalinska.com\/malinska-za-sve\/vjencanja-u-malinskoj\/","url":"https:\/\/www.visitmalinska.com\/malinska-za-sve\/vjencanja-u-malinskoj\/","name":"{:hr}Vjen\u010danja u Malinskoj{:}{:en}Weddings in Malinska{:}{:de}Hochzeiten in Malinska{:}{:it}Matrimoni a Malinska{:}{:si}Poroke v Malinski{:} - TZO Malinska-Duba\u0161nica","isPartOf":{"@id":"https:\/\/www.visitmalinska.com\/#website"},"primaryImageOfPage":{"@id":"https:\/\/www.visitmalinska.com\/malinska-za-sve\/vjencanja-u-malinskoj\/#primaryimage"},"image":{"@id":"https:\/\/www.visitmalinska.com\/malinska-za-sve\/vjencanja-u-malinskoj\/#primaryimage"},"thumbnailUrl":"https:\/\/www.visitmalinska.com\/wp-content\/uploads\/2019\/08\/vjencanja-bg-new.jpg","datePublished":"2019-04-17T12:57:16+00:00","dateModified":"2020-01-31T12:28:28+00:00","description":"{:hr}Planirate vjen\u010danje, proslavu obljetnice ili obnovu zavjeta na romanti\u010dnom mjestu u Hrvatskoj?{:}{:en}Are you planning a wedding, celebrating an anniversary or renewing your vows in a romantic venue in Croatia?{:}","breadcrumb":{"@id":"https:\/\/www.visitmalinska.com\/malinska-za-sve\/vjencanja-u-malinskoj\/#breadcrumb"},"inLanguage":"sl-SI","potentialAction":[{"@type":"ReadAction","target":["https:\/\/www.visitmalinska.com\/malinska-za-sve\/vjencanja-u-malinskoj\/"]}]},{"@type":"ImageObject","inLanguage":"sl-SI","@id":"https:\/\/www.visitmalinska.com\/malinska-za-sve\/vjencanja-u-malinskoj\/#primaryimage","url":"https:\/\/www.visitmalinska.com\/wp-content\/uploads\/2019\/08\/vjencanja-bg-new.jpg","contentUrl":"https:\/\/www.visitmalinska.com\/wp-content\/uploads\/2019\/08\/vjencanja-bg-new.jpg","width":1000,"height":1000},{"@type":"BreadcrumbList","@id":"https:\/\/www.visitmalinska.com\/malinska-za-sve\/vjencanja-u-malinskoj\/#breadcrumb","itemListElement":[{"@type":"ListItem","position":1,"name":"Po\u010detna stranica","item":"https:\/\/www.visitmalinska.com\/"},{"@type":"ListItem","position":2,"name":"Malinska za sve","item":"https:\/\/www.visitmalinska.com\/malinska-za-sve\/"},{"@type":"ListItem","position":3,"name":"Vjen\u010danja u Malinskoj"}]},{"@type":"WebSite","@id":"https:\/\/www.visitmalinska.com\/#website","url":"https:\/\/www.visitmalinska.com\/","name":"TZO Malinska-Duba\u0161nica","description":"","publisher":{"@id":"https:\/\/www.visitmalinska.com\/#organization"},"potentialAction":[{"@type":"SearchAction","target":{"@type":"EntryPoint","urlTemplate":"https:\/\/www.visitmalinska.com\/?s={search_term_string}"},"query-input":{"@type":"PropertyValueSpecification","valueRequired":true,"valueName":"search_term_string"}}],"inLanguage":"sl-SI"},{"@type":"Organization","@id":"https:\/\/www.visitmalinska.com\/#organization","name":"TZO Malinska - Duba\u0161nica","url":"https:\/\/www.visitmalinska.com\/","logo":{"@type":"ImageObject","inLanguage":"sl-SI","@id":"https:\/\/www.visitmalinska.com\/#\/schema\/logo\/image\/","url":"https:\/\/www.visitmalinska.com\/wp-content\/uploads\/2019\/03\/malinska-logo-240.png","contentUrl":"https:\/\/www.visitmalinska.com\/wp-content\/uploads\/2019\/03\/malinska-logo-240.png","width":1188,"height":241,"caption":"TZO Malinska - Duba\u0161nica"},"image":{"@id":"https:\/\/www.visitmalinska.com\/#\/schema\/logo\/image\/"},"sameAs":["https:\/\/www.facebook.com\/Malinska.Island.Krk\/","https:\/\/www.instagram.com\/visitmalinska\/"]}]}},"_links":{"self":[{"href":"https:\/\/www.visitmalinska.com\/si\/wp-json\/wp\/v2\/pages\/31051","targetHints":{"allow":["GET"]}}],"collection":[{"href":"https:\/\/www.visitmalinska.com\/si\/wp-json\/wp\/v2\/pages"}],"about":[{"href":"https:\/\/www.visitmalinska.com\/si\/wp-json\/wp\/v2\/types\/page"}],"author":[{"embeddable":true,"href":"https:\/\/www.visitmalinska.com\/si\/wp-json\/wp\/v2\/users\/1"}],"replies":[{"embeddable":true,"href":"https:\/\/www.visitmalinska.com\/si\/wp-json\/wp\/v2\/comments?post=31051"}],"version-history":[{"count":19,"href":"https:\/\/www.visitmalinska.com\/si\/wp-json\/wp\/v2\/pages\/31051\/revisions"}],"predecessor-version":[{"id":33496,"href":"https:\/\/www.visitmalinska.com\/si\/wp-json\/wp\/v2\/pages\/31051\/revisions\/33496"}],"up":[{"embeddable":true,"href":"https:\/\/www.visitmalinska.com\/si\/wp-json\/wp\/v2\/pages\/30090"}],"wp:featuredmedia":[{"embeddable":true,"href":"https:\/\/www.visitmalinska.com\/si\/wp-json\/wp\/v2\/media\/32084"}],"wp:attachment":[{"href":"https:\/\/www.visitmalinska.com\/si\/wp-json\/wp\/v2\/media?parent=31051"}],"curies":[{"name":"wp","href":"https:\/\/api.w.org\/{rel}","templated":true}]}}