{"id":30685,"date":"2019-04-11T10:42:38","date_gmt":"2019-04-11T09:42:38","guid":{"rendered":"http:\/\/www.visitmalinska.com\/?page_id=30685"},"modified":"2020-02-13T16:40:58","modified_gmt":"2020-02-13T14:40:58","slug":"vijesti","status":"publish","type":"page","link":"https:\/\/www.visitmalinska.com\/si\/novice\/","title":{"rendered":"Novice"},"content":{"rendered":"<p>[vc_row][vc_column]<div class=\"blog blog-style-styled_list2 clearfix item-animation-disabled\" data-next-page=\"0\"> <article id=\"post-43274\" class=\"item-animations-not-inited post-43274 post type-post status-publish format-standard has-post-thumbnail category-najave category-ne-propustite category-vijesti tag-kaligrafija tag-malinska tag-proljece tag-proljetni-odmor tag-proljetni-predah tag-spring-break\"> <div class=\"item-post-container\"> <div class=\"post-item clearfix\" style=\"\"> <div class=\"post-info-wrap\"> <div class=\"post-info\"> <div class=\"post-img\"> <a href=\"https:\/\/www.visitmalinska.com\/si\/malinska-spring-break-2026\/\" class=\"default\"><img loading=\"lazy\" decoding=\"async\" width=\"256\" height=\"256\" src=\"https:\/\/www.visitmalinska.com\/wp-content\/uploads\/2026\/03\/1080x1080-spring-break-08-thegem-post-thumb-large.png\" class=\"img-responsive wp-post-image\" alt=\"1080x1080 spring break-08\" \/><\/a> <\/div> <div class=\"post-date\">16\/03\/26<\/div> <\/div> <\/div> <svg class=\"wrap-style\" style=\"\"> <use xlink:href=\"https:\/\/www.visitmalinska.com\/wp-content\/themes\/tzo-malinska-dubasnica\/css\/post-arrow.svg#dec-post-arrow\"><\/use> <\/svg> <div class=\"post-text-wrap\"> <div class=\"post-title\"> <h3 class=\"entry-title\"><a href=\"https:\/\/www.visitmalinska.com\/si\/malinska-spring-break-2026\/\" rel=\"bookmark\"><span class=\"light\">Pomladne po\u010ditnice v Malinski 2026.<\/span><\/a><\/h3> <\/div><div class=\"post-datum\"><h6>17.4.-10.5.2026.<\/h6><\/div> <div class=\"post-content\"> <div class=\"summary\"> <p>[vc_row][vc_column][vc_column_text] Pomladni oddih v Malinski 17. april \u2013 10. maj 2026 Pre\u017eivite pomladni oddih v Malinski ob bogatem programu dogodkov,&#8230;<\/p> <\/div> <\/div> <div class=\"post-misc\"> <div class=\"post-soc-info\"> <span class=\"post-comments\"> <\/span> <span class=\"post-likes\"> <span class=\"post-meta-likes\"><a href=\"#\" class=\"zilla-likes\" id=\"zilla-likes-43274\" title=\"Like this\"><span class=\"zilla-likes-count\">3<\/span> <span class=\"zilla-likes-postfix\"><\/span><\/a><\/span> <\/span> <\/div> <div class=\"post-links\"> <div class=\"post-footer-sharing\"><div class=\"gem-button-container gem-button-position-inline\"><a class=\"gem-button gem-button-size-tiny gem-button-style-flat gem-button-text-weight-normal gem-button-empty\" style=\"border-radius: 3px;\" onmouseleave=\"\" onmouseenter=\"\" href=\"#\" target=\"_self\"><i class=\"gem-print-icon gem-icon-pack-thegem-icons gem-icon-share\"><\/i><\/a><\/div> <div class=\"sharing-popup\"> <div class=\"socials-sharing socials socials-colored-hover \"> <a class=\"socials-item\" target=\"_blank\" href=\"https:\/\/www.facebook.com\/sharer\/sharer.php?u=https%3A%2F%2Fwww.visitmalinska.com%2Fsi%2Fmalinska-spring-break-2026%2F\" title=\"Facebook\"><i class=\"socials-item-icon facebook\"><\/i><\/a> <a class=\"socials-item\" target=\"_blank\" href=\"https:\/\/twitter.com\/intent\/tweet?text=Pomladne+po%C4%8Ditnice+v+Malinski+2026.&#038;url=https%3A%2F%2Fwww.visitmalinska.com%2Fsi%2Fmalinska-spring-break-2026%2F\" title=\"Twitter\"><i class=\"socials-item-icon twitter\"><\/i><\/a> <a class=\"socials-item\" target=\"_blank\" href=\"https:\/\/plus.google.com\/share?url=https%3A%2F%2Fwww.visitmalinska.com%2Fsi%2Fmalinska-spring-break-2026%2F\" title=\"Google Plus\"><i class=\"socials-item-icon google-plus\"><\/i><\/a> <a class=\"socials-item\" target=\"_blank\" href=\"https:\/\/pinterest.com\/pin\/create\/button\/?url=https%3A%2F%2Fwww.visitmalinska.com%2Fsi%2Fmalinska-spring-break-2026%2F&#038;description=Pomladne+po%C4%8Ditnice+v+Malinski+2026.&#038;media=https%3A%2F%2Fwww.visitmalinska.com%2Fwp-content%2Fuploads%2F2026%2F03%2F1080x1080-spring-break-08-thegem-blog-timeline-large.png\" title=\"Pinterest\"><i class=\"socials-item-icon pinterest\"><\/i><\/a> <a class=\"socials-item\" target=\"_blank\" href=\"http:\/\/tumblr.com\/widgets\/share\/tool?canonicalUrl=https%3A%2F%2Fwww.visitmalinska.com%2Fsi%2Fmalinska-spring-break-2026%2F\" title=\"Tumblr\"><i class=\"socials-item-icon tumblr\"><\/i><\/a> <a class=\"socials-item\" target=\"_blank\" href=\"https:\/\/www.linkedin.com\/shareArticle?mini=true&#038;url=https%3A%2F%2Fwww.visitmalinska.com%2Fsi%2Fmalinska-spring-break-2026%2F&#038;title=Pomladne+po%C4%8Ditnice+v+Malinski+2026.&amp;summary=%5Bvc_row%5D%5Bvc_column%5D%5Bvc_column_text%5D+Pomladni+oddih+v+Malinski+17.+april+%E2%80%93+10.+maj+2026+Pre%C5%BEivite+pomladni+oddih+v+Malinski+ob+bogatem+programu+dogodkov%2C...\" title=\"LinkedIn\"><i class=\"socials-item-icon linkedin\"><\/i><\/a> <a class=\"socials-item\" target=\"_blank\" href=\"https:\/\/www.reddit.com\/submit?url=https%3A%2F%2Fwww.visitmalinska.com%2Fsi%2Fmalinska-spring-break-2026%2F&#038;title=Pomladne+po%C4%8Ditnice+v+Malinski+2026.\" title=\"Reddit\"><i class=\"socials-item-icon reddit\"><\/i><\/a> <\/div> <svg class=\"sharing-styled-arrow\"><use xlink:href=\"https:\/\/www.visitmalinska.com\/wp-content\/themes\/tzo-malinska-dubasnica\/css\/post-arrow.svg#dec-post-arrow\"><\/use><\/svg><\/div><\/div> <div class=\"post-read-more\"><div class=\"gem-button-container gem-button-position-inline\"><a class=\"gem-button gem-button-size-tiny gem-button-style-outline gem-button-text-weight-normal gem-button-border-2\" style=\"border-radius: 3px;\" onmouseleave=\"\" onmouseenter=\"\" href=\"https:\/\/www.visitmalinska.com\/si\/malinska-spring-break-2026\/\" target=\"_self\">Read More<\/a><\/div> <\/div> <\/div> <\/div> <\/div> <\/div> <\/div> <\/article><!-- #post-43274 --> <article id=\"post-41398\" class=\"item-animations-not-inited post-41398 post type-post status-publish format-standard has-post-thumbnail category-najave category-ne-propustite category-vijesti tag-degustacijske-setnje tag-janjetina tag-malinska-walk-taste tag-sparoge tag-vino-kvarner tag-walk-taste\"> <div class=\"item-post-container\"> <div class=\"post-item clearfix\" style=\"\"> <div class=\"post-info-wrap\"> <div class=\"post-info\"> <div class=\"post-img\"> <a href=\"https:\/\/www.visitmalinska.com\/si\/malinska-walk-taste-2026\/\" class=\"default\"><img loading=\"lazy\" decoding=\"async\" width=\"256\" height=\"256\" src=\"https:\/\/www.visitmalinska.com\/wp-content\/uploads\/2025\/05\/malinska-walk-and-taste-ikona_wp-thegem-post-thumb-large.webp\" class=\"img-responsive wp-post-image\" alt=\"malinska walk and taste ikona_wp\" \/><\/a> <\/div> <div class=\"post-date\">28\/01\/26<\/div> <\/div> <\/div> <svg class=\"wrap-style\" style=\"\"> <use xlink:href=\"https:\/\/www.visitmalinska.com\/wp-content\/themes\/tzo-malinska-dubasnica\/css\/post-arrow.svg#dec-post-arrow\"><\/use> <\/svg> <div class=\"post-text-wrap\"> <div class=\"post-title\"> <h3 class=\"entry-title\"><a href=\"https:\/\/www.visitmalinska.com\/si\/malinska-walk-taste-2026\/\" rel=\"bookmark\"><span class=\"light\">MALINSKA WALK &#038; TASTE 2026<\/span><\/a><\/h3> <\/div><div class=\"post-datum\"><h6>23.5., 30.5., 6.6.2026.<\/h6><\/div> <div class=\"post-content\"> <div class=\"summary\"> <p>[vc_row][vc_column][vc_column_text] Malinska Walk &#038; Taste 2026 23.05., 30.05. &#038; 06.06. Kaj je Malinska Walk &#038; Taste? Malinska Walk &#038; Taste&#8230;<\/p> <\/div> <\/div> <div class=\"post-misc\"> <div class=\"post-soc-info\"> <span class=\"post-comments\"> <\/span> <span class=\"post-likes\"> <span class=\"post-meta-likes\"><a href=\"#\" class=\"zilla-likes\" id=\"zilla-likes-41398\" title=\"Like this\"><span class=\"zilla-likes-count\">1<\/span> <span class=\"zilla-likes-postfix\"><\/span><\/a><\/span> <\/span> <\/div> <div class=\"post-links\"> <div class=\"post-footer-sharing\"><div class=\"gem-button-container gem-button-position-inline\"><a class=\"gem-button gem-button-size-tiny gem-button-style-flat gem-button-text-weight-normal gem-button-empty\" style=\"border-radius: 3px;\" onmouseleave=\"\" onmouseenter=\"\" href=\"#\" target=\"_self\"><i class=\"gem-print-icon gem-icon-pack-thegem-icons gem-icon-share\"><\/i><\/a><\/div> <div class=\"sharing-popup\"> <div class=\"socials-sharing socials socials-colored-hover \"> <a class=\"socials-item\" target=\"_blank\" href=\"https:\/\/www.facebook.com\/sharer\/sharer.php?u=https%3A%2F%2Fwww.visitmalinska.com%2Fsi%2Fmalinska-walk-taste-2026%2F\" title=\"Facebook\"><i class=\"socials-item-icon facebook\"><\/i><\/a> <a class=\"socials-item\" target=\"_blank\" href=\"https:\/\/twitter.com\/intent\/tweet?text=MALINSKA+WALK+%26%23038%3B+TASTE+2026&#038;url=https%3A%2F%2Fwww.visitmalinska.com%2Fsi%2Fmalinska-walk-taste-2026%2F\" title=\"Twitter\"><i class=\"socials-item-icon twitter\"><\/i><\/a> <a class=\"socials-item\" target=\"_blank\" href=\"https:\/\/plus.google.com\/share?url=https%3A%2F%2Fwww.visitmalinska.com%2Fsi%2Fmalinska-walk-taste-2026%2F\" title=\"Google Plus\"><i class=\"socials-item-icon google-plus\"><\/i><\/a> <a class=\"socials-item\" target=\"_blank\" href=\"https:\/\/pinterest.com\/pin\/create\/button\/?url=https%3A%2F%2Fwww.visitmalinska.com%2Fsi%2Fmalinska-walk-taste-2026%2F&#038;description=MALINSKA+WALK+%26%23038%3B+TASTE+2026&#038;media=https%3A%2F%2Fwww.visitmalinska.com%2Fwp-content%2Fuploads%2F2025%2F05%2Fmalinska-walk-and-taste-ikona_wp-thegem-blog-timeline-large.webp\" title=\"Pinterest\"><i class=\"socials-item-icon pinterest\"><\/i><\/a> <a class=\"socials-item\" target=\"_blank\" href=\"http:\/\/tumblr.com\/widgets\/share\/tool?canonicalUrl=https%3A%2F%2Fwww.visitmalinska.com%2Fsi%2Fmalinska-walk-taste-2026%2F\" title=\"Tumblr\"><i class=\"socials-item-icon tumblr\"><\/i><\/a> <a class=\"socials-item\" target=\"_blank\" href=\"https:\/\/www.linkedin.com\/shareArticle?mini=true&#038;url=https%3A%2F%2Fwww.visitmalinska.com%2Fsi%2Fmalinska-walk-taste-2026%2F&#038;title=MALINSKA+WALK+%26%23038%3B+TASTE+2026&amp;summary=%5Bvc_row%5D%5Bvc_column%5D%5Bvc_column_text%5D+Malinska+Walk+%26%23038%3B+Taste+2026+23.05.%2C+30.05.+%26%23038%3B+06.06.+Kaj+je+Malinska+Walk+%26%23038%3B+Taste%3F+Malinska+Walk+%26%23038%3B+Taste...\" title=\"LinkedIn\"><i class=\"socials-item-icon linkedin\"><\/i><\/a> <a class=\"socials-item\" target=\"_blank\" href=\"https:\/\/www.reddit.com\/submit?url=https%3A%2F%2Fwww.visitmalinska.com%2Fsi%2Fmalinska-walk-taste-2026%2F&#038;title=MALINSKA+WALK+%26%23038%3B+TASTE+2026\" title=\"Reddit\"><i class=\"socials-item-icon reddit\"><\/i><\/a> <\/div> <svg class=\"sharing-styled-arrow\"><use xlink:href=\"https:\/\/www.visitmalinska.com\/wp-content\/themes\/tzo-malinska-dubasnica\/css\/post-arrow.svg#dec-post-arrow\"><\/use><\/svg><\/div><\/div> <div class=\"post-read-more\"><div class=\"gem-button-container gem-button-position-inline\"><a class=\"gem-button gem-button-size-tiny gem-button-style-outline gem-button-text-weight-normal gem-button-border-2\" style=\"border-radius: 3px;\" onmouseleave=\"\" onmouseenter=\"\" href=\"https:\/\/www.visitmalinska.com\/si\/malinska-walk-taste-2026\/\" target=\"_self\">Read More<\/a><\/div> <\/div> <\/div> <\/div> <\/div> <\/div> <\/div> <\/article><!-- #post-41398 --> <article id=\"post-41608\" class=\"item-animations-not-inited post-41608 post type-post status-publish format-standard has-post-thumbnail category-vijesti tag-hotel-vila-rova tag-malinska tag-michelinov-vodic tag-nagrada tag-priznanje tag-restoran-vila-rova\"> <div class=\"item-post-container\"> <div class=\"post-item clearfix\" style=\"\"> <div class=\"post-info-wrap\"> <div class=\"post-info\"> <div class=\"post-img\"> <a href=\"https:\/\/www.visitmalinska.com\/si\/__trashed\/\" class=\"default\"><img loading=\"lazy\" decoding=\"async\" width=\"256\" height=\"256\" src=\"https:\/\/www.visitmalinska.com\/wp-content\/uploads\/2025\/07\/rsz_untitled_design_-_2025-06-22t2303509171-thegem-post-thumb-large.png\" class=\"img-responsive wp-post-image\" alt=\"rsz_untitled_design_-_2025-06-22t230350917(1)\" \/><\/a> <\/div> <div class=\"post-date\">03\/07\/25<\/div> <\/div> <\/div> <svg class=\"wrap-style\" style=\"\"> <use xlink:href=\"https:\/\/www.visitmalinska.com\/wp-content\/themes\/tzo-malinska-dubasnica\/css\/post-arrow.svg#dec-post-arrow\"><\/use> <\/svg> <div class=\"post-text-wrap\"> <div class=\"post-title\"> <h3 class=\"entry-title\"><a href=\"https:\/\/www.visitmalinska.com\/si\/__trashed\/\" rel=\"bookmark\"><span class=\"light\">Restavracija Vila Rova v Malinski je uvr\u0161\u010dena v presti\u017eni Michelinov vodnik<\/span><\/a><\/h3> <\/div><div class=\"post-datum\"><h6>02.07.2025.<\/h6><\/div> <div class=\"post-content\"> <div class=\"summary\"> <p>[vc_row][vc_column][vc_column_text] Vklju\u010ditev restavracije Vila Rova v presti\u017eni Michelinov vodnik ni le priznanje za vrhunsko gastronomsko ponudbo, temve\u010d tudi nagrada za&#8230;<\/p> <\/div> <\/div> <div class=\"post-misc\"> <div class=\"post-soc-info\"> <span class=\"post-comments\"> <\/span> <span class=\"post-likes\"> <span class=\"post-meta-likes\"><a href=\"#\" class=\"zilla-likes\" id=\"zilla-likes-41608\" title=\"Like this\"><span class=\"zilla-likes-count\">1<\/span> <span class=\"zilla-likes-postfix\"><\/span><\/a><\/span> <\/span> <\/div> <div class=\"post-links\"> <div class=\"post-footer-sharing\"><div class=\"gem-button-container gem-button-position-inline\"><a class=\"gem-button gem-button-size-tiny gem-button-style-flat gem-button-text-weight-normal gem-button-empty\" style=\"border-radius: 3px;\" onmouseleave=\"\" onmouseenter=\"\" href=\"#\" target=\"_self\"><i class=\"gem-print-icon gem-icon-pack-thegem-icons gem-icon-share\"><\/i><\/a><\/div> <div class=\"sharing-popup\"> <div class=\"socials-sharing socials socials-colored-hover \"> <a class=\"socials-item\" target=\"_blank\" href=\"https:\/\/www.facebook.com\/sharer\/sharer.php?u=https%3A%2F%2Fwww.visitmalinska.com%2Fsi%2F__trashed%2F\" title=\"Facebook\"><i class=\"socials-item-icon facebook\"><\/i><\/a> <a class=\"socials-item\" target=\"_blank\" href=\"https:\/\/twitter.com\/intent\/tweet?text=Restavracija+Vila+Rova+v+Malinski+je+uvr%C5%A1%C4%8Dena+v+presti%C5%BEni+Michelinov+vodnik&#038;url=https%3A%2F%2Fwww.visitmalinska.com%2Fsi%2F__trashed%2F\" title=\"Twitter\"><i class=\"socials-item-icon twitter\"><\/i><\/a> <a class=\"socials-item\" target=\"_blank\" href=\"https:\/\/plus.google.com\/share?url=https%3A%2F%2Fwww.visitmalinska.com%2Fsi%2F__trashed%2F\" title=\"Google Plus\"><i class=\"socials-item-icon google-plus\"><\/i><\/a> <a class=\"socials-item\" target=\"_blank\" href=\"https:\/\/pinterest.com\/pin\/create\/button\/?url=https%3A%2F%2Fwww.visitmalinska.com%2Fsi%2F__trashed%2F&#038;description=Restavracija+Vila+Rova+v+Malinski+je+uvr%C5%A1%C4%8Dena+v+presti%C5%BEni+Michelinov+vodnik&#038;media=https%3A%2F%2Fwww.visitmalinska.com%2Fwp-content%2Fuploads%2F2025%2F07%2Frsz_untitled_design_-_2025-06-22t2303509171-thegem-blog-timeline-large.png\" title=\"Pinterest\"><i class=\"socials-item-icon pinterest\"><\/i><\/a> <a class=\"socials-item\" target=\"_blank\" href=\"http:\/\/tumblr.com\/widgets\/share\/tool?canonicalUrl=https%3A%2F%2Fwww.visitmalinska.com%2Fsi%2F__trashed%2F\" title=\"Tumblr\"><i class=\"socials-item-icon tumblr\"><\/i><\/a> <a class=\"socials-item\" target=\"_blank\" href=\"https:\/\/www.linkedin.com\/shareArticle?mini=true&#038;url=https%3A%2F%2Fwww.visitmalinska.com%2Fsi%2F__trashed%2F&#038;title=Restavracija+Vila+Rova+v+Malinski+je+uvr%C5%A1%C4%8Dena+v+presti%C5%BEni+Michelinov+vodnik&amp;summary=%5Bvc_row%5D%5Bvc_column%5D%5Bvc_column_text%5D+Vklju%C4%8Ditev+restavracije+Vila+Rova+v+presti%C5%BEni+Michelinov+vodnik+ni+le+priznanje+za+vrhunsko+gastronomsko+ponudbo%2C+temve%C4%8D+tudi+nagrada+za...\" title=\"LinkedIn\"><i class=\"socials-item-icon linkedin\"><\/i><\/a> <a class=\"socials-item\" target=\"_blank\" href=\"https:\/\/www.reddit.com\/submit?url=https%3A%2F%2Fwww.visitmalinska.com%2Fsi%2F__trashed%2F&#038;title=Restavracija+Vila+Rova+v+Malinski+je+uvr%C5%A1%C4%8Dena+v+presti%C5%BEni+Michelinov+vodnik\" title=\"Reddit\"><i class=\"socials-item-icon reddit\"><\/i><\/a> <\/div> <svg class=\"sharing-styled-arrow\"><use xlink:href=\"https:\/\/www.visitmalinska.com\/wp-content\/themes\/tzo-malinska-dubasnica\/css\/post-arrow.svg#dec-post-arrow\"><\/use><\/svg><\/div><\/div> <div class=\"post-read-more\"><div class=\"gem-button-container gem-button-position-inline\"><a class=\"gem-button gem-button-size-tiny gem-button-style-outline gem-button-text-weight-normal gem-button-border-2\" style=\"border-radius: 3px;\" onmouseleave=\"\" onmouseenter=\"\" href=\"https:\/\/www.visitmalinska.com\/si\/__trashed\/\" target=\"_self\">Read More<\/a><\/div> <\/div> <\/div> <\/div> <\/div> <\/div> <\/div> <\/article><!-- #post-41608 -->\n<\/div>[\/vc_column][\/vc_row]<\/p>\n","protected":false},"excerpt":{"rendered":"<p>Spremljajte zadnje novice iz Malinski in okolice.<\/p>\n","protected":false},"author":1,"featured_media":0,"parent":0,"menu_order":0,"comment_status":"closed","ping_status":"closed","template":"","meta":{"footnotes":""},"class_list":["post-30685","page","type-page","status-publish"],"acf":[],"yoast_head":"<!-- This site is optimized with the Yoast SEO plugin v23.5 - https:\/\/yoast.com\/wordpress\/plugins\/seo\/ -->\n<title>Novice - TZO Malinska-Duba\u0161nica<\/title>\n<meta name=\"description\" content=\"Pratite nove vijesti iz grada Malinske i okolice na\u0161e op\u0107ine.\" \/>\n<meta name=\"robots\" content=\"index, follow, max-snippet:-1, max-image-preview:large, max-video-preview:-1\" \/>\n<link rel=\"canonical\" href=\"https:\/\/www.visitmalinska.com\/vijesti\/\" \/>\n<meta property=\"og:locale\" content=\"sl_SI\" \/>\n<meta property=\"og:type\" content=\"article\" \/>\n<meta property=\"og:title\" content=\"{:hr}Vijesti{:}{:en}News{:}{:de}Nachrichten{:}{:it}Notizie{:}{:si}Novice{:} - TZO Malinska-Duba\u0161nica\" \/>\n<meta property=\"og:description\" content=\"{:hr}Pratite nove vijesti iz grada Malinske i okolice na\u0161e op\u0107ine.{:}{:en}Follow the latest news from the town of Malinska and its surrounding area.{:}\" \/>\n<meta property=\"og:url\" content=\"https:\/\/www.visitmalinska.com\/vijesti\/\" \/>\n<meta property=\"og:site_name\" content=\"TZO Malinska-Duba\u0161nica\" \/>\n<meta property=\"article:publisher\" content=\"https:\/\/www.facebook.com\/Malinska.Island.Krk\/\" \/>\n<meta property=\"article:modified_time\" content=\"2020-02-13T14:40:58+00:00\" \/>\n<meta property=\"og:image\" content=\"https:\/\/www.visitmalinska.com\/wp-content\/uploads\/2019\/09\/vijesti-facebook.jpg\" \/>\n\t<meta property=\"og:image:width\" content=\"1200\" \/>\n\t<meta property=\"og:image:height\" content=\"630\" \/>\n\t<meta property=\"og:image:type\" content=\"image\/jpeg\" \/>\n<meta name=\"twitter:card\" content=\"summary_large_image\" \/>\n<meta name=\"twitter:image\" content=\"https:\/\/www.visitmalinska.com\/wp-content\/uploads\/2019\/09\/vijesti-twitter.jpg\" \/>\n<script type=\"application\/ld+json\" class=\"yoast-schema-graph\">{\"@context\":\"https:\/\/schema.org\",\"@graph\":[{\"@type\":\"WebPage\",\"@id\":\"https:\/\/www.visitmalinska.com\/vijesti\/\",\"url\":\"https:\/\/www.visitmalinska.com\/vijesti\/\",\"name\":\"{:hr}Vijesti{:}{:en}News{:}{:de}Nachrichten{:}{:it}Notizie{:}{:si}Novice{:} - TZO Malinska-Duba\u0161nica\",\"isPartOf\":{\"@id\":\"https:\/\/www.visitmalinska.com\/#website\"},\"datePublished\":\"2019-04-11T09:42:38+00:00\",\"dateModified\":\"2020-02-13T14:40:58+00:00\",\"description\":\"{:hr}Pratite nove vijesti iz grada Malinske i okolice na\u0161e op\u0107ine.{:}{:en}Follow the latest news from the town of Malinska and its surrounding area.{:}\",\"breadcrumb\":{\"@id\":\"https:\/\/www.visitmalinska.com\/vijesti\/#breadcrumb\"},\"inLanguage\":\"sl-SI\",\"potentialAction\":[{\"@type\":\"ReadAction\",\"target\":[\"https:\/\/www.visitmalinska.com\/vijesti\/\"]}]},{\"@type\":\"BreadcrumbList\",\"@id\":\"https:\/\/www.visitmalinska.com\/vijesti\/#breadcrumb\",\"itemListElement\":[{\"@type\":\"ListItem\",\"position\":1,\"name\":\"Po\u010detna stranica\",\"item\":\"https:\/\/www.visitmalinska.com\/\"},{\"@type\":\"ListItem\",\"position\":2,\"name\":\"Vijesti\"}]},{\"@type\":\"WebSite\",\"@id\":\"https:\/\/www.visitmalinska.com\/#website\",\"url\":\"https:\/\/www.visitmalinska.com\/\",\"name\":\"TZO Malinska-Duba\u0161nica\",\"description\":\"\",\"publisher\":{\"@id\":\"https:\/\/www.visitmalinska.com\/#organization\"},\"potentialAction\":[{\"@type\":\"SearchAction\",\"target\":{\"@type\":\"EntryPoint\",\"urlTemplate\":\"https:\/\/www.visitmalinska.com\/?s={search_term_string}\"},\"query-input\":{\"@type\":\"PropertyValueSpecification\",\"valueRequired\":true,\"valueName\":\"search_term_string\"}}],\"inLanguage\":\"sl-SI\"},{\"@type\":\"Organization\",\"@id\":\"https:\/\/www.visitmalinska.com\/#organization\",\"name\":\"TZO Malinska - Duba\u0161nica\",\"url\":\"https:\/\/www.visitmalinska.com\/\",\"logo\":{\"@type\":\"ImageObject\",\"inLanguage\":\"sl-SI\",\"@id\":\"https:\/\/www.visitmalinska.com\/#\/schema\/logo\/image\/\",\"url\":\"https:\/\/www.visitmalinska.com\/wp-content\/uploads\/2019\/03\/malinska-logo-240.png\",\"contentUrl\":\"https:\/\/www.visitmalinska.com\/wp-content\/uploads\/2019\/03\/malinska-logo-240.png\",\"width\":1188,\"height\":241,\"caption\":\"TZO Malinska - Duba\u0161nica\"},\"image\":{\"@id\":\"https:\/\/www.visitmalinska.com\/#\/schema\/logo\/image\/\"},\"sameAs\":[\"https:\/\/www.facebook.com\/Malinska.Island.Krk\/\",\"https:\/\/www.instagram.com\/visitmalinska\/\"]}]}<\/script>\n<!-- \/ Yoast SEO plugin. -->","yoast_head_json":{"title":"Novice - TZO Malinska-Duba\u0161nica","description":"Pratite nove vijesti iz grada Malinske i okolice na\u0161e op\u0107ine.","robots":{"index":"index","follow":"follow","max-snippet":"max-snippet:-1","max-image-preview":"max-image-preview:large","max-video-preview":"max-video-preview:-1"},"canonical":"https:\/\/www.visitmalinska.com\/vijesti\/","og_locale":"sl_SI","og_type":"article","og_title":"{:hr}Vijesti{:}{:en}News{:}{:de}Nachrichten{:}{:it}Notizie{:}{:si}Novice{:} - TZO Malinska-Duba\u0161nica","og_description":"{:hr}Pratite nove vijesti iz grada Malinske i okolice na\u0161e op\u0107ine.{:}{:en}Follow the latest news from the town of Malinska and its surrounding area.{:}","og_url":"https:\/\/www.visitmalinska.com\/vijesti\/","og_site_name":"TZO Malinska-Duba\u0161nica","article_publisher":"https:\/\/www.facebook.com\/Malinska.Island.Krk\/","article_modified_time":"2020-02-13T14:40:58+00:00","og_image":[{"width":1200,"height":630,"url":"https:\/\/www.visitmalinska.com\/wp-content\/uploads\/2019\/09\/vijesti-facebook.jpg","type":"image\/jpeg"}],"twitter_card":"summary_large_image","twitter_image":"https:\/\/www.visitmalinska.com\/wp-content\/uploads\/2019\/09\/vijesti-twitter.jpg","schema":{"@context":"https:\/\/schema.org","@graph":[{"@type":"WebPage","@id":"https:\/\/www.visitmalinska.com\/vijesti\/","url":"https:\/\/www.visitmalinska.com\/vijesti\/","name":"{:hr}Vijesti{:}{:en}News{:}{:de}Nachrichten{:}{:it}Notizie{:}{:si}Novice{:} - TZO Malinska-Duba\u0161nica","isPartOf":{"@id":"https:\/\/www.visitmalinska.com\/#website"},"datePublished":"2019-04-11T09:42:38+00:00","dateModified":"2020-02-13T14:40:58+00:00","description":"{:hr}Pratite nove vijesti iz grada Malinske i okolice na\u0161e op\u0107ine.{:}{:en}Follow the latest news from the town of Malinska and its surrounding area.{:}","breadcrumb":{"@id":"https:\/\/www.visitmalinska.com\/vijesti\/#breadcrumb"},"inLanguage":"sl-SI","potentialAction":[{"@type":"ReadAction","target":["https:\/\/www.visitmalinska.com\/vijesti\/"]}]},{"@type":"BreadcrumbList","@id":"https:\/\/www.visitmalinska.com\/vijesti\/#breadcrumb","itemListElement":[{"@type":"ListItem","position":1,"name":"Po\u010detna stranica","item":"https:\/\/www.visitmalinska.com\/"},{"@type":"ListItem","position":2,"name":"Vijesti"}]},{"@type":"WebSite","@id":"https:\/\/www.visitmalinska.com\/#website","url":"https:\/\/www.visitmalinska.com\/","name":"TZO Malinska-Duba\u0161nica","description":"","publisher":{"@id":"https:\/\/www.visitmalinska.com\/#organization"},"potentialAction":[{"@type":"SearchAction","target":{"@type":"EntryPoint","urlTemplate":"https:\/\/www.visitmalinska.com\/?s={search_term_string}"},"query-input":{"@type":"PropertyValueSpecification","valueRequired":true,"valueName":"search_term_string"}}],"inLanguage":"sl-SI"},{"@type":"Organization","@id":"https:\/\/www.visitmalinska.com\/#organization","name":"TZO Malinska - Duba\u0161nica","url":"https:\/\/www.visitmalinska.com\/","logo":{"@type":"ImageObject","inLanguage":"sl-SI","@id":"https:\/\/www.visitmalinska.com\/#\/schema\/logo\/image\/","url":"https:\/\/www.visitmalinska.com\/wp-content\/uploads\/2019\/03\/malinska-logo-240.png","contentUrl":"https:\/\/www.visitmalinska.com\/wp-content\/uploads\/2019\/03\/malinska-logo-240.png","width":1188,"height":241,"caption":"TZO Malinska - Duba\u0161nica"},"image":{"@id":"https:\/\/www.visitmalinska.com\/#\/schema\/logo\/image\/"},"sameAs":["https:\/\/www.facebook.com\/Malinska.Island.Krk\/","https:\/\/www.instagram.com\/visitmalinska\/"]}]}},"_links":{"self":[{"href":"https:\/\/www.visitmalinska.com\/si\/wp-json\/wp\/v2\/pages\/30685","targetHints":{"allow":["GET"]}}],"collection":[{"href":"https:\/\/www.visitmalinska.com\/si\/wp-json\/wp\/v2\/pages"}],"about":[{"href":"https:\/\/www.visitmalinska.com\/si\/wp-json\/wp\/v2\/types\/page"}],"author":[{"embeddable":true,"href":"https:\/\/www.visitmalinska.com\/si\/wp-json\/wp\/v2\/users\/1"}],"replies":[{"embeddable":true,"href":"https:\/\/www.visitmalinska.com\/si\/wp-json\/wp\/v2\/comments?post=30685"}],"version-history":[{"count":19,"href":"https:\/\/www.visitmalinska.com\/si\/wp-json\/wp\/v2\/pages\/30685\/revisions"}],"predecessor-version":[{"id":33569,"href":"https:\/\/www.visitmalinska.com\/si\/wp-json\/wp\/v2\/pages\/30685\/revisions\/33569"}],"wp:attachment":[{"href":"https:\/\/www.visitmalinska.com\/si\/wp-json\/wp\/v2\/media?parent=30685"}],"curies":[{"name":"wp","href":"https:\/\/api.w.org\/{rel}","templated":true}]}}