{"id":30128,"date":"2019-03-19T13:39:42","date_gmt":"2019-03-19T13:39:42","guid":{"rendered":"http:\/\/www.visitmalinska.com\/?page_id=30128"},"modified":"2019-11-29T14:48:56","modified_gmt":"2019-11-29T12:48:56","slug":"malinska-i-okolica","status":"publish","type":"page","link":"https:\/\/www.visitmalinska.com\/si\/malinska-za-vse\/malinska-in-okolica\/","title":{"rendered":"Malinska in okolica"},"content":{"rendered":"<p>[vc_row][vc_column][vc_column_text]Zanimiva in raznolika okolica Malinske razkriva \u0161tevilne zanimivosti in stara zgodovinska nahajali\u0161\u010da \u0161e iz anti\u010dnih \u010dasov. Otok Krk je usodno povezan s \u0161tevilko sedem: Hrvati so ga naselili v sedmem stoletju, sedemkrat se je uspe\u0161no ubranil pred gusarskimi napadi, Frankopan, ki je bil sedmi po vrsti, je bil zadnji kr\u0161ki knez, danes pa je otok Krk, sestavljen iz sedmih administrativnih enot: iz mesta Krka in ob\u010din: Omi\u0161alj, Malinska, Punat, Ba\u0161ka, Vrbnik in Dobrinj.<\/p>\n<p><img loading=\"lazy\" decoding=\"async\" class=\"responsive aligncenter wp-image-31604 size-full\" src=\"http:\/\/www.visitmalinska.com\/wp-content\/uploads\/2019\/07\/malinska-i-okolica-2.jpg\" alt=\"\" width=\"1280\" height=\"720\" srcset=\"https:\/\/www.visitmalinska.com\/wp-content\/uploads\/2019\/07\/malinska-i-okolica-2.jpg 1280w, https:\/\/www.visitmalinska.com\/wp-content\/uploads\/2019\/07\/malinska-i-okolica-2-300x169.jpg 300w, https:\/\/www.visitmalinska.com\/wp-content\/uploads\/2019\/07\/malinska-i-okolica-2-768x432.jpg 768w, https:\/\/www.visitmalinska.com\/wp-content\/uploads\/2019\/07\/malinska-i-okolica-2-1024x576.jpg 1024w\" sizes=\"auto, (max-width: 1280px) 100vw, 1280px\" \/><\/p>\n<p>Znotraj vseh teh sedmih sredi\u0161\u010d je sedem razli\u010dic \u010dakavskega nare\u010dja hrva\u0161kega jezika, a celotno sredi\u0161\u010de na otoku Krku ponuja posebne naravne, zgodovinske in kulturne zanimivosti, ki skupaj sestavljajo ta <strong>zlati otok<\/strong>, pridevnik, ki ga ima otok Krk zaradi svojih posebnosti.[\/vc_column_text][\/vc_column][\/vc_row]<\/p>\n","protected":false},"excerpt":{"rendered":"<p>Zanimiva in raznolika okolica Malinske razkriva \u0161tevilne zanimivosti in stara zgodovinska nahajali\u0161\u010da \u0161e iz anti\u010dnih \u010dasov.<\/p>\n","protected":false},"author":1,"featured_media":0,"parent":30090,"menu_order":0,"comment_status":"closed","ping_status":"closed","template":"","meta":{"footnotes":""},"class_list":["post-30128","page","type-page","status-publish"],"acf":[],"yoast_head":"<!-- This site is optimized with the Yoast SEO plugin v23.5 - https:\/\/yoast.com\/wordpress\/plugins\/seo\/ -->\n<title>Malinska in okolica - TZO Malinska-Duba\u0161nica<\/title>\n<meta name=\"description\" content=\"Okolica Malinske otkriva mnoge prirodne zanimljivosti i stare povijesne lokalitete.\" \/>\n<meta name=\"robots\" content=\"index, follow, max-snippet:-1, max-image-preview:large, max-video-preview:-1\" \/>\n<link rel=\"canonical\" href=\"https:\/\/www.visitmalinska.com\/si\/malinska-za-vse\/malinska-in-okolica\/\" \/>\n<meta property=\"og:locale\" content=\"sl_SI\" \/>\n<meta property=\"og:type\" content=\"article\" \/>\n<meta property=\"og:title\" content=\"{:hr}Malinska i okolica{:}{:en}Malinska and its surroundings{:}{:de}Malinska und umgebung{:}{:it}Malinska e dintorni{:}{:si}Malinska in okolica{:} - TZO Malinska-Duba\u0161nica\" \/>\n<meta property=\"og:description\" content=\"{:hr}Okolica Malinske otkriva mnoge prirodne zanimljivosti i stare povijesne lokalitete.{:}{:en}Surroundings of Malinska reveal many interesting natural attractions and historical localities.{:}\" \/>\n<meta property=\"og:url\" content=\"https:\/\/www.visitmalinska.com\/si\/malinska-za-vse\/malinska-in-okolica\/\" \/>\n<meta property=\"og:site_name\" content=\"TZO Malinska-Duba\u0161nica\" \/>\n<meta property=\"article:publisher\" content=\"https:\/\/www.facebook.com\/Malinska.Island.Krk\/\" \/>\n<meta property=\"article:modified_time\" content=\"2019-11-29T12:48:56+00:00\" \/>\n<meta property=\"og:image\" content=\"https:\/\/www.visitmalinska.com\/wp-content\/uploads\/2019\/09\/malinska-i-okolica-facebook.jpg\" \/>\n\t<meta property=\"og:image:width\" content=\"1200\" \/>\n\t<meta property=\"og:image:height\" content=\"630\" \/>\n\t<meta property=\"og:image:type\" content=\"image\/jpeg\" \/>\n<meta name=\"twitter:card\" content=\"summary_large_image\" \/>\n<meta name=\"twitter:image\" content=\"https:\/\/www.visitmalinska.com\/wp-content\/uploads\/2019\/09\/malinska-i-okolica-twitter.jpg\" \/>\n<meta name=\"twitter:label1\" content=\"Est. reading time\" \/>\n\t<meta name=\"twitter:data1\" content=\"4 minutes\" \/>\n<script type=\"application\/ld+json\" class=\"yoast-schema-graph\">{\"@context\":\"https:\/\/schema.org\",\"@graph\":[{\"@type\":\"WebPage\",\"@id\":\"https:\/\/www.visitmalinska.com\/si\/malinska-za-vse\/malinska-in-okolica\/\",\"url\":\"https:\/\/www.visitmalinska.com\/si\/malinska-za-vse\/malinska-in-okolica\/\",\"name\":\"{:hr}Malinska i okolica{:}{:en}Malinska and its surroundings{:}{:de}Malinska und umgebung{:}{:it}Malinska e dintorni{:}{:si}Malinska in okolica{:} - TZO Malinska-Duba\u0161nica\",\"isPartOf\":{\"@id\":\"https:\/\/www.visitmalinska.com\/#website\"},\"primaryImageOfPage\":{\"@id\":\"https:\/\/www.visitmalinska.com\/si\/malinska-za-vse\/malinska-in-okolica\/#primaryimage\"},\"image\":{\"@id\":\"https:\/\/www.visitmalinska.com\/si\/malinska-za-vse\/malinska-in-okolica\/#primaryimage\"},\"thumbnailUrl\":\"http:\/\/www.visitmalinska.com\/wp-content\/uploads\/2019\/07\/malinska-i-okolica-2.jpg\",\"datePublished\":\"2019-03-19T13:39:42+00:00\",\"dateModified\":\"2019-11-29T12:48:56+00:00\",\"description\":\"{:hr}Okolica Malinske otkriva mnoge prirodne zanimljivosti i stare povijesne lokalitete.{:}{:en}Surroundings of Malinska reveal many interesting natural attractions and historical localities.{:}\",\"breadcrumb\":{\"@id\":\"https:\/\/www.visitmalinska.com\/si\/malinska-za-vse\/malinska-in-okolica\/#breadcrumb\"},\"inLanguage\":\"sl-SI\",\"potentialAction\":[{\"@type\":\"ReadAction\",\"target\":[\"https:\/\/www.visitmalinska.com\/si\/malinska-za-vse\/malinska-in-okolica\/\"]}]},{\"@type\":\"ImageObject\",\"inLanguage\":\"sl-SI\",\"@id\":\"https:\/\/www.visitmalinska.com\/si\/malinska-za-vse\/malinska-in-okolica\/#primaryimage\",\"url\":\"http:\/\/www.visitmalinska.com\/wp-content\/uploads\/2019\/07\/malinska-i-okolica-2.jpg\",\"contentUrl\":\"http:\/\/www.visitmalinska.com\/wp-content\/uploads\/2019\/07\/malinska-i-okolica-2.jpg\"},{\"@type\":\"BreadcrumbList\",\"@id\":\"https:\/\/www.visitmalinska.com\/si\/malinska-za-vse\/malinska-in-okolica\/#breadcrumb\",\"itemListElement\":[{\"@type\":\"ListItem\",\"position\":1,\"name\":\"Po\u010detna stranica\",\"item\":\"https:\/\/www.visitmalinska.com\/\"},{\"@type\":\"ListItem\",\"position\":2,\"name\":\"Malinska za sve\",\"item\":\"https:\/\/www.visitmalinska.com\/malinska-za-sve\/\"},{\"@type\":\"ListItem\",\"position\":3,\"name\":\"Malinska in okolica\"}]},{\"@type\":\"WebSite\",\"@id\":\"https:\/\/www.visitmalinska.com\/#website\",\"url\":\"https:\/\/www.visitmalinska.com\/\",\"name\":\"TZO Malinska-Duba\u0161nica\",\"description\":\"\",\"publisher\":{\"@id\":\"https:\/\/www.visitmalinska.com\/#organization\"},\"potentialAction\":[{\"@type\":\"SearchAction\",\"target\":{\"@type\":\"EntryPoint\",\"urlTemplate\":\"https:\/\/www.visitmalinska.com\/?s={search_term_string}\"},\"query-input\":{\"@type\":\"PropertyValueSpecification\",\"valueRequired\":true,\"valueName\":\"search_term_string\"}}],\"inLanguage\":\"sl-SI\"},{\"@type\":\"Organization\",\"@id\":\"https:\/\/www.visitmalinska.com\/#organization\",\"name\":\"TZO Malinska - Duba\u0161nica\",\"url\":\"https:\/\/www.visitmalinska.com\/\",\"logo\":{\"@type\":\"ImageObject\",\"inLanguage\":\"sl-SI\",\"@id\":\"https:\/\/www.visitmalinska.com\/#\/schema\/logo\/image\/\",\"url\":\"https:\/\/www.visitmalinska.com\/wp-content\/uploads\/2019\/03\/malinska-logo-240.png\",\"contentUrl\":\"https:\/\/www.visitmalinska.com\/wp-content\/uploads\/2019\/03\/malinska-logo-240.png\",\"width\":1188,\"height\":241,\"caption\":\"TZO Malinska - Duba\u0161nica\"},\"image\":{\"@id\":\"https:\/\/www.visitmalinska.com\/#\/schema\/logo\/image\/\"},\"sameAs\":[\"https:\/\/www.facebook.com\/Malinska.Island.Krk\/\",\"https:\/\/www.instagram.com\/visitmalinska\/\"]}]}<\/script>\n<!-- \/ Yoast SEO plugin. -->","yoast_head_json":{"title":"Malinska in okolica - TZO Malinska-Duba\u0161nica","description":"Okolica Malinske otkriva mnoge prirodne zanimljivosti i stare povijesne lokalitete.","robots":{"index":"index","follow":"follow","max-snippet":"max-snippet:-1","max-image-preview":"max-image-preview:large","max-video-preview":"max-video-preview:-1"},"canonical":"https:\/\/www.visitmalinska.com\/si\/malinska-za-vse\/malinska-in-okolica\/","og_locale":"sl_SI","og_type":"article","og_title":"{:hr}Malinska i okolica{:}{:en}Malinska and its surroundings{:}{:de}Malinska und umgebung{:}{:it}Malinska e dintorni{:}{:si}Malinska in okolica{:} - TZO Malinska-Duba\u0161nica","og_description":"{:hr}Okolica Malinske otkriva mnoge prirodne zanimljivosti i stare povijesne lokalitete.{:}{:en}Surroundings of Malinska reveal many interesting natural attractions and historical localities.{:}","og_url":"https:\/\/www.visitmalinska.com\/si\/malinska-za-vse\/malinska-in-okolica\/","og_site_name":"TZO Malinska-Duba\u0161nica","article_publisher":"https:\/\/www.facebook.com\/Malinska.Island.Krk\/","article_modified_time":"2019-11-29T12:48:56+00:00","og_image":[{"width":1200,"height":630,"url":"https:\/\/www.visitmalinska.com\/wp-content\/uploads\/2019\/09\/malinska-i-okolica-facebook.jpg","type":"image\/jpeg"}],"twitter_card":"summary_large_image","twitter_image":"https:\/\/www.visitmalinska.com\/wp-content\/uploads\/2019\/09\/malinska-i-okolica-twitter.jpg","twitter_misc":{"Est. reading time":"4 minutes"},"schema":{"@context":"https:\/\/schema.org","@graph":[{"@type":"WebPage","@id":"https:\/\/www.visitmalinska.com\/si\/malinska-za-vse\/malinska-in-okolica\/","url":"https:\/\/www.visitmalinska.com\/si\/malinska-za-vse\/malinska-in-okolica\/","name":"{:hr}Malinska i okolica{:}{:en}Malinska and its surroundings{:}{:de}Malinska und umgebung{:}{:it}Malinska e dintorni{:}{:si}Malinska in okolica{:} - TZO Malinska-Duba\u0161nica","isPartOf":{"@id":"https:\/\/www.visitmalinska.com\/#website"},"primaryImageOfPage":{"@id":"https:\/\/www.visitmalinska.com\/si\/malinska-za-vse\/malinska-in-okolica\/#primaryimage"},"image":{"@id":"https:\/\/www.visitmalinska.com\/si\/malinska-za-vse\/malinska-in-okolica\/#primaryimage"},"thumbnailUrl":"http:\/\/www.visitmalinska.com\/wp-content\/uploads\/2019\/07\/malinska-i-okolica-2.jpg","datePublished":"2019-03-19T13:39:42+00:00","dateModified":"2019-11-29T12:48:56+00:00","description":"{:hr}Okolica Malinske otkriva mnoge prirodne zanimljivosti i stare povijesne lokalitete.{:}{:en}Surroundings of Malinska reveal many interesting natural attractions and historical localities.{:}","breadcrumb":{"@id":"https:\/\/www.visitmalinska.com\/si\/malinska-za-vse\/malinska-in-okolica\/#breadcrumb"},"inLanguage":"sl-SI","potentialAction":[{"@type":"ReadAction","target":["https:\/\/www.visitmalinska.com\/si\/malinska-za-vse\/malinska-in-okolica\/"]}]},{"@type":"ImageObject","inLanguage":"sl-SI","@id":"https:\/\/www.visitmalinska.com\/si\/malinska-za-vse\/malinska-in-okolica\/#primaryimage","url":"http:\/\/www.visitmalinska.com\/wp-content\/uploads\/2019\/07\/malinska-i-okolica-2.jpg","contentUrl":"http:\/\/www.visitmalinska.com\/wp-content\/uploads\/2019\/07\/malinska-i-okolica-2.jpg"},{"@type":"BreadcrumbList","@id":"https:\/\/www.visitmalinska.com\/si\/malinska-za-vse\/malinska-in-okolica\/#breadcrumb","itemListElement":[{"@type":"ListItem","position":1,"name":"Po\u010detna stranica","item":"https:\/\/www.visitmalinska.com\/"},{"@type":"ListItem","position":2,"name":"Malinska za sve","item":"https:\/\/www.visitmalinska.com\/malinska-za-sve\/"},{"@type":"ListItem","position":3,"name":"Malinska in okolica"}]},{"@type":"WebSite","@id":"https:\/\/www.visitmalinska.com\/#website","url":"https:\/\/www.visitmalinska.com\/","name":"TZO Malinska-Duba\u0161nica","description":"","publisher":{"@id":"https:\/\/www.visitmalinska.com\/#organization"},"potentialAction":[{"@type":"SearchAction","target":{"@type":"EntryPoint","urlTemplate":"https:\/\/www.visitmalinska.com\/?s={search_term_string}"},"query-input":{"@type":"PropertyValueSpecification","valueRequired":true,"valueName":"search_term_string"}}],"inLanguage":"sl-SI"},{"@type":"Organization","@id":"https:\/\/www.visitmalinska.com\/#organization","name":"TZO Malinska - Duba\u0161nica","url":"https:\/\/www.visitmalinska.com\/","logo":{"@type":"ImageObject","inLanguage":"sl-SI","@id":"https:\/\/www.visitmalinska.com\/#\/schema\/logo\/image\/","url":"https:\/\/www.visitmalinska.com\/wp-content\/uploads\/2019\/03\/malinska-logo-240.png","contentUrl":"https:\/\/www.visitmalinska.com\/wp-content\/uploads\/2019\/03\/malinska-logo-240.png","width":1188,"height":241,"caption":"TZO Malinska - Duba\u0161nica"},"image":{"@id":"https:\/\/www.visitmalinska.com\/#\/schema\/logo\/image\/"},"sameAs":["https:\/\/www.facebook.com\/Malinska.Island.Krk\/","https:\/\/www.instagram.com\/visitmalinska\/"]}]}},"_links":{"self":[{"href":"https:\/\/www.visitmalinska.com\/si\/wp-json\/wp\/v2\/pages\/30128","targetHints":{"allow":["GET"]}}],"collection":[{"href":"https:\/\/www.visitmalinska.com\/si\/wp-json\/wp\/v2\/pages"}],"about":[{"href":"https:\/\/www.visitmalinska.com\/si\/wp-json\/wp\/v2\/types\/page"}],"author":[{"embeddable":true,"href":"https:\/\/www.visitmalinska.com\/si\/wp-json\/wp\/v2\/users\/1"}],"replies":[{"embeddable":true,"href":"https:\/\/www.visitmalinska.com\/si\/wp-json\/wp\/v2\/comments?post=30128"}],"version-history":[{"count":11,"href":"https:\/\/www.visitmalinska.com\/si\/wp-json\/wp\/v2\/pages\/30128\/revisions"}],"predecessor-version":[{"id":33133,"href":"https:\/\/www.visitmalinska.com\/si\/wp-json\/wp\/v2\/pages\/30128\/revisions\/33133"}],"up":[{"embeddable":true,"href":"https:\/\/www.visitmalinska.com\/si\/wp-json\/wp\/v2\/pages\/30090"}],"wp:attachment":[{"href":"https:\/\/www.visitmalinska.com\/si\/wp-json\/wp\/v2\/media?parent=30128"}],"curies":[{"name":"wp","href":"https:\/\/api.w.org\/{rel}","templated":true}]}}