{"id":30124,"date":"2019-03-19T13:38:10","date_gmt":"2019-03-19T13:38:10","guid":{"rendered":"http:\/\/www.visitmalinska.com\/?page_id=30124"},"modified":"2026-04-03T15:24:19","modified_gmt":"2026-04-03T13:24:19","slug":"gastronomija","status":"publish","type":"page","link":"https:\/\/www.visitmalinska.com\/si\/malinska-za-vse\/gastronomija\/","title":{"rendered":"Gastronomija"},"content":{"rendered":"<p>[vc_row][vc_column width=&#8221;1\/3&#8243;]<div class=\"gem-icon-with-text gem-icon-with-text-icon-size-medium\"><div style=\"margin-bottom:0px;margin-top:0px; \" class=\"gem-icon-with-text-icon\"><div class=\"gem-icon gem-icon-pack-material gem-icon-size-medium  gem-icon-shape-square gem-simple-icon\" style=\"opacity: 1;\"><div class=\"gem-icon-inner\" style=\"\"><span class=\"gem-icon-half-1\" style=\"\"><span class=\"back-angle\">&#xf500;<\/span><\/span><span class=\"gem-icon-half-2\" style=\"\"><span class=\"back-angle\">&#xf500;<\/span><\/span><\/div><\/div><\/div><div class=\"gem-icon-with-text-content\" ><div class=\"gem-icon-with-text-text\">[vc_column_text]<\/p>\n<h5>RESTAVRACIJE<\/h5>\n<p>[\/vc_column_text]<\/div><\/div><div class=\"clearboth\"><\/div><\/div>[vc_column_text]<strong>DEL MAR<\/strong><br \/>\nObala 2<br \/>\n+385 91 79 57 027<\/p>\n<p><strong>KU\u017dINA<br \/>\n<\/strong>Nikole Tesle 42, Dra\u017eine 9<br \/>\n+385 95 397 62 94<\/p>\n<p><strong>MULINO<\/strong><br \/>\nKralja Tomislava 23<br \/>\n+385 51 850 234 &#038; +385 51 859 282<\/p>\n<p><strong>PALMA<\/strong><br \/>\nKala 2<br \/>\n+385 98 92 55 597<\/p>\n<p><strong>PORTI\u0106<\/strong><br \/>\nPorti\u0107 10<br \/>\n+385 91 18 58 871<\/p>\n<p><strong>PRIMORSKA KOLIBA<\/strong><br \/>\nSv. Apolinara 2<br \/>\n+385 51\/859-551<\/p>\n<p><strong>THE KITCHEN<\/strong><br \/>\nObala 21<br \/>\n+385 51 330 333<\/p>\n<p><strong>VILA ROVA<br \/>\n<\/strong>Rova 28<br \/>\n+385 51 866 100<strong><br \/>\n<\/strong><\/p>\n<p><strong>VILLA MARGARET<br \/>\n<\/strong>Porat 25<br \/>\n+385 51 867 023<\/p>\n<p><strong>PICCOLA VENEZIA<br \/>\n<\/strong>Porat 10<br \/>\n+385 51 867 062[\/vc_column_text][vc_empty_space]<div class=\"gem-icon-with-text gem-icon-with-text-icon-size-medium\"><div style=\"margin-bottom:0px;margin-top:0px; \" class=\"gem-icon-with-text-icon\"><div class=\"gem-icon gem-icon-pack-material gem-icon-size-medium  gem-icon-shape-square gem-simple-icon\" style=\"opacity: 1;\"><div class=\"gem-icon-inner\" style=\"\"><span class=\"gem-icon-half-1\" style=\"\"><span class=\"back-angle\">&#xf3eb;<\/span><\/span><span class=\"gem-icon-half-2\" style=\"\"><span class=\"back-angle\">&#xf3eb;<\/span><\/span><\/div><\/div><\/div><div class=\"gem-icon-with-text-content\" ><div class=\"gem-icon-with-text-text\">[vc_column_text]<\/p>\n<h5>PUB<\/h5>\n<p>[\/vc_column_text]<\/div><\/div><div class=\"clearboth\"><\/div><\/div>[vc_column_text]<strong>KING&#8217;S CAFE MALINSKA<\/strong><br \/>\nLina Bolmar\u010di\u0107a 39<br \/>\n051\/546-457[\/vc_column_text]<div class=\"gem-icon-with-text gem-icon-with-text-icon-size-medium\"><div style=\"margin-bottom:0px;margin-top:0px; \" class=\"gem-icon-with-text-icon\"><div class=\"gem-icon gem-icon-pack-material gem-icon-size-medium  gem-icon-shape-square gem-simple-icon\" style=\"opacity: 1;\"><div class=\"gem-icon-inner\" style=\"\"><span class=\"gem-icon-half-1\" style=\"\"><span class=\"back-angle\">&#xf500;<\/span><\/span><span class=\"gem-icon-half-2\" style=\"\"><span class=\"back-angle\">&#xf500;<\/span><\/span><\/div><\/div><\/div><div class=\"gem-icon-with-text-content\" ><div class=\"gem-icon-with-text-text\">[vc_column_text]<\/p>\n<h5>BIFEJI<\/h5>\n<p>[\/vc_column_text]<\/div><\/div><div class=\"clearboth\"><\/div><\/div>[vc_column_text]<strong>VRTA\u010cA<\/strong><br \/>\nKralja Tomislava 14<br \/>\n38551725824<br \/>\n[\/vc_column_text][\/vc_column][vc_column width=&#8221;1\/3&#8243;]<div class=\"gem-icon-with-text gem-icon-with-text-icon-size-medium\"><div style=\"margin-bottom:0px;margin-top:0px; \" class=\"gem-icon-with-text-icon\"><div class=\"gem-icon gem-icon-pack-material gem-icon-size-medium  gem-icon-shape-square gem-simple-icon\" style=\"opacity: 1;\"><div class=\"gem-icon-inner\" style=\"\"><span class=\"gem-icon-half-1\" style=\"\"><span class=\"back-angle\">&#xf4fd;<\/span><\/span><span class=\"gem-icon-half-2\" style=\"\"><span class=\"back-angle\">&#xf4fd;<\/span><\/span><\/div><\/div><\/div><div class=\"gem-icon-with-text-content\" ><div class=\"gem-icon-with-text-text\">[vc_column_text]<\/p>\n<h5>GOSTILNE<\/h5>\n<p>[\/vc_column_text]<\/div><\/div><div class=\"clearboth\"><\/div><\/div>[vc_column_text]<strong>BRACERA<\/strong><br \/>\nKvarnerska 1<br \/>\n+385 51 858 700<\/p>\n<p><strong>DUBA\u0160NICA<\/strong><br \/>\nNovo naselje 5<br \/>\n+385 51 858 156<\/p>\n<p><strong>FERAL<\/strong><br \/>\nObala 50<br \/>\n+385 51 859 222<\/p>\n<p><strong>GATTO NERO<\/strong><br \/>\nLina Bolmar\u010di\u0107a 20<br \/>\n+385 91 444 2424<\/p>\n<p><strong>INTRADA<\/strong><br \/>\nGrdine 6<br \/>\n+385 51 296 892<\/p>\n<p><strong>MAMA MIA<br \/>\n<\/strong>Rije\u010dka 39<br \/>\n+385 51 214 124<strong><br \/>\n<\/strong><\/p>\n<p><strong>NINO<\/strong><br \/>\nPorat 185<br \/>\n+385 51 859 011<\/p>\n<p><strong>POD MURVU<\/strong><br \/>\nMilov\u010di\u0107i 20<br \/>\n+385 91 58 19 504<\/p>\n<p><strong>PORAT<\/strong><br \/>\nPorat 16<br \/>\n+385 51 867 046<\/p>\n<p><strong>SAN REMO<\/strong><br \/>\nSv. Vid &#8211; Miholjice 101a<br \/>\n+385 95 583 5722[\/vc_column_text]<div class=\"gem-icon-with-text gem-icon-with-text-icon-size-medium\"><div style=\"margin-bottom:0px;margin-top:0px; \" class=\"gem-icon-with-text-icon\"><div class=\"gem-icon gem-icon-pack-material gem-icon-size-medium  gem-icon-shape-square gem-simple-icon\" style=\"opacity: 1;\"><div class=\"gem-icon-inner\" style=\"\"><span class=\"gem-icon-half-1\" style=\"\"><span class=\"back-angle\">&#xf30f;<\/span><\/span><span class=\"gem-icon-half-2\" style=\"\"><span class=\"back-angle\">&#xf30f;<\/span><\/span><\/div><\/div><\/div><div class=\"gem-icon-with-text-content\" ><div class=\"gem-icon-with-text-text\">[vc_column_text]<\/p>\n<h5>FAST FOOD<\/h5>\n<p>[\/vc_column_text]<\/div><\/div><div class=\"clearboth\"><\/div><\/div>[vc_column_text]<strong>MIMI<\/strong><br \/>\nJaz 1\/3 &#8211; Tr\u017eni centar<br \/>\n097\/7412-594 091\/4573-448<\/p>\n<p><strong>POPAJ<\/strong><br \/>\nPut Radi\u0107i 1<br \/>\n051\/550-400<\/p>\n<p><strong>PORTO<\/strong><br \/>\nObala 30<br \/>\n099 6557 342[\/vc_column_text]<div class=\"gem-icon-with-text gem-icon-with-text-icon-size-medium\"><div style=\"margin-bottom:0px;margin-top:0px; \" class=\"gem-icon-with-text-icon\"><div class=\"gem-icon gem-icon-pack-material gem-icon-size-medium  gem-icon-shape-square gem-simple-icon\" style=\"opacity: 1;\"><div class=\"gem-icon-inner\" style=\"\"><span class=\"gem-icon-half-1\" style=\"\"><span class=\"back-angle\">&#xf1c8;<\/span><\/span><span class=\"gem-icon-half-2\" style=\"\"><span class=\"back-angle\">&#xf1c8;<\/span><\/span><\/div><\/div><\/div><div class=\"gem-icon-with-text-content\" ><div class=\"gem-icon-with-text-text\">[vc_column_text]<\/p>\n<h5>sla\u0161\u010di\u010darne<\/h5>\n<p>[\/vc_column_text]<\/div><\/div><div class=\"clearboth\"><\/div><\/div>[vc_column_text]<strong>GOGO<\/strong><br \/>\nObala 30<\/p>\n<p><strong>GOGO 2<\/strong><br \/>\nObala 21<\/p>\n<p><strong>MALINA<\/strong><br \/>\nObala 41<\/p>\n<p><strong>RIMINI<\/strong><br \/>\nObala 44[\/vc_column_text][\/vc_column][vc_column width=&#8221;1\/3&#8243;]<div class=\"gem-icon-with-text gem-icon-with-text-icon-size-medium\"><div style=\"margin-bottom:0px;margin-top:0px; \" class=\"gem-icon-with-text-icon\"><div class=\"gem-icon gem-icon-pack-material gem-icon-size-medium  gem-icon-shape-square gem-simple-icon\" style=\"opacity: 1;\"><div class=\"gem-icon-inner\" style=\"\"><span class=\"gem-icon-half-1\" style=\"\"><span class=\"back-angle\">&#xf311;<\/span><\/span><span class=\"gem-icon-half-2\" style=\"\"><span class=\"back-angle\">&#xf311;<\/span><\/span><\/div><\/div><\/div><div class=\"gem-icon-with-text-content\" ><div class=\"gem-icon-with-text-text\">[vc_column_text]<\/p>\n<h5>BISTRO<\/h5>\n<p>[\/vc_column_text]<\/div><\/div><div class=\"clearboth\"><\/div><\/div>[vc_column_text]<strong>BELECA<\/strong><br \/>\nObala 42<br \/>\n+385 98 963 84 12<\/p>\n<p><strong>BISTRO BEACH BAR ROVA<br \/>\n<\/strong>Rova 28<strong><br \/>\n<\/strong>+385 51 866 100<strong><br \/>\n<\/strong><\/p>\n<p><strong>BUKARICA<br \/>\n<\/strong>Nikole Tesle 61<strong><br \/>\n<\/strong>+385 51 859 022 &#038; +385 <span data-sheets-value=\"{\" data-sheets-userformat=\"{\">97 65 70 321<\/span><\/p>\n<p><strong>PREGO<\/strong><br \/>\nObala 22<br \/>\n+385 91 79 57 027<\/p>\n<p><strong>TONI<\/strong><br \/>\n\u017dubra 41<br \/>\n+385 91 22 10 934 &#038; +385 51 866 150<\/p>\n<p><strong>VALA<\/strong><br \/>\nObala 52<br \/>\n+385 51 859 250[\/vc_column_text]<div class=\"gem-icon-with-text gem-icon-with-text-icon-size-medium\"><div style=\"margin-bottom:0px;margin-top:0px; \" class=\"gem-icon-with-text-icon\"><div class=\"gem-icon gem-icon-pack-material gem-icon-size-medium  gem-icon-shape-square gem-simple-icon\" style=\"opacity: 1;\"><div class=\"gem-icon-inner\" style=\"\"><span class=\"gem-icon-half-1\" style=\"\"><span class=\"back-angle\">&#xf48b;<\/span><\/span><span class=\"gem-icon-half-2\" style=\"\"><span class=\"back-angle\">&#xf48b;<\/span><\/span><\/div><\/div><\/div><div class=\"gem-icon-with-text-content\" ><div class=\"gem-icon-with-text-text\">[vc_column_text]<\/p>\n<h5>PICERIJE<\/h5>\n<p>[\/vc_column_text]<\/div><\/div><div class=\"clearboth\"><\/div><\/div>[vc_column_text]<strong>CORONA<\/strong><br \/>\nPavus II\/2<br \/>\n+385 95 882 86 22<\/p>\n<p><strong>BATANA<\/strong><br \/>\nA. Bogovi\u0107a 6<br \/>\n+385 91 765 2377<\/p>\n<p><strong>MAMA MIA<br \/>\n<\/strong>Rije\u010dka 39<br \/>\n+385 51 214 124<\/p>\n<p><strong>MANDRA\u0106<\/strong><br \/>\nRova 22<br \/>\n+385 99 5123 155<\/p>\n<p><strong>MATTEO<br \/>\n<\/strong>Joakima Ton\u010di\u0107a 7<br \/>\n+385 51 858 150 &#038; +385 91 570 66 26 <strong><br \/>\n<\/strong><\/p>\n<p><strong>MIA<\/strong><br \/>\nObala 30<br \/>\n+385 99 65 57 342<\/p>\n<p><strong>VOLTA<\/strong><br \/>\nObala 29<br \/>\n+385 51 859 327[\/vc_column_text][\/vc_column][\/vc_row]<\/p>\n","protected":false},"excerpt":{"rendered":"<p>Restavracije, gostilne, bistroi, pubi, picerije&#8230;<\/p>\n","protected":false},"author":1,"featured_media":31924,"parent":30090,"menu_order":0,"comment_status":"closed","ping_status":"closed","template":"","meta":{"footnotes":""},"class_list":["post-30124","page","type-page","status-publish","has-post-thumbnail"],"acf":[],"yoast_head":"<!-- This site is optimized with the Yoast SEO plugin v23.5 - https:\/\/yoast.com\/wordpress\/plugins\/seo\/ -->\n<title>Gastronomija - TZO Malinska-Duba\u0161nica<\/title>\n<meta name=\"description\" content=\"Restorani, konobe, bistroi, pizzerije, pubovi...\" \/>\n<meta name=\"robots\" content=\"index, follow, max-snippet:-1, max-image-preview:large, max-video-preview:-1\" \/>\n<link rel=\"canonical\" href=\"https:\/\/www.visitmalinska.com\/malinska-za-sve\/gastronomija\/\" \/>\n<meta property=\"og:locale\" content=\"sl_SI\" \/>\n<meta property=\"og:type\" content=\"article\" \/>\n<meta property=\"og:title\" content=\"{:hr}Gastronomija{:}{:en}Gastronomy{:}{:de}Gastronomie{:}{:it}Gastronomia{:}{:si}Gastronomija{:} - TZO Malinska-Duba\u0161nica\" \/>\n<meta property=\"og:description\" content=\"Restorani, konobe, bistroi, pizzerije, pubovi...\" \/>\n<meta property=\"og:url\" content=\"https:\/\/www.visitmalinska.com\/malinska-za-sve\/gastronomija\/\" \/>\n<meta property=\"og:site_name\" content=\"TZO Malinska-Duba\u0161nica\" \/>\n<meta property=\"article:publisher\" content=\"https:\/\/www.facebook.com\/Malinska.Island.Krk\/\" \/>\n<meta property=\"article:modified_time\" content=\"2026-04-03T13:24:19+00:00\" \/>\n<meta property=\"og:image\" content=\"https:\/\/www.visitmalinska.com\/wp-content\/uploads\/2019\/09\/gastronomija-facebook.jpg\" \/>\n\t<meta property=\"og:image:width\" content=\"1200\" \/>\n\t<meta property=\"og:image:height\" content=\"630\" \/>\n\t<meta property=\"og:image:type\" content=\"image\/jpeg\" \/>\n<meta name=\"twitter:card\" content=\"summary_large_image\" \/>\n<meta name=\"twitter:image\" content=\"https:\/\/www.visitmalinska.com\/wp-content\/uploads\/2019\/09\/gastronomija-twitter.jpg\" \/>\n<meta name=\"twitter:label1\" content=\"Est. reading time\" \/>\n\t<meta name=\"twitter:data1\" content=\"3 minutes\" \/>\n<script type=\"application\/ld+json\" class=\"yoast-schema-graph\">{\"@context\":\"https:\/\/schema.org\",\"@graph\":[{\"@type\":\"WebPage\",\"@id\":\"https:\/\/www.visitmalinska.com\/malinska-za-sve\/gastronomija\/\",\"url\":\"https:\/\/www.visitmalinska.com\/malinska-za-sve\/gastronomija\/\",\"name\":\"{:hr}Gastronomija{:}{:en}Gastronomy{:}{:de}Gastronomie{:}{:it}Gastronomia{:}{:si}Gastronomija{:} - TZO Malinska-Duba\u0161nica\",\"isPartOf\":{\"@id\":\"https:\/\/www.visitmalinska.com\/#website\"},\"primaryImageOfPage\":{\"@id\":\"https:\/\/www.visitmalinska.com\/malinska-za-sve\/gastronomija\/#primaryimage\"},\"image\":{\"@id\":\"https:\/\/www.visitmalinska.com\/malinska-za-sve\/gastronomija\/#primaryimage\"},\"thumbnailUrl\":\"https:\/\/www.visitmalinska.com\/wp-content\/uploads\/2019\/08\/005-gastronomija-clean.jpg\",\"datePublished\":\"2019-03-19T13:38:10+00:00\",\"dateModified\":\"2026-04-03T13:24:19+00:00\",\"description\":\"Restorani, konobe, bistroi, pizzerije, pubovi...\",\"breadcrumb\":{\"@id\":\"https:\/\/www.visitmalinska.com\/malinska-za-sve\/gastronomija\/#breadcrumb\"},\"inLanguage\":\"sl-SI\",\"potentialAction\":[{\"@type\":\"ReadAction\",\"target\":[\"https:\/\/www.visitmalinska.com\/malinska-za-sve\/gastronomija\/\"]}]},{\"@type\":\"ImageObject\",\"inLanguage\":\"sl-SI\",\"@id\":\"https:\/\/www.visitmalinska.com\/malinska-za-sve\/gastronomija\/#primaryimage\",\"url\":\"https:\/\/www.visitmalinska.com\/wp-content\/uploads\/2019\/08\/005-gastronomija-clean.jpg\",\"contentUrl\":\"https:\/\/www.visitmalinska.com\/wp-content\/uploads\/2019\/08\/005-gastronomija-clean.jpg\",\"width\":1000,\"height\":1000},{\"@type\":\"BreadcrumbList\",\"@id\":\"https:\/\/www.visitmalinska.com\/malinska-za-sve\/gastronomija\/#breadcrumb\",\"itemListElement\":[{\"@type\":\"ListItem\",\"position\":1,\"name\":\"Po\u010detna stranica\",\"item\":\"https:\/\/www.visitmalinska.com\/\"},{\"@type\":\"ListItem\",\"position\":2,\"name\":\"Malinska za sve\",\"item\":\"https:\/\/www.visitmalinska.com\/malinska-za-sve\/\"},{\"@type\":\"ListItem\",\"position\":3,\"name\":\"Gastronomija\"}]},{\"@type\":\"WebSite\",\"@id\":\"https:\/\/www.visitmalinska.com\/#website\",\"url\":\"https:\/\/www.visitmalinska.com\/\",\"name\":\"TZO Malinska-Duba\u0161nica\",\"description\":\"\",\"publisher\":{\"@id\":\"https:\/\/www.visitmalinska.com\/#organization\"},\"potentialAction\":[{\"@type\":\"SearchAction\",\"target\":{\"@type\":\"EntryPoint\",\"urlTemplate\":\"https:\/\/www.visitmalinska.com\/?s={search_term_string}\"},\"query-input\":{\"@type\":\"PropertyValueSpecification\",\"valueRequired\":true,\"valueName\":\"search_term_string\"}}],\"inLanguage\":\"sl-SI\"},{\"@type\":\"Organization\",\"@id\":\"https:\/\/www.visitmalinska.com\/#organization\",\"name\":\"TZO Malinska - Duba\u0161nica\",\"url\":\"https:\/\/www.visitmalinska.com\/\",\"logo\":{\"@type\":\"ImageObject\",\"inLanguage\":\"sl-SI\",\"@id\":\"https:\/\/www.visitmalinska.com\/#\/schema\/logo\/image\/\",\"url\":\"https:\/\/www.visitmalinska.com\/wp-content\/uploads\/2019\/03\/malinska-logo-240.png\",\"contentUrl\":\"https:\/\/www.visitmalinska.com\/wp-content\/uploads\/2019\/03\/malinska-logo-240.png\",\"width\":1188,\"height\":241,\"caption\":\"TZO Malinska - Duba\u0161nica\"},\"image\":{\"@id\":\"https:\/\/www.visitmalinska.com\/#\/schema\/logo\/image\/\"},\"sameAs\":[\"https:\/\/www.facebook.com\/Malinska.Island.Krk\/\",\"https:\/\/www.instagram.com\/visitmalinska\/\"]}]}<\/script>\n<!-- \/ Yoast SEO plugin. -->","yoast_head_json":{"title":"Gastronomija - TZO Malinska-Duba\u0161nica","description":"Restorani, konobe, bistroi, pizzerije, pubovi...","robots":{"index":"index","follow":"follow","max-snippet":"max-snippet:-1","max-image-preview":"max-image-preview:large","max-video-preview":"max-video-preview:-1"},"canonical":"https:\/\/www.visitmalinska.com\/malinska-za-sve\/gastronomija\/","og_locale":"sl_SI","og_type":"article","og_title":"{:hr}Gastronomija{:}{:en}Gastronomy{:}{:de}Gastronomie{:}{:it}Gastronomia{:}{:si}Gastronomija{:} - TZO Malinska-Duba\u0161nica","og_description":"Restorani, konobe, bistroi, pizzerije, pubovi...","og_url":"https:\/\/www.visitmalinska.com\/malinska-za-sve\/gastronomija\/","og_site_name":"TZO Malinska-Duba\u0161nica","article_publisher":"https:\/\/www.facebook.com\/Malinska.Island.Krk\/","article_modified_time":"2026-04-03T13:24:19+00:00","og_image":[{"width":1200,"height":630,"url":"https:\/\/www.visitmalinska.com\/wp-content\/uploads\/2019\/09\/gastronomija-facebook.jpg","type":"image\/jpeg"}],"twitter_card":"summary_large_image","twitter_image":"https:\/\/www.visitmalinska.com\/wp-content\/uploads\/2019\/09\/gastronomija-twitter.jpg","twitter_misc":{"Est. reading time":"3 minutes"},"schema":{"@context":"https:\/\/schema.org","@graph":[{"@type":"WebPage","@id":"https:\/\/www.visitmalinska.com\/malinska-za-sve\/gastronomija\/","url":"https:\/\/www.visitmalinska.com\/malinska-za-sve\/gastronomija\/","name":"{:hr}Gastronomija{:}{:en}Gastronomy{:}{:de}Gastronomie{:}{:it}Gastronomia{:}{:si}Gastronomija{:} - TZO Malinska-Duba\u0161nica","isPartOf":{"@id":"https:\/\/www.visitmalinska.com\/#website"},"primaryImageOfPage":{"@id":"https:\/\/www.visitmalinska.com\/malinska-za-sve\/gastronomija\/#primaryimage"},"image":{"@id":"https:\/\/www.visitmalinska.com\/malinska-za-sve\/gastronomija\/#primaryimage"},"thumbnailUrl":"https:\/\/www.visitmalinska.com\/wp-content\/uploads\/2019\/08\/005-gastronomija-clean.jpg","datePublished":"2019-03-19T13:38:10+00:00","dateModified":"2026-04-03T13:24:19+00:00","description":"Restorani, konobe, bistroi, pizzerije, pubovi...","breadcrumb":{"@id":"https:\/\/www.visitmalinska.com\/malinska-za-sve\/gastronomija\/#breadcrumb"},"inLanguage":"sl-SI","potentialAction":[{"@type":"ReadAction","target":["https:\/\/www.visitmalinska.com\/malinska-za-sve\/gastronomija\/"]}]},{"@type":"ImageObject","inLanguage":"sl-SI","@id":"https:\/\/www.visitmalinska.com\/malinska-za-sve\/gastronomija\/#primaryimage","url":"https:\/\/www.visitmalinska.com\/wp-content\/uploads\/2019\/08\/005-gastronomija-clean.jpg","contentUrl":"https:\/\/www.visitmalinska.com\/wp-content\/uploads\/2019\/08\/005-gastronomija-clean.jpg","width":1000,"height":1000},{"@type":"BreadcrumbList","@id":"https:\/\/www.visitmalinska.com\/malinska-za-sve\/gastronomija\/#breadcrumb","itemListElement":[{"@type":"ListItem","position":1,"name":"Po\u010detna stranica","item":"https:\/\/www.visitmalinska.com\/"},{"@type":"ListItem","position":2,"name":"Malinska za sve","item":"https:\/\/www.visitmalinska.com\/malinska-za-sve\/"},{"@type":"ListItem","position":3,"name":"Gastronomija"}]},{"@type":"WebSite","@id":"https:\/\/www.visitmalinska.com\/#website","url":"https:\/\/www.visitmalinska.com\/","name":"TZO Malinska-Duba\u0161nica","description":"","publisher":{"@id":"https:\/\/www.visitmalinska.com\/#organization"},"potentialAction":[{"@type":"SearchAction","target":{"@type":"EntryPoint","urlTemplate":"https:\/\/www.visitmalinska.com\/?s={search_term_string}"},"query-input":{"@type":"PropertyValueSpecification","valueRequired":true,"valueName":"search_term_string"}}],"inLanguage":"sl-SI"},{"@type":"Organization","@id":"https:\/\/www.visitmalinska.com\/#organization","name":"TZO Malinska - Duba\u0161nica","url":"https:\/\/www.visitmalinska.com\/","logo":{"@type":"ImageObject","inLanguage":"sl-SI","@id":"https:\/\/www.visitmalinska.com\/#\/schema\/logo\/image\/","url":"https:\/\/www.visitmalinska.com\/wp-content\/uploads\/2019\/03\/malinska-logo-240.png","contentUrl":"https:\/\/www.visitmalinska.com\/wp-content\/uploads\/2019\/03\/malinska-logo-240.png","width":1188,"height":241,"caption":"TZO Malinska - Duba\u0161nica"},"image":{"@id":"https:\/\/www.visitmalinska.com\/#\/schema\/logo\/image\/"},"sameAs":["https:\/\/www.facebook.com\/Malinska.Island.Krk\/","https:\/\/www.instagram.com\/visitmalinska\/"]}]}},"_links":{"self":[{"href":"https:\/\/www.visitmalinska.com\/si\/wp-json\/wp\/v2\/pages\/30124","targetHints":{"allow":["GET"]}}],"collection":[{"href":"https:\/\/www.visitmalinska.com\/si\/wp-json\/wp\/v2\/pages"}],"about":[{"href":"https:\/\/www.visitmalinska.com\/si\/wp-json\/wp\/v2\/types\/page"}],"author":[{"embeddable":true,"href":"https:\/\/www.visitmalinska.com\/si\/wp-json\/wp\/v2\/users\/1"}],"replies":[{"embeddable":true,"href":"https:\/\/www.visitmalinska.com\/si\/wp-json\/wp\/v2\/comments?post=30124"}],"version-history":[{"count":184,"href":"https:\/\/www.visitmalinska.com\/si\/wp-json\/wp\/v2\/pages\/30124\/revisions"}],"predecessor-version":[{"id":43429,"href":"https:\/\/www.visitmalinska.com\/si\/wp-json\/wp\/v2\/pages\/30124\/revisions\/43429"}],"up":[{"embeddable":true,"href":"https:\/\/www.visitmalinska.com\/si\/wp-json\/wp\/v2\/pages\/30090"}],"wp:featuredmedia":[{"embeddable":true,"href":"https:\/\/www.visitmalinska.com\/si\/wp-json\/wp\/v2\/media\/31924"}],"wp:attachment":[{"href":"https:\/\/www.visitmalinska.com\/si\/wp-json\/wp\/v2\/media?parent=30124"}],"curies":[{"name":"wp","href":"https:\/\/api.w.org\/{rel}","templated":true}]}}