{"id":30098,"date":"2019-03-19T13:15:37","date_gmt":"2019-03-19T11:15:37","guid":{"rendered":"http:\/\/www.visitmalinska.com\/?page_id=30098"},"modified":"2026-04-02T13:56:13","modified_gmt":"2026-04-02T11:56:13","slug":"kultura-i-umjetnost","status":"publish","type":"page","link":"https:\/\/www.visitmalinska.com\/si\/o-malinski\/kultura-in-umetnost\/","title":{"rendered":"Kultura in umetnost"},"content":{"rendered":"<p>[vc_row][vc_column][vc_column_text]<\/p>\n<p data-start=\"101\" data-end=\"437\">Obmo\u010dje Malinske in Duba\u0161nice zaznamuje bogata kulturna in zgodovinska dedi\u0161\u010dina, ki se je razvijala od prazgodovine in antike pa vse do razvoja sodobnega turizma. Sledi preteklosti so vidne na arheolo\u0161kih najdi\u0161\u010dih, sakralnih objektih, v muzejskih zbirkah in interpretacijskih centrih, ki odra\u017eajo identiteto in tradicijo tega obmo\u010dja.<\/p>\n<p data-start=\"439\" data-end=\"569\">Spoznajte kulturno zgodbo Malinske skozi najpomembnej\u0161e zgodovinske teme, znamenitosti in kraje, ki ohranjajo dedi\u0161\u010dino Duba\u0161nice.<\/p>\n<h2 data-section-id=\"1yfapkc\" data-start=\"571\" data-end=\"583\">Zgodovina<\/h2>\n<p data-start=\"585\" data-end=\"890\">Obmo\u010dje Duba\u0161nice je bilo poseljeno \u017ee v prazgodovini. Njegov razvoj so zaznamovali Liburni, srednjeve\u0161ka plemi\u0161ka dru\u017eina Frankopan ter kasnej\u0161i gospodarski razvoj, povezan s pomorstvom in trgovino z lesom. Spoznajte klju\u010dne zgodovinske dogodke, ki so oblikovali dana\u0161njo Malinsko.<br data-start=\"867\" data-end=\"870\" \/><a href=\"https:\/\/www.visitmalinska.com\/si\/o-malinski\/kultura-in-umetnost\/zgodovina\/\"><strong data-start=\"872\" data-end=\"890\">Ve\u010d informacij<\/strong><\/a><\/p>\n<h2 data-section-id=\"s5pcz0\" data-start=\"892\" data-end=\"921\">Za\u010detki turizma v Malinski<\/h2>\n<p data-start=\"923\" data-end=\"1195\">Razvoj Malinske kot turisti\u010dne destinacije se je za\u010del z uvedbo parni\u0161kih linij in razvojem pristani\u0161\u010da. S\u010dasoma se je kraj razvil v eno izmed prepoznavnih turisti\u010dnih destinacij na otoku Krku. Odkrijte, kako se je za\u010dela turisti\u010dna zgodba Malinske.<br data-start=\"1172\" data-end=\"1175\" \/><a href=\"https:\/\/www.visitmalinska.com\/si\/o-malinski\/kultura-in-umetnost\/zacetki-turizma-v-malinski\/\"><strong data-start=\"1177\" data-end=\"1195\">Ve\u010d informacij<\/strong><\/a><\/p>\n<h2 data-section-id=\"12v0n76\" data-start=\"1197\" data-end=\"1233\">Kulturno-zgodovinske znamenitosti<\/h2>\n<p data-start=\"1235\" data-end=\"1471\">\u0160tevilne kapele, cerkve, skulpture in tradicionalne lokacije pri\u010dajo o bogati kulturni dedi\u0161\u010dini tega obmo\u010dja. Razi\u0161\u010dite najpomembnej\u0161e znamenitosti, ki predstavljajo pomemben del identitete Malinske in Duba\u0161nice.<br data-start=\"1448\" data-end=\"1451\" \/><a href=\"https:\/\/www.visitmalinska.com\/si\/kulturna-dediscina\/\"><strong data-start=\"1453\" data-end=\"1471\">Ve\u010d informacij<\/strong><\/a><\/p>\n<h2 data-section-id=\"os69hb\" data-start=\"1473\" data-end=\"1503\">Arheolo\u0161ko najdi\u0161\u010de Cickini<\/h2>\n<p data-start=\"1505\" data-end=\"1778\">Ta zgodnjekr\u0161\u010danski arheolo\u0161ki kompleks iz 5. in 6. stoletja predstavlja eno najpomembnej\u0161ih zgodovinskih najdi\u0161\u010d na tem obmo\u010dju. Najdi\u0161\u010de vklju\u010duje ostanke cerkve, krstilnice in stanovanjskega kompleksa ter ponuja vpogled v \u017eivljenje v pozni antiki.<br data-start=\"1755\" data-end=\"1758\" \/><a href=\"https:\/\/www.visitmalinska.com\/si\/o-malinski\/kultura-in-umetnost\/arheolosko-nahajalisce-cickini\/\"><strong data-start=\"1760\" data-end=\"1778\">Ve\u010d informacij<\/strong><\/a><\/p>\n<h2 data-section-id=\"1g74tfz\" data-start=\"1780\" data-end=\"1832\">Interpretacijski center pomorske dedi\u0161\u010dine DUBoak<\/h2>\n<p data-start=\"1834\" data-end=\"2102\">Ta sodoben interpretacijski center na interaktiven na\u010din predstavlja bogato pomorsko in gozdarsko dedi\u0161\u010dino Duba\u0161nice ter poudarja mo\u010dno povezanost lokalnega prebivalstva z morjem in hrastovimi gozdovi, ki so pomembno vplivali na razvoj obmo\u010dja.<br data-start=\"2079\" data-end=\"2082\" \/><a href=\"https:\/\/www.visitmalinska.com\/si\/o-malinski\/kultura-in-umetnost\/interpretacijski-centar-maritimne-bastine-duboak\/\"><strong data-start=\"2084\" data-end=\"2102\">Ve\u010d informacij<\/strong><\/a><\/p>\n<h2 data-section-id=\"11l9cgt\" data-start=\"2104\" data-end=\"2125\">Muzeji in galerije<\/h2>\n<p data-start=\"2127\" data-end=\"2385\">V muzejih in galerijah Malinske lahko obiskovalci spoznajo umetni\u0161ko in zgodovinsko dedi\u0161\u010dino kraja, vklju\u010dno z arheolo\u0161kimi najdbami, sakralno umetnostjo in etnografskimi zbirkami, ki ohranjajo spomin na \u017eivljenje preteklih generacij.<br data-start=\"2362\" data-end=\"2365\" \/><a href=\"https:\/\/www.visitmalinska.com\/si\/o-malinski\/kultura-in-umetnost\/muzeji-in-galerije\/\"><strong data-start=\"2367\" data-end=\"2385\">Ve\u010d informacij<\/strong><\/a><\/p>\n<h2 data-section-id=\"x8nkin\" data-start=\"2387\" data-end=\"2413\">Zgodovinske zanimivosti<\/h2>\n<p data-start=\"2415\" data-end=\"2616\">Odkrijte manj znane, a zanimive zgodovinske zgodbe, osebnosti in dogodke, ki so vplivali na razvoj Malinske in okoli\u0161kih krajev ter dodatno obogatili kulturno podobo destinacije.<br data-start=\"2593\" data-end=\"2596\" \/><a href=\"https:\/\/www.visitmalinska.com\/si\/o-malinski\/kultura-in-umetnost\/zanimivosti-iz-zgodovine\/\"><strong data-start=\"2598\" data-end=\"2616\">Ve\u010d informacij<\/strong><\/a><\/p>\n<p>[\/vc_column_text][\/vc_column][\/vc_row]<\/p>\n","protected":false},"excerpt":{"rendered":"<p>Oglejte si vse, kar ponujamo iz zakladnice na\u0161e bogate kulturne in umetni\u0161ke dedi\u0161\u010dine.<\/p>\n","protected":false},"author":1,"featured_media":30475,"parent":30084,"menu_order":0,"comment_status":"closed","ping_status":"closed","template":"","meta":{"footnotes":""},"class_list":["post-30098","page","type-page","status-publish","has-post-thumbnail"],"acf":[],"yoast_head":"<!-- This site is optimized with the Yoast SEO plugin v23.5 - https:\/\/yoast.com\/wordpress\/plugins\/seo\/ -->\n<title>Kultura in umetnost - TZO Malinska-Duba\u0161nica<\/title>\n<meta name=\"description\" content=\"Odkrijte kulturo in umetnost v Malinski na otoku Krk \u2013 zgodovina, muzeji, arheolo\u0161ko najdi\u0161\u010de Cickini in kulturne znamenitosti.\" \/>\n<meta name=\"robots\" content=\"noindex, nofollow\" \/>\n<meta property=\"og:locale\" content=\"sl_SI\" \/>\n<meta property=\"og:type\" content=\"article\" \/>\n<meta property=\"og:title\" content=\"{:hr}Kultura i umjetnost{:}{:en}Culture and art{:}{:de}Kultur und Kunst{:}{:it}Cultura e arte{:}{:si}Kultura in umetnost{:} - TZO Malinska-Duba\u0161nica\" \/>\n<meta property=\"og:description\" content=\"Odkrijte kulturo in umetnost v Malinski na otoku Krk \u2013 zgodovina, muzeji, arheolo\u0161ko najdi\u0161\u010de Cickini in kulturne znamenitosti.\" \/>\n<meta property=\"og:url\" content=\"https:\/\/www.visitmalinska.com\/o-malinskoj\/kultura-i-umjetnost\/\" \/>\n<meta property=\"og:site_name\" content=\"TZO Malinska-Duba\u0161nica\" \/>\n<meta property=\"article:publisher\" content=\"https:\/\/www.facebook.com\/Malinska.Island.Krk\/\" \/>\n<meta property=\"article:modified_time\" content=\"2026-04-02T11:56:13+00:00\" \/>\n<meta property=\"og:image\" content=\"https:\/\/www.visitmalinska.com\/wp-content\/uploads\/2019\/09\/tzo-malinska-dubasnica-facebook.jpg\" \/>\n\t<meta property=\"og:image:width\" content=\"1200\" \/>\n\t<meta property=\"og:image:height\" content=\"630\" \/>\n\t<meta property=\"og:image:type\" content=\"image\/jpeg\" \/>\n<meta name=\"twitter:card\" content=\"summary_large_image\" \/>\n<meta name=\"twitter:label1\" content=\"Est. reading time\" \/>\n\t<meta name=\"twitter:data1\" content=\"3 minutes\" \/>\n<script type=\"application\/ld+json\" class=\"yoast-schema-graph\">{\"@context\":\"https:\/\/schema.org\",\"@graph\":[{\"@type\":\"WebPage\",\"@id\":\"https:\/\/www.visitmalinska.com\/o-malinskoj\/kultura-i-umjetnost\/\",\"url\":\"https:\/\/www.visitmalinska.com\/o-malinskoj\/kultura-i-umjetnost\/\",\"name\":\"{:hr}Kultura i umjetnost{:}{:en}Culture and art{:}{:de}Kultur und Kunst{:}{:it}Cultura e arte{:}{:si}Kultura in umetnost{:} - TZO Malinska-Duba\u0161nica\",\"isPartOf\":{\"@id\":\"https:\/\/www.visitmalinska.com\/#website\"},\"primaryImageOfPage\":{\"@id\":\"https:\/\/www.visitmalinska.com\/o-malinskoj\/kultura-i-umjetnost\/#primaryimage\"},\"image\":{\"@id\":\"https:\/\/www.visitmalinska.com\/o-malinskoj\/kultura-i-umjetnost\/#primaryimage\"},\"thumbnailUrl\":\"https:\/\/www.visitmalinska.com\/wp-content\/uploads\/2019\/03\/003-kultura-i-umjetnost-clean.jpg\",\"datePublished\":\"2019-03-19T11:15:37+00:00\",\"dateModified\":\"2026-04-02T11:56:13+00:00\",\"description\":\"Odkrijte kulturo in umetnost v Malinski na otoku Krk \u2013 zgodovina, muzeji, arheolo\u0161ko najdi\u0161\u010de Cickini in kulturne znamenitosti.\",\"breadcrumb\":{\"@id\":\"https:\/\/www.visitmalinska.com\/o-malinskoj\/kultura-i-umjetnost\/#breadcrumb\"},\"inLanguage\":\"sl-SI\",\"potentialAction\":[{\"@type\":\"ReadAction\",\"target\":[\"https:\/\/www.visitmalinska.com\/o-malinskoj\/kultura-i-umjetnost\/\"]}]},{\"@type\":\"ImageObject\",\"inLanguage\":\"sl-SI\",\"@id\":\"https:\/\/www.visitmalinska.com\/o-malinskoj\/kultura-i-umjetnost\/#primaryimage\",\"url\":\"https:\/\/www.visitmalinska.com\/wp-content\/uploads\/2019\/03\/003-kultura-i-umjetnost-clean.jpg\",\"contentUrl\":\"https:\/\/www.visitmalinska.com\/wp-content\/uploads\/2019\/03\/003-kultura-i-umjetnost-clean.jpg\",\"width\":1000,\"height\":1000},{\"@type\":\"BreadcrumbList\",\"@id\":\"https:\/\/www.visitmalinska.com\/o-malinskoj\/kultura-i-umjetnost\/#breadcrumb\",\"itemListElement\":[{\"@type\":\"ListItem\",\"position\":1,\"name\":\"Po\u010detna stranica\",\"item\":\"https:\/\/www.visitmalinska.com\/\"},{\"@type\":\"ListItem\",\"position\":2,\"name\":\"O Malinski\",\"item\":\"https:\/\/www.visitmalinska.com\/si\/o-malinski\/\"},{\"@type\":\"ListItem\",\"position\":3,\"name\":\"Kultura i umjetnost\"}]},{\"@type\":\"WebSite\",\"@id\":\"https:\/\/www.visitmalinska.com\/#website\",\"url\":\"https:\/\/www.visitmalinska.com\/\",\"name\":\"TZO Malinska-Duba\u0161nica\",\"description\":\"\",\"publisher\":{\"@id\":\"https:\/\/www.visitmalinska.com\/#organization\"},\"potentialAction\":[{\"@type\":\"SearchAction\",\"target\":{\"@type\":\"EntryPoint\",\"urlTemplate\":\"https:\/\/www.visitmalinska.com\/?s={search_term_string}\"},\"query-input\":{\"@type\":\"PropertyValueSpecification\",\"valueRequired\":true,\"valueName\":\"search_term_string\"}}],\"inLanguage\":\"sl-SI\"},{\"@type\":\"Organization\",\"@id\":\"https:\/\/www.visitmalinska.com\/#organization\",\"name\":\"TZO Malinska - Duba\u0161nica\",\"url\":\"https:\/\/www.visitmalinska.com\/\",\"logo\":{\"@type\":\"ImageObject\",\"inLanguage\":\"sl-SI\",\"@id\":\"https:\/\/www.visitmalinska.com\/#\/schema\/logo\/image\/\",\"url\":\"https:\/\/www.visitmalinska.com\/wp-content\/uploads\/2019\/03\/malinska-logo-240.png\",\"contentUrl\":\"https:\/\/www.visitmalinska.com\/wp-content\/uploads\/2019\/03\/malinska-logo-240.png\",\"width\":1188,\"height\":241,\"caption\":\"TZO Malinska - Duba\u0161nica\"},\"image\":{\"@id\":\"https:\/\/www.visitmalinska.com\/#\/schema\/logo\/image\/\"},\"sameAs\":[\"https:\/\/www.facebook.com\/Malinska.Island.Krk\/\",\"https:\/\/www.instagram.com\/visitmalinska\/\"]}]}<\/script>\n<!-- \/ Yoast SEO plugin. -->","yoast_head_json":{"title":"Kultura in umetnost - TZO Malinska-Duba\u0161nica","description":"Odkrijte kulturo in umetnost v Malinski na otoku Krk \u2013 zgodovina, muzeji, arheolo\u0161ko najdi\u0161\u010de Cickini in kulturne znamenitosti.","robots":{"index":"noindex","follow":"nofollow"},"og_locale":"sl_SI","og_type":"article","og_title":"{:hr}Kultura i umjetnost{:}{:en}Culture and art{:}{:de}Kultur und Kunst{:}{:it}Cultura e arte{:}{:si}Kultura in umetnost{:} - TZO Malinska-Duba\u0161nica","og_description":"Odkrijte kulturo in umetnost v Malinski na otoku Krk \u2013 zgodovina, muzeji, arheolo\u0161ko najdi\u0161\u010de Cickini in kulturne znamenitosti.","og_url":"https:\/\/www.visitmalinska.com\/o-malinskoj\/kultura-i-umjetnost\/","og_site_name":"TZO Malinska-Duba\u0161nica","article_publisher":"https:\/\/www.facebook.com\/Malinska.Island.Krk\/","article_modified_time":"2026-04-02T11:56:13+00:00","og_image":[{"width":1200,"height":630,"url":"https:\/\/www.visitmalinska.com\/wp-content\/uploads\/2019\/09\/tzo-malinska-dubasnica-facebook.jpg","type":"image\/jpeg"}],"twitter_card":"summary_large_image","twitter_misc":{"Est. reading time":"3 minutes"},"schema":{"@context":"https:\/\/schema.org","@graph":[{"@type":"WebPage","@id":"https:\/\/www.visitmalinska.com\/o-malinskoj\/kultura-i-umjetnost\/","url":"https:\/\/www.visitmalinska.com\/o-malinskoj\/kultura-i-umjetnost\/","name":"{:hr}Kultura i umjetnost{:}{:en}Culture and art{:}{:de}Kultur und Kunst{:}{:it}Cultura e arte{:}{:si}Kultura in umetnost{:} - TZO Malinska-Duba\u0161nica","isPartOf":{"@id":"https:\/\/www.visitmalinska.com\/#website"},"primaryImageOfPage":{"@id":"https:\/\/www.visitmalinska.com\/o-malinskoj\/kultura-i-umjetnost\/#primaryimage"},"image":{"@id":"https:\/\/www.visitmalinska.com\/o-malinskoj\/kultura-i-umjetnost\/#primaryimage"},"thumbnailUrl":"https:\/\/www.visitmalinska.com\/wp-content\/uploads\/2019\/03\/003-kultura-i-umjetnost-clean.jpg","datePublished":"2019-03-19T11:15:37+00:00","dateModified":"2026-04-02T11:56:13+00:00","description":"Odkrijte kulturo in umetnost v Malinski na otoku Krk \u2013 zgodovina, muzeji, arheolo\u0161ko najdi\u0161\u010de Cickini in kulturne znamenitosti.","breadcrumb":{"@id":"https:\/\/www.visitmalinska.com\/o-malinskoj\/kultura-i-umjetnost\/#breadcrumb"},"inLanguage":"sl-SI","potentialAction":[{"@type":"ReadAction","target":["https:\/\/www.visitmalinska.com\/o-malinskoj\/kultura-i-umjetnost\/"]}]},{"@type":"ImageObject","inLanguage":"sl-SI","@id":"https:\/\/www.visitmalinska.com\/o-malinskoj\/kultura-i-umjetnost\/#primaryimage","url":"https:\/\/www.visitmalinska.com\/wp-content\/uploads\/2019\/03\/003-kultura-i-umjetnost-clean.jpg","contentUrl":"https:\/\/www.visitmalinska.com\/wp-content\/uploads\/2019\/03\/003-kultura-i-umjetnost-clean.jpg","width":1000,"height":1000},{"@type":"BreadcrumbList","@id":"https:\/\/www.visitmalinska.com\/o-malinskoj\/kultura-i-umjetnost\/#breadcrumb","itemListElement":[{"@type":"ListItem","position":1,"name":"Po\u010detna stranica","item":"https:\/\/www.visitmalinska.com\/"},{"@type":"ListItem","position":2,"name":"O Malinski","item":"https:\/\/www.visitmalinska.com\/si\/o-malinski\/"},{"@type":"ListItem","position":3,"name":"Kultura i umjetnost"}]},{"@type":"WebSite","@id":"https:\/\/www.visitmalinska.com\/#website","url":"https:\/\/www.visitmalinska.com\/","name":"TZO Malinska-Duba\u0161nica","description":"","publisher":{"@id":"https:\/\/www.visitmalinska.com\/#organization"},"potentialAction":[{"@type":"SearchAction","target":{"@type":"EntryPoint","urlTemplate":"https:\/\/www.visitmalinska.com\/?s={search_term_string}"},"query-input":{"@type":"PropertyValueSpecification","valueRequired":true,"valueName":"search_term_string"}}],"inLanguage":"sl-SI"},{"@type":"Organization","@id":"https:\/\/www.visitmalinska.com\/#organization","name":"TZO Malinska - Duba\u0161nica","url":"https:\/\/www.visitmalinska.com\/","logo":{"@type":"ImageObject","inLanguage":"sl-SI","@id":"https:\/\/www.visitmalinska.com\/#\/schema\/logo\/image\/","url":"https:\/\/www.visitmalinska.com\/wp-content\/uploads\/2019\/03\/malinska-logo-240.png","contentUrl":"https:\/\/www.visitmalinska.com\/wp-content\/uploads\/2019\/03\/malinska-logo-240.png","width":1188,"height":241,"caption":"TZO Malinska - Duba\u0161nica"},"image":{"@id":"https:\/\/www.visitmalinska.com\/#\/schema\/logo\/image\/"},"sameAs":["https:\/\/www.facebook.com\/Malinska.Island.Krk\/","https:\/\/www.instagram.com\/visitmalinska\/"]}]}},"_links":{"self":[{"href":"https:\/\/www.visitmalinska.com\/si\/wp-json\/wp\/v2\/pages\/30098","targetHints":{"allow":["GET"]}}],"collection":[{"href":"https:\/\/www.visitmalinska.com\/si\/wp-json\/wp\/v2\/pages"}],"about":[{"href":"https:\/\/www.visitmalinska.com\/si\/wp-json\/wp\/v2\/types\/page"}],"author":[{"embeddable":true,"href":"https:\/\/www.visitmalinska.com\/si\/wp-json\/wp\/v2\/users\/1"}],"replies":[{"embeddable":true,"href":"https:\/\/www.visitmalinska.com\/si\/wp-json\/wp\/v2\/comments?post=30098"}],"version-history":[{"count":34,"href":"https:\/\/www.visitmalinska.com\/si\/wp-json\/wp\/v2\/pages\/30098\/revisions"}],"predecessor-version":[{"id":43417,"href":"https:\/\/www.visitmalinska.com\/si\/wp-json\/wp\/v2\/pages\/30098\/revisions\/43417"}],"up":[{"embeddable":true,"href":"https:\/\/www.visitmalinska.com\/si\/wp-json\/wp\/v2\/pages\/30084"}],"wp:featuredmedia":[{"embeddable":true,"href":"https:\/\/www.visitmalinska.com\/si\/wp-json\/wp\/v2\/media\/30475"}],"wp:attachment":[{"href":"https:\/\/www.visitmalinska.com\/si\/wp-json\/wp\/v2\/media?parent=30098"}],"curies":[{"name":"wp","href":"https:\/\/api.w.org\/{rel}","templated":true}]}}