{"id":30096,"date":"2019-03-19T13:14:46","date_gmt":"2019-03-19T13:14:46","guid":{"rendered":"http:\/\/www.visitmalinska.com\/?page_id=30096"},"modified":"2020-11-18T20:27:57","modified_gmt":"2020-11-18T18:27:57","slug":"klima-i-polozaj","status":"publish","type":"page","link":"https:\/\/www.visitmalinska.com\/si\/o-malinski\/klima-in-polozaj\/","title":{"rendered":"Klima in polo\u017eaj"},"content":{"rendered":"<p>[vc_row][vc_column][vc_column_text]<\/p>\n<h4><strong>KLIMA<\/strong><\/h4>\n<p>Zaradi sredozemskega rastlinja z bogatimi gozdovi, zemljepisnega polo\u017eaja, morja in velike koli\u010dine son\u010dne energije je obmo\u010dje Malinske in okolice (Duba\u0161nice) klimatsko zelo ugodno in predstavlja najugodnej\u0161o klimo na otoku Krku. Poleg tega, da to navdu\u0161uje turiste iz raznih krajev Evrope in sveta, tak\u0161na ugodna klima z veliko koncentracijo aerosolov pomaga pri zdravljenju in rehabilitaciji dihalnih organov.<\/p>\n<p>Kopalna sezona se za\u010dne v maju in traja vse do oktobra. V tem obdobju se temperatura morja ne zni\u017ea pod prijetnih 20 stopinj. Povpre\u010dna letna temperatura je 17,4 \u00b0C, pri \u010demer je najtoplej\u0161i mesec julij s povpre\u010djem 25 \u00b0C, najhladnej\u0161i pa je februar s povpre\u010djem pri 15 \u00b0C.<\/p>\n<p>S povpre\u010dno 260 son\u010dnimi dnevi, 93 de\u017eevnimi in 64 dnevi brez vetra prevladuje v Malinski sredozemski oziroma mediteranski tip klime z vro\u010dimi in suhimi poletji ter blagimi in de\u017eevnimi zimami.<\/p>\n<p>Najpogosteje pihata jugo (topel in vla\u017een veter) in burja (najmo\u010dnej\u0161i in najbolj suh veter). Sve\u017eino in prijetno po\u010dutje v toplej\u0161em delu leta prina\u0161a maestral (severozahodnik), ki piha s kopnega proti morju. V poletnih mesecih nastajajo kratkotrajna neurja, z nalivi in severnim vetrom tramontano. Zaliv Malinske je zavarovan pred vetrovi.<\/p>\n<p><strong><img loading=\"lazy\" decoding=\"async\" class=\"responsive aligncenter wp-image-32077 size-full\" src=\"http:\/\/www.visitmalinska.com\/wp-content\/uploads\/2019\/08\/malinska-krk-mapa.jpg\" alt=\"\" width=\"1280\" height=\"720\" srcset=\"https:\/\/www.visitmalinska.com\/wp-content\/uploads\/2019\/08\/malinska-krk-mapa.jpg 1280w, https:\/\/www.visitmalinska.com\/wp-content\/uploads\/2019\/08\/malinska-krk-mapa-300x169.jpg 300w, https:\/\/www.visitmalinska.com\/wp-content\/uploads\/2019\/08\/malinska-krk-mapa-768x432.jpg 768w, https:\/\/www.visitmalinska.com\/wp-content\/uploads\/2019\/08\/malinska-krk-mapa-1024x576.jpg 1024w\" sizes=\"auto, (max-width: 1280px) 100vw, 1280px\" \/><\/strong><\/p>\n<h4><strong>POLO\u017dAJ<\/strong><\/h4>\n<p>Na severozahodnem delu otoka Krka, v \u0161irokem zalivu med rti \u010cuf in Pelova, le\u017ei Malinska, ki s svojimi dvajsetimi razkropljenimi okoli\u0161kimi vasmi sestavlja zgodovinsko celoto, imenovano Duba\u0161nica. Najpomembnej\u0161e naravno bogastvo tega kraja sta prav specifi\u010dna mo\u010d in lepota morja in duba\u0161ljanskih gozdov.<\/p>\n<p>Malinska je z morja odprta proti Kvarnerskemu zalivu in najve\u010djemu hrva\u0161kemu pristani\u0161\u010du Reki.<\/p>\n<p>\u010cudovit pogled na zahodnem delu Duba\u0161nice se odpira proti Istri in U\u010dki, obala pa je relativno nizka in zelo pristopna. Skoraj na sredini otoka, na razgibanih kra\u0161kih apnen\u010dastih tleh, zavarovanih pred mo\u010dnimi vetrovi, le\u017ei celinski del Malinske. To je eden izmed najugodnej\u0161ih klimatskih polo\u017eajev na otoku Krku, ki ga krasi bujna vegetacija.[\/vc_column_text][\/vc_column][\/vc_row]<\/p>\n","protected":false},"excerpt":{"rendered":"<p>Obmo\u010dje Malinske in okolice je klimatsko zelo ugodno in predstavlja najugodnej\u0161o klimo na otoku Krku.<\/p>\n","protected":false},"author":1,"featured_media":0,"parent":30084,"menu_order":0,"comment_status":"closed","ping_status":"closed","template":"","meta":{"footnotes":""},"class_list":["post-30096","page","type-page","status-publish"],"acf":[],"yoast_head":"<!-- This site is optimized with the Yoast SEO plugin v23.5 - https:\/\/yoast.com\/wordpress\/plugins\/seo\/ -->\n<title>Klima in polo\u017eaj - TZO Malinska-Duba\u0161nica<\/title>\n<meta name=\"robots\" content=\"index, follow, max-snippet:-1, max-image-preview:large, max-video-preview:-1\" \/>\n<link rel=\"canonical\" href=\"https:\/\/www.visitmalinska.com\/o-malinskoj\/klima-i-polozaj\/\" \/>\n<meta property=\"og:locale\" content=\"sl_SI\" \/>\n<meta property=\"og:type\" content=\"article\" \/>\n<meta property=\"og:title\" content=\"{:hr}Klima i polo\u017eaj{:}{:en}Climate and location{:}{:de}Klima und Lage{:}{:it}Clima e posizione{:}{:si}Klima in polo\u017eaj{:} - TZO Malinska-Duba\u0161nica\" \/>\n<meta property=\"og:description\" content=\"Obmo\u010dje Malinske in okolice je klimatsko zelo ugodno in predstavlja najugodnej\u0161o klimo na otoku Krku.\" \/>\n<meta property=\"og:url\" content=\"https:\/\/www.visitmalinska.com\/o-malinskoj\/klima-i-polozaj\/\" \/>\n<meta property=\"og:site_name\" content=\"TZO Malinska-Duba\u0161nica\" \/>\n<meta property=\"article:publisher\" content=\"https:\/\/www.facebook.com\/Malinska.Island.Krk\/\" \/>\n<meta property=\"article:modified_time\" content=\"2020-11-18T18:27:57+00:00\" \/>\n<meta property=\"og:image\" content=\"http:\/\/www.visitmalinska.com\/wp-content\/uploads\/2019\/08\/malinska-krk-mapa.jpg\" \/>\n<meta name=\"twitter:card\" content=\"summary_large_image\" \/>\n<meta name=\"twitter:label1\" content=\"Est. reading time\" \/>\n\t<meta name=\"twitter:data1\" content=\"9 minutes\" \/>\n<script type=\"application\/ld+json\" class=\"yoast-schema-graph\">{\"@context\":\"https:\/\/schema.org\",\"@graph\":[{\"@type\":\"WebPage\",\"@id\":\"https:\/\/www.visitmalinska.com\/o-malinskoj\/klima-i-polozaj\/\",\"url\":\"https:\/\/www.visitmalinska.com\/o-malinskoj\/klima-i-polozaj\/\",\"name\":\"{:hr}Klima i polo\u017eaj{:}{:en}Climate and location{:}{:de}Klima und Lage{:}{:it}Clima e posizione{:}{:si}Klima in polo\u017eaj{:} - TZO Malinska-Duba\u0161nica\",\"isPartOf\":{\"@id\":\"https:\/\/www.visitmalinska.com\/#website\"},\"primaryImageOfPage\":{\"@id\":\"https:\/\/www.visitmalinska.com\/o-malinskoj\/klima-i-polozaj\/#primaryimage\"},\"image\":{\"@id\":\"https:\/\/www.visitmalinska.com\/o-malinskoj\/klima-i-polozaj\/#primaryimage\"},\"thumbnailUrl\":\"http:\/\/www.visitmalinska.com\/wp-content\/uploads\/2019\/08\/malinska-krk-mapa.jpg\",\"datePublished\":\"2019-03-19T13:14:46+00:00\",\"dateModified\":\"2020-11-18T18:27:57+00:00\",\"breadcrumb\":{\"@id\":\"https:\/\/www.visitmalinska.com\/o-malinskoj\/klima-i-polozaj\/#breadcrumb\"},\"inLanguage\":\"sl-SI\",\"potentialAction\":[{\"@type\":\"ReadAction\",\"target\":[\"https:\/\/www.visitmalinska.com\/o-malinskoj\/klima-i-polozaj\/\"]}]},{\"@type\":\"ImageObject\",\"inLanguage\":\"sl-SI\",\"@id\":\"https:\/\/www.visitmalinska.com\/o-malinskoj\/klima-i-polozaj\/#primaryimage\",\"url\":\"http:\/\/www.visitmalinska.com\/wp-content\/uploads\/2019\/08\/malinska-krk-mapa.jpg\",\"contentUrl\":\"http:\/\/www.visitmalinska.com\/wp-content\/uploads\/2019\/08\/malinska-krk-mapa.jpg\"},{\"@type\":\"BreadcrumbList\",\"@id\":\"https:\/\/www.visitmalinska.com\/o-malinskoj\/klima-i-polozaj\/#breadcrumb\",\"itemListElement\":[{\"@type\":\"ListItem\",\"position\":1,\"name\":\"Po\u010detna stranica\",\"item\":\"https:\/\/www.visitmalinska.com\/\"},{\"@type\":\"ListItem\",\"position\":2,\"name\":\"O Malinski\",\"item\":\"https:\/\/www.visitmalinska.com\/si\/o-malinski\/\"},{\"@type\":\"ListItem\",\"position\":3,\"name\":\"Klima i polo\u017eaj\"}]},{\"@type\":\"WebSite\",\"@id\":\"https:\/\/www.visitmalinska.com\/#website\",\"url\":\"https:\/\/www.visitmalinska.com\/\",\"name\":\"TZO Malinska-Duba\u0161nica\",\"description\":\"\",\"publisher\":{\"@id\":\"https:\/\/www.visitmalinska.com\/#organization\"},\"potentialAction\":[{\"@type\":\"SearchAction\",\"target\":{\"@type\":\"EntryPoint\",\"urlTemplate\":\"https:\/\/www.visitmalinska.com\/?s={search_term_string}\"},\"query-input\":{\"@type\":\"PropertyValueSpecification\",\"valueRequired\":true,\"valueName\":\"search_term_string\"}}],\"inLanguage\":\"sl-SI\"},{\"@type\":\"Organization\",\"@id\":\"https:\/\/www.visitmalinska.com\/#organization\",\"name\":\"TZO Malinska - Duba\u0161nica\",\"url\":\"https:\/\/www.visitmalinska.com\/\",\"logo\":{\"@type\":\"ImageObject\",\"inLanguage\":\"sl-SI\",\"@id\":\"https:\/\/www.visitmalinska.com\/#\/schema\/logo\/image\/\",\"url\":\"https:\/\/www.visitmalinska.com\/wp-content\/uploads\/2019\/03\/malinska-logo-240.png\",\"contentUrl\":\"https:\/\/www.visitmalinska.com\/wp-content\/uploads\/2019\/03\/malinska-logo-240.png\",\"width\":1188,\"height\":241,\"caption\":\"TZO Malinska - Duba\u0161nica\"},\"image\":{\"@id\":\"https:\/\/www.visitmalinska.com\/#\/schema\/logo\/image\/\"},\"sameAs\":[\"https:\/\/www.facebook.com\/Malinska.Island.Krk\/\",\"https:\/\/www.instagram.com\/visitmalinska\/\"]}]}<\/script>\n<!-- \/ Yoast SEO plugin. -->","yoast_head_json":{"title":"Klima in polo\u017eaj - TZO Malinska-Duba\u0161nica","robots":{"index":"index","follow":"follow","max-snippet":"max-snippet:-1","max-image-preview":"max-image-preview:large","max-video-preview":"max-video-preview:-1"},"canonical":"https:\/\/www.visitmalinska.com\/o-malinskoj\/klima-i-polozaj\/","og_locale":"sl_SI","og_type":"article","og_title":"{:hr}Klima i polo\u017eaj{:}{:en}Climate and location{:}{:de}Klima und Lage{:}{:it}Clima e posizione{:}{:si}Klima in polo\u017eaj{:} - TZO Malinska-Duba\u0161nica","og_description":"Obmo\u010dje Malinske in okolice je klimatsko zelo ugodno in predstavlja najugodnej\u0161o klimo na otoku Krku.","og_url":"https:\/\/www.visitmalinska.com\/o-malinskoj\/klima-i-polozaj\/","og_site_name":"TZO Malinska-Duba\u0161nica","article_publisher":"https:\/\/www.facebook.com\/Malinska.Island.Krk\/","article_modified_time":"2020-11-18T18:27:57+00:00","og_image":[{"url":"http:\/\/www.visitmalinska.com\/wp-content\/uploads\/2019\/08\/malinska-krk-mapa.jpg"}],"twitter_card":"summary_large_image","twitter_misc":{"Est. reading time":"9 minutes"},"schema":{"@context":"https:\/\/schema.org","@graph":[{"@type":"WebPage","@id":"https:\/\/www.visitmalinska.com\/o-malinskoj\/klima-i-polozaj\/","url":"https:\/\/www.visitmalinska.com\/o-malinskoj\/klima-i-polozaj\/","name":"{:hr}Klima i polo\u017eaj{:}{:en}Climate and location{:}{:de}Klima und Lage{:}{:it}Clima e posizione{:}{:si}Klima in polo\u017eaj{:} - TZO Malinska-Duba\u0161nica","isPartOf":{"@id":"https:\/\/www.visitmalinska.com\/#website"},"primaryImageOfPage":{"@id":"https:\/\/www.visitmalinska.com\/o-malinskoj\/klima-i-polozaj\/#primaryimage"},"image":{"@id":"https:\/\/www.visitmalinska.com\/o-malinskoj\/klima-i-polozaj\/#primaryimage"},"thumbnailUrl":"http:\/\/www.visitmalinska.com\/wp-content\/uploads\/2019\/08\/malinska-krk-mapa.jpg","datePublished":"2019-03-19T13:14:46+00:00","dateModified":"2020-11-18T18:27:57+00:00","breadcrumb":{"@id":"https:\/\/www.visitmalinska.com\/o-malinskoj\/klima-i-polozaj\/#breadcrumb"},"inLanguage":"sl-SI","potentialAction":[{"@type":"ReadAction","target":["https:\/\/www.visitmalinska.com\/o-malinskoj\/klima-i-polozaj\/"]}]},{"@type":"ImageObject","inLanguage":"sl-SI","@id":"https:\/\/www.visitmalinska.com\/o-malinskoj\/klima-i-polozaj\/#primaryimage","url":"http:\/\/www.visitmalinska.com\/wp-content\/uploads\/2019\/08\/malinska-krk-mapa.jpg","contentUrl":"http:\/\/www.visitmalinska.com\/wp-content\/uploads\/2019\/08\/malinska-krk-mapa.jpg"},{"@type":"BreadcrumbList","@id":"https:\/\/www.visitmalinska.com\/o-malinskoj\/klima-i-polozaj\/#breadcrumb","itemListElement":[{"@type":"ListItem","position":1,"name":"Po\u010detna stranica","item":"https:\/\/www.visitmalinska.com\/"},{"@type":"ListItem","position":2,"name":"O Malinski","item":"https:\/\/www.visitmalinska.com\/si\/o-malinski\/"},{"@type":"ListItem","position":3,"name":"Klima i polo\u017eaj"}]},{"@type":"WebSite","@id":"https:\/\/www.visitmalinska.com\/#website","url":"https:\/\/www.visitmalinska.com\/","name":"TZO Malinska-Duba\u0161nica","description":"","publisher":{"@id":"https:\/\/www.visitmalinska.com\/#organization"},"potentialAction":[{"@type":"SearchAction","target":{"@type":"EntryPoint","urlTemplate":"https:\/\/www.visitmalinska.com\/?s={search_term_string}"},"query-input":{"@type":"PropertyValueSpecification","valueRequired":true,"valueName":"search_term_string"}}],"inLanguage":"sl-SI"},{"@type":"Organization","@id":"https:\/\/www.visitmalinska.com\/#organization","name":"TZO Malinska - Duba\u0161nica","url":"https:\/\/www.visitmalinska.com\/","logo":{"@type":"ImageObject","inLanguage":"sl-SI","@id":"https:\/\/www.visitmalinska.com\/#\/schema\/logo\/image\/","url":"https:\/\/www.visitmalinska.com\/wp-content\/uploads\/2019\/03\/malinska-logo-240.png","contentUrl":"https:\/\/www.visitmalinska.com\/wp-content\/uploads\/2019\/03\/malinska-logo-240.png","width":1188,"height":241,"caption":"TZO Malinska - Duba\u0161nica"},"image":{"@id":"https:\/\/www.visitmalinska.com\/#\/schema\/logo\/image\/"},"sameAs":["https:\/\/www.facebook.com\/Malinska.Island.Krk\/","https:\/\/www.instagram.com\/visitmalinska\/"]}]}},"_links":{"self":[{"href":"https:\/\/www.visitmalinska.com\/si\/wp-json\/wp\/v2\/pages\/30096","targetHints":{"allow":["GET"]}}],"collection":[{"href":"https:\/\/www.visitmalinska.com\/si\/wp-json\/wp\/v2\/pages"}],"about":[{"href":"https:\/\/www.visitmalinska.com\/si\/wp-json\/wp\/v2\/types\/page"}],"author":[{"embeddable":true,"href":"https:\/\/www.visitmalinska.com\/si\/wp-json\/wp\/v2\/users\/1"}],"replies":[{"embeddable":true,"href":"https:\/\/www.visitmalinska.com\/si\/wp-json\/wp\/v2\/comments?post=30096"}],"version-history":[{"count":14,"href":"https:\/\/www.visitmalinska.com\/si\/wp-json\/wp\/v2\/pages\/30096\/revisions"}],"predecessor-version":[{"id":34538,"href":"https:\/\/www.visitmalinska.com\/si\/wp-json\/wp\/v2\/pages\/30096\/revisions\/34538"}],"up":[{"embeddable":true,"href":"https:\/\/www.visitmalinska.com\/si\/wp-json\/wp\/v2\/pages\/30084"}],"wp:attachment":[{"href":"https:\/\/www.visitmalinska.com\/si\/wp-json\/wp\/v2\/media?parent=30096"}],"curies":[{"name":"wp","href":"https:\/\/api.w.org\/{rel}","templated":true}]}}