{"id":32900,"date":"2019-11-03T17:52:15","date_gmt":"2019-11-03T15:52:15","guid":{"rendered":"https:\/\/www.visitmalinska.com\/?page_id=32900"},"modified":"2019-12-12T11:54:41","modified_gmt":"2019-12-12T09:54:41","slug":"samostan-franjevaca-trecoredaca-u-portu","status":"publish","type":"page","link":"https:\/\/www.visitmalinska.com\/it\/patrimonio-culturale\/convento-dei-francescani-del-terzo-ordine-a-porat\/","title":{"rendered":"Convento dei francescani del Terzo Ordine a Porat"},"content":{"rendered":"<p>[vc_row][vc_column]<div id=\"fullwidth-block-69d014b2db1a5\" class=\"fullwidth-block clearfix\"  style=\"background-color: #1c8cce;\"><script type=\"text\/javascript\">if (typeof(gem_fix_fullwidth_position) == \"function\") { gem_fix_fullwidth_position(document.getElementById(\"fullwidth-block-69d014b2db1a5\")); }<\/script><div class=\"fullwidth-block-inner\">[vc_row_inner][vc_column_inner css=&#8221;.vc_custom_1557924656461{padding-top: 50px !important;padding-bottom: 50px !important;}&#8221;][vc_column_text]<\/p>\n<h5 style=\"text-align: center;\"><a href=\"https:\/\/www.visitmalinska.com\/it\/patrimonio-culturale\/\"><span style=\"color: #ffffff;\">Patrimonio culturale<\/span><\/a><\/h5>\n<p>[\/vc_column_text][vc_column_text]<\/p>\n<h1 style=\"text-align: center;\"><span style=\"color: #ffffff;\">Convento dei francescani del Terzo Ordine a Porat<\/span><\/h1>\n<p>[\/vc_column_text][\/vc_column_inner][\/vc_row_inner]<\/div><\/div>[\/vc_column][\/vc_row][vc_row][vc_column]<div id=\"fullwidth-block-69d014b2db1d6\" class=\"fullwidth-block clearfix\"  style=\"\"><script type=\"text\/javascript\">if (typeof(gem_fix_fullwidth_position) == \"function\") { gem_fix_fullwidth_position(document.getElementById(\"fullwidth-block-69d014b2db1d6\")); }<\/script><div class=\"fullwidth-block-inner\">[vc_row_inner][vc_column_inner][vc_single_image image=&#8221;31421&#8243; img_size=&#8221;full&#8221;][\/vc_column_inner][\/vc_row_inner]<\/div><\/div>[\/vc_column][\/vc_row][vc_row css=&#8221;.vc_custom_1557925708802{padding-top: 50px !important;}&#8221;][vc_column][vc_column_text]A Porat si trovava la cappella di Santa Maria Maddalena, che fu donata da Ivan Frankopan agli immigrati per essere usata fino al completamento delle riparazioni della chiesa di Sant\u2019Apollinare. Quando il conte fu costretto a partire per Venezia nel 1480, i francescani del Terzo Ordine ottennero la chiesa dal governo veneziano. Con l\u2019aiuto degli abitanti locali, nel 1557 la chiesa fu riparata e il convento fu allargato. Era abitato dai francescani glagolitici, che pregavano, lavoravano la terra e copiavano gli scritti in glagolitico della chiesa. L\u2019aspetto odierno della parte esterna del convento, con il chiostro e il pozzo al centro, risale al XVII secolo e rappresenta ancora oggi l\u2019oasi spirituale preferita della zona di Duba\u0161nica.<\/p>\n<p>L\u2019altare principale in marmo fu trasportato da Venezia nel 1730. Sopra di esso si trova il polittico di Santa Maria Maddalena, dipinto da Girolamo e Francesco da Santa Croce, prima del 1557. Al centro \u00e8 raffigurata Santa Maria Maddalena con accanto San Giovanni Battista e San Gregorio Papa. Sopra di essi sono raffigurati la Madonna, San Francesco d\u2019Assisi e San Quirino, patrono della diocesi di Krk. Gli altari laterali in marmo sono dedicati a San Nicola (con sculture in marmo di San Nicola e di San Pietro e Paolo) e a San Rocco e San Sebastiano. \u00c8 da notare il crocifisso gotico in legno.<\/p>\n<p>Nell\u2019archivio del convento sono conservati preziosi scritti in glagolitico, tra cui un codice del XVI secolo, il cosiddetto Codice di \u017dgombi\u0107, il Codice di Sablji\u0107 del XVII\/XVIII secolo e il Codice di Hr\u017ei\u0107 del XVIII secolo.<\/p>\n<p>L\u2019accademico Branko Fu\u010di\u0107, originario di queste zone e storico dell\u2019arte e ricercatore che si occupa dell\u2019alfabeto glagolitico,\u00a0 ha posto nel cortile del convento un Lapidario con i pi\u00f9 famosi monumenti croati in pietra dedicati all\u2019alfabeto glagolitico, ovvero la <em>Lapide di Ba\u0161ka, la Lapide di Senj, i Frammenti di Grdoselo, le Iscrizioni di Krk, la Tavola di Valun e altri.<\/em>[\/vc_column_text][\/vc_column][\/vc_row]<\/p>\n","protected":false},"excerpt":{"rendered":"<p>A Porat si trovava la cappella di Santa Maria Maddalena, che fu donata da Ivan Frankopan agli immigrati per essere usata fino al completamento delle riparazioni della chiesa di Sant\u2019Apollinare.<\/p>\n","protected":false},"author":1,"featured_media":31421,"parent":30185,"menu_order":0,"comment_status":"closed","ping_status":"closed","template":"","meta":{"footnotes":""},"class_list":["post-32900","page","type-page","status-publish","has-post-thumbnail"],"acf":[],"yoast_head":"<!-- This site is optimized with the Yoast SEO plugin v23.5 - https:\/\/yoast.com\/wordpress\/plugins\/seo\/ -->\n<title>Convento dei francescani del Terzo Ordine a Porat - TZO Malinska-Duba\u0161nica<\/title>\n<meta name=\"robots\" content=\"index, follow, max-snippet:-1, max-image-preview:large, max-video-preview:-1\" \/>\n<link rel=\"canonical\" href=\"https:\/\/www.visitmalinska.com\/kulturno-povijesne-znamenitosti\/samostan-franjevaca-trecoredaca-u-portu\/\" \/>\n<meta property=\"og:locale\" content=\"it_IT\" \/>\n<meta property=\"og:type\" content=\"article\" \/>\n<meta property=\"og:title\" content=\"{:hr}Samostan franjevaca tre\u0107oredaca u Portu{:}{:en}The Franciscan Monastery of the Third Order{:}{:de}Franziskanerkloster des Dritten Ordens in Porat{:}{:it}Convento dei francescani del Terzo Ordine a Porat{:}{:si}Samostan fran\u010di\u0161kanov tretjeredcev v Portu{:} - TZO Malinska-Duba\u0161nica\" \/>\n<meta property=\"og:description\" content=\"A Porat si trovava la cappella di Santa Maria Maddalena, che fu donata da Ivan Frankopan agli immigrati per essere usata fino al completamento delle riparazioni della chiesa di Sant\u2019Apollinare.\" \/>\n<meta property=\"og:url\" content=\"https:\/\/www.visitmalinska.com\/kulturno-povijesne-znamenitosti\/samostan-franjevaca-trecoredaca-u-portu\/\" \/>\n<meta property=\"og:site_name\" content=\"TZO Malinska-Duba\u0161nica\" \/>\n<meta property=\"article:publisher\" content=\"https:\/\/www.facebook.com\/Malinska.Island.Krk\/\" \/>\n<meta property=\"article:modified_time\" content=\"2019-12-12T09:54:41+00:00\" \/>\n<meta property=\"og:image\" content=\"https:\/\/www.visitmalinska.com\/wp-content\/uploads\/2019\/05\/tabela-002.jpg\" \/>\n\t<meta property=\"og:image:width\" content=\"1920\" \/>\n\t<meta property=\"og:image:height\" content=\"700\" \/>\n\t<meta property=\"og:image:type\" content=\"image\/jpeg\" \/>\n<meta name=\"twitter:card\" content=\"summary_large_image\" \/>\n<meta name=\"twitter:label1\" content=\"Est. reading time\" \/>\n\t<meta name=\"twitter:data1\" content=\"10 minutes\" \/>\n<script type=\"application\/ld+json\" class=\"yoast-schema-graph\">{\"@context\":\"https:\/\/schema.org\",\"@graph\":[{\"@type\":\"WebPage\",\"@id\":\"https:\/\/www.visitmalinska.com\/kulturno-povijesne-znamenitosti\/samostan-franjevaca-trecoredaca-u-portu\/\",\"url\":\"https:\/\/www.visitmalinska.com\/kulturno-povijesne-znamenitosti\/samostan-franjevaca-trecoredaca-u-portu\/\",\"name\":\"{:hr}Samostan franjevaca tre\u0107oredaca u Portu{:}{:en}The Franciscan Monastery of the Third Order{:}{:de}Franziskanerkloster des Dritten Ordens in Porat{:}{:it}Convento dei francescani del Terzo Ordine a Porat{:}{:si}Samostan fran\u010di\u0161kanov tretjeredcev v Portu{:} - TZO Malinska-Duba\u0161nica\",\"isPartOf\":{\"@id\":\"https:\/\/www.visitmalinska.com\/#website\"},\"primaryImageOfPage\":{\"@id\":\"https:\/\/www.visitmalinska.com\/kulturno-povijesne-znamenitosti\/samostan-franjevaca-trecoredaca-u-portu\/#primaryimage\"},\"image\":{\"@id\":\"https:\/\/www.visitmalinska.com\/kulturno-povijesne-znamenitosti\/samostan-franjevaca-trecoredaca-u-portu\/#primaryimage\"},\"thumbnailUrl\":\"https:\/\/www.visitmalinska.com\/wp-content\/uploads\/2019\/05\/tabela-002.jpg\",\"datePublished\":\"2019-11-03T15:52:15+00:00\",\"dateModified\":\"2019-12-12T09:54:41+00:00\",\"breadcrumb\":{\"@id\":\"https:\/\/www.visitmalinska.com\/kulturno-povijesne-znamenitosti\/samostan-franjevaca-trecoredaca-u-portu\/#breadcrumb\"},\"inLanguage\":\"it-IT\",\"potentialAction\":[{\"@type\":\"ReadAction\",\"target\":[\"https:\/\/www.visitmalinska.com\/kulturno-povijesne-znamenitosti\/samostan-franjevaca-trecoredaca-u-portu\/\"]}]},{\"@type\":\"ImageObject\",\"inLanguage\":\"it-IT\",\"@id\":\"https:\/\/www.visitmalinska.com\/kulturno-povijesne-znamenitosti\/samostan-franjevaca-trecoredaca-u-portu\/#primaryimage\",\"url\":\"https:\/\/www.visitmalinska.com\/wp-content\/uploads\/2019\/05\/tabela-002.jpg\",\"contentUrl\":\"https:\/\/www.visitmalinska.com\/wp-content\/uploads\/2019\/05\/tabela-002.jpg\",\"width\":1920,\"height\":700},{\"@type\":\"BreadcrumbList\",\"@id\":\"https:\/\/www.visitmalinska.com\/kulturno-povijesne-znamenitosti\/samostan-franjevaca-trecoredaca-u-portu\/#breadcrumb\",\"itemListElement\":[{\"@type\":\"ListItem\",\"position\":1,\"name\":\"Po\u010detna stranica\",\"item\":\"https:\/\/www.visitmalinska.com\/\"},{\"@type\":\"ListItem\",\"position\":2,\"name\":\"Kulturno povijesne znamenitosti\",\"item\":\"https:\/\/www.visitmalinska.com\/kulturno-povijesne-znamenitosti\/\"},{\"@type\":\"ListItem\",\"position\":3,\"name\":\"Samostan franjevaca tre\u0107oredaca u Portu\"}]},{\"@type\":\"WebSite\",\"@id\":\"https:\/\/www.visitmalinska.com\/#website\",\"url\":\"https:\/\/www.visitmalinska.com\/\",\"name\":\"TZO Malinska-Duba\u0161nica\",\"description\":\"\",\"publisher\":{\"@id\":\"https:\/\/www.visitmalinska.com\/#organization\"},\"potentialAction\":[{\"@type\":\"SearchAction\",\"target\":{\"@type\":\"EntryPoint\",\"urlTemplate\":\"https:\/\/www.visitmalinska.com\/?s={search_term_string}\"},\"query-input\":{\"@type\":\"PropertyValueSpecification\",\"valueRequired\":true,\"valueName\":\"search_term_string\"}}],\"inLanguage\":\"it-IT\"},{\"@type\":\"Organization\",\"@id\":\"https:\/\/www.visitmalinska.com\/#organization\",\"name\":\"TZO Malinska - Duba\u0161nica\",\"url\":\"https:\/\/www.visitmalinska.com\/\",\"logo\":{\"@type\":\"ImageObject\",\"inLanguage\":\"it-IT\",\"@id\":\"https:\/\/www.visitmalinska.com\/#\/schema\/logo\/image\/\",\"url\":\"https:\/\/www.visitmalinska.com\/wp-content\/uploads\/2019\/03\/malinska-logo-240.png\",\"contentUrl\":\"https:\/\/www.visitmalinska.com\/wp-content\/uploads\/2019\/03\/malinska-logo-240.png\",\"width\":1188,\"height\":241,\"caption\":\"TZO Malinska - Duba\u0161nica\"},\"image\":{\"@id\":\"https:\/\/www.visitmalinska.com\/#\/schema\/logo\/image\/\"},\"sameAs\":[\"https:\/\/www.facebook.com\/Malinska.Island.Krk\/\",\"https:\/\/www.instagram.com\/visitmalinska\/\"]}]}<\/script>\n<!-- \/ Yoast SEO plugin. -->","yoast_head_json":{"title":"Convento dei francescani del Terzo Ordine a Porat - TZO Malinska-Duba\u0161nica","robots":{"index":"index","follow":"follow","max-snippet":"max-snippet:-1","max-image-preview":"max-image-preview:large","max-video-preview":"max-video-preview:-1"},"canonical":"https:\/\/www.visitmalinska.com\/kulturno-povijesne-znamenitosti\/samostan-franjevaca-trecoredaca-u-portu\/","og_locale":"it_IT","og_type":"article","og_title":"{:hr}Samostan franjevaca tre\u0107oredaca u Portu{:}{:en}The Franciscan Monastery of the Third Order{:}{:de}Franziskanerkloster des Dritten Ordens in Porat{:}{:it}Convento dei francescani del Terzo Ordine a Porat{:}{:si}Samostan fran\u010di\u0161kanov tretjeredcev v Portu{:} - TZO Malinska-Duba\u0161nica","og_description":"A Porat si trovava la cappella di Santa Maria Maddalena, che fu donata da Ivan Frankopan agli immigrati per essere usata fino al completamento delle riparazioni della chiesa di Sant\u2019Apollinare.","og_url":"https:\/\/www.visitmalinska.com\/kulturno-povijesne-znamenitosti\/samostan-franjevaca-trecoredaca-u-portu\/","og_site_name":"TZO Malinska-Duba\u0161nica","article_publisher":"https:\/\/www.facebook.com\/Malinska.Island.Krk\/","article_modified_time":"2019-12-12T09:54:41+00:00","og_image":[{"width":1920,"height":700,"url":"https:\/\/www.visitmalinska.com\/wp-content\/uploads\/2019\/05\/tabela-002.jpg","type":"image\/jpeg"}],"twitter_card":"summary_large_image","twitter_misc":{"Est. reading time":"10 minutes"},"schema":{"@context":"https:\/\/schema.org","@graph":[{"@type":"WebPage","@id":"https:\/\/www.visitmalinska.com\/kulturno-povijesne-znamenitosti\/samostan-franjevaca-trecoredaca-u-portu\/","url":"https:\/\/www.visitmalinska.com\/kulturno-povijesne-znamenitosti\/samostan-franjevaca-trecoredaca-u-portu\/","name":"{:hr}Samostan franjevaca tre\u0107oredaca u Portu{:}{:en}The Franciscan Monastery of the Third Order{:}{:de}Franziskanerkloster des Dritten Ordens in Porat{:}{:it}Convento dei francescani del Terzo Ordine a Porat{:}{:si}Samostan fran\u010di\u0161kanov tretjeredcev v Portu{:} - TZO Malinska-Duba\u0161nica","isPartOf":{"@id":"https:\/\/www.visitmalinska.com\/#website"},"primaryImageOfPage":{"@id":"https:\/\/www.visitmalinska.com\/kulturno-povijesne-znamenitosti\/samostan-franjevaca-trecoredaca-u-portu\/#primaryimage"},"image":{"@id":"https:\/\/www.visitmalinska.com\/kulturno-povijesne-znamenitosti\/samostan-franjevaca-trecoredaca-u-portu\/#primaryimage"},"thumbnailUrl":"https:\/\/www.visitmalinska.com\/wp-content\/uploads\/2019\/05\/tabela-002.jpg","datePublished":"2019-11-03T15:52:15+00:00","dateModified":"2019-12-12T09:54:41+00:00","breadcrumb":{"@id":"https:\/\/www.visitmalinska.com\/kulturno-povijesne-znamenitosti\/samostan-franjevaca-trecoredaca-u-portu\/#breadcrumb"},"inLanguage":"it-IT","potentialAction":[{"@type":"ReadAction","target":["https:\/\/www.visitmalinska.com\/kulturno-povijesne-znamenitosti\/samostan-franjevaca-trecoredaca-u-portu\/"]}]},{"@type":"ImageObject","inLanguage":"it-IT","@id":"https:\/\/www.visitmalinska.com\/kulturno-povijesne-znamenitosti\/samostan-franjevaca-trecoredaca-u-portu\/#primaryimage","url":"https:\/\/www.visitmalinska.com\/wp-content\/uploads\/2019\/05\/tabela-002.jpg","contentUrl":"https:\/\/www.visitmalinska.com\/wp-content\/uploads\/2019\/05\/tabela-002.jpg","width":1920,"height":700},{"@type":"BreadcrumbList","@id":"https:\/\/www.visitmalinska.com\/kulturno-povijesne-znamenitosti\/samostan-franjevaca-trecoredaca-u-portu\/#breadcrumb","itemListElement":[{"@type":"ListItem","position":1,"name":"Po\u010detna stranica","item":"https:\/\/www.visitmalinska.com\/"},{"@type":"ListItem","position":2,"name":"Kulturno povijesne znamenitosti","item":"https:\/\/www.visitmalinska.com\/kulturno-povijesne-znamenitosti\/"},{"@type":"ListItem","position":3,"name":"Samostan franjevaca tre\u0107oredaca u Portu"}]},{"@type":"WebSite","@id":"https:\/\/www.visitmalinska.com\/#website","url":"https:\/\/www.visitmalinska.com\/","name":"TZO Malinska-Duba\u0161nica","description":"","publisher":{"@id":"https:\/\/www.visitmalinska.com\/#organization"},"potentialAction":[{"@type":"SearchAction","target":{"@type":"EntryPoint","urlTemplate":"https:\/\/www.visitmalinska.com\/?s={search_term_string}"},"query-input":{"@type":"PropertyValueSpecification","valueRequired":true,"valueName":"search_term_string"}}],"inLanguage":"it-IT"},{"@type":"Organization","@id":"https:\/\/www.visitmalinska.com\/#organization","name":"TZO Malinska - Duba\u0161nica","url":"https:\/\/www.visitmalinska.com\/","logo":{"@type":"ImageObject","inLanguage":"it-IT","@id":"https:\/\/www.visitmalinska.com\/#\/schema\/logo\/image\/","url":"https:\/\/www.visitmalinska.com\/wp-content\/uploads\/2019\/03\/malinska-logo-240.png","contentUrl":"https:\/\/www.visitmalinska.com\/wp-content\/uploads\/2019\/03\/malinska-logo-240.png","width":1188,"height":241,"caption":"TZO Malinska - Duba\u0161nica"},"image":{"@id":"https:\/\/www.visitmalinska.com\/#\/schema\/logo\/image\/"},"sameAs":["https:\/\/www.facebook.com\/Malinska.Island.Krk\/","https:\/\/www.instagram.com\/visitmalinska\/"]}]}},"_links":{"self":[{"href":"https:\/\/www.visitmalinska.com\/it\/wp-json\/wp\/v2\/pages\/32900","targetHints":{"allow":["GET"]}}],"collection":[{"href":"https:\/\/www.visitmalinska.com\/it\/wp-json\/wp\/v2\/pages"}],"about":[{"href":"https:\/\/www.visitmalinska.com\/it\/wp-json\/wp\/v2\/types\/page"}],"author":[{"embeddable":true,"href":"https:\/\/www.visitmalinska.com\/it\/wp-json\/wp\/v2\/users\/1"}],"replies":[{"embeddable":true,"href":"https:\/\/www.visitmalinska.com\/it\/wp-json\/wp\/v2\/comments?post=32900"}],"version-history":[{"count":8,"href":"https:\/\/www.visitmalinska.com\/it\/wp-json\/wp\/v2\/pages\/32900\/revisions"}],"predecessor-version":[{"id":33424,"href":"https:\/\/www.visitmalinska.com\/it\/wp-json\/wp\/v2\/pages\/32900\/revisions\/33424"}],"up":[{"embeddable":true,"href":"https:\/\/www.visitmalinska.com\/it\/wp-json\/wp\/v2\/pages\/30185"}],"wp:featuredmedia":[{"embeddable":true,"href":"https:\/\/www.visitmalinska.com\/it\/wp-json\/wp\/v2\/media\/31421"}],"wp:attachment":[{"href":"https:\/\/www.visitmalinska.com\/it\/wp-json\/wp\/v2\/media?parent=32900"}],"curies":[{"name":"wp","href":"https:\/\/api.w.org\/{rel}","templated":true}]}}