{"id":32094,"date":"2019-08-28T15:39:42","date_gmt":"2019-08-28T13:39:42","guid":{"rendered":"http:\/\/www.visitmalinska.com\/?page_id=32094"},"modified":"2021-01-21T15:09:02","modified_gmt":"2021-01-21T13:09:02","slug":"gdpr","status":"publish","type":"page","link":"https:\/\/www.visitmalinska.com\/it\/gdpr\/","title":{"rendered":"GDPR"},"content":{"rendered":"<p>[vc_row][vc_column][vc_column_text]<\/p>\n<h3>Uredba o za\u0161titi osobnih podataka &#8211; GDPR<\/h3>\n<p><img loading=\"lazy\" decoding=\"async\" class=\"alignnone wp-image-34670 size-full\" src=\"https:\/\/www.visitmalinska.com\/wp-content\/uploads\/2021\/01\/widget1.jpg\" alt=\"\" width=\"180\" height=\"90\" \/><\/p>\n<p>25. svibnja 2018. zapo\u010dela je primjena <a href=\"https:\/\/eur-lex.europa.eu\/legal-content\/HR\/TXT\/HTML\/?uri=CELEX:32016R0679&#038;qid=1462363761441&#038;from=HR\">Uredbe (eu) 2016\/679 europskog parlamenta i vije\u0107a o za\u0161titi pojedinaca u vezi s obradom osobnih podataka i o slobodnom kretanju takvih podataka <\/a>(GDPR). O na\u010dinu obrade osobnih podataka mo\u017eete pro\u010ditati u na\u0161oj Politici\u00a0 za\u0161tite osobnih podataka koju mo\u017eete prona\u0107i <a href=\"https:\/\/www.gdpr-portal.net\/klijent\/tz-opcine-malinska-dubasnica\">ovdje<\/a>.[\/vc_column_text][\/vc_column][\/vc_row]<\/p>\n","protected":false},"excerpt":{"rendered":"<p>[vc_row][vc_column][vc_column_text] Uredba o za\u0161titi osobnih podataka &#8211; GDPR 25. svibnja 2018. zapo\u010dela je primjena Uredbe (eu) 2016\/679 europskog parlamenta i&#8230;<\/p>\n","protected":false},"author":1,"featured_media":0,"parent":0,"menu_order":0,"comment_status":"closed","ping_status":"closed","template":"","meta":{"footnotes":""},"class_list":["post-32094","page","type-page","status-publish"],"acf":[],"yoast_head":"<!-- This site is optimized with the Yoast SEO plugin v23.5 - https:\/\/yoast.com\/wordpress\/plugins\/seo\/ -->\n<title>GDPR - TZO Malinska-Duba\u0161nica<\/title>\n<meta name=\"robots\" content=\"index, follow, max-snippet:-1, max-image-preview:large, max-video-preview:-1\" \/>\n<link rel=\"canonical\" href=\"https:\/\/www.visitmalinska.com\/gdpr\/\" \/>\n<meta property=\"og:locale\" content=\"it_IT\" \/>\n<meta property=\"og:type\" content=\"article\" \/>\n<meta property=\"og:title\" content=\"GDPR - TZO Malinska-Duba\u0161nica\" \/>\n<meta property=\"og:description\" content=\"[vc_row][vc_column][vc_column_text] Uredba o za\u0161titi osobnih podataka &#8211; GDPR 25. svibnja 2018. zapo\u010dela je primjena Uredbe (eu) 2016\/679 europskog parlamenta i...\" \/>\n<meta property=\"og:url\" content=\"https:\/\/www.visitmalinska.com\/gdpr\/\" \/>\n<meta property=\"og:site_name\" content=\"TZO Malinska-Duba\u0161nica\" \/>\n<meta property=\"article:publisher\" content=\"https:\/\/www.facebook.com\/Malinska.Island.Krk\/\" \/>\n<meta property=\"article:modified_time\" content=\"2021-01-21T13:09:02+00:00\" \/>\n<meta property=\"og:image\" content=\"https:\/\/www.visitmalinska.com\/wp-content\/uploads\/2021\/01\/widget1.jpg\" \/>\n<meta name=\"twitter:card\" content=\"summary_large_image\" \/>\n<script type=\"application\/ld+json\" class=\"yoast-schema-graph\">{\"@context\":\"https:\/\/schema.org\",\"@graph\":[{\"@type\":\"WebPage\",\"@id\":\"https:\/\/www.visitmalinska.com\/gdpr\/\",\"url\":\"https:\/\/www.visitmalinska.com\/gdpr\/\",\"name\":\"GDPR - TZO Malinska-Duba\u0161nica\",\"isPartOf\":{\"@id\":\"https:\/\/www.visitmalinska.com\/#website\"},\"primaryImageOfPage\":{\"@id\":\"https:\/\/www.visitmalinska.com\/gdpr\/#primaryimage\"},\"image\":{\"@id\":\"https:\/\/www.visitmalinska.com\/gdpr\/#primaryimage\"},\"thumbnailUrl\":\"https:\/\/www.visitmalinska.com\/wp-content\/uploads\/2021\/01\/widget1.jpg\",\"datePublished\":\"2019-08-28T13:39:42+00:00\",\"dateModified\":\"2021-01-21T13:09:02+00:00\",\"breadcrumb\":{\"@id\":\"https:\/\/www.visitmalinska.com\/gdpr\/#breadcrumb\"},\"inLanguage\":\"it-IT\",\"potentialAction\":[{\"@type\":\"ReadAction\",\"target\":[\"https:\/\/www.visitmalinska.com\/gdpr\/\"]}]},{\"@type\":\"ImageObject\",\"inLanguage\":\"it-IT\",\"@id\":\"https:\/\/www.visitmalinska.com\/gdpr\/#primaryimage\",\"url\":\"https:\/\/www.visitmalinska.com\/wp-content\/uploads\/2021\/01\/widget1.jpg\",\"contentUrl\":\"https:\/\/www.visitmalinska.com\/wp-content\/uploads\/2021\/01\/widget1.jpg\"},{\"@type\":\"BreadcrumbList\",\"@id\":\"https:\/\/www.visitmalinska.com\/gdpr\/#breadcrumb\",\"itemListElement\":[{\"@type\":\"ListItem\",\"position\":1,\"name\":\"Po\u010detna stranica\",\"item\":\"https:\/\/www.visitmalinska.com\/\"},{\"@type\":\"ListItem\",\"position\":2,\"name\":\"GDPR\"}]},{\"@type\":\"WebSite\",\"@id\":\"https:\/\/www.visitmalinska.com\/#website\",\"url\":\"https:\/\/www.visitmalinska.com\/\",\"name\":\"TZO Malinska-Duba\u0161nica\",\"description\":\"\",\"publisher\":{\"@id\":\"https:\/\/www.visitmalinska.com\/#organization\"},\"potentialAction\":[{\"@type\":\"SearchAction\",\"target\":{\"@type\":\"EntryPoint\",\"urlTemplate\":\"https:\/\/www.visitmalinska.com\/?s={search_term_string}\"},\"query-input\":{\"@type\":\"PropertyValueSpecification\",\"valueRequired\":true,\"valueName\":\"search_term_string\"}}],\"inLanguage\":\"it-IT\"},{\"@type\":\"Organization\",\"@id\":\"https:\/\/www.visitmalinska.com\/#organization\",\"name\":\"TZO Malinska - Duba\u0161nica\",\"url\":\"https:\/\/www.visitmalinska.com\/\",\"logo\":{\"@type\":\"ImageObject\",\"inLanguage\":\"it-IT\",\"@id\":\"https:\/\/www.visitmalinska.com\/#\/schema\/logo\/image\/\",\"url\":\"https:\/\/www.visitmalinska.com\/wp-content\/uploads\/2019\/03\/malinska-logo-240.png\",\"contentUrl\":\"https:\/\/www.visitmalinska.com\/wp-content\/uploads\/2019\/03\/malinska-logo-240.png\",\"width\":1188,\"height\":241,\"caption\":\"TZO Malinska - Duba\u0161nica\"},\"image\":{\"@id\":\"https:\/\/www.visitmalinska.com\/#\/schema\/logo\/image\/\"},\"sameAs\":[\"https:\/\/www.facebook.com\/Malinska.Island.Krk\/\",\"https:\/\/www.instagram.com\/visitmalinska\/\"]}]}<\/script>\n<!-- \/ Yoast SEO plugin. -->","yoast_head_json":{"title":"GDPR - TZO Malinska-Duba\u0161nica","robots":{"index":"index","follow":"follow","max-snippet":"max-snippet:-1","max-image-preview":"max-image-preview:large","max-video-preview":"max-video-preview:-1"},"canonical":"https:\/\/www.visitmalinska.com\/gdpr\/","og_locale":"it_IT","og_type":"article","og_title":"GDPR - TZO Malinska-Duba\u0161nica","og_description":"[vc_row][vc_column][vc_column_text] Uredba o za\u0161titi osobnih podataka &#8211; GDPR 25. svibnja 2018. zapo\u010dela je primjena Uredbe (eu) 2016\/679 europskog parlamenta i...","og_url":"https:\/\/www.visitmalinska.com\/gdpr\/","og_site_name":"TZO Malinska-Duba\u0161nica","article_publisher":"https:\/\/www.facebook.com\/Malinska.Island.Krk\/","article_modified_time":"2021-01-21T13:09:02+00:00","og_image":[{"url":"https:\/\/www.visitmalinska.com\/wp-content\/uploads\/2021\/01\/widget1.jpg"}],"twitter_card":"summary_large_image","schema":{"@context":"https:\/\/schema.org","@graph":[{"@type":"WebPage","@id":"https:\/\/www.visitmalinska.com\/gdpr\/","url":"https:\/\/www.visitmalinska.com\/gdpr\/","name":"GDPR - TZO Malinska-Duba\u0161nica","isPartOf":{"@id":"https:\/\/www.visitmalinska.com\/#website"},"primaryImageOfPage":{"@id":"https:\/\/www.visitmalinska.com\/gdpr\/#primaryimage"},"image":{"@id":"https:\/\/www.visitmalinska.com\/gdpr\/#primaryimage"},"thumbnailUrl":"https:\/\/www.visitmalinska.com\/wp-content\/uploads\/2021\/01\/widget1.jpg","datePublished":"2019-08-28T13:39:42+00:00","dateModified":"2021-01-21T13:09:02+00:00","breadcrumb":{"@id":"https:\/\/www.visitmalinska.com\/gdpr\/#breadcrumb"},"inLanguage":"it-IT","potentialAction":[{"@type":"ReadAction","target":["https:\/\/www.visitmalinska.com\/gdpr\/"]}]},{"@type":"ImageObject","inLanguage":"it-IT","@id":"https:\/\/www.visitmalinska.com\/gdpr\/#primaryimage","url":"https:\/\/www.visitmalinska.com\/wp-content\/uploads\/2021\/01\/widget1.jpg","contentUrl":"https:\/\/www.visitmalinska.com\/wp-content\/uploads\/2021\/01\/widget1.jpg"},{"@type":"BreadcrumbList","@id":"https:\/\/www.visitmalinska.com\/gdpr\/#breadcrumb","itemListElement":[{"@type":"ListItem","position":1,"name":"Po\u010detna stranica","item":"https:\/\/www.visitmalinska.com\/"},{"@type":"ListItem","position":2,"name":"GDPR"}]},{"@type":"WebSite","@id":"https:\/\/www.visitmalinska.com\/#website","url":"https:\/\/www.visitmalinska.com\/","name":"TZO Malinska-Duba\u0161nica","description":"","publisher":{"@id":"https:\/\/www.visitmalinska.com\/#organization"},"potentialAction":[{"@type":"SearchAction","target":{"@type":"EntryPoint","urlTemplate":"https:\/\/www.visitmalinska.com\/?s={search_term_string}"},"query-input":{"@type":"PropertyValueSpecification","valueRequired":true,"valueName":"search_term_string"}}],"inLanguage":"it-IT"},{"@type":"Organization","@id":"https:\/\/www.visitmalinska.com\/#organization","name":"TZO Malinska - Duba\u0161nica","url":"https:\/\/www.visitmalinska.com\/","logo":{"@type":"ImageObject","inLanguage":"it-IT","@id":"https:\/\/www.visitmalinska.com\/#\/schema\/logo\/image\/","url":"https:\/\/www.visitmalinska.com\/wp-content\/uploads\/2019\/03\/malinska-logo-240.png","contentUrl":"https:\/\/www.visitmalinska.com\/wp-content\/uploads\/2019\/03\/malinska-logo-240.png","width":1188,"height":241,"caption":"TZO Malinska - Duba\u0161nica"},"image":{"@id":"https:\/\/www.visitmalinska.com\/#\/schema\/logo\/image\/"},"sameAs":["https:\/\/www.facebook.com\/Malinska.Island.Krk\/","https:\/\/www.instagram.com\/visitmalinska\/"]}]}},"_links":{"self":[{"href":"https:\/\/www.visitmalinska.com\/it\/wp-json\/wp\/v2\/pages\/32094","targetHints":{"allow":["GET"]}}],"collection":[{"href":"https:\/\/www.visitmalinska.com\/it\/wp-json\/wp\/v2\/pages"}],"about":[{"href":"https:\/\/www.visitmalinska.com\/it\/wp-json\/wp\/v2\/types\/page"}],"author":[{"embeddable":true,"href":"https:\/\/www.visitmalinska.com\/it\/wp-json\/wp\/v2\/users\/1"}],"replies":[{"embeddable":true,"href":"https:\/\/www.visitmalinska.com\/it\/wp-json\/wp\/v2\/comments?post=32094"}],"version-history":[{"count":4,"href":"https:\/\/www.visitmalinska.com\/it\/wp-json\/wp\/v2\/pages\/32094\/revisions"}],"predecessor-version":[{"id":34855,"href":"https:\/\/www.visitmalinska.com\/it\/wp-json\/wp\/v2\/pages\/32094\/revisions\/34855"}],"wp:attachment":[{"href":"https:\/\/www.visitmalinska.com\/it\/wp-json\/wp\/v2\/media?parent=32094"}],"curies":[{"name":"wp","href":"https:\/\/api.w.org\/{rel}","templated":true}]}}