{"id":30146,"date":"2019-03-19T14:02:19","date_gmt":"2019-03-19T14:02:19","guid":{"rendered":"http:\/\/www.visitmalinska.com\/?page_id=30146"},"modified":"2025-07-11T10:57:07","modified_gmt":"2025-07-11T08:57:07","slug":"brosure","status":"publish","type":"page","link":"https:\/\/www.visitmalinska.com\/it\/social-media\/opuscoli\/","title":{"rendered":"Opuscoli"},"content":{"rendered":"<p>[vc_row][vc_column width=&#8221;1\/3&#8243;][vc_column_text]<\/p>\n<h4><a href=\"https:\/\/bit.ly\/3cq6MLX\"><img loading=\"lazy\" decoding=\"async\" class=\"wp-image-35205 size-full aligncenter\" src=\"https:\/\/www.visitmalinska.com\/wp-content\/uploads\/2021\/03\/malinska-7-2.jpg\" alt=\"\" width=\"1920\" height=\"1080\" srcset=\"https:\/\/www.visitmalinska.com\/wp-content\/uploads\/2021\/03\/malinska-7-2.jpg 1920w, https:\/\/www.visitmalinska.com\/wp-content\/uploads\/2021\/03\/malinska-7-2-300x169.jpg 300w, https:\/\/www.visitmalinska.com\/wp-content\/uploads\/2021\/03\/malinska-7-2-768x432.jpg 768w, https:\/\/www.visitmalinska.com\/wp-content\/uploads\/2021\/03\/malinska-7-2-1024x576.jpg 1024w\" sizes=\"auto, (max-width: 1920px) 100vw, 1920px\" \/><\/a><\/h4>\n<h4>catalogo malinska<\/h4>\n<p>[\/vc_column_text]<div class=\"gem-button-container gem-button-position-inline\"><a class=\"gem-button gem-button-size-medium gem-button-style-flat gem-button-text-weight-normal\" style=\"border-radius: 3px;\" onmouseleave=\"\" onmouseenter=\"\" href=\"https:\/\/bit.ly\/3cq6MLX\" target=\"_self\">Scarica<\/a><\/div> [\/vc_column][vc_column width=&#8221;1\/3&#8243;][vc_column_text]<\/p>\n<h4><a href=\"http:\/\/www.visitmalinska.com\/malinska-tourist-info\/\" target=\"_blank\" rel=\"noopener noreferrer\"><img loading=\"lazy\" decoding=\"async\" class=\"responsive aligncenter wp-image-32126 size-full\" src=\"http:\/\/www.visitmalinska.com\/wp-content\/uploads\/2019\/08\/brosure-01-tourist-info.jpg\" alt=\"\" width=\"1280\" height=\"720\" srcset=\"https:\/\/www.visitmalinska.com\/wp-content\/uploads\/2019\/08\/brosure-01-tourist-info.jpg 1280w, https:\/\/www.visitmalinska.com\/wp-content\/uploads\/2019\/08\/brosure-01-tourist-info-300x169.jpg 300w, https:\/\/www.visitmalinska.com\/wp-content\/uploads\/2019\/08\/brosure-01-tourist-info-768x432.jpg 768w, https:\/\/www.visitmalinska.com\/wp-content\/uploads\/2019\/08\/brosure-01-tourist-info-1024x576.jpg 1024w\" sizes=\"auto, (max-width: 1280px) 100vw, 1280px\" \/><\/a><\/h4>\n<h4>Informazioni turistiche<\/h4>\n<p>[\/vc_column_text]<div class=\"gem-button-container gem-button-position-inline\"><a class=\"gem-button gem-button-size-medium gem-button-style-flat gem-button-text-weight-normal\" style=\"border-radius: 3px;\" onmouseleave=\"\" onmouseenter=\"\" href=\"http:\/\/www.visitmalinska.com\/malinska-tourist-info\/\" target=\"_self\">Scarica<\/a><\/div> [\/vc_column][vc_column width=&#8221;1\/3&#8243;][vc_column_text]<\/p>\n<h4><a href=\"https:\/\/www.visitmalinska.com\/wp-content\/uploads\/2023\/02\/Malinska-1_merged.pdf\"><img loading=\"lazy\" decoding=\"async\" class=\"aligncenter wp-image-38372 size-full\" src=\"https:\/\/www.visitmalinska.com\/wp-content\/uploads\/2023\/02\/Malinska-plan-2019-1.png\" alt=\"\" width=\"1280\" height=\"720\" srcset=\"https:\/\/www.visitmalinska.com\/wp-content\/uploads\/2023\/02\/Malinska-plan-2019-1.png 1280w, https:\/\/www.visitmalinska.com\/wp-content\/uploads\/2023\/02\/Malinska-plan-2019-1-300x169.png 300w, https:\/\/www.visitmalinska.com\/wp-content\/uploads\/2023\/02\/Malinska-plan-2019-1-768x432.png 768w, https:\/\/www.visitmalinska.com\/wp-content\/uploads\/2023\/02\/Malinska-plan-2019-1-1024x576.png 1024w\" sizes=\"auto, (max-width: 1280px) 100vw, 1280px\" \/><\/a>Piano comunale<\/h4>\n<p>[\/vc_column_text]<div class=\"gem-button-container gem-button-position-inline\"><a class=\"gem-button gem-button-size-medium gem-button-style-flat gem-button-text-weight-normal\" style=\"border-radius: 3px;\" onmouseleave=\"\" onmouseenter=\"\" href=\"https:\/\/www.visitmalinska.com\/wp-content\/uploads\/2023\/02\/Malinska-1_merged.pdf\" target=\"_blank\">Scarica<\/a><\/div> [\/vc_column][\/vc_row][vc_row css=&#8221;.vc_custom_1567005281118{padding-top: 100px !important;}&#8221;][vc_column width=&#8221;1\/3&#8243;][vc_column_text]<\/p>\n<h4><a href=\"http:\/\/www.visitmalinska.com\/samostan-sv-marije-magdalene-porat\/\" target=\"_blank\" rel=\"noopener noreferrer\"><img loading=\"lazy\" decoding=\"async\" class=\"responsive aligncenter wp-image-32115 size-full\" src=\"http:\/\/www.visitmalinska.com\/wp-content\/uploads\/2019\/08\/brosure-04.jpg\" alt=\"\" width=\"1280\" height=\"720\" srcset=\"https:\/\/www.visitmalinska.com\/wp-content\/uploads\/2019\/08\/brosure-04.jpg 1280w, https:\/\/www.visitmalinska.com\/wp-content\/uploads\/2019\/08\/brosure-04-300x169.jpg 300w, https:\/\/www.visitmalinska.com\/wp-content\/uploads\/2019\/08\/brosure-04-768x432.jpg 768w, https:\/\/www.visitmalinska.com\/wp-content\/uploads\/2019\/08\/brosure-04-1024x576.jpg 1024w\" sizes=\"auto, (max-width: 1280px) 100vw, 1280px\" \/><\/a><\/h4>\n<h4>Samostan a Porat<\/h4>\n<p>[\/vc_column_text]<div class=\"gem-button-container gem-button-position-inline\"><a class=\"gem-button gem-button-size-medium gem-button-style-flat gem-button-text-weight-normal\" style=\"border-radius: 3px;\" onmouseleave=\"\" onmouseenter=\"\" href=\"http:\/\/www.visitmalinska.com\/samostan-sv-marije-magdalene-porat\/\" target=\"_self\">Scarica<\/a><\/div> [\/vc_column][vc_column width=&#8221;1\/3&#8243;][vc_column_text]<\/p>\n<h4><a href=\"http:\/\/www.visitmalinska.com\/wp-content\/uploads\/2019\/08\/setnice.jpg\" target=\"_blank\" rel=\"noopener noreferrer\"><img loading=\"lazy\" decoding=\"async\" class=\"responsive aligncenter wp-image-32116 size-full\" src=\"http:\/\/www.visitmalinska.com\/wp-content\/uploads\/2019\/08\/brosure-05.jpg\" alt=\"\" width=\"1280\" height=\"720\" srcset=\"https:\/\/www.visitmalinska.com\/wp-content\/uploads\/2019\/08\/brosure-05.jpg 1280w, https:\/\/www.visitmalinska.com\/wp-content\/uploads\/2019\/08\/brosure-05-300x169.jpg 300w, https:\/\/www.visitmalinska.com\/wp-content\/uploads\/2019\/08\/brosure-05-768x432.jpg 768w, https:\/\/www.visitmalinska.com\/wp-content\/uploads\/2019\/08\/brosure-05-1024x576.jpg 1024w\" sizes=\"auto, (max-width: 1280px) 100vw, 1280px\" \/><\/a><\/h4>\n<h4>Sentieri per passeggiate<\/h4>\n<p>[\/vc_column_text]<div class=\"gem-button-container gem-button-position-inline\"><a class=\"gem-button gem-button-size-medium gem-button-style-flat gem-button-text-weight-normal\" style=\"border-radius: 3px;\" onmouseleave=\"\" onmouseenter=\"\" href=\"http:\/\/www.visitmalinska.com\/wp-content\/uploads\/2019\/08\/setnice.jpg\" target=\"_blank\">Scarica<\/a><\/div> [\/vc_column][vc_column width=&#8221;1\/3&#8243;][vc_column_text]<\/p>\n<h4><img loading=\"lazy\" decoding=\"async\" class=\"aligncenter wp-image-35617 size-full\" src=\"https:\/\/www.visitmalinska.com\/wp-content\/uploads\/2021\/05\/Cickini-DE_IT.png\" alt=\"\" width=\"956\" height=\"680\" srcset=\"https:\/\/www.visitmalinska.com\/wp-content\/uploads\/2021\/05\/Cickini-DE_IT.png 956w, https:\/\/www.visitmalinska.com\/wp-content\/uploads\/2021\/05\/Cickini-DE_IT-300x213.png 300w, https:\/\/www.visitmalinska.com\/wp-content\/uploads\/2021\/05\/Cickini-DE_IT-768x546.png 768w\" sizes=\"auto, (max-width: 956px) 100vw, 956px\" \/>Sito archeologico di Cickini<\/h4>\n<p>[\/vc_column_text]<div class=\"gem-button-container gem-button-position-inline\"><a class=\"gem-button gem-button-size-medium gem-button-style-flat gem-button-text-weight-normal\" style=\"border-radius: 3px;\" onmouseleave=\"\" onmouseenter=\"\" href=\"https:\/\/www.visitmalinska.com\/wp-content\/uploads\/2021\/05\/Cickini-DE_IT.png\" target=\"_blank\">Scarica<\/a><\/div> [\/vc_column][\/vc_row][vc_row][vc_column width=&#8221;1\/3&#8243;][vc_column_text]<\/p>\n<h4><img loading=\"lazy\" decoding=\"async\" class=\" wp-image-41641 aligncenter\" src=\"https:\/\/www.visitmalinska.com\/wp-content\/uploads\/2025\/07\/img122-300x143.jpg\" alt=\"\" width=\"858\" height=\"409\" srcset=\"https:\/\/www.visitmalinska.com\/wp-content\/uploads\/2025\/07\/img122-300x143.jpg 300w, https:\/\/www.visitmalinska.com\/wp-content\/uploads\/2025\/07\/img122-768x367.jpg 768w, https:\/\/www.visitmalinska.com\/wp-content\/uploads\/2025\/07\/img122.jpg 936w\" sizes=\"auto, (max-width: 858px) 100vw, 858px\" \/><\/h4>\n<h4>PROGRAMMA DEGLI AVVENIMENTI 2025.<\/h4>\n<p>[\/vc_column_text]<div class=\"gem-button-container gem-button-position-inline\"><a class=\"gem-button gem-button-size-medium gem-button-style-flat gem-button-text-weight-normal\" style=\"border-radius: 3px;\" onmouseleave=\"\" onmouseenter=\"\" href=\"https:\/\/www.visitmalinska.com\/wp-content\/uploads\/2025\/07\/tinywow_Events-2025-DE-ITA_82341722_1.pdf\" target=\"_self\">SCARICA<\/a><\/div> [\/vc_column][vc_column width=&#8221;1\/3&#8243;][\/vc_column][vc_column width=&#8221;1\/3&#8243;][\/vc_column][\/vc_row]<\/p>\n","protected":false},"excerpt":{"rendered":"<p>[vc_row][vc_column width=&#8221;1\/3&#8243;][vc_column_text] catalogo malinska [\/vc_column_text][\/vc_column][vc_column width=&#8221;1\/3&#8243;][vc_column_text] Informazioni turistiche [\/vc_column_text][\/vc_column][vc_column width=&#8221;1\/3&#8243;][vc_column_text] Piano comunale [\/vc_column_text][\/vc_column][\/vc_row][vc_row css=&#8221;.vc_custom_1567005281118{padding-top: 100px !important;}&#8221;][vc_column width=&#8221;1\/3&#8243;][vc_column_text] Samostan a Porat&#8230;<\/p>\n","protected":false},"author":1,"featured_media":37283,"parent":30094,"menu_order":0,"comment_status":"closed","ping_status":"closed","template":"","meta":{"footnotes":""},"class_list":["post-30146","page","type-page","status-publish","has-post-thumbnail"],"acf":[],"yoast_head":"<!-- This site is optimized with the Yoast SEO plugin v23.5 - https:\/\/yoast.com\/wordpress\/plugins\/seo\/ -->\n<title>Opuscoli - TZO Malinska-Duba\u0161nica<\/title>\n<meta name=\"robots\" content=\"index, follow, max-snippet:-1, max-image-preview:large, max-video-preview:-1\" \/>\n<link rel=\"canonical\" href=\"https:\/\/www.visitmalinska.com\/social-media\/brosure\/\" \/>\n<meta property=\"og:locale\" content=\"it_IT\" \/>\n<meta property=\"og:type\" content=\"article\" \/>\n<meta property=\"og:title\" content=\"{:hr}Bro\u0161ure{:}{:en}Brochures{:}{:de}Brosch\u00fcren{:}{:it}Opuscoli{:}{:si}Bro\u0161ure{:} - TZO Malinska-Duba\u0161nica\" \/>\n<meta property=\"og:description\" content=\"[vc_row][vc_column width=&#8221;1\/3&#8243;][vc_column_text] catalogo malinska [\/vc_column_text][\/vc_column][vc_column width=&#8221;1\/3&#8243;][vc_column_text] Informazioni turistiche [\/vc_column_text][\/vc_column][vc_column width=&#8221;1\/3&#8243;][vc_column_text] Piano comunale [\/vc_column_text][\/vc_column][\/vc_row][vc_row css=&#8221;.vc_custom_1567005281118{padding-top: 100px !important;}&#8221;][vc_column width=&#8221;1\/3&#8243;][vc_column_text] Samostan a Porat...\" \/>\n<meta property=\"og:url\" content=\"https:\/\/www.visitmalinska.com\/social-media\/brosure\/\" \/>\n<meta property=\"og:site_name\" content=\"TZO Malinska-Duba\u0161nica\" \/>\n<meta property=\"article:publisher\" content=\"https:\/\/www.facebook.com\/Malinska.Island.Krk\/\" \/>\n<meta property=\"article:modified_time\" content=\"2025-07-11T08:57:07+00:00\" \/>\n<meta property=\"og:image\" content=\"https:\/\/www.visitmalinska.com\/wp-content\/uploads\/2021\/03\/malinska-7-2.jpg\" \/>\n<meta name=\"twitter:card\" content=\"summary_large_image\" \/>\n<meta name=\"twitter:label1\" content=\"Est. reading time\" \/>\n\t<meta name=\"twitter:data1\" content=\"2 minutes\" \/>\n<script type=\"application\/ld+json\" class=\"yoast-schema-graph\">{\"@context\":\"https:\/\/schema.org\",\"@graph\":[{\"@type\":\"WebPage\",\"@id\":\"https:\/\/www.visitmalinska.com\/social-media\/brosure\/\",\"url\":\"https:\/\/www.visitmalinska.com\/social-media\/brosure\/\",\"name\":\"{:hr}Bro\u0161ure{:}{:en}Brochures{:}{:de}Brosch\u00fcren{:}{:it}Opuscoli{:}{:si}Bro\u0161ure{:} - TZO Malinska-Duba\u0161nica\",\"isPartOf\":{\"@id\":\"https:\/\/www.visitmalinska.com\/#website\"},\"primaryImageOfPage\":{\"@id\":\"https:\/\/www.visitmalinska.com\/social-media\/brosure\/#primaryimage\"},\"image\":{\"@id\":\"https:\/\/www.visitmalinska.com\/social-media\/brosure\/#primaryimage\"},\"thumbnailUrl\":\"https:\/\/www.visitmalinska.com\/wp-content\/uploads\/2022\/04\/brosure.jpg\",\"datePublished\":\"2019-03-19T14:02:19+00:00\",\"dateModified\":\"2025-07-11T08:57:07+00:00\",\"breadcrumb\":{\"@id\":\"https:\/\/www.visitmalinska.com\/social-media\/brosure\/#breadcrumb\"},\"inLanguage\":\"it-IT\",\"potentialAction\":[{\"@type\":\"ReadAction\",\"target\":[\"https:\/\/www.visitmalinska.com\/social-media\/brosure\/\"]}]},{\"@type\":\"ImageObject\",\"inLanguage\":\"it-IT\",\"@id\":\"https:\/\/www.visitmalinska.com\/social-media\/brosure\/#primaryimage\",\"url\":\"https:\/\/www.visitmalinska.com\/wp-content\/uploads\/2022\/04\/brosure.jpg\",\"contentUrl\":\"https:\/\/www.visitmalinska.com\/wp-content\/uploads\/2022\/04\/brosure.jpg\",\"width\":800,\"height\":800},{\"@type\":\"BreadcrumbList\",\"@id\":\"https:\/\/www.visitmalinska.com\/social-media\/brosure\/#breadcrumb\",\"itemListElement\":[{\"@type\":\"ListItem\",\"position\":1,\"name\":\"Po\u010detna stranica\",\"item\":\"https:\/\/www.visitmalinska.com\/\"},{\"@type\":\"ListItem\",\"position\":2,\"name\":\"Social &#038; Media\",\"item\":\"https:\/\/www.visitmalinska.com\/social-media\/\"},{\"@type\":\"ListItem\",\"position\":3,\"name\":\"Bro\u0161ure\"}]},{\"@type\":\"WebSite\",\"@id\":\"https:\/\/www.visitmalinska.com\/#website\",\"url\":\"https:\/\/www.visitmalinska.com\/\",\"name\":\"TZO Malinska-Duba\u0161nica\",\"description\":\"\",\"publisher\":{\"@id\":\"https:\/\/www.visitmalinska.com\/#organization\"},\"potentialAction\":[{\"@type\":\"SearchAction\",\"target\":{\"@type\":\"EntryPoint\",\"urlTemplate\":\"https:\/\/www.visitmalinska.com\/?s={search_term_string}\"},\"query-input\":{\"@type\":\"PropertyValueSpecification\",\"valueRequired\":true,\"valueName\":\"search_term_string\"}}],\"inLanguage\":\"it-IT\"},{\"@type\":\"Organization\",\"@id\":\"https:\/\/www.visitmalinska.com\/#organization\",\"name\":\"TZO Malinska - Duba\u0161nica\",\"url\":\"https:\/\/www.visitmalinska.com\/\",\"logo\":{\"@type\":\"ImageObject\",\"inLanguage\":\"it-IT\",\"@id\":\"https:\/\/www.visitmalinska.com\/#\/schema\/logo\/image\/\",\"url\":\"https:\/\/www.visitmalinska.com\/wp-content\/uploads\/2019\/03\/malinska-logo-240.png\",\"contentUrl\":\"https:\/\/www.visitmalinska.com\/wp-content\/uploads\/2019\/03\/malinska-logo-240.png\",\"width\":1188,\"height\":241,\"caption\":\"TZO Malinska - Duba\u0161nica\"},\"image\":{\"@id\":\"https:\/\/www.visitmalinska.com\/#\/schema\/logo\/image\/\"},\"sameAs\":[\"https:\/\/www.facebook.com\/Malinska.Island.Krk\/\",\"https:\/\/www.instagram.com\/visitmalinska\/\"]}]}<\/script>\n<!-- \/ Yoast SEO plugin. -->","yoast_head_json":{"title":"Opuscoli - TZO Malinska-Duba\u0161nica","robots":{"index":"index","follow":"follow","max-snippet":"max-snippet:-1","max-image-preview":"max-image-preview:large","max-video-preview":"max-video-preview:-1"},"canonical":"https:\/\/www.visitmalinska.com\/social-media\/brosure\/","og_locale":"it_IT","og_type":"article","og_title":"{:hr}Bro\u0161ure{:}{:en}Brochures{:}{:de}Brosch\u00fcren{:}{:it}Opuscoli{:}{:si}Bro\u0161ure{:} - TZO Malinska-Duba\u0161nica","og_description":"[vc_row][vc_column width=&#8221;1\/3&#8243;][vc_column_text] catalogo malinska [\/vc_column_text][\/vc_column][vc_column width=&#8221;1\/3&#8243;][vc_column_text] Informazioni turistiche [\/vc_column_text][\/vc_column][vc_column width=&#8221;1\/3&#8243;][vc_column_text] Piano comunale [\/vc_column_text][\/vc_column][\/vc_row][vc_row css=&#8221;.vc_custom_1567005281118{padding-top: 100px !important;}&#8221;][vc_column width=&#8221;1\/3&#8243;][vc_column_text] Samostan a Porat...","og_url":"https:\/\/www.visitmalinska.com\/social-media\/brosure\/","og_site_name":"TZO Malinska-Duba\u0161nica","article_publisher":"https:\/\/www.facebook.com\/Malinska.Island.Krk\/","article_modified_time":"2025-07-11T08:57:07+00:00","og_image":[{"url":"https:\/\/www.visitmalinska.com\/wp-content\/uploads\/2021\/03\/malinska-7-2.jpg"}],"twitter_card":"summary_large_image","twitter_misc":{"Est. reading time":"2 minutes"},"schema":{"@context":"https:\/\/schema.org","@graph":[{"@type":"WebPage","@id":"https:\/\/www.visitmalinska.com\/social-media\/brosure\/","url":"https:\/\/www.visitmalinska.com\/social-media\/brosure\/","name":"{:hr}Bro\u0161ure{:}{:en}Brochures{:}{:de}Brosch\u00fcren{:}{:it}Opuscoli{:}{:si}Bro\u0161ure{:} - TZO Malinska-Duba\u0161nica","isPartOf":{"@id":"https:\/\/www.visitmalinska.com\/#website"},"primaryImageOfPage":{"@id":"https:\/\/www.visitmalinska.com\/social-media\/brosure\/#primaryimage"},"image":{"@id":"https:\/\/www.visitmalinska.com\/social-media\/brosure\/#primaryimage"},"thumbnailUrl":"https:\/\/www.visitmalinska.com\/wp-content\/uploads\/2022\/04\/brosure.jpg","datePublished":"2019-03-19T14:02:19+00:00","dateModified":"2025-07-11T08:57:07+00:00","breadcrumb":{"@id":"https:\/\/www.visitmalinska.com\/social-media\/brosure\/#breadcrumb"},"inLanguage":"it-IT","potentialAction":[{"@type":"ReadAction","target":["https:\/\/www.visitmalinska.com\/social-media\/brosure\/"]}]},{"@type":"ImageObject","inLanguage":"it-IT","@id":"https:\/\/www.visitmalinska.com\/social-media\/brosure\/#primaryimage","url":"https:\/\/www.visitmalinska.com\/wp-content\/uploads\/2022\/04\/brosure.jpg","contentUrl":"https:\/\/www.visitmalinska.com\/wp-content\/uploads\/2022\/04\/brosure.jpg","width":800,"height":800},{"@type":"BreadcrumbList","@id":"https:\/\/www.visitmalinska.com\/social-media\/brosure\/#breadcrumb","itemListElement":[{"@type":"ListItem","position":1,"name":"Po\u010detna stranica","item":"https:\/\/www.visitmalinska.com\/"},{"@type":"ListItem","position":2,"name":"Social &#038; Media","item":"https:\/\/www.visitmalinska.com\/social-media\/"},{"@type":"ListItem","position":3,"name":"Bro\u0161ure"}]},{"@type":"WebSite","@id":"https:\/\/www.visitmalinska.com\/#website","url":"https:\/\/www.visitmalinska.com\/","name":"TZO Malinska-Duba\u0161nica","description":"","publisher":{"@id":"https:\/\/www.visitmalinska.com\/#organization"},"potentialAction":[{"@type":"SearchAction","target":{"@type":"EntryPoint","urlTemplate":"https:\/\/www.visitmalinska.com\/?s={search_term_string}"},"query-input":{"@type":"PropertyValueSpecification","valueRequired":true,"valueName":"search_term_string"}}],"inLanguage":"it-IT"},{"@type":"Organization","@id":"https:\/\/www.visitmalinska.com\/#organization","name":"TZO Malinska - Duba\u0161nica","url":"https:\/\/www.visitmalinska.com\/","logo":{"@type":"ImageObject","inLanguage":"it-IT","@id":"https:\/\/www.visitmalinska.com\/#\/schema\/logo\/image\/","url":"https:\/\/www.visitmalinska.com\/wp-content\/uploads\/2019\/03\/malinska-logo-240.png","contentUrl":"https:\/\/www.visitmalinska.com\/wp-content\/uploads\/2019\/03\/malinska-logo-240.png","width":1188,"height":241,"caption":"TZO Malinska - Duba\u0161nica"},"image":{"@id":"https:\/\/www.visitmalinska.com\/#\/schema\/logo\/image\/"},"sameAs":["https:\/\/www.facebook.com\/Malinska.Island.Krk\/","https:\/\/www.instagram.com\/visitmalinska\/"]}]}},"_links":{"self":[{"href":"https:\/\/www.visitmalinska.com\/it\/wp-json\/wp\/v2\/pages\/30146","targetHints":{"allow":["GET"]}}],"collection":[{"href":"https:\/\/www.visitmalinska.com\/it\/wp-json\/wp\/v2\/pages"}],"about":[{"href":"https:\/\/www.visitmalinska.com\/it\/wp-json\/wp\/v2\/types\/page"}],"author":[{"embeddable":true,"href":"https:\/\/www.visitmalinska.com\/it\/wp-json\/wp\/v2\/users\/1"}],"replies":[{"embeddable":true,"href":"https:\/\/www.visitmalinska.com\/it\/wp-json\/wp\/v2\/comments?post=30146"}],"version-history":[{"count":83,"href":"https:\/\/www.visitmalinska.com\/it\/wp-json\/wp\/v2\/pages\/30146\/revisions"}],"predecessor-version":[{"id":41654,"href":"https:\/\/www.visitmalinska.com\/it\/wp-json\/wp\/v2\/pages\/30146\/revisions\/41654"}],"up":[{"embeddable":true,"href":"https:\/\/www.visitmalinska.com\/it\/wp-json\/wp\/v2\/pages\/30094"}],"wp:featuredmedia":[{"embeddable":true,"href":"https:\/\/www.visitmalinska.com\/it\/wp-json\/wp\/v2\/media\/37283"}],"wp:attachment":[{"href":"https:\/\/www.visitmalinska.com\/it\/wp-json\/wp\/v2\/media?parent=30146"}],"curies":[{"name":"wp","href":"https:\/\/api.w.org\/{rel}","templated":true}]}}