{"id":30118,"date":"2019-03-19T13:35:00","date_gmt":"2019-03-19T13:35:00","guid":{"rendered":"http:\/\/www.visitmalinska.com\/?page_id=30118"},"modified":"2019-12-02T17:21:56","modified_gmt":"2019-12-02T15:21:56","slug":"obitelj-i-djeca","status":"publish","type":"page","link":"https:\/\/www.visitmalinska.com\/it\/malinska-per-tutti\/famiglie-e-bambini\/","title":{"rendered":"Famiglie e bambini"},"content":{"rendered":"<p>[vc_row][vc_column][vc_column_text]Malinska \u00e8 una delle destinazioni preferite dalle famiglie con bambini. Oltre a un buon collegamento stradale e alla vicinanza a Fiume e Zagabria, nel corso degli anni Malinska \u00e8 diventata la scelta TOP per molte famiglie anche grazie alla sua ricca offerta di alloggi e alberghi destinati alle famiglie, di spiagge, bar e ristoranti con prezzi accessibili.<\/p>\n<p>Inoltre, la sicurezza e la tranquillit\u00e0 garantite da Malinska sono un elemento di vantaggio per tutti genitori che sono alla ricerca di un po\u2019 di vero riposo.<\/p>\n<p>Se volete far vivere ai vostri bambini una vacanza da sogno, con la possibilit\u00e0 di passeggiare tranquillamente tutti insieme, andare in bici e trascorrere le giornate in riva al mare cristallino, circondati dalla natura senza troppo rumore, Malinska \u00e8 l\u2019ideale per voi.<\/p>\n<p>&nbsp;<\/p>\n<p><strong><img loading=\"lazy\" decoding=\"async\" class=\"responsive aligncenter wp-image-31618 size-full\" src=\"http:\/\/www.visitmalinska.com\/wp-content\/uploads\/2019\/07\/obitelj-i-djeca-2.jpg\" alt=\"\" width=\"1280\" height=\"720\" srcset=\"https:\/\/www.visitmalinska.com\/wp-content\/uploads\/2019\/07\/obitelj-i-djeca-2.jpg 1280w, https:\/\/www.visitmalinska.com\/wp-content\/uploads\/2019\/07\/obitelj-i-djeca-2-300x169.jpg 300w, https:\/\/www.visitmalinska.com\/wp-content\/uploads\/2019\/07\/obitelj-i-djeca-2-768x432.jpg 768w, https:\/\/www.visitmalinska.com\/wp-content\/uploads\/2019\/07\/obitelj-i-djeca-2-1024x576.jpg 1024w\" sizes=\"auto, (max-width: 1280px) 100vw, 1280px\" \/><\/strong><\/p>\n<h4><strong>SISTEMAZIONE PER FAMIGLIE<\/strong><\/h4>\n<p>Gli appartamenti privati di Malinska sono quasi sempre occupati durante la stagione turistica, pertanto per un soggiorno ottimale suggeriamo di prenotare la vostra sistemazione prima di arrivare a destinazione. Nel caso invece abbiate scelto la vostra destinazione all\u2019ultimo minuto, le numerose agenzie turistiche di Malinska vi aiuteranno a trovare una sistemazione adatta alle vostre esigenze.<\/p>\n<p>Oltre alle strutture private a conduzione familiare, \u00e8 possibile alloggiare anche presso grandi e piccoli alberghi indipendenti che offrono servizi di pernottamento e pasti, per una vacanza ancora pi\u00f9 tranquilla.<\/p>\n<p>L\u2019albergo Malin \u00e8 uno dei primi alberghi di Malinska, dotato di 128 stanze e 21 appartamenti di lusso, situato lungo la costa, vicino al centro della citt\u00e0, ed \u00e8 aperto tutto l\u2019anno. Gli alberghi Vila Rova e Blue Wave Resort sono situati vicino al mare, nella baia di Rova, nei pressi di una spiaggia di ghiaia e offrono agli ospiti anche la piscina, all\u2019insegna di una vacanza fantastica. A Porat, sempre lungo la costa, sono presenti gli splendidi alberghi Spa &#038; Wellness Hotel Pinia e l\u2019albergo Villa Margaret.<br \/>\nGli alberghi Hotel Adria e Luxury Riva sono situati in riva, nel centro della citt\u00e0.<\/p>\n<p>Gli appassionati di campeggio non devono sentirsi trascurati. Infatti, il campeggio Draga \u00e8 situato vicino al centro di Malinska, nei dintorni di una casa unifamiliare. Si trova in una posizione tranquilla a soli 200 metri dalla spiaggia.<\/p>\n<p>Indipendentemente dalle vostre preferenze, che siate alla ricerca di un alloggio a 5 stelle oppure di semplici appartamenti privati, a Malinska ogni famiglia trover\u00e0 una sistemazione adatta a s\u00e9.<\/p>\n<p>&nbsp;<\/p>\n<p><strong><img loading=\"lazy\" decoding=\"async\" class=\"responsive aligncenter wp-image-31619 size-full\" src=\"http:\/\/www.visitmalinska.com\/wp-content\/uploads\/2019\/07\/obitelj-i-djeca-3.jpg\" alt=\"\" width=\"1280\" height=\"720\" srcset=\"https:\/\/www.visitmalinska.com\/wp-content\/uploads\/2019\/07\/obitelj-i-djeca-3.jpg 1280w, https:\/\/www.visitmalinska.com\/wp-content\/uploads\/2019\/07\/obitelj-i-djeca-3-300x169.jpg 300w, https:\/\/www.visitmalinska.com\/wp-content\/uploads\/2019\/07\/obitelj-i-djeca-3-768x432.jpg 768w, https:\/\/www.visitmalinska.com\/wp-content\/uploads\/2019\/07\/obitelj-i-djeca-3-1024x576.jpg 1024w\" sizes=\"auto, (max-width: 1280px) 100vw, 1280px\" \/><\/strong><\/p>\n<h4><strong>SPIAGGE PER FAMIGLIE CON BAMBINI<\/strong><\/h4>\n<p>Le decine di spiagge situate lungo la costa sinuosa di Malinska sono in grado di soddisfare i bisogni di tutti i tipi di ospiti. Le spiagge si estendono lungo la via Rajska cesta, che collega Malinska e Njivice alla cittadina romantica di Porat, a 3 km di distanza da Malinska.<\/p>\n<p>Se siete alla ricerca di spiagge sabbiose, di plateau in cemento dai quali tuffarvi in mare, di spiagge di ghiaia o di spiagge adatte alle persone disabili, non resterete assolutamente delusi. Quasi tutte le spiagge sono dotate di contenuti aggiuntivi, quali parchi acquatici, pedal\u00f2, recinti di sabbia, lettini e sdraio, ombrelloni e bar con varie bibite e gelati.<\/p>\n<p>&nbsp;<\/p>\n<p><strong><img loading=\"lazy\" decoding=\"async\" class=\"responsive aligncenter wp-image-31620 size-full\" src=\"http:\/\/www.visitmalinska.com\/wp-content\/uploads\/2019\/07\/obitelj-i-djeca-4.jpg\" alt=\"\" width=\"1280\" height=\"720\" srcset=\"https:\/\/www.visitmalinska.com\/wp-content\/uploads\/2019\/07\/obitelj-i-djeca-4.jpg 1280w, https:\/\/www.visitmalinska.com\/wp-content\/uploads\/2019\/07\/obitelj-i-djeca-4-300x169.jpg 300w, https:\/\/www.visitmalinska.com\/wp-content\/uploads\/2019\/07\/obitelj-i-djeca-4-768x432.jpg 768w, https:\/\/www.visitmalinska.com\/wp-content\/uploads\/2019\/07\/obitelj-i-djeca-4-1024x576.jpg 1024w\" sizes=\"auto, (max-width: 1280px) 100vw, 1280px\" \/><\/strong><\/p>\n<h4><strong>DIVERTIMENTO E ATTIVIT\u00c0 PER FAMIGLIE CON BAMBINI<\/strong><\/h4>\n<p>Oltre alle attivit\u00e0 acquatiche appena menzionate, in diversi punti a Malinska troverete parchi gioco adatti ai pi\u00f9 piccoli, anche ai bambini in et\u00e0 prescolare, con altalene, scivoli, altalene basculanti e jungle gym. Queste aree gioco sono situate in aree pubbliche vicino alla spiaggia di Rupa, in Via Nikola Tesla, a San Vito, Kremeni\u0107i, Zidari\u0107i, in direzione di Rova, a Porat e all\u2019ingresso di via Kvarnerska e in via Nedjeljko Karabai\u0107.<\/p>\n<p>Il centro di Malinska offre ottimi contenuti per la felicit\u00e0 dei pi\u00f9 piccoli, tra cui il luna park, il trampolino, il trampolino-bungee e il cinema 4D!<\/p>\n<p>Se siete una famiglia attiva che preferisce fare passeggiate e andare in bici la costa di Malinska, lunga 10 km, offre la possibilit\u00e0 di fare passeggiate tranquille o girare in bici su piste spesso protette dall\u2019ombra.<\/p>\n<p>&nbsp;<\/p>\n<p><strong><img loading=\"lazy\" decoding=\"async\" class=\"responsive aligncenter wp-image-31621 size-full\" src=\"http:\/\/www.visitmalinska.com\/wp-content\/uploads\/2019\/07\/obitelj-i-djeca-5.jpg\" alt=\"\" width=\"1280\" height=\"720\" srcset=\"https:\/\/www.visitmalinska.com\/wp-content\/uploads\/2019\/07\/obitelj-i-djeca-5.jpg 1280w, https:\/\/www.visitmalinska.com\/wp-content\/uploads\/2019\/07\/obitelj-i-djeca-5-300x169.jpg 300w, https:\/\/www.visitmalinska.com\/wp-content\/uploads\/2019\/07\/obitelj-i-djeca-5-768x432.jpg 768w, https:\/\/www.visitmalinska.com\/wp-content\/uploads\/2019\/07\/obitelj-i-djeca-5-1024x576.jpg 1024w\" sizes=\"auto, (max-width: 1280px) 100vw, 1280px\" \/><\/strong><\/p>\n<h4><strong>DOVE MANGIARE?<\/strong><\/h4>\n<p>Malinska \u00e8 piena di ristoranti, pizzerie, pasticcerie e fast-food e non dovrete preoccuparvi di dove andare a mangiare. L\u2019offerta di piatti \u00e8 varia e adatta a ogni palato, e visto che Malinska \u00e8 una vera destinazione per famiglie anche i pi\u00f9 piccoli troveranno facilmente i loro piatti preferiti.[\/vc_column_text][\/vc_column][\/vc_row]<\/p>\n","protected":false},"excerpt":{"rendered":"<p>Malinska \u00e8 una delle destinazioni preferite dalle famiglie con bambini.<\/p>\n","protected":false},"author":1,"featured_media":31615,"parent":30090,"menu_order":0,"comment_status":"closed","ping_status":"closed","template":"","meta":{"footnotes":""},"class_list":["post-30118","page","type-page","status-publish","has-post-thumbnail"],"acf":[],"yoast_head":"<!-- This site is optimized with the Yoast SEO plugin v23.5 - https:\/\/yoast.com\/wordpress\/plugins\/seo\/ -->\n<title>Famiglie e bambini - TZO Malinska-Duba\u0161nica<\/title>\n<meta name=\"description\" content=\"Malinska je jedna od destinacija koje obitelji s djecom najvi\u0161e vole.\" \/>\n<meta name=\"robots\" content=\"index, follow, max-snippet:-1, max-image-preview:large, max-video-preview:-1\" \/>\n<link rel=\"canonical\" href=\"https:\/\/www.visitmalinska.com\/de\/malinska-fur-alle\/familie-und-kinder\/\" \/>\n<meta property=\"og:locale\" content=\"it_IT\" \/>\n<meta property=\"og:type\" content=\"article\" \/>\n<meta property=\"og:title\" content=\"{:hr}Obitelj i djeca{:}{:en}Families and Children{:}{:de}Familie und Kinder{:}{:it}Famiglie e bambini{:}{:si}Dru\u017eina in otroci{:} - TZO Malinska-Duba\u0161nica\" \/>\n<meta property=\"og:description\" content=\"{:hr}Malinska je jedna od destinacija koje obitelji s djecom najvi\u0161e vole.{:}{:en}Malinska is one of the most popular destinations for families and children.{:}\" \/>\n<meta property=\"og:url\" content=\"https:\/\/www.visitmalinska.com\/de\/malinska-fur-alle\/familie-und-kinder\/\" \/>\n<meta property=\"og:site_name\" content=\"TZO Malinska-Duba\u0161nica\" \/>\n<meta property=\"article:publisher\" content=\"https:\/\/www.facebook.com\/Malinska.Island.Krk\/\" \/>\n<meta property=\"article:modified_time\" content=\"2019-12-02T15:21:56+00:00\" \/>\n<meta property=\"og:image\" content=\"https:\/\/www.visitmalinska.com\/wp-content\/uploads\/2019\/09\/obitelj-i-djeca-facebook.jpg\" \/>\n\t<meta property=\"og:image:width\" content=\"1200\" \/>\n\t<meta property=\"og:image:height\" content=\"630\" \/>\n\t<meta property=\"og:image:type\" content=\"image\/jpeg\" \/>\n<meta name=\"twitter:card\" content=\"summary_large_image\" \/>\n<meta name=\"twitter:image\" content=\"https:\/\/www.visitmalinska.com\/wp-content\/uploads\/2019\/09\/obitelj-i-djeca-twitter.jpg\" \/>\n<meta name=\"twitter:label1\" content=\"Est. reading time\" \/>\n\t<meta name=\"twitter:data1\" content=\"17 minutes\" \/>\n<script type=\"application\/ld+json\" class=\"yoast-schema-graph\">{\"@context\":\"https:\/\/schema.org\",\"@graph\":[{\"@type\":\"WebPage\",\"@id\":\"https:\/\/www.visitmalinska.com\/de\/malinska-fur-alle\/familie-und-kinder\/\",\"url\":\"https:\/\/www.visitmalinska.com\/de\/malinska-fur-alle\/familie-und-kinder\/\",\"name\":\"{:hr}Obitelj i djeca{:}{:en}Families and Children{:}{:de}Familie und Kinder{:}{:it}Famiglie e bambini{:}{:si}Dru\u017eina in otroci{:} - TZO Malinska-Duba\u0161nica\",\"isPartOf\":{\"@id\":\"https:\/\/www.visitmalinska.com\/#website\"},\"primaryImageOfPage\":{\"@id\":\"https:\/\/www.visitmalinska.com\/de\/malinska-fur-alle\/familie-und-kinder\/#primaryimage\"},\"image\":{\"@id\":\"https:\/\/www.visitmalinska.com\/de\/malinska-fur-alle\/familie-und-kinder\/#primaryimage\"},\"thumbnailUrl\":\"https:\/\/www.visitmalinska.com\/wp-content\/uploads\/2019\/07\/002-obitelj-i-djeca-2.jpg\",\"datePublished\":\"2019-03-19T13:35:00+00:00\",\"dateModified\":\"2019-12-02T15:21:56+00:00\",\"description\":\"{:hr}Malinska je jedna od destinacija koje obitelji s djecom najvi\u0161e vole.{:}{:en}Malinska is one of the most popular destinations for families and children.{:}\",\"breadcrumb\":{\"@id\":\"https:\/\/www.visitmalinska.com\/de\/malinska-fur-alle\/familie-und-kinder\/#breadcrumb\"},\"inLanguage\":\"it-IT\",\"potentialAction\":[{\"@type\":\"ReadAction\",\"target\":[\"https:\/\/www.visitmalinska.com\/de\/malinska-fur-alle\/familie-und-kinder\/\"]}]},{\"@type\":\"ImageObject\",\"inLanguage\":\"it-IT\",\"@id\":\"https:\/\/www.visitmalinska.com\/de\/malinska-fur-alle\/familie-und-kinder\/#primaryimage\",\"url\":\"https:\/\/www.visitmalinska.com\/wp-content\/uploads\/2019\/07\/002-obitelj-i-djeca-2.jpg\",\"contentUrl\":\"https:\/\/www.visitmalinska.com\/wp-content\/uploads\/2019\/07\/002-obitelj-i-djeca-2.jpg\",\"width\":1000,\"height\":1000},{\"@type\":\"BreadcrumbList\",\"@id\":\"https:\/\/www.visitmalinska.com\/de\/malinska-fur-alle\/familie-und-kinder\/#breadcrumb\",\"itemListElement\":[{\"@type\":\"ListItem\",\"position\":1,\"name\":\"Po\u010detna stranica\",\"item\":\"https:\/\/www.visitmalinska.com\/\"},{\"@type\":\"ListItem\",\"position\":2,\"name\":\"Malinska za sve\",\"item\":\"https:\/\/www.visitmalinska.com\/malinska-za-sve\/\"},{\"@type\":\"ListItem\",\"position\":3,\"name\":\"Familie und Kinder\"}]},{\"@type\":\"WebSite\",\"@id\":\"https:\/\/www.visitmalinska.com\/#website\",\"url\":\"https:\/\/www.visitmalinska.com\/\",\"name\":\"TZO Malinska-Duba\u0161nica\",\"description\":\"\",\"publisher\":{\"@id\":\"https:\/\/www.visitmalinska.com\/#organization\"},\"potentialAction\":[{\"@type\":\"SearchAction\",\"target\":{\"@type\":\"EntryPoint\",\"urlTemplate\":\"https:\/\/www.visitmalinska.com\/?s={search_term_string}\"},\"query-input\":{\"@type\":\"PropertyValueSpecification\",\"valueRequired\":true,\"valueName\":\"search_term_string\"}}],\"inLanguage\":\"it-IT\"},{\"@type\":\"Organization\",\"@id\":\"https:\/\/www.visitmalinska.com\/#organization\",\"name\":\"TZO Malinska - Duba\u0161nica\",\"url\":\"https:\/\/www.visitmalinska.com\/\",\"logo\":{\"@type\":\"ImageObject\",\"inLanguage\":\"it-IT\",\"@id\":\"https:\/\/www.visitmalinska.com\/#\/schema\/logo\/image\/\",\"url\":\"https:\/\/www.visitmalinska.com\/wp-content\/uploads\/2019\/03\/malinska-logo-240.png\",\"contentUrl\":\"https:\/\/www.visitmalinska.com\/wp-content\/uploads\/2019\/03\/malinska-logo-240.png\",\"width\":1188,\"height\":241,\"caption\":\"TZO Malinska - Duba\u0161nica\"},\"image\":{\"@id\":\"https:\/\/www.visitmalinska.com\/#\/schema\/logo\/image\/\"},\"sameAs\":[\"https:\/\/www.facebook.com\/Malinska.Island.Krk\/\",\"https:\/\/www.instagram.com\/visitmalinska\/\"]}]}<\/script>\n<!-- \/ Yoast SEO plugin. -->","yoast_head_json":{"title":"Famiglie e bambini - TZO Malinska-Duba\u0161nica","description":"Malinska je jedna od destinacija koje obitelji s djecom najvi\u0161e vole.","robots":{"index":"index","follow":"follow","max-snippet":"max-snippet:-1","max-image-preview":"max-image-preview:large","max-video-preview":"max-video-preview:-1"},"canonical":"https:\/\/www.visitmalinska.com\/de\/malinska-fur-alle\/familie-und-kinder\/","og_locale":"it_IT","og_type":"article","og_title":"{:hr}Obitelj i djeca{:}{:en}Families and Children{:}{:de}Familie und Kinder{:}{:it}Famiglie e bambini{:}{:si}Dru\u017eina in otroci{:} - TZO Malinska-Duba\u0161nica","og_description":"{:hr}Malinska je jedna od destinacija koje obitelji s djecom najvi\u0161e vole.{:}{:en}Malinska is one of the most popular destinations for families and children.{:}","og_url":"https:\/\/www.visitmalinska.com\/de\/malinska-fur-alle\/familie-und-kinder\/","og_site_name":"TZO Malinska-Duba\u0161nica","article_publisher":"https:\/\/www.facebook.com\/Malinska.Island.Krk\/","article_modified_time":"2019-12-02T15:21:56+00:00","og_image":[{"width":1200,"height":630,"url":"https:\/\/www.visitmalinska.com\/wp-content\/uploads\/2019\/09\/obitelj-i-djeca-facebook.jpg","type":"image\/jpeg"}],"twitter_card":"summary_large_image","twitter_image":"https:\/\/www.visitmalinska.com\/wp-content\/uploads\/2019\/09\/obitelj-i-djeca-twitter.jpg","twitter_misc":{"Est. reading time":"17 minutes"},"schema":{"@context":"https:\/\/schema.org","@graph":[{"@type":"WebPage","@id":"https:\/\/www.visitmalinska.com\/de\/malinska-fur-alle\/familie-und-kinder\/","url":"https:\/\/www.visitmalinska.com\/de\/malinska-fur-alle\/familie-und-kinder\/","name":"{:hr}Obitelj i djeca{:}{:en}Families and Children{:}{:de}Familie und Kinder{:}{:it}Famiglie e bambini{:}{:si}Dru\u017eina in otroci{:} - TZO Malinska-Duba\u0161nica","isPartOf":{"@id":"https:\/\/www.visitmalinska.com\/#website"},"primaryImageOfPage":{"@id":"https:\/\/www.visitmalinska.com\/de\/malinska-fur-alle\/familie-und-kinder\/#primaryimage"},"image":{"@id":"https:\/\/www.visitmalinska.com\/de\/malinska-fur-alle\/familie-und-kinder\/#primaryimage"},"thumbnailUrl":"https:\/\/www.visitmalinska.com\/wp-content\/uploads\/2019\/07\/002-obitelj-i-djeca-2.jpg","datePublished":"2019-03-19T13:35:00+00:00","dateModified":"2019-12-02T15:21:56+00:00","description":"{:hr}Malinska je jedna od destinacija koje obitelji s djecom najvi\u0161e vole.{:}{:en}Malinska is one of the most popular destinations for families and children.{:}","breadcrumb":{"@id":"https:\/\/www.visitmalinska.com\/de\/malinska-fur-alle\/familie-und-kinder\/#breadcrumb"},"inLanguage":"it-IT","potentialAction":[{"@type":"ReadAction","target":["https:\/\/www.visitmalinska.com\/de\/malinska-fur-alle\/familie-und-kinder\/"]}]},{"@type":"ImageObject","inLanguage":"it-IT","@id":"https:\/\/www.visitmalinska.com\/de\/malinska-fur-alle\/familie-und-kinder\/#primaryimage","url":"https:\/\/www.visitmalinska.com\/wp-content\/uploads\/2019\/07\/002-obitelj-i-djeca-2.jpg","contentUrl":"https:\/\/www.visitmalinska.com\/wp-content\/uploads\/2019\/07\/002-obitelj-i-djeca-2.jpg","width":1000,"height":1000},{"@type":"BreadcrumbList","@id":"https:\/\/www.visitmalinska.com\/de\/malinska-fur-alle\/familie-und-kinder\/#breadcrumb","itemListElement":[{"@type":"ListItem","position":1,"name":"Po\u010detna stranica","item":"https:\/\/www.visitmalinska.com\/"},{"@type":"ListItem","position":2,"name":"Malinska za sve","item":"https:\/\/www.visitmalinska.com\/malinska-za-sve\/"},{"@type":"ListItem","position":3,"name":"Familie und Kinder"}]},{"@type":"WebSite","@id":"https:\/\/www.visitmalinska.com\/#website","url":"https:\/\/www.visitmalinska.com\/","name":"TZO Malinska-Duba\u0161nica","description":"","publisher":{"@id":"https:\/\/www.visitmalinska.com\/#organization"},"potentialAction":[{"@type":"SearchAction","target":{"@type":"EntryPoint","urlTemplate":"https:\/\/www.visitmalinska.com\/?s={search_term_string}"},"query-input":{"@type":"PropertyValueSpecification","valueRequired":true,"valueName":"search_term_string"}}],"inLanguage":"it-IT"},{"@type":"Organization","@id":"https:\/\/www.visitmalinska.com\/#organization","name":"TZO Malinska - Duba\u0161nica","url":"https:\/\/www.visitmalinska.com\/","logo":{"@type":"ImageObject","inLanguage":"it-IT","@id":"https:\/\/www.visitmalinska.com\/#\/schema\/logo\/image\/","url":"https:\/\/www.visitmalinska.com\/wp-content\/uploads\/2019\/03\/malinska-logo-240.png","contentUrl":"https:\/\/www.visitmalinska.com\/wp-content\/uploads\/2019\/03\/malinska-logo-240.png","width":1188,"height":241,"caption":"TZO Malinska - Duba\u0161nica"},"image":{"@id":"https:\/\/www.visitmalinska.com\/#\/schema\/logo\/image\/"},"sameAs":["https:\/\/www.facebook.com\/Malinska.Island.Krk\/","https:\/\/www.instagram.com\/visitmalinska\/"]}]}},"_links":{"self":[{"href":"https:\/\/www.visitmalinska.com\/it\/wp-json\/wp\/v2\/pages\/30118","targetHints":{"allow":["GET"]}}],"collection":[{"href":"https:\/\/www.visitmalinska.com\/it\/wp-json\/wp\/v2\/pages"}],"about":[{"href":"https:\/\/www.visitmalinska.com\/it\/wp-json\/wp\/v2\/types\/page"}],"author":[{"embeddable":true,"href":"https:\/\/www.visitmalinska.com\/it\/wp-json\/wp\/v2\/users\/1"}],"replies":[{"embeddable":true,"href":"https:\/\/www.visitmalinska.com\/it\/wp-json\/wp\/v2\/comments?post=30118"}],"version-history":[{"count":12,"href":"https:\/\/www.visitmalinska.com\/it\/wp-json\/wp\/v2\/pages\/30118\/revisions"}],"predecessor-version":[{"id":33170,"href":"https:\/\/www.visitmalinska.com\/it\/wp-json\/wp\/v2\/pages\/30118\/revisions\/33170"}],"up":[{"embeddable":true,"href":"https:\/\/www.visitmalinska.com\/it\/wp-json\/wp\/v2\/pages\/30090"}],"wp:featuredmedia":[{"embeddable":true,"href":"https:\/\/www.visitmalinska.com\/it\/wp-json\/wp\/v2\/media\/31615"}],"wp:attachment":[{"href":"https:\/\/www.visitmalinska.com\/it\/wp-json\/wp\/v2\/media?parent=30118"}],"curies":[{"name":"wp","href":"https:\/\/api.w.org\/{rel}","templated":true}]}}