{"id":30098,"date":"2019-03-19T13:15:37","date_gmt":"2019-03-19T11:15:37","guid":{"rendered":"http:\/\/www.visitmalinska.com\/?page_id=30098"},"modified":"2026-04-02T13:56:13","modified_gmt":"2026-04-02T11:56:13","slug":"kultura-i-umjetnost","status":"publish","type":"page","link":"https:\/\/www.visitmalinska.com\/it\/sulla-malinska\/cultura-e-arte\/","title":{"rendered":"Cultura e arte"},"content":{"rendered":"<p>[vc_row][vc_column][vc_column_text]<\/p>\n<h2 data-section-id=\"1c9z2qy\" data-start=\"114\" data-end=\"131\">Cultura e arte<\/h2>\n<p data-start=\"133\" data-end=\"516\">L\u2019area di Malinska e Duba\u0161nica \u00e8 caratterizzata da un ricco patrimonio culturale e storico che si \u00e8 sviluppato dalla preistoria e dall\u2019antichit\u00e0 fino alla nascita del turismo moderno. Le tracce del passato sono visibili nei siti archeologici, negli edifici sacri, nelle collezioni museali e nei centri di interpretazione che testimoniano l\u2019identit\u00e0 e le tradizioni di questa regione.<\/p>\n<p data-start=\"518\" data-end=\"686\">Scoprite la storia culturale di Malinska attraverso i suoi temi storici pi\u00f9 importanti, i luoghi di interesse e le localit\u00e0 che custodiscono il patrimonio di Duba\u0161nica.<\/p>\n<h2 data-section-id=\"18m8flj\" data-start=\"688\" data-end=\"697\">Storia<\/h2>\n<p data-start=\"699\" data-end=\"1020\">L\u2019area di Duba\u0161nica \u00e8 abitata fin dalla preistoria. Il suo sviluppo \u00e8 stato segnato dai Liburni, dai principi medievali Frankopan e dal successivo sviluppo economico legato alla navigazione e al commercio del legname. Scoprite gli eventi storici pi\u00f9 importanti che hanno plasmato l\u2019odierna Malinska.<br data-start=\"998\" data-end=\"1001\" \/><a href=\"https:\/\/www.visitmalinska.com\/it\/sulla-malinska\/cultura-e-arte\/storia\/\"><strong data-start=\"1003\" data-end=\"1020\">Scopri di pi\u00f9<\/strong><\/a><\/p>\n<h2 data-section-id=\"k0cdib\" data-start=\"1022\" data-end=\"1057\">Gli inizi del turismo a Malinska<\/h2>\n<p data-start=\"1059\" data-end=\"1395\">Lo sviluppo di Malinska come destinazione turistica inizi\u00f2 con l\u2019introduzione delle linee di navigazione a vapore e con lo sviluppo del porto. Nel tempo, la localit\u00e0 si \u00e8 trasformata in una delle destinazioni turistiche pi\u00f9 riconoscibili dell\u2019isola di Krk. Scoprite come \u00e8 iniziata la storia turistica di Malinska.<br data-start=\"1373\" data-end=\"1376\" \/><a href=\"https:\/\/www.visitmalinska.com\/it\/sulla-malinska\/cultura-e-arte\/gli-inizi-del-turismo-a-malinska\/\"><strong data-start=\"1378\" data-end=\"1395\">Scopri di pi\u00f9<\/strong><\/a><\/p>\n<h2 data-section-id=\"1ips4k4\" data-start=\"1397\" data-end=\"1424\">Beni culturali e storici<\/h2>\n<p data-start=\"1426\" data-end=\"1683\">Numerose cappelle, chiese, sculture e siti tradizionali testimoniano il ricco patrimonio culturale di questa zona. Esplorate i principali luoghi di interesse che rappresentano una parte importante dell\u2019identit\u00e0 di Malinska e Duba\u0161nica.<br data-start=\"1661\" data-end=\"1664\" \/><a href=\"https:\/\/www.visitmalinska.com\/it\/patrimonio-culturale\/\"><strong data-start=\"1666\" data-end=\"1683\">Scopri di pi\u00f9<\/strong><\/a><\/p>\n<h2 data-section-id=\"64gifq\" data-start=\"1685\" data-end=\"1716\">Sito archeologico di Cickini<\/h2>\n<p data-start=\"1718\" data-end=\"2017\">Questo complesso archeologico paleocristiano risalente al V e VI secolo rappresenta uno dei pi\u00f9 importanti siti storici della zona. Il sito comprende i resti di una chiesa, di un battistero e di un complesso residenziale, offrendo uno spaccato della vita nella tarda antichit\u00e0.<br data-start=\"1995\" data-end=\"1998\" \/><a href=\"https:\/\/www.visitmalinska.com\/it\/sulla-malinska\/cultura-e-arte\/il-sito-archeologico-di-cickini\/\"><strong data-start=\"2000\" data-end=\"2017\">Scopri di pi\u00f9<\/strong><\/a><\/p>\n<h2 data-section-id=\"l5gzy3\" data-start=\"2019\" data-end=\"2079\">Centro di interpretazione del patrimonio marittimo DUBoak<\/h2>\n<p data-start=\"2081\" data-end=\"2383\">Questo moderno centro di interpretazione presenta in modo interattivo il ricco patrimonio marittimo e forestale di Duba\u0161nica, evidenziando il forte legame tra la popolazione locale, il mare e le foreste di querce che hanno influenzato in modo significativo lo sviluppo della zona.<br data-start=\"2361\" data-end=\"2364\" \/><a href=\"https:\/\/www.visitmalinska.com\/it\/sulla-malinska\/cultura-e-arte\/interpretacijski-centar-maritimne-bastine-duboak\/\"><strong data-start=\"2366\" data-end=\"2383\">Scopri di pi\u00f9<\/strong><\/a><\/p>\n<h2 data-section-id=\"3rdpve\" data-start=\"2385\" data-end=\"2404\">Musei e gallerie<\/h2>\n<p data-start=\"2406\" data-end=\"2667\">Nei musei e nelle gallerie di Malinska i visitatori possono scoprire il patrimonio artistico e storico della destinazione, tra cui reperti archeologici, arte sacra e collezioni etnografiche che raccontano la vita delle generazioni passate.<br data-start=\"2645\" data-end=\"2648\" \/><a href=\"https:\/\/www.visitmalinska.com\/it\/sulla-malinska\/cultura-e-arte\/musei-e-gallerie\/\"><strong data-start=\"2650\" data-end=\"2667\">Scopri di pi\u00f9<\/strong><\/a><\/p>\n<h2 data-section-id=\"8h1d90\" data-start=\"2669\" data-end=\"2690\">Curiosit\u00e0 storiche<\/h2>\n<p data-start=\"2692\" data-end=\"2932\">Scoprite storie, personaggi ed eventi storici meno conosciuti ma affascinanti che hanno influenzato lo sviluppo di Malinska e dei villaggi circostanti, arricchendo ulteriormente l\u2019identit\u00e0 culturale della destinazione.<br data-start=\"2910\" data-end=\"2913\" \/><a href=\"https:\/\/www.visitmalinska.com\/it\/sulla-malinska\/cultura-e-arte\/fatti-storici-interessanti\/\"><strong data-start=\"2915\" data-end=\"2932\">Scopri di pi\u00f9<\/strong><\/a><\/p>\n<p>[\/vc_column_text][\/vc_column][\/vc_row]<\/p>\n","protected":false},"excerpt":{"rendered":"<p>Scoprite tutto ci\u00f2 che offriamo dal tesoro del nostro ricco patrimonio culturale e artistico.<\/p>\n","protected":false},"author":1,"featured_media":30475,"parent":30084,"menu_order":0,"comment_status":"closed","ping_status":"closed","template":"","meta":{"footnotes":""},"class_list":["post-30098","page","type-page","status-publish","has-post-thumbnail"],"acf":[],"yoast_head":"<!-- This site is optimized with the Yoast SEO plugin v23.5 - https:\/\/yoast.com\/wordpress\/plugins\/seo\/ -->\n<title>Cultura e arte - TZO Malinska-Duba\u0161nica<\/title>\n<meta name=\"description\" content=\"Odkrijte kulturo in umetnost v Malinski na otoku Krk \u2013 zgodovina, muzeji, arheolo\u0161ko najdi\u0161\u010de Cickini in kulturne znamenitosti.\" \/>\n<meta name=\"robots\" content=\"noindex, nofollow\" \/>\n<meta property=\"og:locale\" content=\"it_IT\" \/>\n<meta property=\"og:type\" content=\"article\" \/>\n<meta property=\"og:title\" content=\"{:hr}Kultura i umjetnost{:}{:en}Culture and art{:}{:de}Kultur und Kunst{:}{:it}Cultura e arte{:}{:si}Kultura in umetnost{:} - TZO Malinska-Duba\u0161nica\" \/>\n<meta property=\"og:description\" content=\"Odkrijte kulturo in umetnost v Malinski na otoku Krk \u2013 zgodovina, muzeji, arheolo\u0161ko najdi\u0161\u010de Cickini in kulturne znamenitosti.\" \/>\n<meta property=\"og:url\" content=\"https:\/\/www.visitmalinska.com\/o-malinskoj\/kultura-i-umjetnost\/\" \/>\n<meta property=\"og:site_name\" content=\"TZO Malinska-Duba\u0161nica\" \/>\n<meta property=\"article:publisher\" content=\"https:\/\/www.facebook.com\/Malinska.Island.Krk\/\" \/>\n<meta property=\"article:modified_time\" content=\"2026-04-02T11:56:13+00:00\" \/>\n<meta property=\"og:image\" content=\"https:\/\/www.visitmalinska.com\/wp-content\/uploads\/2019\/09\/tzo-malinska-dubasnica-facebook.jpg\" \/>\n\t<meta property=\"og:image:width\" content=\"1200\" \/>\n\t<meta property=\"og:image:height\" content=\"630\" \/>\n\t<meta property=\"og:image:type\" content=\"image\/jpeg\" \/>\n<meta name=\"twitter:card\" content=\"summary_large_image\" \/>\n<meta name=\"twitter:label1\" content=\"Est. reading time\" \/>\n\t<meta name=\"twitter:data1\" content=\"3 minutes\" \/>\n<script type=\"application\/ld+json\" class=\"yoast-schema-graph\">{\"@context\":\"https:\/\/schema.org\",\"@graph\":[{\"@type\":\"WebPage\",\"@id\":\"https:\/\/www.visitmalinska.com\/o-malinskoj\/kultura-i-umjetnost\/\",\"url\":\"https:\/\/www.visitmalinska.com\/o-malinskoj\/kultura-i-umjetnost\/\",\"name\":\"{:hr}Kultura i umjetnost{:}{:en}Culture and art{:}{:de}Kultur und Kunst{:}{:it}Cultura e arte{:}{:si}Kultura in umetnost{:} - TZO Malinska-Duba\u0161nica\",\"isPartOf\":{\"@id\":\"https:\/\/www.visitmalinska.com\/#website\"},\"primaryImageOfPage\":{\"@id\":\"https:\/\/www.visitmalinska.com\/o-malinskoj\/kultura-i-umjetnost\/#primaryimage\"},\"image\":{\"@id\":\"https:\/\/www.visitmalinska.com\/o-malinskoj\/kultura-i-umjetnost\/#primaryimage\"},\"thumbnailUrl\":\"https:\/\/www.visitmalinska.com\/wp-content\/uploads\/2019\/03\/003-kultura-i-umjetnost-clean.jpg\",\"datePublished\":\"2019-03-19T11:15:37+00:00\",\"dateModified\":\"2026-04-02T11:56:13+00:00\",\"description\":\"Odkrijte kulturo in umetnost v Malinski na otoku Krk \u2013 zgodovina, muzeji, arheolo\u0161ko najdi\u0161\u010de Cickini in kulturne znamenitosti.\",\"breadcrumb\":{\"@id\":\"https:\/\/www.visitmalinska.com\/o-malinskoj\/kultura-i-umjetnost\/#breadcrumb\"},\"inLanguage\":\"it-IT\",\"potentialAction\":[{\"@type\":\"ReadAction\",\"target\":[\"https:\/\/www.visitmalinska.com\/o-malinskoj\/kultura-i-umjetnost\/\"]}]},{\"@type\":\"ImageObject\",\"inLanguage\":\"it-IT\",\"@id\":\"https:\/\/www.visitmalinska.com\/o-malinskoj\/kultura-i-umjetnost\/#primaryimage\",\"url\":\"https:\/\/www.visitmalinska.com\/wp-content\/uploads\/2019\/03\/003-kultura-i-umjetnost-clean.jpg\",\"contentUrl\":\"https:\/\/www.visitmalinska.com\/wp-content\/uploads\/2019\/03\/003-kultura-i-umjetnost-clean.jpg\",\"width\":1000,\"height\":1000},{\"@type\":\"BreadcrumbList\",\"@id\":\"https:\/\/www.visitmalinska.com\/o-malinskoj\/kultura-i-umjetnost\/#breadcrumb\",\"itemListElement\":[{\"@type\":\"ListItem\",\"position\":1,\"name\":\"Po\u010detna stranica\",\"item\":\"https:\/\/www.visitmalinska.com\/\"},{\"@type\":\"ListItem\",\"position\":2,\"name\":\"O Malinski\",\"item\":\"https:\/\/www.visitmalinska.com\/si\/o-malinski\/\"},{\"@type\":\"ListItem\",\"position\":3,\"name\":\"Kultura i umjetnost\"}]},{\"@type\":\"WebSite\",\"@id\":\"https:\/\/www.visitmalinska.com\/#website\",\"url\":\"https:\/\/www.visitmalinska.com\/\",\"name\":\"TZO Malinska-Duba\u0161nica\",\"description\":\"\",\"publisher\":{\"@id\":\"https:\/\/www.visitmalinska.com\/#organization\"},\"potentialAction\":[{\"@type\":\"SearchAction\",\"target\":{\"@type\":\"EntryPoint\",\"urlTemplate\":\"https:\/\/www.visitmalinska.com\/?s={search_term_string}\"},\"query-input\":{\"@type\":\"PropertyValueSpecification\",\"valueRequired\":true,\"valueName\":\"search_term_string\"}}],\"inLanguage\":\"it-IT\"},{\"@type\":\"Organization\",\"@id\":\"https:\/\/www.visitmalinska.com\/#organization\",\"name\":\"TZO Malinska - Duba\u0161nica\",\"url\":\"https:\/\/www.visitmalinska.com\/\",\"logo\":{\"@type\":\"ImageObject\",\"inLanguage\":\"it-IT\",\"@id\":\"https:\/\/www.visitmalinska.com\/#\/schema\/logo\/image\/\",\"url\":\"https:\/\/www.visitmalinska.com\/wp-content\/uploads\/2019\/03\/malinska-logo-240.png\",\"contentUrl\":\"https:\/\/www.visitmalinska.com\/wp-content\/uploads\/2019\/03\/malinska-logo-240.png\",\"width\":1188,\"height\":241,\"caption\":\"TZO Malinska - Duba\u0161nica\"},\"image\":{\"@id\":\"https:\/\/www.visitmalinska.com\/#\/schema\/logo\/image\/\"},\"sameAs\":[\"https:\/\/www.facebook.com\/Malinska.Island.Krk\/\",\"https:\/\/www.instagram.com\/visitmalinska\/\"]}]}<\/script>\n<!-- \/ Yoast SEO plugin. -->","yoast_head_json":{"title":"Cultura e arte - TZO Malinska-Duba\u0161nica","description":"Odkrijte kulturo in umetnost v Malinski na otoku Krk \u2013 zgodovina, muzeji, arheolo\u0161ko najdi\u0161\u010de Cickini in kulturne znamenitosti.","robots":{"index":"noindex","follow":"nofollow"},"og_locale":"it_IT","og_type":"article","og_title":"{:hr}Kultura i umjetnost{:}{:en}Culture and art{:}{:de}Kultur und Kunst{:}{:it}Cultura e arte{:}{:si}Kultura in umetnost{:} - TZO Malinska-Duba\u0161nica","og_description":"Odkrijte kulturo in umetnost v Malinski na otoku Krk \u2013 zgodovina, muzeji, arheolo\u0161ko najdi\u0161\u010de Cickini in kulturne znamenitosti.","og_url":"https:\/\/www.visitmalinska.com\/o-malinskoj\/kultura-i-umjetnost\/","og_site_name":"TZO Malinska-Duba\u0161nica","article_publisher":"https:\/\/www.facebook.com\/Malinska.Island.Krk\/","article_modified_time":"2026-04-02T11:56:13+00:00","og_image":[{"width":1200,"height":630,"url":"https:\/\/www.visitmalinska.com\/wp-content\/uploads\/2019\/09\/tzo-malinska-dubasnica-facebook.jpg","type":"image\/jpeg"}],"twitter_card":"summary_large_image","twitter_misc":{"Est. reading time":"3 minutes"},"schema":{"@context":"https:\/\/schema.org","@graph":[{"@type":"WebPage","@id":"https:\/\/www.visitmalinska.com\/o-malinskoj\/kultura-i-umjetnost\/","url":"https:\/\/www.visitmalinska.com\/o-malinskoj\/kultura-i-umjetnost\/","name":"{:hr}Kultura i umjetnost{:}{:en}Culture and art{:}{:de}Kultur und Kunst{:}{:it}Cultura e arte{:}{:si}Kultura in umetnost{:} - TZO Malinska-Duba\u0161nica","isPartOf":{"@id":"https:\/\/www.visitmalinska.com\/#website"},"primaryImageOfPage":{"@id":"https:\/\/www.visitmalinska.com\/o-malinskoj\/kultura-i-umjetnost\/#primaryimage"},"image":{"@id":"https:\/\/www.visitmalinska.com\/o-malinskoj\/kultura-i-umjetnost\/#primaryimage"},"thumbnailUrl":"https:\/\/www.visitmalinska.com\/wp-content\/uploads\/2019\/03\/003-kultura-i-umjetnost-clean.jpg","datePublished":"2019-03-19T11:15:37+00:00","dateModified":"2026-04-02T11:56:13+00:00","description":"Odkrijte kulturo in umetnost v Malinski na otoku Krk \u2013 zgodovina, muzeji, arheolo\u0161ko najdi\u0161\u010de Cickini in kulturne znamenitosti.","breadcrumb":{"@id":"https:\/\/www.visitmalinska.com\/o-malinskoj\/kultura-i-umjetnost\/#breadcrumb"},"inLanguage":"it-IT","potentialAction":[{"@type":"ReadAction","target":["https:\/\/www.visitmalinska.com\/o-malinskoj\/kultura-i-umjetnost\/"]}]},{"@type":"ImageObject","inLanguage":"it-IT","@id":"https:\/\/www.visitmalinska.com\/o-malinskoj\/kultura-i-umjetnost\/#primaryimage","url":"https:\/\/www.visitmalinska.com\/wp-content\/uploads\/2019\/03\/003-kultura-i-umjetnost-clean.jpg","contentUrl":"https:\/\/www.visitmalinska.com\/wp-content\/uploads\/2019\/03\/003-kultura-i-umjetnost-clean.jpg","width":1000,"height":1000},{"@type":"BreadcrumbList","@id":"https:\/\/www.visitmalinska.com\/o-malinskoj\/kultura-i-umjetnost\/#breadcrumb","itemListElement":[{"@type":"ListItem","position":1,"name":"Po\u010detna stranica","item":"https:\/\/www.visitmalinska.com\/"},{"@type":"ListItem","position":2,"name":"O Malinski","item":"https:\/\/www.visitmalinska.com\/si\/o-malinski\/"},{"@type":"ListItem","position":3,"name":"Kultura i umjetnost"}]},{"@type":"WebSite","@id":"https:\/\/www.visitmalinska.com\/#website","url":"https:\/\/www.visitmalinska.com\/","name":"TZO Malinska-Duba\u0161nica","description":"","publisher":{"@id":"https:\/\/www.visitmalinska.com\/#organization"},"potentialAction":[{"@type":"SearchAction","target":{"@type":"EntryPoint","urlTemplate":"https:\/\/www.visitmalinska.com\/?s={search_term_string}"},"query-input":{"@type":"PropertyValueSpecification","valueRequired":true,"valueName":"search_term_string"}}],"inLanguage":"it-IT"},{"@type":"Organization","@id":"https:\/\/www.visitmalinska.com\/#organization","name":"TZO Malinska - Duba\u0161nica","url":"https:\/\/www.visitmalinska.com\/","logo":{"@type":"ImageObject","inLanguage":"it-IT","@id":"https:\/\/www.visitmalinska.com\/#\/schema\/logo\/image\/","url":"https:\/\/www.visitmalinska.com\/wp-content\/uploads\/2019\/03\/malinska-logo-240.png","contentUrl":"https:\/\/www.visitmalinska.com\/wp-content\/uploads\/2019\/03\/malinska-logo-240.png","width":1188,"height":241,"caption":"TZO Malinska - Duba\u0161nica"},"image":{"@id":"https:\/\/www.visitmalinska.com\/#\/schema\/logo\/image\/"},"sameAs":["https:\/\/www.facebook.com\/Malinska.Island.Krk\/","https:\/\/www.instagram.com\/visitmalinska\/"]}]}},"_links":{"self":[{"href":"https:\/\/www.visitmalinska.com\/it\/wp-json\/wp\/v2\/pages\/30098","targetHints":{"allow":["GET"]}}],"collection":[{"href":"https:\/\/www.visitmalinska.com\/it\/wp-json\/wp\/v2\/pages"}],"about":[{"href":"https:\/\/www.visitmalinska.com\/it\/wp-json\/wp\/v2\/types\/page"}],"author":[{"embeddable":true,"href":"https:\/\/www.visitmalinska.com\/it\/wp-json\/wp\/v2\/users\/1"}],"replies":[{"embeddable":true,"href":"https:\/\/www.visitmalinska.com\/it\/wp-json\/wp\/v2\/comments?post=30098"}],"version-history":[{"count":34,"href":"https:\/\/www.visitmalinska.com\/it\/wp-json\/wp\/v2\/pages\/30098\/revisions"}],"predecessor-version":[{"id":43417,"href":"https:\/\/www.visitmalinska.com\/it\/wp-json\/wp\/v2\/pages\/30098\/revisions\/43417"}],"up":[{"embeddable":true,"href":"https:\/\/www.visitmalinska.com\/it\/wp-json\/wp\/v2\/pages\/30084"}],"wp:featuredmedia":[{"embeddable":true,"href":"https:\/\/www.visitmalinska.com\/it\/wp-json\/wp\/v2\/media\/30475"}],"wp:attachment":[{"href":"https:\/\/www.visitmalinska.com\/it\/wp-json\/wp\/v2\/media?parent=30098"}],"curies":[{"name":"wp","href":"https:\/\/api.w.org\/{rel}","templated":true}]}}