{"id":30096,"date":"2019-03-19T13:14:46","date_gmt":"2019-03-19T13:14:46","guid":{"rendered":"http:\/\/www.visitmalinska.com\/?page_id=30096"},"modified":"2020-11-18T20:27:57","modified_gmt":"2020-11-18T18:27:57","slug":"klima-i-polozaj","status":"publish","type":"page","link":"https:\/\/www.visitmalinska.com\/it\/sulla-malinska\/clima-e-posizione\/","title":{"rendered":"Clima e posizione"},"content":{"rendered":"<p>[vc_row][vc_column][vc_column_text]<\/p>\n<h4><strong>CLIMA<\/strong><\/h4>\n<p>Grazie a una vegetazione mediterranea fatta di boschi rigogliosi, alla sua posizione geografica, al mare e alla quantit\u00e0 di sole, il territorio di Malinska e dintorni (Duba\u0161nica) \u00e8, in termini di clima, molto favorevole e offre le condizioni climatiche migliori di tutta l\u2019isola di Krk. Oltre a conquistare i turisti provenienti da diversi paesi europei e del mondo, questo clima favorevole, caratterizzato da una grande concentrazione di aerosol, contribuisce alla cura e alla riabilitazione del sistema respiratorio.<\/p>\n<p>La stagione balneare ha inizio nel mese di maggio e dura fino a ottobre. In questo periodo la temperatura del mare non scende sotto i piacevoli 20\u00b0C. La temperatura media annuale \u00e8 di 17,4\u00b0 C, dove luglio \u00e8 il mese pi\u00f9 caldo con una media di 25\u00b0C, mentre febbraio \u00e8 il mese pi\u00f9 freddo con 15\u00b0C.<\/p>\n<p>Con una media di circa 260 giornate di sole all\u2019anno, 93 giornate di pioggia e 64 giornate senza vento, Malinska \u00e8 caratterizzata da un clima mediterraneo con estati calde e secche e inverni miti e piovosi.<\/p>\n<p>I venti pi\u00f9 frequenti sono lo scirocco (vento caldo e umido) e la bora (vento forte e secco). Il maestrale (vento da nord-ovest) invece garantisce freschezza e benessere durante i periodi pi\u00f9 caldi dell\u2019anno, e spira dalla terraferma verso il mare. I mesi estivi sono caratterizzati da brevi temporali con acquazzoni, e dalla tramontana, un vento proveniente da nord. La baia di Malinska \u00e8 tuttavia protetta dal vento.<\/p>\n<p><strong><img loading=\"lazy\" decoding=\"async\" class=\"responsive aligncenter wp-image-32077 size-full\" src=\"http:\/\/www.visitmalinska.com\/wp-content\/uploads\/2019\/08\/malinska-krk-mapa.jpg\" alt=\"\" width=\"1280\" height=\"720\" srcset=\"https:\/\/www.visitmalinska.com\/wp-content\/uploads\/2019\/08\/malinska-krk-mapa.jpg 1280w, https:\/\/www.visitmalinska.com\/wp-content\/uploads\/2019\/08\/malinska-krk-mapa-300x169.jpg 300w, https:\/\/www.visitmalinska.com\/wp-content\/uploads\/2019\/08\/malinska-krk-mapa-768x432.jpg 768w, https:\/\/www.visitmalinska.com\/wp-content\/uploads\/2019\/08\/malinska-krk-mapa-1024x576.jpg 1024w\" sizes=\"auto, (max-width: 1280px) 100vw, 1280px\" \/><\/strong><\/p>\n<h4><strong>POSIZIONE<\/strong><\/h4>\n<p>Malinska si trova a nord-ovest dell\u2019isola di Krk, in un\u2019ampia baia tra i promontori di \u0106uf e Pelova. Con le sue venti frazioni limitrofe e diffuse attorno all\u2019abitato rappresenta l\u2019unit\u00e0 storica nota con il nome di Duba\u0161nica. Gli elementi naturali di maggior pregio di questo territorio sono dati dalla forza e dalla bellezza specifica del mare e dei boschi di Duba\u0161nica.<\/p>\n<p>Malinska \u00e8 rivolta verso il golfo del Quarnero e il porto pi\u00f9 grande della Croazia, Fiume (Rijeka).<\/p>\n<p>La stupenda veduta a ovest di Duba\u0161nica \u00e8 rivolta verso l\u2019Istria e il Monte Maggiore (U\u010dka), mentre la costa \u00e8 relativamente bassa e facilmente accessibile. Il territorio di Malinska si estende verso il centro dell\u2019isola, su un terreno carsico calcareo e poroso, protetto dai venti forti. Si tratta di una delle migliori posizioni climatiche dell\u2019isola di Krk, caratterizzata da una ricca vegetazione.[\/vc_column_text][\/vc_column][\/vc_row]<\/p>\n","protected":false},"excerpt":{"rendered":"<p>Il territorio di Malinska e dintorni (Duba\u0161nica) \u00e8, in termini di clima, molto favorevole e offre le condizioni climatiche migliori di tutta l\u2019isola di Krk.<\/p>\n","protected":false},"author":1,"featured_media":0,"parent":30084,"menu_order":0,"comment_status":"closed","ping_status":"closed","template":"","meta":{"footnotes":""},"class_list":["post-30096","page","type-page","status-publish"],"acf":[],"yoast_head":"<!-- This site is optimized with the Yoast SEO plugin v23.5 - https:\/\/yoast.com\/wordpress\/plugins\/seo\/ -->\n<title>Clima e posizione - TZO Malinska-Duba\u0161nica<\/title>\n<meta name=\"robots\" content=\"index, follow, max-snippet:-1, max-image-preview:large, max-video-preview:-1\" \/>\n<link rel=\"canonical\" href=\"https:\/\/www.visitmalinska.com\/o-malinskoj\/klima-i-polozaj\/\" \/>\n<meta property=\"og:locale\" content=\"it_IT\" \/>\n<meta property=\"og:type\" content=\"article\" \/>\n<meta property=\"og:title\" content=\"{:hr}Klima i polo\u017eaj{:}{:en}Climate and location{:}{:de}Klima und Lage{:}{:it}Clima e posizione{:}{:si}Klima in polo\u017eaj{:} - TZO Malinska-Duba\u0161nica\" \/>\n<meta property=\"og:description\" content=\"Il territorio di Malinska e dintorni (Duba\u0161nica) \u00e8, in termini di clima, molto favorevole e offre le condizioni climatiche migliori di tutta l\u2019isola di Krk.\" \/>\n<meta property=\"og:url\" content=\"https:\/\/www.visitmalinska.com\/o-malinskoj\/klima-i-polozaj\/\" \/>\n<meta property=\"og:site_name\" content=\"TZO Malinska-Duba\u0161nica\" \/>\n<meta property=\"article:publisher\" content=\"https:\/\/www.facebook.com\/Malinska.Island.Krk\/\" \/>\n<meta property=\"article:modified_time\" content=\"2020-11-18T18:27:57+00:00\" \/>\n<meta property=\"og:image\" content=\"http:\/\/www.visitmalinska.com\/wp-content\/uploads\/2019\/08\/malinska-krk-mapa.jpg\" \/>\n<meta name=\"twitter:card\" content=\"summary_large_image\" \/>\n<meta name=\"twitter:label1\" content=\"Est. reading time\" \/>\n\t<meta name=\"twitter:data1\" content=\"9 minutes\" \/>\n<script type=\"application\/ld+json\" class=\"yoast-schema-graph\">{\"@context\":\"https:\/\/schema.org\",\"@graph\":[{\"@type\":\"WebPage\",\"@id\":\"https:\/\/www.visitmalinska.com\/o-malinskoj\/klima-i-polozaj\/\",\"url\":\"https:\/\/www.visitmalinska.com\/o-malinskoj\/klima-i-polozaj\/\",\"name\":\"{:hr}Klima i polo\u017eaj{:}{:en}Climate and location{:}{:de}Klima und Lage{:}{:it}Clima e posizione{:}{:si}Klima in polo\u017eaj{:} - TZO Malinska-Duba\u0161nica\",\"isPartOf\":{\"@id\":\"https:\/\/www.visitmalinska.com\/#website\"},\"primaryImageOfPage\":{\"@id\":\"https:\/\/www.visitmalinska.com\/o-malinskoj\/klima-i-polozaj\/#primaryimage\"},\"image\":{\"@id\":\"https:\/\/www.visitmalinska.com\/o-malinskoj\/klima-i-polozaj\/#primaryimage\"},\"thumbnailUrl\":\"http:\/\/www.visitmalinska.com\/wp-content\/uploads\/2019\/08\/malinska-krk-mapa.jpg\",\"datePublished\":\"2019-03-19T13:14:46+00:00\",\"dateModified\":\"2020-11-18T18:27:57+00:00\",\"breadcrumb\":{\"@id\":\"https:\/\/www.visitmalinska.com\/o-malinskoj\/klima-i-polozaj\/#breadcrumb\"},\"inLanguage\":\"it-IT\",\"potentialAction\":[{\"@type\":\"ReadAction\",\"target\":[\"https:\/\/www.visitmalinska.com\/o-malinskoj\/klima-i-polozaj\/\"]}]},{\"@type\":\"ImageObject\",\"inLanguage\":\"it-IT\",\"@id\":\"https:\/\/www.visitmalinska.com\/o-malinskoj\/klima-i-polozaj\/#primaryimage\",\"url\":\"http:\/\/www.visitmalinska.com\/wp-content\/uploads\/2019\/08\/malinska-krk-mapa.jpg\",\"contentUrl\":\"http:\/\/www.visitmalinska.com\/wp-content\/uploads\/2019\/08\/malinska-krk-mapa.jpg\"},{\"@type\":\"BreadcrumbList\",\"@id\":\"https:\/\/www.visitmalinska.com\/o-malinskoj\/klima-i-polozaj\/#breadcrumb\",\"itemListElement\":[{\"@type\":\"ListItem\",\"position\":1,\"name\":\"Po\u010detna stranica\",\"item\":\"https:\/\/www.visitmalinska.com\/\"},{\"@type\":\"ListItem\",\"position\":2,\"name\":\"O Malinski\",\"item\":\"https:\/\/www.visitmalinska.com\/si\/o-malinski\/\"},{\"@type\":\"ListItem\",\"position\":3,\"name\":\"Klima i polo\u017eaj\"}]},{\"@type\":\"WebSite\",\"@id\":\"https:\/\/www.visitmalinska.com\/#website\",\"url\":\"https:\/\/www.visitmalinska.com\/\",\"name\":\"TZO Malinska-Duba\u0161nica\",\"description\":\"\",\"publisher\":{\"@id\":\"https:\/\/www.visitmalinska.com\/#organization\"},\"potentialAction\":[{\"@type\":\"SearchAction\",\"target\":{\"@type\":\"EntryPoint\",\"urlTemplate\":\"https:\/\/www.visitmalinska.com\/?s={search_term_string}\"},\"query-input\":{\"@type\":\"PropertyValueSpecification\",\"valueRequired\":true,\"valueName\":\"search_term_string\"}}],\"inLanguage\":\"it-IT\"},{\"@type\":\"Organization\",\"@id\":\"https:\/\/www.visitmalinska.com\/#organization\",\"name\":\"TZO Malinska - Duba\u0161nica\",\"url\":\"https:\/\/www.visitmalinska.com\/\",\"logo\":{\"@type\":\"ImageObject\",\"inLanguage\":\"it-IT\",\"@id\":\"https:\/\/www.visitmalinska.com\/#\/schema\/logo\/image\/\",\"url\":\"https:\/\/www.visitmalinska.com\/wp-content\/uploads\/2019\/03\/malinska-logo-240.png\",\"contentUrl\":\"https:\/\/www.visitmalinska.com\/wp-content\/uploads\/2019\/03\/malinska-logo-240.png\",\"width\":1188,\"height\":241,\"caption\":\"TZO Malinska - Duba\u0161nica\"},\"image\":{\"@id\":\"https:\/\/www.visitmalinska.com\/#\/schema\/logo\/image\/\"},\"sameAs\":[\"https:\/\/www.facebook.com\/Malinska.Island.Krk\/\",\"https:\/\/www.instagram.com\/visitmalinska\/\"]}]}<\/script>\n<!-- \/ Yoast SEO plugin. -->","yoast_head_json":{"title":"Clima e posizione - TZO Malinska-Duba\u0161nica","robots":{"index":"index","follow":"follow","max-snippet":"max-snippet:-1","max-image-preview":"max-image-preview:large","max-video-preview":"max-video-preview:-1"},"canonical":"https:\/\/www.visitmalinska.com\/o-malinskoj\/klima-i-polozaj\/","og_locale":"it_IT","og_type":"article","og_title":"{:hr}Klima i polo\u017eaj{:}{:en}Climate and location{:}{:de}Klima und Lage{:}{:it}Clima e posizione{:}{:si}Klima in polo\u017eaj{:} - TZO Malinska-Duba\u0161nica","og_description":"Il territorio di Malinska e dintorni (Duba\u0161nica) \u00e8, in termini di clima, molto favorevole e offre le condizioni climatiche migliori di tutta l\u2019isola di Krk.","og_url":"https:\/\/www.visitmalinska.com\/o-malinskoj\/klima-i-polozaj\/","og_site_name":"TZO Malinska-Duba\u0161nica","article_publisher":"https:\/\/www.facebook.com\/Malinska.Island.Krk\/","article_modified_time":"2020-11-18T18:27:57+00:00","og_image":[{"url":"http:\/\/www.visitmalinska.com\/wp-content\/uploads\/2019\/08\/malinska-krk-mapa.jpg"}],"twitter_card":"summary_large_image","twitter_misc":{"Est. reading time":"9 minutes"},"schema":{"@context":"https:\/\/schema.org","@graph":[{"@type":"WebPage","@id":"https:\/\/www.visitmalinska.com\/o-malinskoj\/klima-i-polozaj\/","url":"https:\/\/www.visitmalinska.com\/o-malinskoj\/klima-i-polozaj\/","name":"{:hr}Klima i polo\u017eaj{:}{:en}Climate and location{:}{:de}Klima und Lage{:}{:it}Clima e posizione{:}{:si}Klima in polo\u017eaj{:} - TZO Malinska-Duba\u0161nica","isPartOf":{"@id":"https:\/\/www.visitmalinska.com\/#website"},"primaryImageOfPage":{"@id":"https:\/\/www.visitmalinska.com\/o-malinskoj\/klima-i-polozaj\/#primaryimage"},"image":{"@id":"https:\/\/www.visitmalinska.com\/o-malinskoj\/klima-i-polozaj\/#primaryimage"},"thumbnailUrl":"http:\/\/www.visitmalinska.com\/wp-content\/uploads\/2019\/08\/malinska-krk-mapa.jpg","datePublished":"2019-03-19T13:14:46+00:00","dateModified":"2020-11-18T18:27:57+00:00","breadcrumb":{"@id":"https:\/\/www.visitmalinska.com\/o-malinskoj\/klima-i-polozaj\/#breadcrumb"},"inLanguage":"it-IT","potentialAction":[{"@type":"ReadAction","target":["https:\/\/www.visitmalinska.com\/o-malinskoj\/klima-i-polozaj\/"]}]},{"@type":"ImageObject","inLanguage":"it-IT","@id":"https:\/\/www.visitmalinska.com\/o-malinskoj\/klima-i-polozaj\/#primaryimage","url":"http:\/\/www.visitmalinska.com\/wp-content\/uploads\/2019\/08\/malinska-krk-mapa.jpg","contentUrl":"http:\/\/www.visitmalinska.com\/wp-content\/uploads\/2019\/08\/malinska-krk-mapa.jpg"},{"@type":"BreadcrumbList","@id":"https:\/\/www.visitmalinska.com\/o-malinskoj\/klima-i-polozaj\/#breadcrumb","itemListElement":[{"@type":"ListItem","position":1,"name":"Po\u010detna stranica","item":"https:\/\/www.visitmalinska.com\/"},{"@type":"ListItem","position":2,"name":"O Malinski","item":"https:\/\/www.visitmalinska.com\/si\/o-malinski\/"},{"@type":"ListItem","position":3,"name":"Klima i polo\u017eaj"}]},{"@type":"WebSite","@id":"https:\/\/www.visitmalinska.com\/#website","url":"https:\/\/www.visitmalinska.com\/","name":"TZO Malinska-Duba\u0161nica","description":"","publisher":{"@id":"https:\/\/www.visitmalinska.com\/#organization"},"potentialAction":[{"@type":"SearchAction","target":{"@type":"EntryPoint","urlTemplate":"https:\/\/www.visitmalinska.com\/?s={search_term_string}"},"query-input":{"@type":"PropertyValueSpecification","valueRequired":true,"valueName":"search_term_string"}}],"inLanguage":"it-IT"},{"@type":"Organization","@id":"https:\/\/www.visitmalinska.com\/#organization","name":"TZO Malinska - Duba\u0161nica","url":"https:\/\/www.visitmalinska.com\/","logo":{"@type":"ImageObject","inLanguage":"it-IT","@id":"https:\/\/www.visitmalinska.com\/#\/schema\/logo\/image\/","url":"https:\/\/www.visitmalinska.com\/wp-content\/uploads\/2019\/03\/malinska-logo-240.png","contentUrl":"https:\/\/www.visitmalinska.com\/wp-content\/uploads\/2019\/03\/malinska-logo-240.png","width":1188,"height":241,"caption":"TZO Malinska - Duba\u0161nica"},"image":{"@id":"https:\/\/www.visitmalinska.com\/#\/schema\/logo\/image\/"},"sameAs":["https:\/\/www.facebook.com\/Malinska.Island.Krk\/","https:\/\/www.instagram.com\/visitmalinska\/"]}]}},"_links":{"self":[{"href":"https:\/\/www.visitmalinska.com\/it\/wp-json\/wp\/v2\/pages\/30096","targetHints":{"allow":["GET"]}}],"collection":[{"href":"https:\/\/www.visitmalinska.com\/it\/wp-json\/wp\/v2\/pages"}],"about":[{"href":"https:\/\/www.visitmalinska.com\/it\/wp-json\/wp\/v2\/types\/page"}],"author":[{"embeddable":true,"href":"https:\/\/www.visitmalinska.com\/it\/wp-json\/wp\/v2\/users\/1"}],"replies":[{"embeddable":true,"href":"https:\/\/www.visitmalinska.com\/it\/wp-json\/wp\/v2\/comments?post=30096"}],"version-history":[{"count":14,"href":"https:\/\/www.visitmalinska.com\/it\/wp-json\/wp\/v2\/pages\/30096\/revisions"}],"predecessor-version":[{"id":34538,"href":"https:\/\/www.visitmalinska.com\/it\/wp-json\/wp\/v2\/pages\/30096\/revisions\/34538"}],"up":[{"embeddable":true,"href":"https:\/\/www.visitmalinska.com\/it\/wp-json\/wp\/v2\/pages\/30084"}],"wp:attachment":[{"href":"https:\/\/www.visitmalinska.com\/it\/wp-json\/wp\/v2\/media?parent=30096"}],"curies":[{"name":"wp","href":"https:\/\/api.w.org\/{rel}","templated":true}]}}