{"id":37686,"date":"2022-09-07T09:55:26","date_gmt":"2022-09-07T07:55:26","guid":{"rendered":"https:\/\/www.visitmalinska.com\/?page_id=37686"},"modified":"2022-09-08T14:12:56","modified_gmt":"2022-09-08T12:12:56","slug":"podsjetnik-za-vikendase","status":"publish","type":"page","link":"https:\/\/www.visitmalinska.com\/en\/podsjetnik-za-vikendase\/","title":{"rendered":"Tourist Tax Reminder"},"content":{"rendered":"<p>[vc_row][vc_column][vc_column_text]<\/p>\n<p class=\"tw-data-text tw-text-large tw-ta\" dir=\"ltr\" data-placeholder=\"Prijevod\"><span class=\"Y2IQFc\" lang=\"en\"><img loading=\"lazy\" decoding=\"async\" class=\"aligncenter wp-image-37699 size-large\" src=\"https:\/\/www.visitmalinska.com\/wp-content\/uploads\/2022\/09\/TouristTaxReminder-1024x577.png\" alt=\"\" width=\"1024\" height=\"577\" srcset=\"https:\/\/www.visitmalinska.com\/wp-content\/uploads\/2022\/09\/TouristTaxReminder-1024x577.png 1024w, https:\/\/www.visitmalinska.com\/wp-content\/uploads\/2022\/09\/TouristTaxReminder-300x169.png 300w, https:\/\/www.visitmalinska.com\/wp-content\/uploads\/2022\/09\/TouristTaxReminder-768x433.png 768w, https:\/\/www.visitmalinska.com\/wp-content\/uploads\/2022\/09\/TouristTaxReminder.png 1640w\" sizes=\"auto, (max-width: 1024px) 100vw, 1024px\" \/><\/span><\/p>\n<p class=\"tw-data-text tw-text-large tw-ta\" dir=\"ltr\" data-placeholder=\"Prijevod\"><span class=\"Y2IQFc\" lang=\"en\">Dear owners of holiday homes, suites or apartments!<br \/>\n<\/span><\/p>\n<p class=\"tw-data-text tw-text-large tw-ta\" dir=\"ltr\" data-placeholder=\"Prijevod\"><span class=\"Y2IQFc\" lang=\"en\">Please check the balance of your debt in the eVisitor system and, if you haven&#8217;t already, pay the tourist tax as soon as possible. <\/span><\/p>\n<p class=\"tw-data-text tw-text-large tw-ta\" dir=\"ltr\" data-placeholder=\"Prijevod\"><span class=\"Y2IQFc\" lang=\"en\">Please note that according to the Tourist Tax Act (Official Gazette 52\/19, 32\/20 and 42\/20), you are required to pay the tourist tax by: <\/span><\/p>\n<ul>\n<li class=\"tw-data-text tw-text-large tw-ta\" dir=\"ltr\" data-placeholder=\"Prijevod\"><span class=\"Y2IQFc\" lang=\"en\">15.7. of the current year (flat rate)<br \/>\nor <\/span><\/li>\n<li class=\"tw-data-text tw-text-large tw-ta\" dir=\"ltr\" data-placeholder=\"Prijevod\"><span class=\"Y2IQFc\" lang=\"en\">until the last day of stay (payment per night). <\/span><\/li>\n<\/ul>\n<p>&nbsp;<\/p>\n<p><span class=\"Y2IQFc\" lang=\"en\">We are obliged to inform the competent State Inspectorate about all outstanding debts. <\/span><\/p>\n<p><span class=\"Y2IQFc\" lang=\"en\">Best regards,<br \/>\n<\/span><\/p>\n<p style=\"text-align: left;\">The Municipality of Malinska \u2013 Duba\u0161nica Tourist Board<\/p>\n<p>[\/vc_column_text][\/vc_column][\/vc_row][vc_row][vc_column][vc_btn title=&#8221;Tourist Tax Info&#8221; link=&#8221;url:https%3A%2F%2Fgov.hr%2Fen%2Ftourist-tax%2F1520||target:%20_blank|&#8221;][\/vc_column][\/vc_row][vc_row][vc_column][vc_tta_accordion style=&#8221;modern&#8221; color=&#8221;sky&#8221; active_section=&#8221;0&#8243; no_fill=&#8221;true&#8221; title=&#8221;Learn more&#8221;][vc_tta_section title=&#8221;Owners of Vacation Houses or Apartments&#8221; tab_id=&#8221;1662538134622-92b1decf-154e&#8221;][vc_column_text]Dear owners of vacation houses or apartments,<\/p>\n<p>we hereby remind you that you are obliged to register your stay and of the people who are staying in your apartment by yourself via eVisitor (national online information system) all year round.<\/p>\n<p>Check-in can be made by means of any device that has Internet access.<\/p>\n<ul>\n<li>If you still do not have the access information, we invite you to personally come to our Office in Malinska, at Obala 46 and present your title deed, OIB and ID card to collect your access data for the eVisitor system.<\/li>\n<li>If you are unable to come in person, you can authorise another person to collect your access data by presenting the power of attorney certified by a notary public. When collecting the access data the authorised person must present your title deed, your OIB, notarized power of attorney, copy of the owner\u2019s ID document and the original of his own ID document.<\/li>\n<li>If the <strong>company or firm<\/strong> owns the apartment, you also have to submit a copy of the Excerpt from the Commercial Court Register.<\/li>\n<\/ul>\n<p>The citizens of the non-EU and non-EEA countries that must be registered with the Ministry of Interior will automatically be registered via the eVisitor system.<\/p>\n<p>We would like to remind you that according to the Tourist Tax Act (Official Gazette 52\/19) you are obliged to register your stay and of all persons staying at your house or apartment within 24 hours. eVisitor system will enable you to generate and print a payment slip to pay for the period when such obligation exists.<\/p>\n<p>A vacation house or apartment is every building or apartment that is used occasionally or seasonally, does not fall in the category of the tourist accommodation object, and its owners do not have permanent residence in Malinska.<\/p>\n<p>In the period from 15 June to 15 September the owner and members of his immediate family must pay a tourist tax reduced by 70%, i.e. HRK 3.00 per person per day.<\/p>\n<p>Tourist tax can be paid in annual lump sum, which amounts to HRK 120.00 for each of the first two members and HRK 60.00 for each additional person, no later than July 15. This refers to Croatian citizens and citizens of the European Union.<\/p>\n<p>From 15 June to 15 September the citizens who do not have Croatian citizenship or the citizenship of an EU Member State must pay the full amount of the tourist tax in the amount of HRK 10.00 per person per night. During the rest of the year there is no obligation to pay tourist tax.<\/p>\n<p>\u200b\u200b\u200b\u200b\u200b\u200b\u200bPlease follow the above instructions. If the State inspectorate determines that you have not checked-in or checked-out the stay of your guests or and paid the tourist tax within a certain period, you will be subjected to a statutory fine (from 500,00 to 6000,00 HRK according to the Tourist Tax Act).[\/vc_column_text][\/vc_tta_section][vc_tta_section title=&#8221;Check whether you are required to pay tourist tax while staying in a certain tourist town or municipality, or if you are exempt&#8221; tab_id=&#8221;1662538134637-8a3c3bc5-cc67&#8243;][\/vc_tta_section][vc_tta_section title=&#8221;ADDITIONAL REMINDER&#8221; tab_id=&#8221;1662539063279-df13e22b-18e9&#8243;][vc_column_text]<\/p>\n<p class=\"page-paragraph\">A holiday house or a holiday apartment is considered every building or apartment that is used occasionally or seasonally, but does not belong to the category of tourist accommodation, and the owner\/owners do not possess permanent residence in the area of the Malinska-Duba\u0161nica Municipality.<\/p>\n<p>Pursuant to the Article 13 of the Tourist Tax Act, the owner and close family members who are citizens of the Republic of Croatia or citizens of the Contracting Parties of the Agreement on the European Economic Area (applies to EU Member States: Austria, Belgium, Cyprus, Czech Republic, Denmark, Estonia, Finland, France, Greece, Ireland, Italy, Latvia, Lithuania, Luxembourg, Hungary, Malta, the Netherlands, Germany, Poland, Portugal, Slovakia, Slovenia, Spain, and three EFTA States: Norway, Iceland and Liechtenstein, as well as the Swiss Confederacy) for their stay in the period between June 15th and September 15th pay the tourist tax per day of their stay (10,00 kuna) reduced by 70%, or they can choose to pay a flat rate which is due not later than July 15th of the current year as follows:<\/p>\n<table style=\"height: 231px;\" border=\"1\" width=\"510\">\n<tbody>\n<tr>\n<td><\/td>\n<td width=\"159\">\n<p class=\"page-paragraph\"><strong>The first two registered family members \u00a0\u00a0<\/strong> <strong>(per person)<\/strong><\/p>\n<\/td>\n<td width=\"227\">\n<p class=\"page-paragraph\"><strong>Each additional family member<\/strong><\/p>\n<\/td>\n<\/tr>\n<tr>\n<td width=\"143\">\n<p class=\"page-paragraph\"><strong>MUNICIPALITY OF MALINSKA-DUBA\u0160NICA<br \/>\n<\/strong><\/p>\n<\/td>\n<td width=\"159\">\n<p class=\"page-paragraph\"><strong>120.00 kn<\/strong><\/p>\n<\/td>\n<td width=\"227\">\n<p class=\"page-paragraph\"><strong>60.00 kn<\/strong><\/p>\n<\/td>\n<\/tr>\n<\/tbody>\n<\/table>\n<p>&nbsp;<\/p>\n<p class=\"page-paragraph\">Citizens who do not have Croatian citizenship or citizenship of the EU Member States in the period from June 15th till September 15th must pay the tourist tax in full amount of 10,00 kuna per night and person.<\/p>\n<p class=\"page-paragraph\">Tourist tax exemptions:<\/p>\n<ol>\n<li class=\"page-paragraph\">Children up to 12 years old<\/li>\n<li class=\"page-paragraph\">Persons with disability rating 70% and more plus one accompanying person.<\/li>\n<\/ol>\n<p class=\"page-paragraph\">Tourist tax reduced by 50%:<\/p>\n<ol>\n<li class=\"page-paragraph\">Persons from 12 to 18 years of age.<\/li>\n<\/ol>\n<p class=\"page-paragraph\">The provision of the Article 33 of the Law on Catering Activities states that if more than 15 persons who are not close family members stay in a holiday apartment or a holiday house in the period between June 15th and September 15th, it is considered that the owner provides hospitality services to citizens in his\/her household. According to the Article 33 of the above-mentioned Law, the owner is obliged to obtain a corresponding document regarding the provision of hospitality services in the household issued by the competent office. If he\/she fails to do so, he\/she becomes subject to criminal liability.<\/p>\n<p>We kindly remind you to follow these instructions. Otherwise, if the supervision of the State inspectorate determines that you have not reported or checked out the stay, or have not paid the tourist tax in due time, you are subject to the fines prescribed by Law.<\/p>\n<p>Please do not hesitate to contact us for any additional information.[\/vc_column_text][\/vc_tta_section][\/vc_tta_accordion][\/vc_column][\/vc_row]<\/p>\n","protected":false},"excerpt":{"rendered":"<p>[vc_row][vc_column][vc_column_text] Dear owners of holiday homes, suites or apartments! Please check the balance of your debt in the eVisitor system&#8230;<\/p>\n","protected":false},"author":2,"featured_media":37694,"parent":0,"menu_order":0,"comment_status":"closed","ping_status":"closed","template":"","meta":{"footnotes":""},"class_list":["post-37686","page","type-page","status-publish","has-post-thumbnail"],"acf":[],"yoast_head":"<!-- This site is optimized with the Yoast SEO plugin v23.5 - https:\/\/yoast.com\/wordpress\/plugins\/seo\/ -->\n<title>Tourist Tax Reminder - TZO Malinska-Duba\u0161nica<\/title>\n<meta name=\"robots\" content=\"index, follow, max-snippet:-1, max-image-preview:large, max-video-preview:-1\" \/>\n<link rel=\"canonical\" href=\"https:\/\/www.visitmalinska.com\/podsjetnik-za-vikendase\/\" \/>\n<meta property=\"og:locale\" content=\"en_US\" \/>\n<meta property=\"og:type\" content=\"article\" \/>\n<meta property=\"og:title\" content=\"{:hr}Podsjetnik za vikenda\u0161e{:}{:en}Tourist Tax Reminder{:}{:de}Kurtaxe - Zahlungserinnerung{:}{:it}IL AVVISO PER LA TASSA DI SOGGIORNO{:}{:si}Opomnik za pla\u010dilo turisti\u010dne takse{:} - TZO Malinska-Duba\u0161nica\" \/>\n<meta property=\"og:description\" content=\"[vc_row][vc_column][vc_column_text] Dear owners of holiday homes, suites or apartments! Please check the balance of your debt in the eVisitor system...\" \/>\n<meta property=\"og:url\" content=\"https:\/\/www.visitmalinska.com\/podsjetnik-za-vikendase\/\" \/>\n<meta property=\"og:site_name\" content=\"TZO Malinska-Duba\u0161nica\" \/>\n<meta property=\"article:publisher\" content=\"https:\/\/www.facebook.com\/Malinska.Island.Krk\/\" \/>\n<meta property=\"article:modified_time\" content=\"2022-09-08T12:12:56+00:00\" \/>\n<meta property=\"og:image\" content=\"https:\/\/www.visitmalinska.com\/wp-content\/uploads\/2022\/09\/PodsjetnikZaVikenda\u0161e2022.png\" \/>\n\t<meta property=\"og:image:width\" content=\"1640\" \/>\n\t<meta property=\"og:image:height\" content=\"924\" \/>\n\t<meta property=\"og:image:type\" content=\"image\/png\" \/>\n<meta name=\"twitter:card\" content=\"summary_large_image\" \/>\n<meta name=\"twitter:label1\" content=\"Est. reading time\" \/>\n\t<meta name=\"twitter:data1\" content=\"20 minutes\" \/>\n<script type=\"application\/ld+json\" class=\"yoast-schema-graph\">{\"@context\":\"https:\/\/schema.org\",\"@graph\":[{\"@type\":\"WebPage\",\"@id\":\"https:\/\/www.visitmalinska.com\/podsjetnik-za-vikendase\/\",\"url\":\"https:\/\/www.visitmalinska.com\/podsjetnik-za-vikendase\/\",\"name\":\"{:hr}Podsjetnik za vikenda\u0161e{:}{:en}Tourist Tax Reminder{:}{:de}Kurtaxe - Zahlungserinnerung{:}{:it}IL AVVISO PER LA TASSA DI SOGGIORNO{:}{:si}Opomnik za pla\u010dilo turisti\u010dne takse{:} - TZO Malinska-Duba\u0161nica\",\"isPartOf\":{\"@id\":\"https:\/\/www.visitmalinska.com\/#website\"},\"primaryImageOfPage\":{\"@id\":\"https:\/\/www.visitmalinska.com\/podsjetnik-za-vikendase\/#primaryimage\"},\"image\":{\"@id\":\"https:\/\/www.visitmalinska.com\/podsjetnik-za-vikendase\/#primaryimage\"},\"thumbnailUrl\":\"https:\/\/www.visitmalinska.com\/wp-content\/uploads\/2022\/09\/PodsjetnikZaVikenda\u0161e2022.png\",\"datePublished\":\"2022-09-07T07:55:26+00:00\",\"dateModified\":\"2022-09-08T12:12:56+00:00\",\"breadcrumb\":{\"@id\":\"https:\/\/www.visitmalinska.com\/podsjetnik-za-vikendase\/#breadcrumb\"},\"inLanguage\":\"en-US\",\"potentialAction\":[{\"@type\":\"ReadAction\",\"target\":[\"https:\/\/www.visitmalinska.com\/podsjetnik-za-vikendase\/\"]}]},{\"@type\":\"ImageObject\",\"inLanguage\":\"en-US\",\"@id\":\"https:\/\/www.visitmalinska.com\/podsjetnik-za-vikendase\/#primaryimage\",\"url\":\"https:\/\/www.visitmalinska.com\/wp-content\/uploads\/2022\/09\/PodsjetnikZaVikenda\u0161e2022.png\",\"contentUrl\":\"https:\/\/www.visitmalinska.com\/wp-content\/uploads\/2022\/09\/PodsjetnikZaVikenda\u0161e2022.png\",\"width\":1640,\"height\":924},{\"@type\":\"BreadcrumbList\",\"@id\":\"https:\/\/www.visitmalinska.com\/podsjetnik-za-vikendase\/#breadcrumb\",\"itemListElement\":[{\"@type\":\"ListItem\",\"position\":1,\"name\":\"Po\u010detna stranica\",\"item\":\"https:\/\/www.visitmalinska.com\/\"},{\"@type\":\"ListItem\",\"position\":2,\"name\":\"Podsjetnik za vikenda\u0161e\"}]},{\"@type\":\"WebSite\",\"@id\":\"https:\/\/www.visitmalinska.com\/#website\",\"url\":\"https:\/\/www.visitmalinska.com\/\",\"name\":\"TZO Malinska-Duba\u0161nica\",\"description\":\"\",\"publisher\":{\"@id\":\"https:\/\/www.visitmalinska.com\/#organization\"},\"potentialAction\":[{\"@type\":\"SearchAction\",\"target\":{\"@type\":\"EntryPoint\",\"urlTemplate\":\"https:\/\/www.visitmalinska.com\/?s={search_term_string}\"},\"query-input\":{\"@type\":\"PropertyValueSpecification\",\"valueRequired\":true,\"valueName\":\"search_term_string\"}}],\"inLanguage\":\"en-US\"},{\"@type\":\"Organization\",\"@id\":\"https:\/\/www.visitmalinska.com\/#organization\",\"name\":\"TZO Malinska - Duba\u0161nica\",\"url\":\"https:\/\/www.visitmalinska.com\/\",\"logo\":{\"@type\":\"ImageObject\",\"inLanguage\":\"en-US\",\"@id\":\"https:\/\/www.visitmalinska.com\/#\/schema\/logo\/image\/\",\"url\":\"https:\/\/www.visitmalinska.com\/wp-content\/uploads\/2019\/03\/malinska-logo-240.png\",\"contentUrl\":\"https:\/\/www.visitmalinska.com\/wp-content\/uploads\/2019\/03\/malinska-logo-240.png\",\"width\":1188,\"height\":241,\"caption\":\"TZO Malinska - Duba\u0161nica\"},\"image\":{\"@id\":\"https:\/\/www.visitmalinska.com\/#\/schema\/logo\/image\/\"},\"sameAs\":[\"https:\/\/www.facebook.com\/Malinska.Island.Krk\/\",\"https:\/\/www.instagram.com\/visitmalinska\/\"]}]}<\/script>\n<!-- \/ Yoast SEO plugin. -->","yoast_head_json":{"title":"Tourist Tax Reminder - TZO Malinska-Duba\u0161nica","robots":{"index":"index","follow":"follow","max-snippet":"max-snippet:-1","max-image-preview":"max-image-preview:large","max-video-preview":"max-video-preview:-1"},"canonical":"https:\/\/www.visitmalinska.com\/podsjetnik-za-vikendase\/","og_locale":"en_US","og_type":"article","og_title":"{:hr}Podsjetnik za vikenda\u0161e{:}{:en}Tourist Tax Reminder{:}{:de}Kurtaxe - Zahlungserinnerung{:}{:it}IL AVVISO PER LA TASSA DI SOGGIORNO{:}{:si}Opomnik za pla\u010dilo turisti\u010dne takse{:} - TZO Malinska-Duba\u0161nica","og_description":"[vc_row][vc_column][vc_column_text] Dear owners of holiday homes, suites or apartments! Please check the balance of your debt in the eVisitor system...","og_url":"https:\/\/www.visitmalinska.com\/podsjetnik-za-vikendase\/","og_site_name":"TZO Malinska-Duba\u0161nica","article_publisher":"https:\/\/www.facebook.com\/Malinska.Island.Krk\/","article_modified_time":"2022-09-08T12:12:56+00:00","og_image":[{"width":1640,"height":924,"url":"https:\/\/www.visitmalinska.com\/wp-content\/uploads\/2022\/09\/PodsjetnikZaVikenda\u0161e2022.png","type":"image\/png"}],"twitter_card":"summary_large_image","twitter_misc":{"Est. reading time":"20 minutes"},"schema":{"@context":"https:\/\/schema.org","@graph":[{"@type":"WebPage","@id":"https:\/\/www.visitmalinska.com\/podsjetnik-za-vikendase\/","url":"https:\/\/www.visitmalinska.com\/podsjetnik-za-vikendase\/","name":"{:hr}Podsjetnik za vikenda\u0161e{:}{:en}Tourist Tax Reminder{:}{:de}Kurtaxe - Zahlungserinnerung{:}{:it}IL AVVISO PER LA TASSA DI SOGGIORNO{:}{:si}Opomnik za pla\u010dilo turisti\u010dne takse{:} - TZO Malinska-Duba\u0161nica","isPartOf":{"@id":"https:\/\/www.visitmalinska.com\/#website"},"primaryImageOfPage":{"@id":"https:\/\/www.visitmalinska.com\/podsjetnik-za-vikendase\/#primaryimage"},"image":{"@id":"https:\/\/www.visitmalinska.com\/podsjetnik-za-vikendase\/#primaryimage"},"thumbnailUrl":"https:\/\/www.visitmalinska.com\/wp-content\/uploads\/2022\/09\/PodsjetnikZaVikenda\u0161e2022.png","datePublished":"2022-09-07T07:55:26+00:00","dateModified":"2022-09-08T12:12:56+00:00","breadcrumb":{"@id":"https:\/\/www.visitmalinska.com\/podsjetnik-za-vikendase\/#breadcrumb"},"inLanguage":"en-US","potentialAction":[{"@type":"ReadAction","target":["https:\/\/www.visitmalinska.com\/podsjetnik-za-vikendase\/"]}]},{"@type":"ImageObject","inLanguage":"en-US","@id":"https:\/\/www.visitmalinska.com\/podsjetnik-za-vikendase\/#primaryimage","url":"https:\/\/www.visitmalinska.com\/wp-content\/uploads\/2022\/09\/PodsjetnikZaVikenda\u0161e2022.png","contentUrl":"https:\/\/www.visitmalinska.com\/wp-content\/uploads\/2022\/09\/PodsjetnikZaVikenda\u0161e2022.png","width":1640,"height":924},{"@type":"BreadcrumbList","@id":"https:\/\/www.visitmalinska.com\/podsjetnik-za-vikendase\/#breadcrumb","itemListElement":[{"@type":"ListItem","position":1,"name":"Po\u010detna stranica","item":"https:\/\/www.visitmalinska.com\/"},{"@type":"ListItem","position":2,"name":"Podsjetnik za vikenda\u0161e"}]},{"@type":"WebSite","@id":"https:\/\/www.visitmalinska.com\/#website","url":"https:\/\/www.visitmalinska.com\/","name":"TZO Malinska-Duba\u0161nica","description":"","publisher":{"@id":"https:\/\/www.visitmalinska.com\/#organization"},"potentialAction":[{"@type":"SearchAction","target":{"@type":"EntryPoint","urlTemplate":"https:\/\/www.visitmalinska.com\/?s={search_term_string}"},"query-input":{"@type":"PropertyValueSpecification","valueRequired":true,"valueName":"search_term_string"}}],"inLanguage":"en-US"},{"@type":"Organization","@id":"https:\/\/www.visitmalinska.com\/#organization","name":"TZO Malinska - Duba\u0161nica","url":"https:\/\/www.visitmalinska.com\/","logo":{"@type":"ImageObject","inLanguage":"en-US","@id":"https:\/\/www.visitmalinska.com\/#\/schema\/logo\/image\/","url":"https:\/\/www.visitmalinska.com\/wp-content\/uploads\/2019\/03\/malinska-logo-240.png","contentUrl":"https:\/\/www.visitmalinska.com\/wp-content\/uploads\/2019\/03\/malinska-logo-240.png","width":1188,"height":241,"caption":"TZO Malinska - Duba\u0161nica"},"image":{"@id":"https:\/\/www.visitmalinska.com\/#\/schema\/logo\/image\/"},"sameAs":["https:\/\/www.facebook.com\/Malinska.Island.Krk\/","https:\/\/www.instagram.com\/visitmalinska\/"]}]}},"_links":{"self":[{"href":"https:\/\/www.visitmalinska.com\/en\/wp-json\/wp\/v2\/pages\/37686","targetHints":{"allow":["GET"]}}],"collection":[{"href":"https:\/\/www.visitmalinska.com\/en\/wp-json\/wp\/v2\/pages"}],"about":[{"href":"https:\/\/www.visitmalinska.com\/en\/wp-json\/wp\/v2\/types\/page"}],"author":[{"embeddable":true,"href":"https:\/\/www.visitmalinska.com\/en\/wp-json\/wp\/v2\/users\/2"}],"replies":[{"embeddable":true,"href":"https:\/\/www.visitmalinska.com\/en\/wp-json\/wp\/v2\/comments?post=37686"}],"version-history":[{"count":17,"href":"https:\/\/www.visitmalinska.com\/en\/wp-json\/wp\/v2\/pages\/37686\/revisions"}],"predecessor-version":[{"id":37723,"href":"https:\/\/www.visitmalinska.com\/en\/wp-json\/wp\/v2\/pages\/37686\/revisions\/37723"}],"wp:featuredmedia":[{"embeddable":true,"href":"https:\/\/www.visitmalinska.com\/en\/wp-json\/wp\/v2\/media\/37694"}],"wp:attachment":[{"href":"https:\/\/www.visitmalinska.com\/en\/wp-json\/wp\/v2\/media?parent=37686"}],"curies":[{"name":"wp","href":"https:\/\/api.w.org\/{rel}","templated":true}]}}