{"id":34953,"date":"2021-02-26T13:46:35","date_gmt":"2021-02-26T11:46:35","guid":{"rendered":"https:\/\/www.visitmalinska.com\/?page_id=34953"},"modified":"2022-03-24T13:40:23","modified_gmt":"2022-03-24T11:40:23","slug":"camino-krk","status":"publish","type":"page","link":"https:\/\/www.visitmalinska.com\/en\/malinska-for-all\/camino-krk\/","title":{"rendered":"Camino Krk"},"content":{"rendered":"<p>[vc_row][vc_column][vc_column_text]<img loading=\"lazy\" decoding=\"async\" class=\"aligncenter wp-image-35040 size-medium\" src=\"https:\/\/www.visitmalinska.com\/wp-content\/uploads\/2021\/02\/CAMINO-Krk_logo_CMYK-300x102.png\" alt=\"\" width=\"300\" height=\"102\" srcset=\"https:\/\/www.visitmalinska.com\/wp-content\/uploads\/2021\/02\/CAMINO-Krk_logo_CMYK-300x102.png 300w, https:\/\/www.visitmalinska.com\/wp-content\/uploads\/2021\/02\/CAMINO-Krk_logo_CMYK-768x260.png 768w, https:\/\/www.visitmalinska.com\/wp-content\/uploads\/2021\/02\/CAMINO-Krk_logo_CMYK.png 945w\" sizes=\"auto, (max-width: 300px) 100vw, 300px\" \/><\/p>\n<h4 class=\"news-title\">DISCOVER CAMINO ROUTE ON ISLAND OF KRK<\/h4>\n<p>Following in the tradition of Croatian Confraternities of St. James that have been helping pilgrims on their way to Santiago de Compostela since 1203. , the Croatian Confraternity of St. James has started with the revitalization of medieval pilgrimage routes leading to Santiago de Compostela.<\/p>\n<p>The island of Krk has been chosen as the first section of the Croatian Camino route to be officially marked with yellow arrows (customized with a Croatian traditional symbols) . Official Croatian credential (pilgrim passport) with Camino stamps reflecting the local cultural heritage is available for all pilgrims who\u2019d like to discover this new addition to European network of Camino routes.[\/vc_column_text][\/vc_column][\/vc_row][vc_row][vc_column][vc_btn title=&#8221;More information&#8221; color=&#8221;vista-blue&#8221; link=&#8221;url:https%3A%2F%2Fcaminocroatia.com%2Fcamino-krk%2F||target:%20_blank|&#8221;][\/vc_column][\/vc_row][vc_row][vc_column][vc_images_carousel images=&#8221;35787,35026,35025,35786&#8243;][\/vc_column][\/vc_row]<\/p>\n","protected":false},"excerpt":{"rendered":"<p>Priklju\u010dite se projektu Camino Krk i promovirajte svoju turisti\u010dku ponudu i van ljetne sezone.<\/p>\n","protected":false},"author":1,"featured_media":35039,"parent":30090,"menu_order":0,"comment_status":"closed","ping_status":"closed","template":"","meta":{"footnotes":""},"class_list":["post-34953","page","type-page","status-publish","has-post-thumbnail"],"acf":[],"yoast_head":"<!-- This site is optimized with the Yoast SEO plugin v23.5 - https:\/\/yoast.com\/wordpress\/plugins\/seo\/ -->\n<title>Camino Krk - TZO Malinska-Duba\u0161nica<\/title>\n<meta name=\"description\" content=\"The beaches of Malinska and the island of Krk are considered to be among the finest in Croatia.\" \/>\n<meta name=\"robots\" content=\"index, follow, max-snippet:-1, max-image-preview:large, max-video-preview:-1\" \/>\n<link rel=\"canonical\" href=\"https:\/\/www.visitmalinska.com\/malinska-za-sve\/camino-krk\/\" \/>\n<meta property=\"og:locale\" content=\"en_US\" \/>\n<meta property=\"og:type\" content=\"article\" \/>\n<meta property=\"og:title\" content=\"{:hr}Camino Krk{:}{:en}Camino Krk{:}{:de}Camino Krk{:}{:it}Camino Krk{:}{:si}Camino Krk{:} - TZO Malinska-Duba\u0161nica\" \/>\n<meta property=\"og:description\" content=\"{:hr}Priklju\u010dite se projektu Camino Krk i promovirajte svoju turisti\u010dku ponudu i van ljetne sezone.{:}{:en}The beaches of Malinska and the island of Krk are considered to be among the finest in Croatia.{:}\" \/>\n<meta property=\"og:url\" content=\"https:\/\/www.visitmalinska.com\/malinska-za-sve\/camino-krk\/\" \/>\n<meta property=\"og:site_name\" content=\"TZO Malinska-Duba\u0161nica\" \/>\n<meta property=\"article:publisher\" content=\"https:\/\/www.facebook.com\/Malinska.Island.Krk\/\" \/>\n<meta property=\"article:modified_time\" content=\"2022-03-24T11:40:23+00:00\" \/>\n<meta property=\"og:image\" content=\"https:\/\/www.visitmalinska.com\/wp-content\/uploads\/2019\/09\/plaze-facebook.jpg\" \/>\n\t<meta property=\"og:image:width\" content=\"1200\" \/>\n\t<meta property=\"og:image:height\" content=\"630\" \/>\n\t<meta property=\"og:image:type\" content=\"image\/jpeg\" \/>\n<meta name=\"twitter:card\" content=\"summary_large_image\" \/>\n<meta name=\"twitter:image\" content=\"https:\/\/www.visitmalinska.com\/wp-content\/uploads\/2019\/09\/plaze-twitter.jpg\" \/>\n<meta name=\"twitter:label1\" content=\"Est. reading time\" \/>\n\t<meta name=\"twitter:data1\" content=\"8 minutes\" \/>\n<script type=\"application\/ld+json\" class=\"yoast-schema-graph\">{\"@context\":\"https:\/\/schema.org\",\"@graph\":[{\"@type\":\"WebPage\",\"@id\":\"https:\/\/www.visitmalinska.com\/malinska-za-sve\/camino-krk\/\",\"url\":\"https:\/\/www.visitmalinska.com\/malinska-za-sve\/camino-krk\/\",\"name\":\"{:hr}Camino Krk{:}{:en}Camino Krk{:}{:de}Camino Krk{:}{:it}Camino Krk{:}{:si}Camino Krk{:} - TZO Malinska-Duba\u0161nica\",\"isPartOf\":{\"@id\":\"https:\/\/www.visitmalinska.com\/#website\"},\"primaryImageOfPage\":{\"@id\":\"https:\/\/www.visitmalinska.com\/malinska-za-sve\/camino-krk\/#primaryimage\"},\"image\":{\"@id\":\"https:\/\/www.visitmalinska.com\/malinska-za-sve\/camino-krk\/#primaryimage\"},\"thumbnailUrl\":\"https:\/\/www.visitmalinska.com\/wp-content\/uploads\/2021\/02\/CAMINO-Krk_logotip_CMYK.png\",\"datePublished\":\"2021-02-26T11:46:35+00:00\",\"dateModified\":\"2022-03-24T11:40:23+00:00\",\"description\":\"{:hr}Priklju\u010dite se projektu Camino Krk i promovirajte svoju turisti\u010dku ponudu i van ljetne sezone.{:}{:en}The beaches of Malinska and the island of Krk are considered to be among the finest in Croatia.{:}\",\"breadcrumb\":{\"@id\":\"https:\/\/www.visitmalinska.com\/malinska-za-sve\/camino-krk\/#breadcrumb\"},\"inLanguage\":\"en-US\",\"potentialAction\":[{\"@type\":\"ReadAction\",\"target\":[\"https:\/\/www.visitmalinska.com\/malinska-za-sve\/camino-krk\/\"]}]},{\"@type\":\"ImageObject\",\"inLanguage\":\"en-US\",\"@id\":\"https:\/\/www.visitmalinska.com\/malinska-za-sve\/camino-krk\/#primaryimage\",\"url\":\"https:\/\/www.visitmalinska.com\/wp-content\/uploads\/2021\/02\/CAMINO-Krk_logotip_CMYK.png\",\"contentUrl\":\"https:\/\/www.visitmalinska.com\/wp-content\/uploads\/2021\/02\/CAMINO-Krk_logotip_CMYK.png\",\"width\":945,\"height\":681},{\"@type\":\"BreadcrumbList\",\"@id\":\"https:\/\/www.visitmalinska.com\/malinska-za-sve\/camino-krk\/#breadcrumb\",\"itemListElement\":[{\"@type\":\"ListItem\",\"position\":1,\"name\":\"Po\u010detna stranica\",\"item\":\"https:\/\/www.visitmalinska.com\/\"},{\"@type\":\"ListItem\",\"position\":2,\"name\":\"Malinska za sve\",\"item\":\"https:\/\/www.visitmalinska.com\/malinska-za-sve\/\"},{\"@type\":\"ListItem\",\"position\":3,\"name\":\"Camino Krk\"}]},{\"@type\":\"WebSite\",\"@id\":\"https:\/\/www.visitmalinska.com\/#website\",\"url\":\"https:\/\/www.visitmalinska.com\/\",\"name\":\"TZO Malinska-Duba\u0161nica\",\"description\":\"\",\"publisher\":{\"@id\":\"https:\/\/www.visitmalinska.com\/#organization\"},\"potentialAction\":[{\"@type\":\"SearchAction\",\"target\":{\"@type\":\"EntryPoint\",\"urlTemplate\":\"https:\/\/www.visitmalinska.com\/?s={search_term_string}\"},\"query-input\":{\"@type\":\"PropertyValueSpecification\",\"valueRequired\":true,\"valueName\":\"search_term_string\"}}],\"inLanguage\":\"en-US\"},{\"@type\":\"Organization\",\"@id\":\"https:\/\/www.visitmalinska.com\/#organization\",\"name\":\"TZO Malinska - Duba\u0161nica\",\"url\":\"https:\/\/www.visitmalinska.com\/\",\"logo\":{\"@type\":\"ImageObject\",\"inLanguage\":\"en-US\",\"@id\":\"https:\/\/www.visitmalinska.com\/#\/schema\/logo\/image\/\",\"url\":\"https:\/\/www.visitmalinska.com\/wp-content\/uploads\/2019\/03\/malinska-logo-240.png\",\"contentUrl\":\"https:\/\/www.visitmalinska.com\/wp-content\/uploads\/2019\/03\/malinska-logo-240.png\",\"width\":1188,\"height\":241,\"caption\":\"TZO Malinska - Duba\u0161nica\"},\"image\":{\"@id\":\"https:\/\/www.visitmalinska.com\/#\/schema\/logo\/image\/\"},\"sameAs\":[\"https:\/\/www.facebook.com\/Malinska.Island.Krk\/\",\"https:\/\/www.instagram.com\/visitmalinska\/\"]}]}<\/script>\n<!-- \/ Yoast SEO plugin. -->","yoast_head_json":{"title":"Camino Krk - TZO Malinska-Duba\u0161nica","description":"The beaches of Malinska and the island of Krk are considered to be among the finest in Croatia.","robots":{"index":"index","follow":"follow","max-snippet":"max-snippet:-1","max-image-preview":"max-image-preview:large","max-video-preview":"max-video-preview:-1"},"canonical":"https:\/\/www.visitmalinska.com\/malinska-za-sve\/camino-krk\/","og_locale":"en_US","og_type":"article","og_title":"{:hr}Camino Krk{:}{:en}Camino Krk{:}{:de}Camino Krk{:}{:it}Camino Krk{:}{:si}Camino Krk{:} - TZO Malinska-Duba\u0161nica","og_description":"{:hr}Priklju\u010dite se projektu Camino Krk i promovirajte svoju turisti\u010dku ponudu i van ljetne sezone.{:}{:en}The beaches of Malinska and the island of Krk are considered to be among the finest in Croatia.{:}","og_url":"https:\/\/www.visitmalinska.com\/malinska-za-sve\/camino-krk\/","og_site_name":"TZO Malinska-Duba\u0161nica","article_publisher":"https:\/\/www.facebook.com\/Malinska.Island.Krk\/","article_modified_time":"2022-03-24T11:40:23+00:00","og_image":[{"width":1200,"height":630,"url":"https:\/\/www.visitmalinska.com\/wp-content\/uploads\/2019\/09\/plaze-facebook.jpg","type":"image\/jpeg"}],"twitter_card":"summary_large_image","twitter_image":"https:\/\/www.visitmalinska.com\/wp-content\/uploads\/2019\/09\/plaze-twitter.jpg","twitter_misc":{"Est. reading time":"8 minutes"},"schema":{"@context":"https:\/\/schema.org","@graph":[{"@type":"WebPage","@id":"https:\/\/www.visitmalinska.com\/malinska-za-sve\/camino-krk\/","url":"https:\/\/www.visitmalinska.com\/malinska-za-sve\/camino-krk\/","name":"{:hr}Camino Krk{:}{:en}Camino Krk{:}{:de}Camino Krk{:}{:it}Camino Krk{:}{:si}Camino Krk{:} - TZO Malinska-Duba\u0161nica","isPartOf":{"@id":"https:\/\/www.visitmalinska.com\/#website"},"primaryImageOfPage":{"@id":"https:\/\/www.visitmalinska.com\/malinska-za-sve\/camino-krk\/#primaryimage"},"image":{"@id":"https:\/\/www.visitmalinska.com\/malinska-za-sve\/camino-krk\/#primaryimage"},"thumbnailUrl":"https:\/\/www.visitmalinska.com\/wp-content\/uploads\/2021\/02\/CAMINO-Krk_logotip_CMYK.png","datePublished":"2021-02-26T11:46:35+00:00","dateModified":"2022-03-24T11:40:23+00:00","description":"{:hr}Priklju\u010dite se projektu Camino Krk i promovirajte svoju turisti\u010dku ponudu i van ljetne sezone.{:}{:en}The beaches of Malinska and the island of Krk are considered to be among the finest in Croatia.{:}","breadcrumb":{"@id":"https:\/\/www.visitmalinska.com\/malinska-za-sve\/camino-krk\/#breadcrumb"},"inLanguage":"en-US","potentialAction":[{"@type":"ReadAction","target":["https:\/\/www.visitmalinska.com\/malinska-za-sve\/camino-krk\/"]}]},{"@type":"ImageObject","inLanguage":"en-US","@id":"https:\/\/www.visitmalinska.com\/malinska-za-sve\/camino-krk\/#primaryimage","url":"https:\/\/www.visitmalinska.com\/wp-content\/uploads\/2021\/02\/CAMINO-Krk_logotip_CMYK.png","contentUrl":"https:\/\/www.visitmalinska.com\/wp-content\/uploads\/2021\/02\/CAMINO-Krk_logotip_CMYK.png","width":945,"height":681},{"@type":"BreadcrumbList","@id":"https:\/\/www.visitmalinska.com\/malinska-za-sve\/camino-krk\/#breadcrumb","itemListElement":[{"@type":"ListItem","position":1,"name":"Po\u010detna stranica","item":"https:\/\/www.visitmalinska.com\/"},{"@type":"ListItem","position":2,"name":"Malinska za sve","item":"https:\/\/www.visitmalinska.com\/malinska-za-sve\/"},{"@type":"ListItem","position":3,"name":"Camino Krk"}]},{"@type":"WebSite","@id":"https:\/\/www.visitmalinska.com\/#website","url":"https:\/\/www.visitmalinska.com\/","name":"TZO Malinska-Duba\u0161nica","description":"","publisher":{"@id":"https:\/\/www.visitmalinska.com\/#organization"},"potentialAction":[{"@type":"SearchAction","target":{"@type":"EntryPoint","urlTemplate":"https:\/\/www.visitmalinska.com\/?s={search_term_string}"},"query-input":{"@type":"PropertyValueSpecification","valueRequired":true,"valueName":"search_term_string"}}],"inLanguage":"en-US"},{"@type":"Organization","@id":"https:\/\/www.visitmalinska.com\/#organization","name":"TZO Malinska - Duba\u0161nica","url":"https:\/\/www.visitmalinska.com\/","logo":{"@type":"ImageObject","inLanguage":"en-US","@id":"https:\/\/www.visitmalinska.com\/#\/schema\/logo\/image\/","url":"https:\/\/www.visitmalinska.com\/wp-content\/uploads\/2019\/03\/malinska-logo-240.png","contentUrl":"https:\/\/www.visitmalinska.com\/wp-content\/uploads\/2019\/03\/malinska-logo-240.png","width":1188,"height":241,"caption":"TZO Malinska - Duba\u0161nica"},"image":{"@id":"https:\/\/www.visitmalinska.com\/#\/schema\/logo\/image\/"},"sameAs":["https:\/\/www.facebook.com\/Malinska.Island.Krk\/","https:\/\/www.instagram.com\/visitmalinska\/"]}]}},"_links":{"self":[{"href":"https:\/\/www.visitmalinska.com\/en\/wp-json\/wp\/v2\/pages\/34953","targetHints":{"allow":["GET"]}}],"collection":[{"href":"https:\/\/www.visitmalinska.com\/en\/wp-json\/wp\/v2\/pages"}],"about":[{"href":"https:\/\/www.visitmalinska.com\/en\/wp-json\/wp\/v2\/types\/page"}],"author":[{"embeddable":true,"href":"https:\/\/www.visitmalinska.com\/en\/wp-json\/wp\/v2\/users\/1"}],"replies":[{"embeddable":true,"href":"https:\/\/www.visitmalinska.com\/en\/wp-json\/wp\/v2\/comments?post=34953"}],"version-history":[{"count":87,"href":"https:\/\/www.visitmalinska.com\/en\/wp-json\/wp\/v2\/pages\/34953\/revisions"}],"predecessor-version":[{"id":37168,"href":"https:\/\/www.visitmalinska.com\/en\/wp-json\/wp\/v2\/pages\/34953\/revisions\/37168"}],"up":[{"embeddable":true,"href":"https:\/\/www.visitmalinska.com\/en\/wp-json\/wp\/v2\/pages\/30090"}],"wp:featuredmedia":[{"embeddable":true,"href":"https:\/\/www.visitmalinska.com\/en\/wp-json\/wp\/v2\/media\/35039"}],"wp:attachment":[{"href":"https:\/\/www.visitmalinska.com\/en\/wp-json\/wp\/v2\/media?parent=34953"}],"curies":[{"name":"wp","href":"https:\/\/api.w.org\/{rel}","templated":true}]}}