{"id":32900,"date":"2019-11-03T17:52:15","date_gmt":"2019-11-03T15:52:15","guid":{"rendered":"https:\/\/www.visitmalinska.com\/?page_id=32900"},"modified":"2019-12-12T11:54:41","modified_gmt":"2019-12-12T09:54:41","slug":"samostan-franjevaca-trecoredaca-u-portu","status":"publish","type":"page","link":"https:\/\/www.visitmalinska.com\/en\/cultural-heritage\/the-franciscan-monastery-of-the-third-order\/","title":{"rendered":"The Franciscan Monastery of the Third Order"},"content":{"rendered":"<p>[vc_row][vc_column]<div id=\"fullwidth-block-69cffa3377ff3\" class=\"fullwidth-block clearfix\"  style=\"background-color: #1c8cce;\"><script type=\"text\/javascript\">if (typeof(gem_fix_fullwidth_position) == \"function\") { gem_fix_fullwidth_position(document.getElementById(\"fullwidth-block-69cffa3377ff3\")); }<\/script><div class=\"fullwidth-block-inner\">[vc_row_inner][vc_column_inner css=&#8221;.vc_custom_1557924656461{padding-top: 50px !important;padding-bottom: 50px !important;}&#8221;][vc_column_text]<\/p>\n<h5 style=\"text-align: center;\"><a href=\"https:\/\/www.visitmalinska.com\/en\/cultural-heritage\/\"><span style=\"color: #ffffff;\">Cultural heritage<\/span><\/a><\/h5>\n<p>[\/vc_column_text][vc_column_text]<\/p>\n<h1 style=\"text-align: center;\"><span style=\"color: #ffffff;\">The Franciscan Monastery of the Third Order<\/span><\/h1>\n<p>[\/vc_column_text][\/vc_column_inner][\/vc_row_inner]<\/div><\/div>[\/vc_column][\/vc_row][vc_row][vc_column]<div id=\"fullwidth-block-69cffa3378020\" class=\"fullwidth-block clearfix\"  style=\"\"><script type=\"text\/javascript\">if (typeof(gem_fix_fullwidth_position) == \"function\") { gem_fix_fullwidth_position(document.getElementById(\"fullwidth-block-69cffa3378020\")); }<\/script><div class=\"fullwidth-block-inner\">[vc_row_inner][vc_column_inner][vc_single_image image=&#8221;31421&#8243; img_size=&#8221;full&#8221;][\/vc_column_inner][\/vc_row_inner]<\/div><\/div>[\/vc_column][\/vc_row][vc_row css=&#8221;.vc_custom_1557925708802{padding-top: 50px !important;}&#8221;][vc_column][vc_column_text]Porat was home to the Chapel of St Mary Magdalene.\u00a0 Until\u00a0 repair works on the Church of St Apollinaris were completed, Ivan Frankopan granted the settlers permission to use the Chapel. In 1480 the duke was taken to Venice under a pretext, and the Venetain government awarded the church to the Franciscan Friars of the Third Order. In 1557, with help of locals, the church was repaired and the monastery expanded.\u00a0 The monastery housed Glagolitic Franciscans\u00a0who divided their time between praying, working the land and transcribing religious books written in Glagolitic script. The current appearance of the monastery, containing a cloister and a well in the centre, dates back to the 17<sup>th<\/sup> century. It remains a popular spiritual haven in the Duba\u0161nica area.<\/p>\n<p>The main marble altar was shipped from Venice in 1730. Above it is the polyptych of Saint Mary Magdalene painted by Girolamo and Francesco da Santa Croce prior to 1557. The central images are of\u00a0 Mary Magdalene with Saint John the Baptist and Pope Saint Gregory.\u00a0\u00a0 The Madonna, Saint Francis of Assisi and Saint Quirinus, patron saint of the Diocese of Krk, are depicted above them. The\u00a0 marble altars on either side are dedicated to Saint Nicholas (marble statutes of Saint Nicholas and Saints Peter and Paul),\u00a0 and to Saint Rocco and Sebastian.\u00a0 An ancient Gothic crucifix is the centre piece.<\/p>\n<p>Valuable manuscripts written in the Glagolitic script, such as the \u017dgombi\u0107 Miscellany from the 16<sup>th<\/sup> century, the Sablji\u0107 Miscellany from the 17<sup>th<\/sup> \/18<sup>th<\/sup> century and Hr\u017ei\u0107 Miscellany from the 18<sup>th<\/sup> century, are kept in the archives of the monastery.<\/p>\n<p>A Lapidarium was set up in the monastery courtyard by Branko Fu\u010di\u0107,\u00a0 the region&#8217;s native academician,\u00a0 Glagolitic researcher, art historian and scientist. It contains the most prestigious Croatian Glagolitic stone monuments, such as the Ba\u0161ka Tablet, Senj Tablet, Grdoselo Fragment, Krk Inscription and Valun Tablet, to name a few.[\/vc_column_text][\/vc_column][\/vc_row]<\/p>\n","protected":false},"excerpt":{"rendered":"<p>Porat was home to the Chapel of St Mary Magdalene. Until repair works on the Church of St Apollinaris were completed, Ivan Frankopan granted the settlers permission to use the Chapel.<\/p>\n","protected":false},"author":1,"featured_media":31421,"parent":30185,"menu_order":0,"comment_status":"closed","ping_status":"closed","template":"","meta":{"footnotes":""},"class_list":["post-32900","page","type-page","status-publish","has-post-thumbnail"],"acf":[],"yoast_head":"<!-- This site is optimized with the Yoast SEO plugin v23.5 - https:\/\/yoast.com\/wordpress\/plugins\/seo\/ -->\n<title>The Franciscan Monastery of the Third Order - TZO Malinska-Duba\u0161nica<\/title>\n<meta name=\"robots\" content=\"index, follow, max-snippet:-1, max-image-preview:large, max-video-preview:-1\" \/>\n<link rel=\"canonical\" href=\"https:\/\/www.visitmalinska.com\/kulturno-povijesne-znamenitosti\/samostan-franjevaca-trecoredaca-u-portu\/\" \/>\n<meta property=\"og:locale\" content=\"en_US\" \/>\n<meta property=\"og:type\" content=\"article\" \/>\n<meta property=\"og:title\" content=\"{:hr}Samostan franjevaca tre\u0107oredaca u Portu{:}{:en}The Franciscan Monastery of the Third Order{:}{:de}Franziskanerkloster des Dritten Ordens in Porat{:}{:it}Convento dei francescani del Terzo Ordine a Porat{:}{:si}Samostan fran\u010di\u0161kanov tretjeredcev v Portu{:} - TZO Malinska-Duba\u0161nica\" \/>\n<meta property=\"og:description\" content=\"Porat was home to the Chapel of St Mary Magdalene. Until repair works on the Church of St Apollinaris were completed, Ivan Frankopan granted the settlers permission to use the Chapel.\" \/>\n<meta property=\"og:url\" content=\"https:\/\/www.visitmalinska.com\/kulturno-povijesne-znamenitosti\/samostan-franjevaca-trecoredaca-u-portu\/\" \/>\n<meta property=\"og:site_name\" content=\"TZO Malinska-Duba\u0161nica\" \/>\n<meta property=\"article:publisher\" content=\"https:\/\/www.facebook.com\/Malinska.Island.Krk\/\" \/>\n<meta property=\"article:modified_time\" content=\"2019-12-12T09:54:41+00:00\" \/>\n<meta property=\"og:image\" content=\"https:\/\/www.visitmalinska.com\/wp-content\/uploads\/2019\/05\/tabela-002.jpg\" \/>\n\t<meta property=\"og:image:width\" content=\"1920\" \/>\n\t<meta property=\"og:image:height\" content=\"700\" \/>\n\t<meta property=\"og:image:type\" content=\"image\/jpeg\" \/>\n<meta name=\"twitter:card\" content=\"summary_large_image\" \/>\n<meta name=\"twitter:label1\" content=\"Est. reading time\" \/>\n\t<meta name=\"twitter:data1\" content=\"10 minutes\" \/>\n<script type=\"application\/ld+json\" class=\"yoast-schema-graph\">{\"@context\":\"https:\/\/schema.org\",\"@graph\":[{\"@type\":\"WebPage\",\"@id\":\"https:\/\/www.visitmalinska.com\/kulturno-povijesne-znamenitosti\/samostan-franjevaca-trecoredaca-u-portu\/\",\"url\":\"https:\/\/www.visitmalinska.com\/kulturno-povijesne-znamenitosti\/samostan-franjevaca-trecoredaca-u-portu\/\",\"name\":\"{:hr}Samostan franjevaca tre\u0107oredaca u Portu{:}{:en}The Franciscan Monastery of the Third Order{:}{:de}Franziskanerkloster des Dritten Ordens in Porat{:}{:it}Convento dei francescani del Terzo Ordine a Porat{:}{:si}Samostan fran\u010di\u0161kanov tretjeredcev v Portu{:} - TZO Malinska-Duba\u0161nica\",\"isPartOf\":{\"@id\":\"https:\/\/www.visitmalinska.com\/#website\"},\"primaryImageOfPage\":{\"@id\":\"https:\/\/www.visitmalinska.com\/kulturno-povijesne-znamenitosti\/samostan-franjevaca-trecoredaca-u-portu\/#primaryimage\"},\"image\":{\"@id\":\"https:\/\/www.visitmalinska.com\/kulturno-povijesne-znamenitosti\/samostan-franjevaca-trecoredaca-u-portu\/#primaryimage\"},\"thumbnailUrl\":\"https:\/\/www.visitmalinska.com\/wp-content\/uploads\/2019\/05\/tabela-002.jpg\",\"datePublished\":\"2019-11-03T15:52:15+00:00\",\"dateModified\":\"2019-12-12T09:54:41+00:00\",\"breadcrumb\":{\"@id\":\"https:\/\/www.visitmalinska.com\/kulturno-povijesne-znamenitosti\/samostan-franjevaca-trecoredaca-u-portu\/#breadcrumb\"},\"inLanguage\":\"en-US\",\"potentialAction\":[{\"@type\":\"ReadAction\",\"target\":[\"https:\/\/www.visitmalinska.com\/kulturno-povijesne-znamenitosti\/samostan-franjevaca-trecoredaca-u-portu\/\"]}]},{\"@type\":\"ImageObject\",\"inLanguage\":\"en-US\",\"@id\":\"https:\/\/www.visitmalinska.com\/kulturno-povijesne-znamenitosti\/samostan-franjevaca-trecoredaca-u-portu\/#primaryimage\",\"url\":\"https:\/\/www.visitmalinska.com\/wp-content\/uploads\/2019\/05\/tabela-002.jpg\",\"contentUrl\":\"https:\/\/www.visitmalinska.com\/wp-content\/uploads\/2019\/05\/tabela-002.jpg\",\"width\":1920,\"height\":700},{\"@type\":\"BreadcrumbList\",\"@id\":\"https:\/\/www.visitmalinska.com\/kulturno-povijesne-znamenitosti\/samostan-franjevaca-trecoredaca-u-portu\/#breadcrumb\",\"itemListElement\":[{\"@type\":\"ListItem\",\"position\":1,\"name\":\"Po\u010detna stranica\",\"item\":\"https:\/\/www.visitmalinska.com\/\"},{\"@type\":\"ListItem\",\"position\":2,\"name\":\"Kulturno povijesne znamenitosti\",\"item\":\"https:\/\/www.visitmalinska.com\/kulturno-povijesne-znamenitosti\/\"},{\"@type\":\"ListItem\",\"position\":3,\"name\":\"Samostan franjevaca tre\u0107oredaca u Portu\"}]},{\"@type\":\"WebSite\",\"@id\":\"https:\/\/www.visitmalinska.com\/#website\",\"url\":\"https:\/\/www.visitmalinska.com\/\",\"name\":\"TZO Malinska-Duba\u0161nica\",\"description\":\"\",\"publisher\":{\"@id\":\"https:\/\/www.visitmalinska.com\/#organization\"},\"potentialAction\":[{\"@type\":\"SearchAction\",\"target\":{\"@type\":\"EntryPoint\",\"urlTemplate\":\"https:\/\/www.visitmalinska.com\/?s={search_term_string}\"},\"query-input\":{\"@type\":\"PropertyValueSpecification\",\"valueRequired\":true,\"valueName\":\"search_term_string\"}}],\"inLanguage\":\"en-US\"},{\"@type\":\"Organization\",\"@id\":\"https:\/\/www.visitmalinska.com\/#organization\",\"name\":\"TZO Malinska - Duba\u0161nica\",\"url\":\"https:\/\/www.visitmalinska.com\/\",\"logo\":{\"@type\":\"ImageObject\",\"inLanguage\":\"en-US\",\"@id\":\"https:\/\/www.visitmalinska.com\/#\/schema\/logo\/image\/\",\"url\":\"https:\/\/www.visitmalinska.com\/wp-content\/uploads\/2019\/03\/malinska-logo-240.png\",\"contentUrl\":\"https:\/\/www.visitmalinska.com\/wp-content\/uploads\/2019\/03\/malinska-logo-240.png\",\"width\":1188,\"height\":241,\"caption\":\"TZO Malinska - Duba\u0161nica\"},\"image\":{\"@id\":\"https:\/\/www.visitmalinska.com\/#\/schema\/logo\/image\/\"},\"sameAs\":[\"https:\/\/www.facebook.com\/Malinska.Island.Krk\/\",\"https:\/\/www.instagram.com\/visitmalinska\/\"]}]}<\/script>\n<!-- \/ Yoast SEO plugin. -->","yoast_head_json":{"title":"The Franciscan Monastery of the Third Order - TZO Malinska-Duba\u0161nica","robots":{"index":"index","follow":"follow","max-snippet":"max-snippet:-1","max-image-preview":"max-image-preview:large","max-video-preview":"max-video-preview:-1"},"canonical":"https:\/\/www.visitmalinska.com\/kulturno-povijesne-znamenitosti\/samostan-franjevaca-trecoredaca-u-portu\/","og_locale":"en_US","og_type":"article","og_title":"{:hr}Samostan franjevaca tre\u0107oredaca u Portu{:}{:en}The Franciscan Monastery of the Third Order{:}{:de}Franziskanerkloster des Dritten Ordens in Porat{:}{:it}Convento dei francescani del Terzo Ordine a Porat{:}{:si}Samostan fran\u010di\u0161kanov tretjeredcev v Portu{:} - TZO Malinska-Duba\u0161nica","og_description":"Porat was home to the Chapel of St Mary Magdalene. Until repair works on the Church of St Apollinaris were completed, Ivan Frankopan granted the settlers permission to use the Chapel.","og_url":"https:\/\/www.visitmalinska.com\/kulturno-povijesne-znamenitosti\/samostan-franjevaca-trecoredaca-u-portu\/","og_site_name":"TZO Malinska-Duba\u0161nica","article_publisher":"https:\/\/www.facebook.com\/Malinska.Island.Krk\/","article_modified_time":"2019-12-12T09:54:41+00:00","og_image":[{"width":1920,"height":700,"url":"https:\/\/www.visitmalinska.com\/wp-content\/uploads\/2019\/05\/tabela-002.jpg","type":"image\/jpeg"}],"twitter_card":"summary_large_image","twitter_misc":{"Est. reading time":"10 minutes"},"schema":{"@context":"https:\/\/schema.org","@graph":[{"@type":"WebPage","@id":"https:\/\/www.visitmalinska.com\/kulturno-povijesne-znamenitosti\/samostan-franjevaca-trecoredaca-u-portu\/","url":"https:\/\/www.visitmalinska.com\/kulturno-povijesne-znamenitosti\/samostan-franjevaca-trecoredaca-u-portu\/","name":"{:hr}Samostan franjevaca tre\u0107oredaca u Portu{:}{:en}The Franciscan Monastery of the Third Order{:}{:de}Franziskanerkloster des Dritten Ordens in Porat{:}{:it}Convento dei francescani del Terzo Ordine a Porat{:}{:si}Samostan fran\u010di\u0161kanov tretjeredcev v Portu{:} - TZO Malinska-Duba\u0161nica","isPartOf":{"@id":"https:\/\/www.visitmalinska.com\/#website"},"primaryImageOfPage":{"@id":"https:\/\/www.visitmalinska.com\/kulturno-povijesne-znamenitosti\/samostan-franjevaca-trecoredaca-u-portu\/#primaryimage"},"image":{"@id":"https:\/\/www.visitmalinska.com\/kulturno-povijesne-znamenitosti\/samostan-franjevaca-trecoredaca-u-portu\/#primaryimage"},"thumbnailUrl":"https:\/\/www.visitmalinska.com\/wp-content\/uploads\/2019\/05\/tabela-002.jpg","datePublished":"2019-11-03T15:52:15+00:00","dateModified":"2019-12-12T09:54:41+00:00","breadcrumb":{"@id":"https:\/\/www.visitmalinska.com\/kulturno-povijesne-znamenitosti\/samostan-franjevaca-trecoredaca-u-portu\/#breadcrumb"},"inLanguage":"en-US","potentialAction":[{"@type":"ReadAction","target":["https:\/\/www.visitmalinska.com\/kulturno-povijesne-znamenitosti\/samostan-franjevaca-trecoredaca-u-portu\/"]}]},{"@type":"ImageObject","inLanguage":"en-US","@id":"https:\/\/www.visitmalinska.com\/kulturno-povijesne-znamenitosti\/samostan-franjevaca-trecoredaca-u-portu\/#primaryimage","url":"https:\/\/www.visitmalinska.com\/wp-content\/uploads\/2019\/05\/tabela-002.jpg","contentUrl":"https:\/\/www.visitmalinska.com\/wp-content\/uploads\/2019\/05\/tabela-002.jpg","width":1920,"height":700},{"@type":"BreadcrumbList","@id":"https:\/\/www.visitmalinska.com\/kulturno-povijesne-znamenitosti\/samostan-franjevaca-trecoredaca-u-portu\/#breadcrumb","itemListElement":[{"@type":"ListItem","position":1,"name":"Po\u010detna stranica","item":"https:\/\/www.visitmalinska.com\/"},{"@type":"ListItem","position":2,"name":"Kulturno povijesne znamenitosti","item":"https:\/\/www.visitmalinska.com\/kulturno-povijesne-znamenitosti\/"},{"@type":"ListItem","position":3,"name":"Samostan franjevaca tre\u0107oredaca u Portu"}]},{"@type":"WebSite","@id":"https:\/\/www.visitmalinska.com\/#website","url":"https:\/\/www.visitmalinska.com\/","name":"TZO Malinska-Duba\u0161nica","description":"","publisher":{"@id":"https:\/\/www.visitmalinska.com\/#organization"},"potentialAction":[{"@type":"SearchAction","target":{"@type":"EntryPoint","urlTemplate":"https:\/\/www.visitmalinska.com\/?s={search_term_string}"},"query-input":{"@type":"PropertyValueSpecification","valueRequired":true,"valueName":"search_term_string"}}],"inLanguage":"en-US"},{"@type":"Organization","@id":"https:\/\/www.visitmalinska.com\/#organization","name":"TZO Malinska - Duba\u0161nica","url":"https:\/\/www.visitmalinska.com\/","logo":{"@type":"ImageObject","inLanguage":"en-US","@id":"https:\/\/www.visitmalinska.com\/#\/schema\/logo\/image\/","url":"https:\/\/www.visitmalinska.com\/wp-content\/uploads\/2019\/03\/malinska-logo-240.png","contentUrl":"https:\/\/www.visitmalinska.com\/wp-content\/uploads\/2019\/03\/malinska-logo-240.png","width":1188,"height":241,"caption":"TZO Malinska - Duba\u0161nica"},"image":{"@id":"https:\/\/www.visitmalinska.com\/#\/schema\/logo\/image\/"},"sameAs":["https:\/\/www.facebook.com\/Malinska.Island.Krk\/","https:\/\/www.instagram.com\/visitmalinska\/"]}]}},"_links":{"self":[{"href":"https:\/\/www.visitmalinska.com\/en\/wp-json\/wp\/v2\/pages\/32900","targetHints":{"allow":["GET"]}}],"collection":[{"href":"https:\/\/www.visitmalinska.com\/en\/wp-json\/wp\/v2\/pages"}],"about":[{"href":"https:\/\/www.visitmalinska.com\/en\/wp-json\/wp\/v2\/types\/page"}],"author":[{"embeddable":true,"href":"https:\/\/www.visitmalinska.com\/en\/wp-json\/wp\/v2\/users\/1"}],"replies":[{"embeddable":true,"href":"https:\/\/www.visitmalinska.com\/en\/wp-json\/wp\/v2\/comments?post=32900"}],"version-history":[{"count":8,"href":"https:\/\/www.visitmalinska.com\/en\/wp-json\/wp\/v2\/pages\/32900\/revisions"}],"predecessor-version":[{"id":33424,"href":"https:\/\/www.visitmalinska.com\/en\/wp-json\/wp\/v2\/pages\/32900\/revisions\/33424"}],"up":[{"embeddable":true,"href":"https:\/\/www.visitmalinska.com\/en\/wp-json\/wp\/v2\/pages\/30185"}],"wp:featuredmedia":[{"embeddable":true,"href":"https:\/\/www.visitmalinska.com\/en\/wp-json\/wp\/v2\/media\/31421"}],"wp:attachment":[{"href":"https:\/\/www.visitmalinska.com\/en\/wp-json\/wp\/v2\/media?parent=32900"}],"curies":[{"name":"wp","href":"https:\/\/api.w.org\/{rel}","templated":true}]}}