{"id":32880,"date":"2019-11-03T17:27:09","date_gmt":"2019-11-03T15:27:09","guid":{"rendered":"https:\/\/www.visitmalinska.com\/?page_id=32880"},"modified":"2021-07-23T15:54:24","modified_gmt":"2021-07-23T13:54:24","slug":"zavjetni-kriz-fumak","status":"publish","type":"page","link":"https:\/\/www.visitmalinska.com\/en\/cultural-heritage\/the-venerable-cross-fumak\/","title":{"rendered":"The Venerable Cross &#8211; Fumak"},"content":{"rendered":"<p>[vc_row][vc_column]<div id=\"fullwidth-block-69d02e964fcbd\" class=\"fullwidth-block clearfix\"  style=\"background-color: #1c8cce;\"><script type=\"text\/javascript\">if (typeof(gem_fix_fullwidth_position) == \"function\") { gem_fix_fullwidth_position(document.getElementById(\"fullwidth-block-69d02e964fcbd\")); }<\/script><div class=\"fullwidth-block-inner\">[vc_row_inner][vc_column_inner css=&#8221;.vc_custom_1557924656461{padding-top: 50px !important;padding-bottom: 50px !important;}&#8221;][vc_column_text]<\/p>\n<h5 style=\"text-align: center;\"><a href=\"https:\/\/www.visitmalinska.com\/en\/cultural-heritage\/\"><span style=\"color: #ffffff;\">Cultural heritage<\/span><\/a><\/h5>\n<p>[\/vc_column_text][vc_column_text]<\/p>\n<h1 style=\"text-align: center;\"><span style=\"color: #ffffff;\">The Venerable Cross &#8211; Fumak<\/span><\/h1>\n<p>[\/vc_column_text][\/vc_column_inner][\/vc_row_inner]<\/div><\/div>[\/vc_column][\/vc_row][vc_row][vc_column]<div id=\"fullwidth-block-69d02e964fce9\" class=\"fullwidth-block clearfix\"  style=\"\"><script type=\"text\/javascript\">if (typeof(gem_fix_fullwidth_position) == \"function\") { gem_fix_fullwidth_position(document.getElementById(\"fullwidth-block-69d02e964fce9\")); }<\/script><div class=\"fullwidth-block-inner\">[vc_row_inner][vc_column_inner][vc_single_image image=&#8221;31443&#8243; img_size=&#8221;full&#8221;][\/vc_column_inner][\/vc_row_inner]<\/div><\/div>[\/vc_column][\/vc_row][vc_row css=&#8221;.vc_custom_1557925708802{padding-top: 50px !important;}&#8221;][vc_column][vc_column_text]On the eve of the year 2000, Petar Trp, a returnee from Australia, erected a large cross on his land as a vow. It is constructed of oak wood and sits on a high stone pedestal. The cross was put up as a symbol of gratitude for his recovery from work-related injuries. The height of the vertical beam is 6.60 m, and the width of the crossbeam is 3.5 m.<\/p>\n<p>With the bronze body of Christ, it weighs 840 kg making it the heaviest and the largest wooden cross in Europe. It was built by Pavle Hudek of Marija Bistrica, and is surrounded by stone Stations of the Cross. Owing to its mystical and tranquil location on a hill with breathtaking views, this place is known as a site of prayer, rest and meditation.[\/vc_column_text][\/vc_column][\/vc_row]<\/p>\n","protected":false},"excerpt":{"rendered":"<p>Petar Trp, erected a large cross on his land as a vow.<\/p>\n","protected":false},"author":1,"featured_media":31443,"parent":30185,"menu_order":0,"comment_status":"closed","ping_status":"closed","template":"","meta":{"footnotes":""},"class_list":["post-32880","page","type-page","status-publish","has-post-thumbnail"],"acf":[],"yoast_head":"<!-- This site is optimized with the Yoast SEO plugin v23.5 - https:\/\/yoast.com\/wordpress\/plugins\/seo\/ -->\n<title>The Venerable Cross - Fumak - TZO Malinska-Duba\u0161nica<\/title>\n<meta name=\"robots\" content=\"index, follow, max-snippet:-1, max-image-preview:large, max-video-preview:-1\" \/>\n<link rel=\"canonical\" href=\"https:\/\/www.visitmalinska.com\/kulturno-povijesne-znamenitosti\/zavjetni-kriz-fumak\/\" \/>\n<meta property=\"og:locale\" content=\"en_US\" \/>\n<meta property=\"og:type\" content=\"article\" \/>\n<meta property=\"og:title\" content=\"{:hr}Zavjetni kri\u017e - Fumak{:}{:en}The Venerable Cross - Fumak{:}{:de}Fumak (Gel\u00f6bniskreuz){:}{:it}Crocifisso di Fumak{:}{:si}Fumak (Zaobljubni kri\u017e){:} - TZO Malinska-Duba\u0161nica\" \/>\n<meta property=\"og:description\" content=\"Petar Trp, erected a large cross on his land as a vow.\" \/>\n<meta property=\"og:url\" content=\"https:\/\/www.visitmalinska.com\/kulturno-povijesne-znamenitosti\/zavjetni-kriz-fumak\/\" \/>\n<meta property=\"og:site_name\" content=\"TZO Malinska-Duba\u0161nica\" \/>\n<meta property=\"article:publisher\" content=\"https:\/\/www.facebook.com\/Malinska.Island.Krk\/\" \/>\n<meta property=\"article:modified_time\" content=\"2021-07-23T13:54:24+00:00\" \/>\n<meta property=\"og:image\" content=\"https:\/\/www.visitmalinska.com\/wp-content\/uploads\/2019\/05\/tabela-006.jpg\" \/>\n\t<meta property=\"og:image:width\" content=\"1920\" \/>\n\t<meta property=\"og:image:height\" content=\"700\" \/>\n\t<meta property=\"og:image:type\" content=\"image\/jpeg\" \/>\n<meta name=\"twitter:card\" content=\"summary_large_image\" \/>\n<meta name=\"twitter:label1\" content=\"Est. reading time\" \/>\n\t<meta name=\"twitter:data1\" content=\"6 minutes\" \/>\n<script type=\"application\/ld+json\" class=\"yoast-schema-graph\">{\"@context\":\"https:\/\/schema.org\",\"@graph\":[{\"@type\":\"WebPage\",\"@id\":\"https:\/\/www.visitmalinska.com\/kulturno-povijesne-znamenitosti\/zavjetni-kriz-fumak\/\",\"url\":\"https:\/\/www.visitmalinska.com\/kulturno-povijesne-znamenitosti\/zavjetni-kriz-fumak\/\",\"name\":\"{:hr}Zavjetni kri\u017e - Fumak{:}{:en}The Venerable Cross - Fumak{:}{:de}Fumak (Gel\u00f6bniskreuz){:}{:it}Crocifisso di Fumak{:}{:si}Fumak (Zaobljubni kri\u017e){:} - TZO Malinska-Duba\u0161nica\",\"isPartOf\":{\"@id\":\"https:\/\/www.visitmalinska.com\/#website\"},\"primaryImageOfPage\":{\"@id\":\"https:\/\/www.visitmalinska.com\/kulturno-povijesne-znamenitosti\/zavjetni-kriz-fumak\/#primaryimage\"},\"image\":{\"@id\":\"https:\/\/www.visitmalinska.com\/kulturno-povijesne-znamenitosti\/zavjetni-kriz-fumak\/#primaryimage\"},\"thumbnailUrl\":\"https:\/\/www.visitmalinska.com\/wp-content\/uploads\/2019\/05\/tabela-006.jpg\",\"datePublished\":\"2019-11-03T15:27:09+00:00\",\"dateModified\":\"2021-07-23T13:54:24+00:00\",\"breadcrumb\":{\"@id\":\"https:\/\/www.visitmalinska.com\/kulturno-povijesne-znamenitosti\/zavjetni-kriz-fumak\/#breadcrumb\"},\"inLanguage\":\"en-US\",\"potentialAction\":[{\"@type\":\"ReadAction\",\"target\":[\"https:\/\/www.visitmalinska.com\/kulturno-povijesne-znamenitosti\/zavjetni-kriz-fumak\/\"]}]},{\"@type\":\"ImageObject\",\"inLanguage\":\"en-US\",\"@id\":\"https:\/\/www.visitmalinska.com\/kulturno-povijesne-znamenitosti\/zavjetni-kriz-fumak\/#primaryimage\",\"url\":\"https:\/\/www.visitmalinska.com\/wp-content\/uploads\/2019\/05\/tabela-006.jpg\",\"contentUrl\":\"https:\/\/www.visitmalinska.com\/wp-content\/uploads\/2019\/05\/tabela-006.jpg\",\"width\":1920,\"height\":700},{\"@type\":\"BreadcrumbList\",\"@id\":\"https:\/\/www.visitmalinska.com\/kulturno-povijesne-znamenitosti\/zavjetni-kriz-fumak\/#breadcrumb\",\"itemListElement\":[{\"@type\":\"ListItem\",\"position\":1,\"name\":\"Po\u010detna stranica\",\"item\":\"https:\/\/www.visitmalinska.com\/\"},{\"@type\":\"ListItem\",\"position\":2,\"name\":\"Kulturno povijesne znamenitosti\",\"item\":\"https:\/\/www.visitmalinska.com\/kulturno-povijesne-znamenitosti\/\"},{\"@type\":\"ListItem\",\"position\":3,\"name\":\"Zavjetni kri\u017e &#8211; Fumak\"}]},{\"@type\":\"WebSite\",\"@id\":\"https:\/\/www.visitmalinska.com\/#website\",\"url\":\"https:\/\/www.visitmalinska.com\/\",\"name\":\"TZO Malinska-Duba\u0161nica\",\"description\":\"\",\"publisher\":{\"@id\":\"https:\/\/www.visitmalinska.com\/#organization\"},\"potentialAction\":[{\"@type\":\"SearchAction\",\"target\":{\"@type\":\"EntryPoint\",\"urlTemplate\":\"https:\/\/www.visitmalinska.com\/?s={search_term_string}\"},\"query-input\":{\"@type\":\"PropertyValueSpecification\",\"valueRequired\":true,\"valueName\":\"search_term_string\"}}],\"inLanguage\":\"en-US\"},{\"@type\":\"Organization\",\"@id\":\"https:\/\/www.visitmalinska.com\/#organization\",\"name\":\"TZO Malinska - Duba\u0161nica\",\"url\":\"https:\/\/www.visitmalinska.com\/\",\"logo\":{\"@type\":\"ImageObject\",\"inLanguage\":\"en-US\",\"@id\":\"https:\/\/www.visitmalinska.com\/#\/schema\/logo\/image\/\",\"url\":\"https:\/\/www.visitmalinska.com\/wp-content\/uploads\/2019\/03\/malinska-logo-240.png\",\"contentUrl\":\"https:\/\/www.visitmalinska.com\/wp-content\/uploads\/2019\/03\/malinska-logo-240.png\",\"width\":1188,\"height\":241,\"caption\":\"TZO Malinska - Duba\u0161nica\"},\"image\":{\"@id\":\"https:\/\/www.visitmalinska.com\/#\/schema\/logo\/image\/\"},\"sameAs\":[\"https:\/\/www.facebook.com\/Malinska.Island.Krk\/\",\"https:\/\/www.instagram.com\/visitmalinska\/\"]}]}<\/script>\n<!-- \/ Yoast SEO plugin. -->","yoast_head_json":{"title":"The Venerable Cross - Fumak - TZO Malinska-Duba\u0161nica","robots":{"index":"index","follow":"follow","max-snippet":"max-snippet:-1","max-image-preview":"max-image-preview:large","max-video-preview":"max-video-preview:-1"},"canonical":"https:\/\/www.visitmalinska.com\/kulturno-povijesne-znamenitosti\/zavjetni-kriz-fumak\/","og_locale":"en_US","og_type":"article","og_title":"{:hr}Zavjetni kri\u017e - Fumak{:}{:en}The Venerable Cross - Fumak{:}{:de}Fumak (Gel\u00f6bniskreuz){:}{:it}Crocifisso di Fumak{:}{:si}Fumak (Zaobljubni kri\u017e){:} - TZO Malinska-Duba\u0161nica","og_description":"Petar Trp, erected a large cross on his land as a vow.","og_url":"https:\/\/www.visitmalinska.com\/kulturno-povijesne-znamenitosti\/zavjetni-kriz-fumak\/","og_site_name":"TZO Malinska-Duba\u0161nica","article_publisher":"https:\/\/www.facebook.com\/Malinska.Island.Krk\/","article_modified_time":"2021-07-23T13:54:24+00:00","og_image":[{"width":1920,"height":700,"url":"https:\/\/www.visitmalinska.com\/wp-content\/uploads\/2019\/05\/tabela-006.jpg","type":"image\/jpeg"}],"twitter_card":"summary_large_image","twitter_misc":{"Est. reading time":"6 minutes"},"schema":{"@context":"https:\/\/schema.org","@graph":[{"@type":"WebPage","@id":"https:\/\/www.visitmalinska.com\/kulturno-povijesne-znamenitosti\/zavjetni-kriz-fumak\/","url":"https:\/\/www.visitmalinska.com\/kulturno-povijesne-znamenitosti\/zavjetni-kriz-fumak\/","name":"{:hr}Zavjetni kri\u017e - Fumak{:}{:en}The Venerable Cross - Fumak{:}{:de}Fumak (Gel\u00f6bniskreuz){:}{:it}Crocifisso di Fumak{:}{:si}Fumak (Zaobljubni kri\u017e){:} - TZO Malinska-Duba\u0161nica","isPartOf":{"@id":"https:\/\/www.visitmalinska.com\/#website"},"primaryImageOfPage":{"@id":"https:\/\/www.visitmalinska.com\/kulturno-povijesne-znamenitosti\/zavjetni-kriz-fumak\/#primaryimage"},"image":{"@id":"https:\/\/www.visitmalinska.com\/kulturno-povijesne-znamenitosti\/zavjetni-kriz-fumak\/#primaryimage"},"thumbnailUrl":"https:\/\/www.visitmalinska.com\/wp-content\/uploads\/2019\/05\/tabela-006.jpg","datePublished":"2019-11-03T15:27:09+00:00","dateModified":"2021-07-23T13:54:24+00:00","breadcrumb":{"@id":"https:\/\/www.visitmalinska.com\/kulturno-povijesne-znamenitosti\/zavjetni-kriz-fumak\/#breadcrumb"},"inLanguage":"en-US","potentialAction":[{"@type":"ReadAction","target":["https:\/\/www.visitmalinska.com\/kulturno-povijesne-znamenitosti\/zavjetni-kriz-fumak\/"]}]},{"@type":"ImageObject","inLanguage":"en-US","@id":"https:\/\/www.visitmalinska.com\/kulturno-povijesne-znamenitosti\/zavjetni-kriz-fumak\/#primaryimage","url":"https:\/\/www.visitmalinska.com\/wp-content\/uploads\/2019\/05\/tabela-006.jpg","contentUrl":"https:\/\/www.visitmalinska.com\/wp-content\/uploads\/2019\/05\/tabela-006.jpg","width":1920,"height":700},{"@type":"BreadcrumbList","@id":"https:\/\/www.visitmalinska.com\/kulturno-povijesne-znamenitosti\/zavjetni-kriz-fumak\/#breadcrumb","itemListElement":[{"@type":"ListItem","position":1,"name":"Po\u010detna stranica","item":"https:\/\/www.visitmalinska.com\/"},{"@type":"ListItem","position":2,"name":"Kulturno povijesne znamenitosti","item":"https:\/\/www.visitmalinska.com\/kulturno-povijesne-znamenitosti\/"},{"@type":"ListItem","position":3,"name":"Zavjetni kri\u017e &#8211; Fumak"}]},{"@type":"WebSite","@id":"https:\/\/www.visitmalinska.com\/#website","url":"https:\/\/www.visitmalinska.com\/","name":"TZO Malinska-Duba\u0161nica","description":"","publisher":{"@id":"https:\/\/www.visitmalinska.com\/#organization"},"potentialAction":[{"@type":"SearchAction","target":{"@type":"EntryPoint","urlTemplate":"https:\/\/www.visitmalinska.com\/?s={search_term_string}"},"query-input":{"@type":"PropertyValueSpecification","valueRequired":true,"valueName":"search_term_string"}}],"inLanguage":"en-US"},{"@type":"Organization","@id":"https:\/\/www.visitmalinska.com\/#organization","name":"TZO Malinska - Duba\u0161nica","url":"https:\/\/www.visitmalinska.com\/","logo":{"@type":"ImageObject","inLanguage":"en-US","@id":"https:\/\/www.visitmalinska.com\/#\/schema\/logo\/image\/","url":"https:\/\/www.visitmalinska.com\/wp-content\/uploads\/2019\/03\/malinska-logo-240.png","contentUrl":"https:\/\/www.visitmalinska.com\/wp-content\/uploads\/2019\/03\/malinska-logo-240.png","width":1188,"height":241,"caption":"TZO Malinska - Duba\u0161nica"},"image":{"@id":"https:\/\/www.visitmalinska.com\/#\/schema\/logo\/image\/"},"sameAs":["https:\/\/www.facebook.com\/Malinska.Island.Krk\/","https:\/\/www.instagram.com\/visitmalinska\/"]}]}},"_links":{"self":[{"href":"https:\/\/www.visitmalinska.com\/en\/wp-json\/wp\/v2\/pages\/32880","targetHints":{"allow":["GET"]}}],"collection":[{"href":"https:\/\/www.visitmalinska.com\/en\/wp-json\/wp\/v2\/pages"}],"about":[{"href":"https:\/\/www.visitmalinska.com\/en\/wp-json\/wp\/v2\/types\/page"}],"author":[{"embeddable":true,"href":"https:\/\/www.visitmalinska.com\/en\/wp-json\/wp\/v2\/users\/1"}],"replies":[{"embeddable":true,"href":"https:\/\/www.visitmalinska.com\/en\/wp-json\/wp\/v2\/comments?post=32880"}],"version-history":[{"count":13,"href":"https:\/\/www.visitmalinska.com\/en\/wp-json\/wp\/v2\/pages\/32880\/revisions"}],"predecessor-version":[{"id":36113,"href":"https:\/\/www.visitmalinska.com\/en\/wp-json\/wp\/v2\/pages\/32880\/revisions\/36113"}],"up":[{"embeddable":true,"href":"https:\/\/www.visitmalinska.com\/en\/wp-json\/wp\/v2\/pages\/30185"}],"wp:featuredmedia":[{"embeddable":true,"href":"https:\/\/www.visitmalinska.com\/en\/wp-json\/wp\/v2\/media\/31443"}],"wp:attachment":[{"href":"https:\/\/www.visitmalinska.com\/en\/wp-json\/wp\/v2\/media?parent=32880"}],"curies":[{"name":"wp","href":"https:\/\/api.w.org\/{rel}","templated":true}]}}