{"id":32860,"date":"2019-11-03T16:59:42","date_gmt":"2019-11-03T14:59:42","guid":{"rendered":"https:\/\/www.visitmalinska.com\/?page_id=32860"},"modified":"2019-12-12T11:13:01","modified_gmt":"2019-12-12T09:13:01","slug":"kapela-sv-ivana-krstitelja","status":"publish","type":"page","link":"https:\/\/www.visitmalinska.com\/en\/cultural-heritage\/the-chapel-of-st-john-the-baptist\/","title":{"rendered":"The Chapel of St John the Baptist"},"content":{"rendered":"<p>[vc_row][vc_column]<div id=\"fullwidth-block-69d02d2bf182c\" class=\"fullwidth-block clearfix\"  style=\"background-color: #1c8cce;\"><script type=\"text\/javascript\">if (typeof(gem_fix_fullwidth_position) == \"function\") { gem_fix_fullwidth_position(document.getElementById(\"fullwidth-block-69d02d2bf182c\")); }<\/script><div class=\"fullwidth-block-inner\">[vc_row_inner][vc_column_inner css=&#8221;.vc_custom_1557924656461{padding-top: 50px !important;padding-bottom: 50px !important;}&#8221;][vc_column_text]<\/p>\n<h5 style=\"text-align: center;\"><a href=\"https:\/\/www.visitmalinska.com\/en\/cultural-heritage\/\"><span style=\"color: #ffffff;\">Cultural heritage<\/span><\/a><\/h5>\n<p>[\/vc_column_text][vc_column_text]<\/p>\n<h1 style=\"text-align: center;\"><span style=\"color: #ffffff;\">The Chapel of St John the Baptist<\/span><\/h1>\n<p>[\/vc_column_text][\/vc_column_inner][\/vc_row_inner]<\/div><\/div>[\/vc_column][\/vc_row][vc_row][vc_column]<div id=\"fullwidth-block-69d02d2bf1856\" class=\"fullwidth-block clearfix\"  style=\"\"><script type=\"text\/javascript\">if (typeof(gem_fix_fullwidth_position) == \"function\") { gem_fix_fullwidth_position(document.getElementById(\"fullwidth-block-69d02d2bf1856\")); }<\/script><div class=\"fullwidth-block-inner\">[vc_row_inner][vc_column_inner][vc_single_image image=&#8221;31469&#8243; img_size=&#8221;full&#8221;][\/vc_column_inner][\/vc_row_inner]<\/div><\/div>[\/vc_column][\/vc_row][vc_row css=&#8221;.vc_custom_1557925708802{padding-top: 50px !important;}&#8221;][vc_column][vc_column_text]It was erected by the local priest Mate Kralji\u0107 in 1710 as a private benefice for his family. His successors have been entrusted with taking care of the chapel ever since.<\/p>\n<p>The chapel has a rectangular layout and no apse. Like all the chapels built during the Baroque period, it features a spacious tiled loggia with seven stone columns and a truss.<\/p>\n<p>The belfry has one opening. The interior is decorated with a stone altar leaning against the wall and an altar painting of St John the Baptist.[\/vc_column_text][\/vc_column][\/vc_row]<\/p>\n","protected":false},"excerpt":{"rendered":"<p>It was erected by the local priest Mate Kralji\u0107 in 1710.<\/p>\n","protected":false},"author":1,"featured_media":31469,"parent":30185,"menu_order":0,"comment_status":"closed","ping_status":"closed","template":"","meta":{"footnotes":""},"class_list":["post-32860","page","type-page","status-publish","has-post-thumbnail"],"acf":[],"yoast_head":"<!-- This site is optimized with the Yoast SEO plugin v23.5 - https:\/\/yoast.com\/wordpress\/plugins\/seo\/ -->\n<title>The Chapel of St John the Baptist - TZO Malinska-Duba\u0161nica<\/title>\n<meta name=\"robots\" content=\"index, follow, max-snippet:-1, max-image-preview:large, max-video-preview:-1\" \/>\n<link rel=\"canonical\" href=\"https:\/\/www.visitmalinska.com\/kulturno-povijesne-znamenitosti\/kapela-sv-ivana-krstitelja\/\" \/>\n<meta property=\"og:locale\" content=\"en_US\" \/>\n<meta property=\"og:type\" content=\"article\" \/>\n<meta property=\"og:title\" content=\"{:hr}Kapela sv. Ivana Krstitelja{:}{:en}The Chapel of St John the Baptist{:}{:de}Die Kapelle des hl. Johannes des T\u00e4ufers{:}{:it}Cappella di San Giovanni Battista{:}{:si}Kapelica sv. Janeza Krstnika{:} - TZO Malinska-Duba\u0161nica\" \/>\n<meta property=\"og:description\" content=\"It was erected by the local priest Mate Kralji\u0107 in 1710.\" \/>\n<meta property=\"og:url\" content=\"https:\/\/www.visitmalinska.com\/kulturno-povijesne-znamenitosti\/kapela-sv-ivana-krstitelja\/\" \/>\n<meta property=\"og:site_name\" content=\"TZO Malinska-Duba\u0161nica\" \/>\n<meta property=\"article:publisher\" content=\"https:\/\/www.facebook.com\/Malinska.Island.Krk\/\" \/>\n<meta property=\"article:modified_time\" content=\"2019-12-12T09:13:01+00:00\" \/>\n<meta property=\"og:image\" content=\"https:\/\/www.visitmalinska.com\/wp-content\/uploads\/2019\/05\/tabela-011-good.jpg\" \/>\n\t<meta property=\"og:image:width\" content=\"1920\" \/>\n\t<meta property=\"og:image:height\" content=\"700\" \/>\n\t<meta property=\"og:image:type\" content=\"image\/jpeg\" \/>\n<meta name=\"twitter:card\" content=\"summary_large_image\" \/>\n<meta name=\"twitter:label1\" content=\"Est. reading time\" \/>\n\t<meta name=\"twitter:data1\" content=\"5 minutes\" \/>\n<script type=\"application\/ld+json\" class=\"yoast-schema-graph\">{\"@context\":\"https:\/\/schema.org\",\"@graph\":[{\"@type\":\"WebPage\",\"@id\":\"https:\/\/www.visitmalinska.com\/kulturno-povijesne-znamenitosti\/kapela-sv-ivana-krstitelja\/\",\"url\":\"https:\/\/www.visitmalinska.com\/kulturno-povijesne-znamenitosti\/kapela-sv-ivana-krstitelja\/\",\"name\":\"{:hr}Kapela sv. Ivana Krstitelja{:}{:en}The Chapel of St John the Baptist{:}{:de}Die Kapelle des hl. Johannes des T\u00e4ufers{:}{:it}Cappella di San Giovanni Battista{:}{:si}Kapelica sv. Janeza Krstnika{:} - TZO Malinska-Duba\u0161nica\",\"isPartOf\":{\"@id\":\"https:\/\/www.visitmalinska.com\/#website\"},\"primaryImageOfPage\":{\"@id\":\"https:\/\/www.visitmalinska.com\/kulturno-povijesne-znamenitosti\/kapela-sv-ivana-krstitelja\/#primaryimage\"},\"image\":{\"@id\":\"https:\/\/www.visitmalinska.com\/kulturno-povijesne-znamenitosti\/kapela-sv-ivana-krstitelja\/#primaryimage\"},\"thumbnailUrl\":\"https:\/\/www.visitmalinska.com\/wp-content\/uploads\/2019\/05\/tabela-011-good.jpg\",\"datePublished\":\"2019-11-03T14:59:42+00:00\",\"dateModified\":\"2019-12-12T09:13:01+00:00\",\"breadcrumb\":{\"@id\":\"https:\/\/www.visitmalinska.com\/kulturno-povijesne-znamenitosti\/kapela-sv-ivana-krstitelja\/#breadcrumb\"},\"inLanguage\":\"en-US\",\"potentialAction\":[{\"@type\":\"ReadAction\",\"target\":[\"https:\/\/www.visitmalinska.com\/kulturno-povijesne-znamenitosti\/kapela-sv-ivana-krstitelja\/\"]}]},{\"@type\":\"ImageObject\",\"inLanguage\":\"en-US\",\"@id\":\"https:\/\/www.visitmalinska.com\/kulturno-povijesne-znamenitosti\/kapela-sv-ivana-krstitelja\/#primaryimage\",\"url\":\"https:\/\/www.visitmalinska.com\/wp-content\/uploads\/2019\/05\/tabela-011-good.jpg\",\"contentUrl\":\"https:\/\/www.visitmalinska.com\/wp-content\/uploads\/2019\/05\/tabela-011-good.jpg\",\"width\":1920,\"height\":700},{\"@type\":\"BreadcrumbList\",\"@id\":\"https:\/\/www.visitmalinska.com\/kulturno-povijesne-znamenitosti\/kapela-sv-ivana-krstitelja\/#breadcrumb\",\"itemListElement\":[{\"@type\":\"ListItem\",\"position\":1,\"name\":\"Po\u010detna stranica\",\"item\":\"https:\/\/www.visitmalinska.com\/\"},{\"@type\":\"ListItem\",\"position\":2,\"name\":\"Kulturno povijesne znamenitosti\",\"item\":\"https:\/\/www.visitmalinska.com\/kulturno-povijesne-znamenitosti\/\"},{\"@type\":\"ListItem\",\"position\":3,\"name\":\"Kapela sv. Ivana Krstitelja\"}]},{\"@type\":\"WebSite\",\"@id\":\"https:\/\/www.visitmalinska.com\/#website\",\"url\":\"https:\/\/www.visitmalinska.com\/\",\"name\":\"TZO Malinska-Duba\u0161nica\",\"description\":\"\",\"publisher\":{\"@id\":\"https:\/\/www.visitmalinska.com\/#organization\"},\"potentialAction\":[{\"@type\":\"SearchAction\",\"target\":{\"@type\":\"EntryPoint\",\"urlTemplate\":\"https:\/\/www.visitmalinska.com\/?s={search_term_string}\"},\"query-input\":{\"@type\":\"PropertyValueSpecification\",\"valueRequired\":true,\"valueName\":\"search_term_string\"}}],\"inLanguage\":\"en-US\"},{\"@type\":\"Organization\",\"@id\":\"https:\/\/www.visitmalinska.com\/#organization\",\"name\":\"TZO Malinska - Duba\u0161nica\",\"url\":\"https:\/\/www.visitmalinska.com\/\",\"logo\":{\"@type\":\"ImageObject\",\"inLanguage\":\"en-US\",\"@id\":\"https:\/\/www.visitmalinska.com\/#\/schema\/logo\/image\/\",\"url\":\"https:\/\/www.visitmalinska.com\/wp-content\/uploads\/2019\/03\/malinska-logo-240.png\",\"contentUrl\":\"https:\/\/www.visitmalinska.com\/wp-content\/uploads\/2019\/03\/malinska-logo-240.png\",\"width\":1188,\"height\":241,\"caption\":\"TZO Malinska - Duba\u0161nica\"},\"image\":{\"@id\":\"https:\/\/www.visitmalinska.com\/#\/schema\/logo\/image\/\"},\"sameAs\":[\"https:\/\/www.facebook.com\/Malinska.Island.Krk\/\",\"https:\/\/www.instagram.com\/visitmalinska\/\"]}]}<\/script>\n<!-- \/ Yoast SEO plugin. -->","yoast_head_json":{"title":"The Chapel of St John the Baptist - TZO Malinska-Duba\u0161nica","robots":{"index":"index","follow":"follow","max-snippet":"max-snippet:-1","max-image-preview":"max-image-preview:large","max-video-preview":"max-video-preview:-1"},"canonical":"https:\/\/www.visitmalinska.com\/kulturno-povijesne-znamenitosti\/kapela-sv-ivana-krstitelja\/","og_locale":"en_US","og_type":"article","og_title":"{:hr}Kapela sv. Ivana Krstitelja{:}{:en}The Chapel of St John the Baptist{:}{:de}Die Kapelle des hl. Johannes des T\u00e4ufers{:}{:it}Cappella di San Giovanni Battista{:}{:si}Kapelica sv. Janeza Krstnika{:} - TZO Malinska-Duba\u0161nica","og_description":"It was erected by the local priest Mate Kralji\u0107 in 1710.","og_url":"https:\/\/www.visitmalinska.com\/kulturno-povijesne-znamenitosti\/kapela-sv-ivana-krstitelja\/","og_site_name":"TZO Malinska-Duba\u0161nica","article_publisher":"https:\/\/www.facebook.com\/Malinska.Island.Krk\/","article_modified_time":"2019-12-12T09:13:01+00:00","og_image":[{"width":1920,"height":700,"url":"https:\/\/www.visitmalinska.com\/wp-content\/uploads\/2019\/05\/tabela-011-good.jpg","type":"image\/jpeg"}],"twitter_card":"summary_large_image","twitter_misc":{"Est. reading time":"5 minutes"},"schema":{"@context":"https:\/\/schema.org","@graph":[{"@type":"WebPage","@id":"https:\/\/www.visitmalinska.com\/kulturno-povijesne-znamenitosti\/kapela-sv-ivana-krstitelja\/","url":"https:\/\/www.visitmalinska.com\/kulturno-povijesne-znamenitosti\/kapela-sv-ivana-krstitelja\/","name":"{:hr}Kapela sv. Ivana Krstitelja{:}{:en}The Chapel of St John the Baptist{:}{:de}Die Kapelle des hl. Johannes des T\u00e4ufers{:}{:it}Cappella di San Giovanni Battista{:}{:si}Kapelica sv. Janeza Krstnika{:} - TZO Malinska-Duba\u0161nica","isPartOf":{"@id":"https:\/\/www.visitmalinska.com\/#website"},"primaryImageOfPage":{"@id":"https:\/\/www.visitmalinska.com\/kulturno-povijesne-znamenitosti\/kapela-sv-ivana-krstitelja\/#primaryimage"},"image":{"@id":"https:\/\/www.visitmalinska.com\/kulturno-povijesne-znamenitosti\/kapela-sv-ivana-krstitelja\/#primaryimage"},"thumbnailUrl":"https:\/\/www.visitmalinska.com\/wp-content\/uploads\/2019\/05\/tabela-011-good.jpg","datePublished":"2019-11-03T14:59:42+00:00","dateModified":"2019-12-12T09:13:01+00:00","breadcrumb":{"@id":"https:\/\/www.visitmalinska.com\/kulturno-povijesne-znamenitosti\/kapela-sv-ivana-krstitelja\/#breadcrumb"},"inLanguage":"en-US","potentialAction":[{"@type":"ReadAction","target":["https:\/\/www.visitmalinska.com\/kulturno-povijesne-znamenitosti\/kapela-sv-ivana-krstitelja\/"]}]},{"@type":"ImageObject","inLanguage":"en-US","@id":"https:\/\/www.visitmalinska.com\/kulturno-povijesne-znamenitosti\/kapela-sv-ivana-krstitelja\/#primaryimage","url":"https:\/\/www.visitmalinska.com\/wp-content\/uploads\/2019\/05\/tabela-011-good.jpg","contentUrl":"https:\/\/www.visitmalinska.com\/wp-content\/uploads\/2019\/05\/tabela-011-good.jpg","width":1920,"height":700},{"@type":"BreadcrumbList","@id":"https:\/\/www.visitmalinska.com\/kulturno-povijesne-znamenitosti\/kapela-sv-ivana-krstitelja\/#breadcrumb","itemListElement":[{"@type":"ListItem","position":1,"name":"Po\u010detna stranica","item":"https:\/\/www.visitmalinska.com\/"},{"@type":"ListItem","position":2,"name":"Kulturno povijesne znamenitosti","item":"https:\/\/www.visitmalinska.com\/kulturno-povijesne-znamenitosti\/"},{"@type":"ListItem","position":3,"name":"Kapela sv. Ivana Krstitelja"}]},{"@type":"WebSite","@id":"https:\/\/www.visitmalinska.com\/#website","url":"https:\/\/www.visitmalinska.com\/","name":"TZO Malinska-Duba\u0161nica","description":"","publisher":{"@id":"https:\/\/www.visitmalinska.com\/#organization"},"potentialAction":[{"@type":"SearchAction","target":{"@type":"EntryPoint","urlTemplate":"https:\/\/www.visitmalinska.com\/?s={search_term_string}"},"query-input":{"@type":"PropertyValueSpecification","valueRequired":true,"valueName":"search_term_string"}}],"inLanguage":"en-US"},{"@type":"Organization","@id":"https:\/\/www.visitmalinska.com\/#organization","name":"TZO Malinska - Duba\u0161nica","url":"https:\/\/www.visitmalinska.com\/","logo":{"@type":"ImageObject","inLanguage":"en-US","@id":"https:\/\/www.visitmalinska.com\/#\/schema\/logo\/image\/","url":"https:\/\/www.visitmalinska.com\/wp-content\/uploads\/2019\/03\/malinska-logo-240.png","contentUrl":"https:\/\/www.visitmalinska.com\/wp-content\/uploads\/2019\/03\/malinska-logo-240.png","width":1188,"height":241,"caption":"TZO Malinska - Duba\u0161nica"},"image":{"@id":"https:\/\/www.visitmalinska.com\/#\/schema\/logo\/image\/"},"sameAs":["https:\/\/www.facebook.com\/Malinska.Island.Krk\/","https:\/\/www.instagram.com\/visitmalinska\/"]}]}},"_links":{"self":[{"href":"https:\/\/www.visitmalinska.com\/en\/wp-json\/wp\/v2\/pages\/32860","targetHints":{"allow":["GET"]}}],"collection":[{"href":"https:\/\/www.visitmalinska.com\/en\/wp-json\/wp\/v2\/pages"}],"about":[{"href":"https:\/\/www.visitmalinska.com\/en\/wp-json\/wp\/v2\/types\/page"}],"author":[{"embeddable":true,"href":"https:\/\/www.visitmalinska.com\/en\/wp-json\/wp\/v2\/users\/1"}],"replies":[{"embeddable":true,"href":"https:\/\/www.visitmalinska.com\/en\/wp-json\/wp\/v2\/comments?post=32860"}],"version-history":[{"count":9,"href":"https:\/\/www.visitmalinska.com\/en\/wp-json\/wp\/v2\/pages\/32860\/revisions"}],"predecessor-version":[{"id":33409,"href":"https:\/\/www.visitmalinska.com\/en\/wp-json\/wp\/v2\/pages\/32860\/revisions\/33409"}],"up":[{"embeddable":true,"href":"https:\/\/www.visitmalinska.com\/en\/wp-json\/wp\/v2\/pages\/30185"}],"wp:featuredmedia":[{"embeddable":true,"href":"https:\/\/www.visitmalinska.com\/en\/wp-json\/wp\/v2\/media\/31469"}],"wp:attachment":[{"href":"https:\/\/www.visitmalinska.com\/en\/wp-json\/wp\/v2\/media?parent=32860"}],"curies":[{"name":"wp","href":"https:\/\/api.w.org\/{rel}","templated":true}]}}