{"id":31054,"date":"2019-04-17T14:11:33","date_gmt":"2019-04-17T13:11:33","guid":{"rendered":"http:\/\/www.visitmalinska.com\/?page_id=31054"},"modified":"2019-12-02T13:59:00","modified_gmt":"2019-12-02T11:59:00","slug":"konferencije-i-teambuilding","status":"publish","type":"page","link":"https:\/\/www.visitmalinska.com\/en\/malinska-for-all\/conferences-and-teambuilding\/","title":{"rendered":"Conferences and teambuilding"},"content":{"rendered":"<p>[vc_row][vc_column][vc_column_text]<\/p>\n<p>Whether looking for a location to host your company\u2019s conference or a teambuilding experience, Malinska welcomes you\u00a0 with excellent accommodations and food, fresh island air and the clean waters of beautiful beaches, wellness facilities, and many other amenities.<\/p>\n<p>Good connections with neighbouring cities and well equipped conference halls provide you with everything you need.<\/p>\n<p>&nbsp;<\/p>\n<p><strong><img loading=\"lazy\" decoding=\"async\" class=\"responsive aligncenter wp-image-31581 size-full\" src=\"http:\/\/www.visitmalinska.com\/wp-content\/uploads\/2019\/07\/konferencije-hotel-malin.jpg\" alt=\"\" width=\"1280\" height=\"720\" srcset=\"https:\/\/www.visitmalinska.com\/wp-content\/uploads\/2019\/07\/konferencije-hotel-malin.jpg 1280w, https:\/\/www.visitmalinska.com\/wp-content\/uploads\/2019\/07\/konferencije-hotel-malin-300x169.jpg 300w, https:\/\/www.visitmalinska.com\/wp-content\/uploads\/2019\/07\/konferencije-hotel-malin-768x432.jpg 768w, https:\/\/www.visitmalinska.com\/wp-content\/uploads\/2019\/07\/konferencije-hotel-malin-1024x576.jpg 1024w\" sizes=\"auto, (max-width: 1280px) 100vw, 1280px\" \/><\/strong><\/p>\n<h4>HOTEL MALIN<\/h4>\n<p><strong>Hotel Malin****<\/strong> has its own conference centre with four halls:<\/p>\n<ul>\n<li>Emilia Hall, with an area of 400m<sup>2<\/sup>\u00a0 can accommodate 350 people.\u00a0 It is equipped with modern lighting, audio and visual equipment (overhead projector, LCD projector, slide projector, video recorder, DVD, flip chart, projection screen, PA system).<\/li>\n<li>Katarina Hall seats up to 45 people, and provides audio and visual equipment.\u00a0 It is suitable for holding meetings, seminars, and press conferences<\/li>\n<li>Andrina Hall seats up to 20 people.\u00a0 It provides \u00a0audio and visual equipment, and is perfect for business meetings.<\/li>\n<li>Adriatic Hall has audio and visual equipment for courses and business meetings of a smaller capacity.\u00a0 It seats up to 15 people.<\/li>\n<\/ul>\n<p>&nbsp;<\/p>\n<h4><img loading=\"lazy\" decoding=\"async\" class=\"responsive aligncenter wp-image-31584 size-full\" src=\"http:\/\/www.visitmalinska.com\/wp-content\/uploads\/2019\/07\/konferencije-hotel-pinia.jpg\" alt=\"\" width=\"1280\" height=\"720\" srcset=\"https:\/\/www.visitmalinska.com\/wp-content\/uploads\/2019\/07\/konferencije-hotel-pinia.jpg 1280w, https:\/\/www.visitmalinska.com\/wp-content\/uploads\/2019\/07\/konferencije-hotel-pinia-300x169.jpg 300w, https:\/\/www.visitmalinska.com\/wp-content\/uploads\/2019\/07\/konferencije-hotel-pinia-768x432.jpg 768w, https:\/\/www.visitmalinska.com\/wp-content\/uploads\/2019\/07\/konferencije-hotel-pinia-1024x576.jpg 1024w\" sizes=\"auto, (max-width: 1280px) 100vw, 1280px\" \/><\/h4>\n<h4>HOTEL PINIA<\/h4>\n<p><strong>Hotel Pinia****<\/strong> has a conference hall \u00a0with state-of-the-art equipment.\u00a0 Depending on the seating arrangement, it can accommodate \u00a048 to 72 people, and is a good choice for holding a variety of seminars, business meetings, and teambuilding sessions.<\/p>\n<p>&nbsp;<\/p>\n<h4><img loading=\"lazy\" decoding=\"async\" class=\"responsive aligncenter wp-image-31585 size-full\" src=\"http:\/\/www.visitmalinska.com\/wp-content\/uploads\/2019\/07\/konferencije-hotel-vila-rova.jpg\" alt=\"\" width=\"1280\" height=\"720\" srcset=\"https:\/\/www.visitmalinska.com\/wp-content\/uploads\/2019\/07\/konferencije-hotel-vila-rova.jpg 1280w, https:\/\/www.visitmalinska.com\/wp-content\/uploads\/2019\/07\/konferencije-hotel-vila-rova-300x169.jpg 300w, https:\/\/www.visitmalinska.com\/wp-content\/uploads\/2019\/07\/konferencije-hotel-vila-rova-768x432.jpg 768w, https:\/\/www.visitmalinska.com\/wp-content\/uploads\/2019\/07\/konferencije-hotel-vila-rova-1024x576.jpg 1024w\" sizes=\"auto, (max-width: 1280px) 100vw, 1280px\" \/><\/h4>\n<h4>HOTEL VILA ROVA<\/h4>\n<p><strong>Hotel Vila Rova****<\/strong> has a conference hall with an area of 60 m<sup>2<\/sup> and seats up to 30 people. It is suitable for a wide variety of events.<\/p>\n<p>&nbsp;<\/p>\n<h4><img loading=\"lazy\" decoding=\"async\" class=\"responsive aligncenter wp-image-31586 size-full\" src=\"http:\/\/www.visitmalinska.com\/wp-content\/uploads\/2019\/07\/konferencije-blue-waves-resort.jpg\" alt=\"\" width=\"1280\" height=\"720\" srcset=\"https:\/\/www.visitmalinska.com\/wp-content\/uploads\/2019\/07\/konferencije-blue-waves-resort.jpg 1280w, https:\/\/www.visitmalinska.com\/wp-content\/uploads\/2019\/07\/konferencije-blue-waves-resort-300x169.jpg 300w, https:\/\/www.visitmalinska.com\/wp-content\/uploads\/2019\/07\/konferencije-blue-waves-resort-768x432.jpg 768w, https:\/\/www.visitmalinska.com\/wp-content\/uploads\/2019\/07\/konferencije-blue-waves-resort-1024x576.jpg 1024w\" sizes=\"auto, (max-width: 1280px) 100vw, 1280px\" \/><\/h4>\n<h4>BLUE WAVES RESORT<\/h4>\n<p><strong>Hotel<\/strong> <strong>Blue Waves Resort****<\/strong> has one conference hall with an area of 72 m<sup>2<\/sup>, and can be adapted for various events. Depending on the seating arrangement, it can accommodate from 35 to 120 attendees.<\/p>\n<p>&nbsp;<\/p>\n<h4><img loading=\"lazy\" decoding=\"async\" class=\"responsive aligncenter wp-image-31973 size-full\" src=\"http:\/\/www.visitmalinska.com\/wp-content\/uploads\/2019\/08\/hoteli-05-hotel-riva.jpg\" alt=\"\" width=\"1280\" height=\"720\" srcset=\"https:\/\/www.visitmalinska.com\/wp-content\/uploads\/2019\/08\/hoteli-05-hotel-riva.jpg 1280w, https:\/\/www.visitmalinska.com\/wp-content\/uploads\/2019\/08\/hoteli-05-hotel-riva-300x169.jpg 300w, https:\/\/www.visitmalinska.com\/wp-content\/uploads\/2019\/08\/hoteli-05-hotel-riva-768x432.jpg 768w, https:\/\/www.visitmalinska.com\/wp-content\/uploads\/2019\/08\/hoteli-05-hotel-riva-1024x576.jpg 1024w\" sizes=\"auto, (max-width: 1280px) 100vw, 1280px\" \/><\/h4>\n<h4>HOTEL RIVA<\/h4>\n<p><strong>Hotel Riva*****<\/strong> has one conference hall with an area of\u00a0 85 m<sup>2<\/sup> and seats up to 50 people.<\/p>\n<p>[\/vc_column_text][\/vc_column][\/vc_row]<\/p>\n","protected":false},"excerpt":{"rendered":"<p>Malinska welcomes you  with excellent accommodations and food, fresh island air and the clean waters of beautiful beaches, wellness facilities, and many other amenities.<\/p>\n","protected":false},"author":1,"featured_media":30477,"parent":30090,"menu_order":0,"comment_status":"closed","ping_status":"closed","template":"","meta":{"footnotes":""},"class_list":["post-31054","page","type-page","status-publish","has-post-thumbnail"],"acf":[],"yoast_head":"<!-- This site is optimized with the Yoast SEO plugin v23.5 - https:\/\/yoast.com\/wordpress\/plugins\/seo\/ -->\n<title>Conferences and teambuilding - TZO Malinska-Duba\u0161nica<\/title>\n<meta name=\"description\" content=\"Whether looking for a location to host your company\u2019s conference or a teambuilding experience, Malinska welcomes you with excellent accommodations.\" \/>\n<meta name=\"robots\" content=\"index, follow, max-snippet:-1, max-image-preview:large, max-video-preview:-1\" \/>\n<link rel=\"canonical\" href=\"https:\/\/www.visitmalinska.com\/malinska-za-sve\/konferencije-i-teambuilding\/\" \/>\n<meta property=\"og:locale\" content=\"en_US\" \/>\n<meta property=\"og:type\" content=\"article\" \/>\n<meta property=\"og:title\" content=\"{:hr}Konferencije i teambuilding{:}{:en}Conferences and teambuilding{:}{:de}Konferenzen und Teambuilding{:}{:it}Conferenze e team building{:}{:si}Konference in team building{:} - TZO Malinska-Duba\u0161nica\" \/>\n<meta property=\"og:description\" content=\"{:hr}Bilo da tra\u017eite prostor za va\u0161 kongres ili team building iskustvo za va\u0161u tvrtku \u2013 u Malinskoj vas \u010dekaju vrhunski smje\u0161taj i hrana.{:}{:en}Whether looking for a location to host your company\u2019s conference or a teambuilding experience, Malinska welcomes you with excellent accommodations.{:}\" \/>\n<meta property=\"og:url\" content=\"https:\/\/www.visitmalinska.com\/malinska-za-sve\/konferencije-i-teambuilding\/\" \/>\n<meta property=\"og:site_name\" content=\"TZO Malinska-Duba\u0161nica\" \/>\n<meta property=\"article:publisher\" content=\"https:\/\/www.facebook.com\/Malinska.Island.Krk\/\" \/>\n<meta property=\"article:modified_time\" content=\"2019-12-02T11:59:00+00:00\" \/>\n<meta property=\"og:image\" content=\"https:\/\/www.visitmalinska.com\/wp-content\/uploads\/2019\/09\/teambuilding-facebook.jpg\" \/>\n\t<meta property=\"og:image:width\" content=\"1200\" \/>\n\t<meta property=\"og:image:height\" content=\"630\" \/>\n\t<meta property=\"og:image:type\" content=\"image\/jpeg\" \/>\n<meta name=\"twitter:card\" content=\"summary_large_image\" \/>\n<meta name=\"twitter:image\" content=\"https:\/\/www.visitmalinska.com\/wp-content\/uploads\/2019\/09\/teambuilding-twitter.jpg\" \/>\n<meta name=\"twitter:label1\" content=\"Est. reading time\" \/>\n\t<meta name=\"twitter:data1\" content=\"8 minutes\" \/>\n<script type=\"application\/ld+json\" class=\"yoast-schema-graph\">{\"@context\":\"https:\/\/schema.org\",\"@graph\":[{\"@type\":\"WebPage\",\"@id\":\"https:\/\/www.visitmalinska.com\/malinska-za-sve\/konferencije-i-teambuilding\/\",\"url\":\"https:\/\/www.visitmalinska.com\/malinska-za-sve\/konferencije-i-teambuilding\/\",\"name\":\"{:hr}Konferencije i teambuilding{:}{:en}Conferences and teambuilding{:}{:de}Konferenzen und Teambuilding{:}{:it}Conferenze e team building{:}{:si}Konference in team building{:} - TZO Malinska-Duba\u0161nica\",\"isPartOf\":{\"@id\":\"https:\/\/www.visitmalinska.com\/#website\"},\"primaryImageOfPage\":{\"@id\":\"https:\/\/www.visitmalinska.com\/malinska-za-sve\/konferencije-i-teambuilding\/#primaryimage\"},\"image\":{\"@id\":\"https:\/\/www.visitmalinska.com\/malinska-za-sve\/konferencije-i-teambuilding\/#primaryimage\"},\"thumbnailUrl\":\"https:\/\/www.visitmalinska.com\/wp-content\/uploads\/2019\/03\/008-teambuilding-clean.jpg\",\"datePublished\":\"2019-04-17T13:11:33+00:00\",\"dateModified\":\"2019-12-02T11:59:00+00:00\",\"description\":\"{:hr}Bilo da tra\u017eite prostor za va\u0161 kongres ili team building iskustvo za va\u0161u tvrtku \u2013 u Malinskoj vas \u010dekaju vrhunski smje\u0161taj i hrana.{:}{:en}Whether looking for a location to host your company\u2019s conference or a teambuilding experience, Malinska welcomes you with excellent accommodations.{:}\",\"breadcrumb\":{\"@id\":\"https:\/\/www.visitmalinska.com\/malinska-za-sve\/konferencije-i-teambuilding\/#breadcrumb\"},\"inLanguage\":\"en-US\",\"potentialAction\":[{\"@type\":\"ReadAction\",\"target\":[\"https:\/\/www.visitmalinska.com\/malinska-za-sve\/konferencije-i-teambuilding\/\"]}]},{\"@type\":\"ImageObject\",\"inLanguage\":\"en-US\",\"@id\":\"https:\/\/www.visitmalinska.com\/malinska-za-sve\/konferencije-i-teambuilding\/#primaryimage\",\"url\":\"https:\/\/www.visitmalinska.com\/wp-content\/uploads\/2019\/03\/008-teambuilding-clean.jpg\",\"contentUrl\":\"https:\/\/www.visitmalinska.com\/wp-content\/uploads\/2019\/03\/008-teambuilding-clean.jpg\",\"width\":1000,\"height\":1000},{\"@type\":\"BreadcrumbList\",\"@id\":\"https:\/\/www.visitmalinska.com\/malinska-za-sve\/konferencije-i-teambuilding\/#breadcrumb\",\"itemListElement\":[{\"@type\":\"ListItem\",\"position\":1,\"name\":\"Po\u010detna stranica\",\"item\":\"https:\/\/www.visitmalinska.com\/\"},{\"@type\":\"ListItem\",\"position\":2,\"name\":\"Malinska za sve\",\"item\":\"https:\/\/www.visitmalinska.com\/malinska-za-sve\/\"},{\"@type\":\"ListItem\",\"position\":3,\"name\":\"Konferencije i teambuilding\"}]},{\"@type\":\"WebSite\",\"@id\":\"https:\/\/www.visitmalinska.com\/#website\",\"url\":\"https:\/\/www.visitmalinska.com\/\",\"name\":\"TZO Malinska-Duba\u0161nica\",\"description\":\"\",\"publisher\":{\"@id\":\"https:\/\/www.visitmalinska.com\/#organization\"},\"potentialAction\":[{\"@type\":\"SearchAction\",\"target\":{\"@type\":\"EntryPoint\",\"urlTemplate\":\"https:\/\/www.visitmalinska.com\/?s={search_term_string}\"},\"query-input\":{\"@type\":\"PropertyValueSpecification\",\"valueRequired\":true,\"valueName\":\"search_term_string\"}}],\"inLanguage\":\"en-US\"},{\"@type\":\"Organization\",\"@id\":\"https:\/\/www.visitmalinska.com\/#organization\",\"name\":\"TZO Malinska - Duba\u0161nica\",\"url\":\"https:\/\/www.visitmalinska.com\/\",\"logo\":{\"@type\":\"ImageObject\",\"inLanguage\":\"en-US\",\"@id\":\"https:\/\/www.visitmalinska.com\/#\/schema\/logo\/image\/\",\"url\":\"https:\/\/www.visitmalinska.com\/wp-content\/uploads\/2019\/03\/malinska-logo-240.png\",\"contentUrl\":\"https:\/\/www.visitmalinska.com\/wp-content\/uploads\/2019\/03\/malinska-logo-240.png\",\"width\":1188,\"height\":241,\"caption\":\"TZO Malinska - Duba\u0161nica\"},\"image\":{\"@id\":\"https:\/\/www.visitmalinska.com\/#\/schema\/logo\/image\/\"},\"sameAs\":[\"https:\/\/www.facebook.com\/Malinska.Island.Krk\/\",\"https:\/\/www.instagram.com\/visitmalinska\/\"]}]}<\/script>\n<!-- \/ Yoast SEO plugin. -->","yoast_head_json":{"title":"Conferences and teambuilding - TZO Malinska-Duba\u0161nica","description":"Whether looking for a location to host your company\u2019s conference or a teambuilding experience, Malinska welcomes you with excellent accommodations.","robots":{"index":"index","follow":"follow","max-snippet":"max-snippet:-1","max-image-preview":"max-image-preview:large","max-video-preview":"max-video-preview:-1"},"canonical":"https:\/\/www.visitmalinska.com\/malinska-za-sve\/konferencije-i-teambuilding\/","og_locale":"en_US","og_type":"article","og_title":"{:hr}Konferencije i teambuilding{:}{:en}Conferences and teambuilding{:}{:de}Konferenzen und Teambuilding{:}{:it}Conferenze e team building{:}{:si}Konference in team building{:} - TZO Malinska-Duba\u0161nica","og_description":"{:hr}Bilo da tra\u017eite prostor za va\u0161 kongres ili team building iskustvo za va\u0161u tvrtku \u2013 u Malinskoj vas \u010dekaju vrhunski smje\u0161taj i hrana.{:}{:en}Whether looking for a location to host your company\u2019s conference or a teambuilding experience, Malinska welcomes you with excellent accommodations.{:}","og_url":"https:\/\/www.visitmalinska.com\/malinska-za-sve\/konferencije-i-teambuilding\/","og_site_name":"TZO Malinska-Duba\u0161nica","article_publisher":"https:\/\/www.facebook.com\/Malinska.Island.Krk\/","article_modified_time":"2019-12-02T11:59:00+00:00","og_image":[{"width":1200,"height":630,"url":"https:\/\/www.visitmalinska.com\/wp-content\/uploads\/2019\/09\/teambuilding-facebook.jpg","type":"image\/jpeg"}],"twitter_card":"summary_large_image","twitter_image":"https:\/\/www.visitmalinska.com\/wp-content\/uploads\/2019\/09\/teambuilding-twitter.jpg","twitter_misc":{"Est. reading time":"8 minutes"},"schema":{"@context":"https:\/\/schema.org","@graph":[{"@type":"WebPage","@id":"https:\/\/www.visitmalinska.com\/malinska-za-sve\/konferencije-i-teambuilding\/","url":"https:\/\/www.visitmalinska.com\/malinska-za-sve\/konferencije-i-teambuilding\/","name":"{:hr}Konferencije i teambuilding{:}{:en}Conferences and teambuilding{:}{:de}Konferenzen und Teambuilding{:}{:it}Conferenze e team building{:}{:si}Konference in team building{:} - TZO Malinska-Duba\u0161nica","isPartOf":{"@id":"https:\/\/www.visitmalinska.com\/#website"},"primaryImageOfPage":{"@id":"https:\/\/www.visitmalinska.com\/malinska-za-sve\/konferencije-i-teambuilding\/#primaryimage"},"image":{"@id":"https:\/\/www.visitmalinska.com\/malinska-za-sve\/konferencije-i-teambuilding\/#primaryimage"},"thumbnailUrl":"https:\/\/www.visitmalinska.com\/wp-content\/uploads\/2019\/03\/008-teambuilding-clean.jpg","datePublished":"2019-04-17T13:11:33+00:00","dateModified":"2019-12-02T11:59:00+00:00","description":"{:hr}Bilo da tra\u017eite prostor za va\u0161 kongres ili team building iskustvo za va\u0161u tvrtku \u2013 u Malinskoj vas \u010dekaju vrhunski smje\u0161taj i hrana.{:}{:en}Whether looking for a location to host your company\u2019s conference or a teambuilding experience, Malinska welcomes you with excellent accommodations.{:}","breadcrumb":{"@id":"https:\/\/www.visitmalinska.com\/malinska-za-sve\/konferencije-i-teambuilding\/#breadcrumb"},"inLanguage":"en-US","potentialAction":[{"@type":"ReadAction","target":["https:\/\/www.visitmalinska.com\/malinska-za-sve\/konferencije-i-teambuilding\/"]}]},{"@type":"ImageObject","inLanguage":"en-US","@id":"https:\/\/www.visitmalinska.com\/malinska-za-sve\/konferencije-i-teambuilding\/#primaryimage","url":"https:\/\/www.visitmalinska.com\/wp-content\/uploads\/2019\/03\/008-teambuilding-clean.jpg","contentUrl":"https:\/\/www.visitmalinska.com\/wp-content\/uploads\/2019\/03\/008-teambuilding-clean.jpg","width":1000,"height":1000},{"@type":"BreadcrumbList","@id":"https:\/\/www.visitmalinska.com\/malinska-za-sve\/konferencije-i-teambuilding\/#breadcrumb","itemListElement":[{"@type":"ListItem","position":1,"name":"Po\u010detna stranica","item":"https:\/\/www.visitmalinska.com\/"},{"@type":"ListItem","position":2,"name":"Malinska za sve","item":"https:\/\/www.visitmalinska.com\/malinska-za-sve\/"},{"@type":"ListItem","position":3,"name":"Konferencije i teambuilding"}]},{"@type":"WebSite","@id":"https:\/\/www.visitmalinska.com\/#website","url":"https:\/\/www.visitmalinska.com\/","name":"TZO Malinska-Duba\u0161nica","description":"","publisher":{"@id":"https:\/\/www.visitmalinska.com\/#organization"},"potentialAction":[{"@type":"SearchAction","target":{"@type":"EntryPoint","urlTemplate":"https:\/\/www.visitmalinska.com\/?s={search_term_string}"},"query-input":{"@type":"PropertyValueSpecification","valueRequired":true,"valueName":"search_term_string"}}],"inLanguage":"en-US"},{"@type":"Organization","@id":"https:\/\/www.visitmalinska.com\/#organization","name":"TZO Malinska - Duba\u0161nica","url":"https:\/\/www.visitmalinska.com\/","logo":{"@type":"ImageObject","inLanguage":"en-US","@id":"https:\/\/www.visitmalinska.com\/#\/schema\/logo\/image\/","url":"https:\/\/www.visitmalinska.com\/wp-content\/uploads\/2019\/03\/malinska-logo-240.png","contentUrl":"https:\/\/www.visitmalinska.com\/wp-content\/uploads\/2019\/03\/malinska-logo-240.png","width":1188,"height":241,"caption":"TZO Malinska - Duba\u0161nica"},"image":{"@id":"https:\/\/www.visitmalinska.com\/#\/schema\/logo\/image\/"},"sameAs":["https:\/\/www.facebook.com\/Malinska.Island.Krk\/","https:\/\/www.instagram.com\/visitmalinska\/"]}]}},"_links":{"self":[{"href":"https:\/\/www.visitmalinska.com\/en\/wp-json\/wp\/v2\/pages\/31054","targetHints":{"allow":["GET"]}}],"collection":[{"href":"https:\/\/www.visitmalinska.com\/en\/wp-json\/wp\/v2\/pages"}],"about":[{"href":"https:\/\/www.visitmalinska.com\/en\/wp-json\/wp\/v2\/types\/page"}],"author":[{"embeddable":true,"href":"https:\/\/www.visitmalinska.com\/en\/wp-json\/wp\/v2\/users\/1"}],"replies":[{"embeddable":true,"href":"https:\/\/www.visitmalinska.com\/en\/wp-json\/wp\/v2\/comments?post=31054"}],"version-history":[{"count":19,"href":"https:\/\/www.visitmalinska.com\/en\/wp-json\/wp\/v2\/pages\/31054\/revisions"}],"predecessor-version":[{"id":33158,"href":"https:\/\/www.visitmalinska.com\/en\/wp-json\/wp\/v2\/pages\/31054\/revisions\/33158"}],"up":[{"embeddable":true,"href":"https:\/\/www.visitmalinska.com\/en\/wp-json\/wp\/v2\/pages\/30090"}],"wp:featuredmedia":[{"embeddable":true,"href":"https:\/\/www.visitmalinska.com\/en\/wp-json\/wp\/v2\/media\/30477"}],"wp:attachment":[{"href":"https:\/\/www.visitmalinska.com\/en\/wp-json\/wp\/v2\/media?parent=31054"}],"curies":[{"name":"wp","href":"https:\/\/api.w.org\/{rel}","templated":true}]}}