{"id":30118,"date":"2019-03-19T13:35:00","date_gmt":"2019-03-19T13:35:00","guid":{"rendered":"http:\/\/www.visitmalinska.com\/?page_id=30118"},"modified":"2019-12-02T17:21:56","modified_gmt":"2019-12-02T15:21:56","slug":"obitelj-i-djeca","status":"publish","type":"page","link":"https:\/\/www.visitmalinska.com\/en\/malinska-for-all\/families-and-children\/","title":{"rendered":"Families and Children"},"content":{"rendered":"<p>[vc_row][vc_column][vc_column_text]Malinska is one of the most popular destinations for families and children.\u00a0 With good transportation connections and its proximity to major cities (notably Rijeka and Zagreb), as well as the availability of private and hotel accommodations, beaches and affordable restaurants and cafes, Malinska has managed to assert itself as one of the top choices for family vacations.<\/p>\n<p>The safety and tranquility provided by Malinska are an additional perk for parents in dire need of some peace and quiet.<\/p>\n<p>Visit Malinska if you want to treat your kids to a magical family holiday full of carefree walks, cycling, and beach days surrounded by a relatively\u00a0 peaceful and beautiful natural environment.<\/p>\n<p>&nbsp;<\/p>\n<p><strong><img loading=\"lazy\" decoding=\"async\" class=\"responsive aligncenter wp-image-31618 size-full\" src=\"http:\/\/www.visitmalinska.com\/wp-content\/uploads\/2019\/07\/obitelj-i-djeca-2.jpg\" alt=\"\" width=\"1280\" height=\"720\" srcset=\"https:\/\/www.visitmalinska.com\/wp-content\/uploads\/2019\/07\/obitelj-i-djeca-2.jpg 1280w, https:\/\/www.visitmalinska.com\/wp-content\/uploads\/2019\/07\/obitelj-i-djeca-2-300x169.jpg 300w, https:\/\/www.visitmalinska.com\/wp-content\/uploads\/2019\/07\/obitelj-i-djeca-2-768x432.jpg 768w, https:\/\/www.visitmalinska.com\/wp-content\/uploads\/2019\/07\/obitelj-i-djeca-2-1024x576.jpg 1024w\" sizes=\"auto, (max-width: 1280px) 100vw, 1280px\" \/><\/strong><\/p>\n<h4><strong>ACCOMMODATION FOR FAMILIES<\/strong><\/h4>\n<p>During the tourist season, private apartments in Malinska are almost always booked to capacity. To find the ideal place to stay, we recommend that you plan your accommodation in advance. If you happen to be a last-minute guest, one of the many travel agencies can assist you in settling down somewhere nice.<\/p>\n<p>For a perfectly relaxing vacation, in addition to hundreds of private accommodations, there are also independent hotels of all sizes offering room and board. One of the oldest hotels in Malinska, Hotel Malin, features 128 rooms and 21 luxury apartments. It is located near the town centre a stone\u2019s throw from the coast, and is open year-round. Hotels Vila Rova and Blue Wave Resort are located somewhat further along the coast, and feature pools.\u00a0 Continuing along the coast, in Porat, is the superior hotel Spa and Wellness Hotel Pinia and hotel Villa Margaret.\u00a0 Hotel Adria and hotel Luxury Riva can be found in the town centre promenade along the coast.<\/p>\n<p>If you prefer camping, don\u2019t worry; there is also something for you. Camp Draga is located on a tranquil site just 200 metres from the beach, by a private home near Malinska\u2019s town centre.<\/p>\n<p>Whether you are a guest looking for a five-star hotel or modest private accommodation, Malinska has something for every family.<\/p>\n<p>&nbsp;<\/p>\n<p><strong><img loading=\"lazy\" decoding=\"async\" class=\"responsive aligncenter wp-image-31619 size-full\" src=\"http:\/\/www.visitmalinska.com\/wp-content\/uploads\/2019\/07\/obitelj-i-djeca-3.jpg\" alt=\"\" width=\"1280\" height=\"720\" srcset=\"https:\/\/www.visitmalinska.com\/wp-content\/uploads\/2019\/07\/obitelj-i-djeca-3.jpg 1280w, https:\/\/www.visitmalinska.com\/wp-content\/uploads\/2019\/07\/obitelj-i-djeca-3-300x169.jpg 300w, https:\/\/www.visitmalinska.com\/wp-content\/uploads\/2019\/07\/obitelj-i-djeca-3-768x432.jpg 768w, https:\/\/www.visitmalinska.com\/wp-content\/uploads\/2019\/07\/obitelj-i-djeca-3-1024x576.jpg 1024w\" sizes=\"auto, (max-width: 1280px) 100vw, 1280px\" \/><\/strong><\/p>\n<h4><strong>BEACHES FOR FAMILIES WITH CHILDREN<\/strong><\/h4>\n<p>The dozens of beaches along Malinska\u2019s indented coast are bound to offer something for everyone.<\/p>\n<p>They stretch from Rajska cesta (Paradise Road) connecting Malinska and Njivice, all the way to the romantic village of Porat three kilometres from Malinska.\u00a0 You won\u2019t be disappointed whether you are looking for sandy beaches, concrete plateaus from which you can jump into the sea, or beaches accessible to the disabled. Bear in mind that almost all \u00a0beaches feature amenities such as water parks, pedal boat rentals, sandboxes, sun umbrellas and loungers, and refreshment stands where you can enjoy something to eat, drink, or a scoop of ice cream.<\/p>\n<p>&nbsp;<\/p>\n<p><strong><img loading=\"lazy\" decoding=\"async\" class=\"responsive aligncenter wp-image-31620 size-full\" src=\"http:\/\/www.visitmalinska.com\/wp-content\/uploads\/2019\/07\/obitelj-i-djeca-4.jpg\" alt=\"\" width=\"1280\" height=\"720\" srcset=\"https:\/\/www.visitmalinska.com\/wp-content\/uploads\/2019\/07\/obitelj-i-djeca-4.jpg 1280w, https:\/\/www.visitmalinska.com\/wp-content\/uploads\/2019\/07\/obitelj-i-djeca-4-300x169.jpg 300w, https:\/\/www.visitmalinska.com\/wp-content\/uploads\/2019\/07\/obitelj-i-djeca-4-768x432.jpg 768w, https:\/\/www.visitmalinska.com\/wp-content\/uploads\/2019\/07\/obitelj-i-djeca-4-1024x576.jpg 1024w\" sizes=\"auto, (max-width: 1280px) 100vw, 1280px\" \/><\/strong><\/p>\n<h4><strong>ENTERTAINMENT AND ACTIVITES FOR FAMILIES WITH CHILDREN<\/strong><\/h4>\n<p>In addition to the previously mentioned sea activities, your kids can also enjoy several playgrounds for preschool children equipped with swings, slides, see-saws and jungle gyms.\u00a0 These playgrounds can be found in public areas near Rupa beach, in Ulica Nikola Tesla street, in the villages of Sv.Vid, Kremenici, Zidari\u0107i, near Rova, in Porat and at the intersection of the streets Kvarnerska Ulica and Ulica Nedeljka Karabai\u0107a.<\/p>\n<p>Children will also be delighted by amenities in Malinska\u2019s town centre, such as a fairground, trampoline, bungee-trampolines and 4D cinema!<\/p>\n<p>If you\u2019re an active family that loves to walk and cycle, the entire 10 kilometre coast in Malinska can be covered with an easy stroll, or crossed by bike on the mostly shaded trails.<\/p>\n<p>&nbsp;<\/p>\n<p><strong><img loading=\"lazy\" decoding=\"async\" class=\"responsive aligncenter wp-image-31621 size-full\" src=\"http:\/\/www.visitmalinska.com\/wp-content\/uploads\/2019\/07\/obitelj-i-djeca-5.jpg\" alt=\"\" width=\"1280\" height=\"720\" srcset=\"https:\/\/www.visitmalinska.com\/wp-content\/uploads\/2019\/07\/obitelj-i-djeca-5.jpg 1280w, https:\/\/www.visitmalinska.com\/wp-content\/uploads\/2019\/07\/obitelj-i-djeca-5-300x169.jpg 300w, https:\/\/www.visitmalinska.com\/wp-content\/uploads\/2019\/07\/obitelj-i-djeca-5-768x432.jpg 768w, https:\/\/www.visitmalinska.com\/wp-content\/uploads\/2019\/07\/obitelj-i-djeca-5-1024x576.jpg 1024w\" sizes=\"auto, (max-width: 1280px) 100vw, 1280px\" \/><\/strong><\/p>\n<h4><strong>WHERE TO EAT?<\/strong><\/h4>\n<p>Restaurants, pizzerias, patisseries, and fast food eateries can be found throughout Malinska, so enjoying a place to eat is never a problem. There is a variety of food to suit all tastes, and since Malinska is a family oriented town, it will be easy to find something your kids will love.[\/vc_column_text][\/vc_column][\/vc_row]<\/p>\n","protected":false},"excerpt":{"rendered":"<p>Malinska is one of the most popular destinations for families and children.<\/p>\n","protected":false},"author":1,"featured_media":31615,"parent":30090,"menu_order":0,"comment_status":"closed","ping_status":"closed","template":"","meta":{"footnotes":""},"class_list":["post-30118","page","type-page","status-publish","has-post-thumbnail"],"acf":[],"yoast_head":"<!-- This site is optimized with the Yoast SEO plugin v23.5 - https:\/\/yoast.com\/wordpress\/plugins\/seo\/ -->\n<title>Families and Children - TZO Malinska-Duba\u0161nica<\/title>\n<meta name=\"description\" content=\"Malinska is one of the most popular destinations for families and children.\" \/>\n<meta name=\"robots\" content=\"index, follow, max-snippet:-1, max-image-preview:large, max-video-preview:-1\" \/>\n<link rel=\"canonical\" href=\"https:\/\/www.visitmalinska.com\/de\/malinska-fur-alle\/familie-und-kinder\/\" \/>\n<meta property=\"og:locale\" content=\"en_US\" \/>\n<meta property=\"og:type\" content=\"article\" \/>\n<meta property=\"og:title\" content=\"{:hr}Obitelj i djeca{:}{:en}Families and Children{:}{:de}Familie und Kinder{:}{:it}Famiglie e bambini{:}{:si}Dru\u017eina in otroci{:} - TZO Malinska-Duba\u0161nica\" \/>\n<meta property=\"og:description\" content=\"{:hr}Malinska je jedna od destinacija koje obitelji s djecom najvi\u0161e vole.{:}{:en}Malinska is one of the most popular destinations for families and children.{:}\" \/>\n<meta property=\"og:url\" content=\"https:\/\/www.visitmalinska.com\/de\/malinska-fur-alle\/familie-und-kinder\/\" \/>\n<meta property=\"og:site_name\" content=\"TZO Malinska-Duba\u0161nica\" \/>\n<meta property=\"article:publisher\" content=\"https:\/\/www.facebook.com\/Malinska.Island.Krk\/\" \/>\n<meta property=\"article:modified_time\" content=\"2019-12-02T15:21:56+00:00\" \/>\n<meta property=\"og:image\" content=\"https:\/\/www.visitmalinska.com\/wp-content\/uploads\/2019\/09\/obitelj-i-djeca-facebook.jpg\" \/>\n\t<meta property=\"og:image:width\" content=\"1200\" \/>\n\t<meta property=\"og:image:height\" content=\"630\" \/>\n\t<meta property=\"og:image:type\" content=\"image\/jpeg\" \/>\n<meta name=\"twitter:card\" content=\"summary_large_image\" \/>\n<meta name=\"twitter:image\" content=\"https:\/\/www.visitmalinska.com\/wp-content\/uploads\/2019\/09\/obitelj-i-djeca-twitter.jpg\" \/>\n<meta name=\"twitter:label1\" content=\"Est. reading time\" \/>\n\t<meta name=\"twitter:data1\" content=\"17 minutes\" \/>\n<script type=\"application\/ld+json\" class=\"yoast-schema-graph\">{\"@context\":\"https:\/\/schema.org\",\"@graph\":[{\"@type\":\"WebPage\",\"@id\":\"https:\/\/www.visitmalinska.com\/de\/malinska-fur-alle\/familie-und-kinder\/\",\"url\":\"https:\/\/www.visitmalinska.com\/de\/malinska-fur-alle\/familie-und-kinder\/\",\"name\":\"{:hr}Obitelj i djeca{:}{:en}Families and Children{:}{:de}Familie und Kinder{:}{:it}Famiglie e bambini{:}{:si}Dru\u017eina in otroci{:} - TZO Malinska-Duba\u0161nica\",\"isPartOf\":{\"@id\":\"https:\/\/www.visitmalinska.com\/#website\"},\"primaryImageOfPage\":{\"@id\":\"https:\/\/www.visitmalinska.com\/de\/malinska-fur-alle\/familie-und-kinder\/#primaryimage\"},\"image\":{\"@id\":\"https:\/\/www.visitmalinska.com\/de\/malinska-fur-alle\/familie-und-kinder\/#primaryimage\"},\"thumbnailUrl\":\"https:\/\/www.visitmalinska.com\/wp-content\/uploads\/2019\/07\/002-obitelj-i-djeca-2.jpg\",\"datePublished\":\"2019-03-19T13:35:00+00:00\",\"dateModified\":\"2019-12-02T15:21:56+00:00\",\"description\":\"{:hr}Malinska je jedna od destinacija koje obitelji s djecom najvi\u0161e vole.{:}{:en}Malinska is one of the most popular destinations for families and children.{:}\",\"breadcrumb\":{\"@id\":\"https:\/\/www.visitmalinska.com\/de\/malinska-fur-alle\/familie-und-kinder\/#breadcrumb\"},\"inLanguage\":\"en-US\",\"potentialAction\":[{\"@type\":\"ReadAction\",\"target\":[\"https:\/\/www.visitmalinska.com\/de\/malinska-fur-alle\/familie-und-kinder\/\"]}]},{\"@type\":\"ImageObject\",\"inLanguage\":\"en-US\",\"@id\":\"https:\/\/www.visitmalinska.com\/de\/malinska-fur-alle\/familie-und-kinder\/#primaryimage\",\"url\":\"https:\/\/www.visitmalinska.com\/wp-content\/uploads\/2019\/07\/002-obitelj-i-djeca-2.jpg\",\"contentUrl\":\"https:\/\/www.visitmalinska.com\/wp-content\/uploads\/2019\/07\/002-obitelj-i-djeca-2.jpg\",\"width\":1000,\"height\":1000},{\"@type\":\"BreadcrumbList\",\"@id\":\"https:\/\/www.visitmalinska.com\/de\/malinska-fur-alle\/familie-und-kinder\/#breadcrumb\",\"itemListElement\":[{\"@type\":\"ListItem\",\"position\":1,\"name\":\"Po\u010detna stranica\",\"item\":\"https:\/\/www.visitmalinska.com\/\"},{\"@type\":\"ListItem\",\"position\":2,\"name\":\"Malinska za sve\",\"item\":\"https:\/\/www.visitmalinska.com\/malinska-za-sve\/\"},{\"@type\":\"ListItem\",\"position\":3,\"name\":\"Familie und Kinder\"}]},{\"@type\":\"WebSite\",\"@id\":\"https:\/\/www.visitmalinska.com\/#website\",\"url\":\"https:\/\/www.visitmalinska.com\/\",\"name\":\"TZO Malinska-Duba\u0161nica\",\"description\":\"\",\"publisher\":{\"@id\":\"https:\/\/www.visitmalinska.com\/#organization\"},\"potentialAction\":[{\"@type\":\"SearchAction\",\"target\":{\"@type\":\"EntryPoint\",\"urlTemplate\":\"https:\/\/www.visitmalinska.com\/?s={search_term_string}\"},\"query-input\":{\"@type\":\"PropertyValueSpecification\",\"valueRequired\":true,\"valueName\":\"search_term_string\"}}],\"inLanguage\":\"en-US\"},{\"@type\":\"Organization\",\"@id\":\"https:\/\/www.visitmalinska.com\/#organization\",\"name\":\"TZO Malinska - Duba\u0161nica\",\"url\":\"https:\/\/www.visitmalinska.com\/\",\"logo\":{\"@type\":\"ImageObject\",\"inLanguage\":\"en-US\",\"@id\":\"https:\/\/www.visitmalinska.com\/#\/schema\/logo\/image\/\",\"url\":\"https:\/\/www.visitmalinska.com\/wp-content\/uploads\/2019\/03\/malinska-logo-240.png\",\"contentUrl\":\"https:\/\/www.visitmalinska.com\/wp-content\/uploads\/2019\/03\/malinska-logo-240.png\",\"width\":1188,\"height\":241,\"caption\":\"TZO Malinska - Duba\u0161nica\"},\"image\":{\"@id\":\"https:\/\/www.visitmalinska.com\/#\/schema\/logo\/image\/\"},\"sameAs\":[\"https:\/\/www.facebook.com\/Malinska.Island.Krk\/\",\"https:\/\/www.instagram.com\/visitmalinska\/\"]}]}<\/script>\n<!-- \/ Yoast SEO plugin. -->","yoast_head_json":{"title":"Families and Children - TZO Malinska-Duba\u0161nica","description":"Malinska is one of the most popular destinations for families and children.","robots":{"index":"index","follow":"follow","max-snippet":"max-snippet:-1","max-image-preview":"max-image-preview:large","max-video-preview":"max-video-preview:-1"},"canonical":"https:\/\/www.visitmalinska.com\/de\/malinska-fur-alle\/familie-und-kinder\/","og_locale":"en_US","og_type":"article","og_title":"{:hr}Obitelj i djeca{:}{:en}Families and Children{:}{:de}Familie und Kinder{:}{:it}Famiglie e bambini{:}{:si}Dru\u017eina in otroci{:} - TZO Malinska-Duba\u0161nica","og_description":"{:hr}Malinska je jedna od destinacija koje obitelji s djecom najvi\u0161e vole.{:}{:en}Malinska is one of the most popular destinations for families and children.{:}","og_url":"https:\/\/www.visitmalinska.com\/de\/malinska-fur-alle\/familie-und-kinder\/","og_site_name":"TZO Malinska-Duba\u0161nica","article_publisher":"https:\/\/www.facebook.com\/Malinska.Island.Krk\/","article_modified_time":"2019-12-02T15:21:56+00:00","og_image":[{"width":1200,"height":630,"url":"https:\/\/www.visitmalinska.com\/wp-content\/uploads\/2019\/09\/obitelj-i-djeca-facebook.jpg","type":"image\/jpeg"}],"twitter_card":"summary_large_image","twitter_image":"https:\/\/www.visitmalinska.com\/wp-content\/uploads\/2019\/09\/obitelj-i-djeca-twitter.jpg","twitter_misc":{"Est. reading time":"17 minutes"},"schema":{"@context":"https:\/\/schema.org","@graph":[{"@type":"WebPage","@id":"https:\/\/www.visitmalinska.com\/de\/malinska-fur-alle\/familie-und-kinder\/","url":"https:\/\/www.visitmalinska.com\/de\/malinska-fur-alle\/familie-und-kinder\/","name":"{:hr}Obitelj i djeca{:}{:en}Families and Children{:}{:de}Familie und Kinder{:}{:it}Famiglie e bambini{:}{:si}Dru\u017eina in otroci{:} - TZO Malinska-Duba\u0161nica","isPartOf":{"@id":"https:\/\/www.visitmalinska.com\/#website"},"primaryImageOfPage":{"@id":"https:\/\/www.visitmalinska.com\/de\/malinska-fur-alle\/familie-und-kinder\/#primaryimage"},"image":{"@id":"https:\/\/www.visitmalinska.com\/de\/malinska-fur-alle\/familie-und-kinder\/#primaryimage"},"thumbnailUrl":"https:\/\/www.visitmalinska.com\/wp-content\/uploads\/2019\/07\/002-obitelj-i-djeca-2.jpg","datePublished":"2019-03-19T13:35:00+00:00","dateModified":"2019-12-02T15:21:56+00:00","description":"{:hr}Malinska je jedna od destinacija koje obitelji s djecom najvi\u0161e vole.{:}{:en}Malinska is one of the most popular destinations for families and children.{:}","breadcrumb":{"@id":"https:\/\/www.visitmalinska.com\/de\/malinska-fur-alle\/familie-und-kinder\/#breadcrumb"},"inLanguage":"en-US","potentialAction":[{"@type":"ReadAction","target":["https:\/\/www.visitmalinska.com\/de\/malinska-fur-alle\/familie-und-kinder\/"]}]},{"@type":"ImageObject","inLanguage":"en-US","@id":"https:\/\/www.visitmalinska.com\/de\/malinska-fur-alle\/familie-und-kinder\/#primaryimage","url":"https:\/\/www.visitmalinska.com\/wp-content\/uploads\/2019\/07\/002-obitelj-i-djeca-2.jpg","contentUrl":"https:\/\/www.visitmalinska.com\/wp-content\/uploads\/2019\/07\/002-obitelj-i-djeca-2.jpg","width":1000,"height":1000},{"@type":"BreadcrumbList","@id":"https:\/\/www.visitmalinska.com\/de\/malinska-fur-alle\/familie-und-kinder\/#breadcrumb","itemListElement":[{"@type":"ListItem","position":1,"name":"Po\u010detna stranica","item":"https:\/\/www.visitmalinska.com\/"},{"@type":"ListItem","position":2,"name":"Malinska za sve","item":"https:\/\/www.visitmalinska.com\/malinska-za-sve\/"},{"@type":"ListItem","position":3,"name":"Familie und Kinder"}]},{"@type":"WebSite","@id":"https:\/\/www.visitmalinska.com\/#website","url":"https:\/\/www.visitmalinska.com\/","name":"TZO Malinska-Duba\u0161nica","description":"","publisher":{"@id":"https:\/\/www.visitmalinska.com\/#organization"},"potentialAction":[{"@type":"SearchAction","target":{"@type":"EntryPoint","urlTemplate":"https:\/\/www.visitmalinska.com\/?s={search_term_string}"},"query-input":{"@type":"PropertyValueSpecification","valueRequired":true,"valueName":"search_term_string"}}],"inLanguage":"en-US"},{"@type":"Organization","@id":"https:\/\/www.visitmalinska.com\/#organization","name":"TZO Malinska - Duba\u0161nica","url":"https:\/\/www.visitmalinska.com\/","logo":{"@type":"ImageObject","inLanguage":"en-US","@id":"https:\/\/www.visitmalinska.com\/#\/schema\/logo\/image\/","url":"https:\/\/www.visitmalinska.com\/wp-content\/uploads\/2019\/03\/malinska-logo-240.png","contentUrl":"https:\/\/www.visitmalinska.com\/wp-content\/uploads\/2019\/03\/malinska-logo-240.png","width":1188,"height":241,"caption":"TZO Malinska - Duba\u0161nica"},"image":{"@id":"https:\/\/www.visitmalinska.com\/#\/schema\/logo\/image\/"},"sameAs":["https:\/\/www.facebook.com\/Malinska.Island.Krk\/","https:\/\/www.instagram.com\/visitmalinska\/"]}]}},"_links":{"self":[{"href":"https:\/\/www.visitmalinska.com\/en\/wp-json\/wp\/v2\/pages\/30118","targetHints":{"allow":["GET"]}}],"collection":[{"href":"https:\/\/www.visitmalinska.com\/en\/wp-json\/wp\/v2\/pages"}],"about":[{"href":"https:\/\/www.visitmalinska.com\/en\/wp-json\/wp\/v2\/types\/page"}],"author":[{"embeddable":true,"href":"https:\/\/www.visitmalinska.com\/en\/wp-json\/wp\/v2\/users\/1"}],"replies":[{"embeddable":true,"href":"https:\/\/www.visitmalinska.com\/en\/wp-json\/wp\/v2\/comments?post=30118"}],"version-history":[{"count":12,"href":"https:\/\/www.visitmalinska.com\/en\/wp-json\/wp\/v2\/pages\/30118\/revisions"}],"predecessor-version":[{"id":33170,"href":"https:\/\/www.visitmalinska.com\/en\/wp-json\/wp\/v2\/pages\/30118\/revisions\/33170"}],"up":[{"embeddable":true,"href":"https:\/\/www.visitmalinska.com\/en\/wp-json\/wp\/v2\/pages\/30090"}],"wp:featuredmedia":[{"embeddable":true,"href":"https:\/\/www.visitmalinska.com\/en\/wp-json\/wp\/v2\/media\/31615"}],"wp:attachment":[{"href":"https:\/\/www.visitmalinska.com\/en\/wp-json\/wp\/v2\/media?parent=30118"}],"curies":[{"name":"wp","href":"https:\/\/api.w.org\/{rel}","templated":true}]}}