{"id":30102,"date":"2019-03-19T13:22:27","date_gmt":"2019-03-19T11:22:27","guid":{"rendered":"http:\/\/www.visitmalinska.com\/?page_id=30102"},"modified":"2019-11-29T17:27:02","modified_gmt":"2019-11-29T15:27:02","slug":"turisticke-informacije","status":"publish","type":"page","link":"https:\/\/www.visitmalinska.com\/en\/travel-planning\/tourist-info\/","title":{"rendered":"Tourist info"},"content":{"rendered":"","protected":false},"excerpt":{"rendered":"","protected":false},"author":1,"featured_media":0,"parent":30088,"menu_order":0,"comment_status":"closed","ping_status":"closed","template":"","meta":{"footnotes":""},"class_list":["post-30102","page","type-page","status-publish"],"acf":[],"yoast_head":"<!-- This site is optimized with the Yoast SEO plugin v23.5 - https:\/\/yoast.com\/wordpress\/plugins\/seo\/ -->\n<title>Tourist info - TZO Malinska-Duba\u0161nica<\/title>\n<meta name=\"robots\" content=\"noindex, nofollow\" \/>\n<meta property=\"og:locale\" content=\"en_US\" \/>\n<meta property=\"og:type\" content=\"article\" \/>\n<meta property=\"og:title\" content=\"{:hr}Turisti\u010dke informacije{:}{:en}Tourist info{:}{:de}Touristeninformation{:}{:it}Informazioni turistiche{:}{:si}Turisti\u010dne informacije{:} - TZO Malinska-Duba\u0161nica\" \/>\n<meta property=\"og:url\" content=\"https:\/\/www.visitmalinska.com\/planiranje-putovanja\/turisticke-informacije\/\" \/>\n<meta property=\"og:site_name\" content=\"TZO Malinska-Duba\u0161nica\" \/>\n<meta property=\"article:publisher\" content=\"https:\/\/www.facebook.com\/Malinska.Island.Krk\/\" \/>\n<meta property=\"article:modified_time\" content=\"2019-11-29T15:27:02+00:00\" \/>\n<meta property=\"og:image\" content=\"https:\/\/www.visitmalinska.com\/wp-content\/uploads\/2019\/09\/tzo-malinska-dubasnica-facebook.jpg\" \/>\n\t<meta property=\"og:image:width\" content=\"1200\" \/>\n\t<meta property=\"og:image:height\" content=\"630\" \/>\n\t<meta property=\"og:image:type\" content=\"image\/jpeg\" \/>\n<meta name=\"twitter:card\" content=\"summary_large_image\" \/>\n<script type=\"application\/ld+json\" class=\"yoast-schema-graph\">{\"@context\":\"https:\/\/schema.org\",\"@graph\":[{\"@type\":\"WebPage\",\"@id\":\"https:\/\/www.visitmalinska.com\/planiranje-putovanja\/turisticke-informacije\/\",\"url\":\"https:\/\/www.visitmalinska.com\/planiranje-putovanja\/turisticke-informacije\/\",\"name\":\"{:hr}Turisti\u010dke informacije{:}{:en}Tourist info{:}{:de}Touristeninformation{:}{:it}Informazioni turistiche{:}{:si}Turisti\u010dne informacije{:} - TZO Malinska-Duba\u0161nica\",\"isPartOf\":{\"@id\":\"https:\/\/www.visitmalinska.com\/#website\"},\"datePublished\":\"2019-03-19T11:22:27+00:00\",\"dateModified\":\"2019-11-29T15:27:02+00:00\",\"breadcrumb\":{\"@id\":\"https:\/\/www.visitmalinska.com\/planiranje-putovanja\/turisticke-informacije\/#breadcrumb\"},\"inLanguage\":\"en-US\",\"potentialAction\":[{\"@type\":\"ReadAction\",\"target\":[\"https:\/\/www.visitmalinska.com\/planiranje-putovanja\/turisticke-informacije\/\"]}]},{\"@type\":\"BreadcrumbList\",\"@id\":\"https:\/\/www.visitmalinska.com\/planiranje-putovanja\/turisticke-informacije\/#breadcrumb\",\"itemListElement\":[{\"@type\":\"ListItem\",\"position\":1,\"name\":\"Po\u010detna stranica\",\"item\":\"https:\/\/www.visitmalinska.com\/\"},{\"@type\":\"ListItem\",\"position\":2,\"name\":\"Planiranje putovanja\",\"item\":\"https:\/\/www.visitmalinska.com\/planiranje-putovanja\/\"},{\"@type\":\"ListItem\",\"position\":3,\"name\":\"Turisti\u010dke informacije\"}]},{\"@type\":\"WebSite\",\"@id\":\"https:\/\/www.visitmalinska.com\/#website\",\"url\":\"https:\/\/www.visitmalinska.com\/\",\"name\":\"TZO Malinska-Duba\u0161nica\",\"description\":\"\",\"publisher\":{\"@id\":\"https:\/\/www.visitmalinska.com\/#organization\"},\"potentialAction\":[{\"@type\":\"SearchAction\",\"target\":{\"@type\":\"EntryPoint\",\"urlTemplate\":\"https:\/\/www.visitmalinska.com\/?s={search_term_string}\"},\"query-input\":{\"@type\":\"PropertyValueSpecification\",\"valueRequired\":true,\"valueName\":\"search_term_string\"}}],\"inLanguage\":\"en-US\"},{\"@type\":\"Organization\",\"@id\":\"https:\/\/www.visitmalinska.com\/#organization\",\"name\":\"TZO Malinska - Duba\u0161nica\",\"url\":\"https:\/\/www.visitmalinska.com\/\",\"logo\":{\"@type\":\"ImageObject\",\"inLanguage\":\"en-US\",\"@id\":\"https:\/\/www.visitmalinska.com\/#\/schema\/logo\/image\/\",\"url\":\"https:\/\/www.visitmalinska.com\/wp-content\/uploads\/2019\/03\/malinska-logo-240.png\",\"contentUrl\":\"https:\/\/www.visitmalinska.com\/wp-content\/uploads\/2019\/03\/malinska-logo-240.png\",\"width\":1188,\"height\":241,\"caption\":\"TZO Malinska - Duba\u0161nica\"},\"image\":{\"@id\":\"https:\/\/www.visitmalinska.com\/#\/schema\/logo\/image\/\"},\"sameAs\":[\"https:\/\/www.facebook.com\/Malinska.Island.Krk\/\",\"https:\/\/www.instagram.com\/visitmalinska\/\"]}]}<\/script>\n<!-- \/ Yoast SEO plugin. -->","yoast_head_json":{"title":"Tourist info - TZO Malinska-Duba\u0161nica","robots":{"index":"noindex","follow":"nofollow"},"og_locale":"en_US","og_type":"article","og_title":"{:hr}Turisti\u010dke informacije{:}{:en}Tourist info{:}{:de}Touristeninformation{:}{:it}Informazioni turistiche{:}{:si}Turisti\u010dne informacije{:} - TZO Malinska-Duba\u0161nica","og_url":"https:\/\/www.visitmalinska.com\/planiranje-putovanja\/turisticke-informacije\/","og_site_name":"TZO Malinska-Duba\u0161nica","article_publisher":"https:\/\/www.facebook.com\/Malinska.Island.Krk\/","article_modified_time":"2019-11-29T15:27:02+00:00","og_image":[{"width":1200,"height":630,"url":"https:\/\/www.visitmalinska.com\/wp-content\/uploads\/2019\/09\/tzo-malinska-dubasnica-facebook.jpg","type":"image\/jpeg"}],"twitter_card":"summary_large_image","schema":{"@context":"https:\/\/schema.org","@graph":[{"@type":"WebPage","@id":"https:\/\/www.visitmalinska.com\/planiranje-putovanja\/turisticke-informacije\/","url":"https:\/\/www.visitmalinska.com\/planiranje-putovanja\/turisticke-informacije\/","name":"{:hr}Turisti\u010dke informacije{:}{:en}Tourist info{:}{:de}Touristeninformation{:}{:it}Informazioni turistiche{:}{:si}Turisti\u010dne informacije{:} - TZO Malinska-Duba\u0161nica","isPartOf":{"@id":"https:\/\/www.visitmalinska.com\/#website"},"datePublished":"2019-03-19T11:22:27+00:00","dateModified":"2019-11-29T15:27:02+00:00","breadcrumb":{"@id":"https:\/\/www.visitmalinska.com\/planiranje-putovanja\/turisticke-informacije\/#breadcrumb"},"inLanguage":"en-US","potentialAction":[{"@type":"ReadAction","target":["https:\/\/www.visitmalinska.com\/planiranje-putovanja\/turisticke-informacije\/"]}]},{"@type":"BreadcrumbList","@id":"https:\/\/www.visitmalinska.com\/planiranje-putovanja\/turisticke-informacije\/#breadcrumb","itemListElement":[{"@type":"ListItem","position":1,"name":"Po\u010detna stranica","item":"https:\/\/www.visitmalinska.com\/"},{"@type":"ListItem","position":2,"name":"Planiranje putovanja","item":"https:\/\/www.visitmalinska.com\/planiranje-putovanja\/"},{"@type":"ListItem","position":3,"name":"Turisti\u010dke informacije"}]},{"@type":"WebSite","@id":"https:\/\/www.visitmalinska.com\/#website","url":"https:\/\/www.visitmalinska.com\/","name":"TZO Malinska-Duba\u0161nica","description":"","publisher":{"@id":"https:\/\/www.visitmalinska.com\/#organization"},"potentialAction":[{"@type":"SearchAction","target":{"@type":"EntryPoint","urlTemplate":"https:\/\/www.visitmalinska.com\/?s={search_term_string}"},"query-input":{"@type":"PropertyValueSpecification","valueRequired":true,"valueName":"search_term_string"}}],"inLanguage":"en-US"},{"@type":"Organization","@id":"https:\/\/www.visitmalinska.com\/#organization","name":"TZO Malinska - Duba\u0161nica","url":"https:\/\/www.visitmalinska.com\/","logo":{"@type":"ImageObject","inLanguage":"en-US","@id":"https:\/\/www.visitmalinska.com\/#\/schema\/logo\/image\/","url":"https:\/\/www.visitmalinska.com\/wp-content\/uploads\/2019\/03\/malinska-logo-240.png","contentUrl":"https:\/\/www.visitmalinska.com\/wp-content\/uploads\/2019\/03\/malinska-logo-240.png","width":1188,"height":241,"caption":"TZO Malinska - Duba\u0161nica"},"image":{"@id":"https:\/\/www.visitmalinska.com\/#\/schema\/logo\/image\/"},"sameAs":["https:\/\/www.facebook.com\/Malinska.Island.Krk\/","https:\/\/www.instagram.com\/visitmalinska\/"]}]}},"_links":{"self":[{"href":"https:\/\/www.visitmalinska.com\/en\/wp-json\/wp\/v2\/pages\/30102","targetHints":{"allow":["GET"]}}],"collection":[{"href":"https:\/\/www.visitmalinska.com\/en\/wp-json\/wp\/v2\/pages"}],"about":[{"href":"https:\/\/www.visitmalinska.com\/en\/wp-json\/wp\/v2\/types\/page"}],"author":[{"embeddable":true,"href":"https:\/\/www.visitmalinska.com\/en\/wp-json\/wp\/v2\/users\/1"}],"replies":[{"embeddable":true,"href":"https:\/\/www.visitmalinska.com\/en\/wp-json\/wp\/v2\/comments?post=30102"}],"version-history":[{"count":6,"href":"https:\/\/www.visitmalinska.com\/en\/wp-json\/wp\/v2\/pages\/30102\/revisions"}],"predecessor-version":[{"id":33144,"href":"https:\/\/www.visitmalinska.com\/en\/wp-json\/wp\/v2\/pages\/30102\/revisions\/33144"}],"up":[{"embeddable":true,"href":"https:\/\/www.visitmalinska.com\/en\/wp-json\/wp\/v2\/pages\/30088"}],"wp:attachment":[{"href":"https:\/\/www.visitmalinska.com\/en\/wp-json\/wp\/v2\/media?parent=30102"}],"curies":[{"name":"wp","href":"https:\/\/api.w.org\/{rel}","templated":true}]}}