{"id":30096,"date":"2019-03-19T13:14:46","date_gmt":"2019-03-19T13:14:46","guid":{"rendered":"http:\/\/www.visitmalinska.com\/?page_id=30096"},"modified":"2020-11-18T20:27:57","modified_gmt":"2020-11-18T18:27:57","slug":"klima-i-polozaj","status":"publish","type":"page","link":"https:\/\/www.visitmalinska.com\/en\/about-malinska\/climate-and-location\/","title":{"rendered":"Climate and location"},"content":{"rendered":"<p>[vc_row][vc_column][vc_column_text]<\/p>\n<h4><strong>CLIMATE<\/strong><\/h4>\n<p>The sheltered location of Malinska and the surrounding area (Duba\u0161nica) \u00a0shields it from strong winds, and fosters \u00a0the growth of dense forests and lush Mediterranean vegetation.\u00a0 It is considered to have the most favourable climate on the island.\u00a0 The pleasant weather and abundant hours of sunshine, along with its proximity to the sea, attracts visitors from all over Europe and the world.\u00a0 The mild weather and high concentration of aerosols is beneficial for the treatment and rehabilitation of the airways.<\/p>\n<p>The bathing season extends from May to October, during which time sea temperatures do not dip below a pleasant\u00a0 20\u00b0C.\u00a0 The average annual sea temperature is 17.4\u00b0 C, with seas being warmest in July at 25\u00b0C, and coldest in February at 15\u00b0C.<\/p>\n<p>The hot, dry summers and mild, rainy winters characteristic of Malinska\u2019s Mediterranean climate boast a yearly average of 260 sunny days, 93 rainy days, and 64 windless days.<\/p>\n<p>Common winds include the warm, moist jugo, and the strong, dry bura of winter.\u00a0 The cooling breezes of the maestral bring a welcome freshness during the summer months.\u00a0 The northerly tramuntana, along with occasional brief thunderstorms and showers, also appear during the summer.<\/p>\n<p>&nbsp;<\/p>\n<h4><\/h4>\n<h4><strong><img loading=\"lazy\" decoding=\"async\" class=\"responsive aligncenter wp-image-32077 size-full\" src=\"http:\/\/www.visitmalinska.com\/wp-content\/uploads\/2019\/08\/malinska-krk-mapa.jpg\" alt=\"\" width=\"1280\" height=\"720\" srcset=\"https:\/\/www.visitmalinska.com\/wp-content\/uploads\/2019\/08\/malinska-krk-mapa.jpg 1280w, https:\/\/www.visitmalinska.com\/wp-content\/uploads\/2019\/08\/malinska-krk-mapa-300x169.jpg 300w, https:\/\/www.visitmalinska.com\/wp-content\/uploads\/2019\/08\/malinska-krk-mapa-768x432.jpg 768w, https:\/\/www.visitmalinska.com\/wp-content\/uploads\/2019\/08\/malinska-krk-mapa-1024x576.jpg 1024w\" sizes=\"auto, (max-width: 1280px) 100vw, 1280px\" \/><\/strong><\/h4>\n<h4><strong>LOCATION<\/strong><\/h4>\n<p>Malinska is located in the northwestern part of the island, in the wide bay between the capes of \u0106uf and Pelova.\u00a0 Together with the twenty or so villages scattered around it, it forms the historic area of Duba\u0161nica.\u00a0 The most important natural resource of this region is the specific power and beauty of the sea and of the forests of Duba\u0161nica.<\/p>\n<p>Malinska faces Kvarner Bay and Rijeka, Croatia\u2019s largest port city. With its relatively low and accessible coast, the western part of Duba\u0161nica offers spectacular views of Istria and U\u010dka mountain.\u00a0 Closer to the island\u2019s centre, on loose karst limestone soil and protected from strong winds, is the inland part of Malinska.\u00a0 This location features one of the island\u2019s most favourable climates, and is rich with lush vegetation.[\/vc_column_text][\/vc_column][\/vc_row]<\/p>\n","protected":false},"excerpt":{"rendered":"<p>It is considered for Malinska to have the most favourable climate on the island of Krk.  <\/p>\n","protected":false},"author":1,"featured_media":0,"parent":30084,"menu_order":0,"comment_status":"closed","ping_status":"closed","template":"","meta":{"footnotes":""},"class_list":["post-30096","page","type-page","status-publish"],"acf":[],"yoast_head":"<!-- This site is optimized with the Yoast SEO plugin v23.5 - https:\/\/yoast.com\/wordpress\/plugins\/seo\/ -->\n<title>Climate and location - TZO Malinska-Duba\u0161nica<\/title>\n<meta name=\"robots\" content=\"index, follow, max-snippet:-1, max-image-preview:large, max-video-preview:-1\" \/>\n<link rel=\"canonical\" href=\"https:\/\/www.visitmalinska.com\/o-malinskoj\/klima-i-polozaj\/\" \/>\n<meta property=\"og:locale\" content=\"en_US\" \/>\n<meta property=\"og:type\" content=\"article\" \/>\n<meta property=\"og:title\" content=\"{:hr}Klima i polo\u017eaj{:}{:en}Climate and location{:}{:de}Klima und Lage{:}{:it}Clima e posizione{:}{:si}Klima in polo\u017eaj{:} - TZO Malinska-Duba\u0161nica\" \/>\n<meta property=\"og:description\" content=\"It is considered for Malinska to have the most favourable climate on the island of Krk.\" \/>\n<meta property=\"og:url\" content=\"https:\/\/www.visitmalinska.com\/o-malinskoj\/klima-i-polozaj\/\" \/>\n<meta property=\"og:site_name\" content=\"TZO Malinska-Duba\u0161nica\" \/>\n<meta property=\"article:publisher\" content=\"https:\/\/www.facebook.com\/Malinska.Island.Krk\/\" \/>\n<meta property=\"article:modified_time\" content=\"2020-11-18T18:27:57+00:00\" \/>\n<meta property=\"og:image\" content=\"http:\/\/www.visitmalinska.com\/wp-content\/uploads\/2019\/08\/malinska-krk-mapa.jpg\" \/>\n<meta name=\"twitter:card\" content=\"summary_large_image\" \/>\n<meta name=\"twitter:label1\" content=\"Est. reading time\" \/>\n\t<meta name=\"twitter:data1\" content=\"9 minutes\" \/>\n<script type=\"application\/ld+json\" class=\"yoast-schema-graph\">{\"@context\":\"https:\/\/schema.org\",\"@graph\":[{\"@type\":\"WebPage\",\"@id\":\"https:\/\/www.visitmalinska.com\/o-malinskoj\/klima-i-polozaj\/\",\"url\":\"https:\/\/www.visitmalinska.com\/o-malinskoj\/klima-i-polozaj\/\",\"name\":\"{:hr}Klima i polo\u017eaj{:}{:en}Climate and location{:}{:de}Klima und Lage{:}{:it}Clima e posizione{:}{:si}Klima in polo\u017eaj{:} - TZO Malinska-Duba\u0161nica\",\"isPartOf\":{\"@id\":\"https:\/\/www.visitmalinska.com\/#website\"},\"primaryImageOfPage\":{\"@id\":\"https:\/\/www.visitmalinska.com\/o-malinskoj\/klima-i-polozaj\/#primaryimage\"},\"image\":{\"@id\":\"https:\/\/www.visitmalinska.com\/o-malinskoj\/klima-i-polozaj\/#primaryimage\"},\"thumbnailUrl\":\"http:\/\/www.visitmalinska.com\/wp-content\/uploads\/2019\/08\/malinska-krk-mapa.jpg\",\"datePublished\":\"2019-03-19T13:14:46+00:00\",\"dateModified\":\"2020-11-18T18:27:57+00:00\",\"breadcrumb\":{\"@id\":\"https:\/\/www.visitmalinska.com\/o-malinskoj\/klima-i-polozaj\/#breadcrumb\"},\"inLanguage\":\"en-US\",\"potentialAction\":[{\"@type\":\"ReadAction\",\"target\":[\"https:\/\/www.visitmalinska.com\/o-malinskoj\/klima-i-polozaj\/\"]}]},{\"@type\":\"ImageObject\",\"inLanguage\":\"en-US\",\"@id\":\"https:\/\/www.visitmalinska.com\/o-malinskoj\/klima-i-polozaj\/#primaryimage\",\"url\":\"http:\/\/www.visitmalinska.com\/wp-content\/uploads\/2019\/08\/malinska-krk-mapa.jpg\",\"contentUrl\":\"http:\/\/www.visitmalinska.com\/wp-content\/uploads\/2019\/08\/malinska-krk-mapa.jpg\"},{\"@type\":\"BreadcrumbList\",\"@id\":\"https:\/\/www.visitmalinska.com\/o-malinskoj\/klima-i-polozaj\/#breadcrumb\",\"itemListElement\":[{\"@type\":\"ListItem\",\"position\":1,\"name\":\"Po\u010detna stranica\",\"item\":\"https:\/\/www.visitmalinska.com\/\"},{\"@type\":\"ListItem\",\"position\":2,\"name\":\"O Malinski\",\"item\":\"https:\/\/www.visitmalinska.com\/si\/o-malinski\/\"},{\"@type\":\"ListItem\",\"position\":3,\"name\":\"Klima i polo\u017eaj\"}]},{\"@type\":\"WebSite\",\"@id\":\"https:\/\/www.visitmalinska.com\/#website\",\"url\":\"https:\/\/www.visitmalinska.com\/\",\"name\":\"TZO Malinska-Duba\u0161nica\",\"description\":\"\",\"publisher\":{\"@id\":\"https:\/\/www.visitmalinska.com\/#organization\"},\"potentialAction\":[{\"@type\":\"SearchAction\",\"target\":{\"@type\":\"EntryPoint\",\"urlTemplate\":\"https:\/\/www.visitmalinska.com\/?s={search_term_string}\"},\"query-input\":{\"@type\":\"PropertyValueSpecification\",\"valueRequired\":true,\"valueName\":\"search_term_string\"}}],\"inLanguage\":\"en-US\"},{\"@type\":\"Organization\",\"@id\":\"https:\/\/www.visitmalinska.com\/#organization\",\"name\":\"TZO Malinska - Duba\u0161nica\",\"url\":\"https:\/\/www.visitmalinska.com\/\",\"logo\":{\"@type\":\"ImageObject\",\"inLanguage\":\"en-US\",\"@id\":\"https:\/\/www.visitmalinska.com\/#\/schema\/logo\/image\/\",\"url\":\"https:\/\/www.visitmalinska.com\/wp-content\/uploads\/2019\/03\/malinska-logo-240.png\",\"contentUrl\":\"https:\/\/www.visitmalinska.com\/wp-content\/uploads\/2019\/03\/malinska-logo-240.png\",\"width\":1188,\"height\":241,\"caption\":\"TZO Malinska - Duba\u0161nica\"},\"image\":{\"@id\":\"https:\/\/www.visitmalinska.com\/#\/schema\/logo\/image\/\"},\"sameAs\":[\"https:\/\/www.facebook.com\/Malinska.Island.Krk\/\",\"https:\/\/www.instagram.com\/visitmalinska\/\"]}]}<\/script>\n<!-- \/ Yoast SEO plugin. -->","yoast_head_json":{"title":"Climate and location - TZO Malinska-Duba\u0161nica","robots":{"index":"index","follow":"follow","max-snippet":"max-snippet:-1","max-image-preview":"max-image-preview:large","max-video-preview":"max-video-preview:-1"},"canonical":"https:\/\/www.visitmalinska.com\/o-malinskoj\/klima-i-polozaj\/","og_locale":"en_US","og_type":"article","og_title":"{:hr}Klima i polo\u017eaj{:}{:en}Climate and location{:}{:de}Klima und Lage{:}{:it}Clima e posizione{:}{:si}Klima in polo\u017eaj{:} - TZO Malinska-Duba\u0161nica","og_description":"It is considered for Malinska to have the most favourable climate on the island of Krk.","og_url":"https:\/\/www.visitmalinska.com\/o-malinskoj\/klima-i-polozaj\/","og_site_name":"TZO Malinska-Duba\u0161nica","article_publisher":"https:\/\/www.facebook.com\/Malinska.Island.Krk\/","article_modified_time":"2020-11-18T18:27:57+00:00","og_image":[{"url":"http:\/\/www.visitmalinska.com\/wp-content\/uploads\/2019\/08\/malinska-krk-mapa.jpg"}],"twitter_card":"summary_large_image","twitter_misc":{"Est. reading time":"9 minutes"},"schema":{"@context":"https:\/\/schema.org","@graph":[{"@type":"WebPage","@id":"https:\/\/www.visitmalinska.com\/o-malinskoj\/klima-i-polozaj\/","url":"https:\/\/www.visitmalinska.com\/o-malinskoj\/klima-i-polozaj\/","name":"{:hr}Klima i polo\u017eaj{:}{:en}Climate and location{:}{:de}Klima und Lage{:}{:it}Clima e posizione{:}{:si}Klima in polo\u017eaj{:} - TZO Malinska-Duba\u0161nica","isPartOf":{"@id":"https:\/\/www.visitmalinska.com\/#website"},"primaryImageOfPage":{"@id":"https:\/\/www.visitmalinska.com\/o-malinskoj\/klima-i-polozaj\/#primaryimage"},"image":{"@id":"https:\/\/www.visitmalinska.com\/o-malinskoj\/klima-i-polozaj\/#primaryimage"},"thumbnailUrl":"http:\/\/www.visitmalinska.com\/wp-content\/uploads\/2019\/08\/malinska-krk-mapa.jpg","datePublished":"2019-03-19T13:14:46+00:00","dateModified":"2020-11-18T18:27:57+00:00","breadcrumb":{"@id":"https:\/\/www.visitmalinska.com\/o-malinskoj\/klima-i-polozaj\/#breadcrumb"},"inLanguage":"en-US","potentialAction":[{"@type":"ReadAction","target":["https:\/\/www.visitmalinska.com\/o-malinskoj\/klima-i-polozaj\/"]}]},{"@type":"ImageObject","inLanguage":"en-US","@id":"https:\/\/www.visitmalinska.com\/o-malinskoj\/klima-i-polozaj\/#primaryimage","url":"http:\/\/www.visitmalinska.com\/wp-content\/uploads\/2019\/08\/malinska-krk-mapa.jpg","contentUrl":"http:\/\/www.visitmalinska.com\/wp-content\/uploads\/2019\/08\/malinska-krk-mapa.jpg"},{"@type":"BreadcrumbList","@id":"https:\/\/www.visitmalinska.com\/o-malinskoj\/klima-i-polozaj\/#breadcrumb","itemListElement":[{"@type":"ListItem","position":1,"name":"Po\u010detna stranica","item":"https:\/\/www.visitmalinska.com\/"},{"@type":"ListItem","position":2,"name":"O Malinski","item":"https:\/\/www.visitmalinska.com\/si\/o-malinski\/"},{"@type":"ListItem","position":3,"name":"Klima i polo\u017eaj"}]},{"@type":"WebSite","@id":"https:\/\/www.visitmalinska.com\/#website","url":"https:\/\/www.visitmalinska.com\/","name":"TZO Malinska-Duba\u0161nica","description":"","publisher":{"@id":"https:\/\/www.visitmalinska.com\/#organization"},"potentialAction":[{"@type":"SearchAction","target":{"@type":"EntryPoint","urlTemplate":"https:\/\/www.visitmalinska.com\/?s={search_term_string}"},"query-input":{"@type":"PropertyValueSpecification","valueRequired":true,"valueName":"search_term_string"}}],"inLanguage":"en-US"},{"@type":"Organization","@id":"https:\/\/www.visitmalinska.com\/#organization","name":"TZO Malinska - Duba\u0161nica","url":"https:\/\/www.visitmalinska.com\/","logo":{"@type":"ImageObject","inLanguage":"en-US","@id":"https:\/\/www.visitmalinska.com\/#\/schema\/logo\/image\/","url":"https:\/\/www.visitmalinska.com\/wp-content\/uploads\/2019\/03\/malinska-logo-240.png","contentUrl":"https:\/\/www.visitmalinska.com\/wp-content\/uploads\/2019\/03\/malinska-logo-240.png","width":1188,"height":241,"caption":"TZO Malinska - Duba\u0161nica"},"image":{"@id":"https:\/\/www.visitmalinska.com\/#\/schema\/logo\/image\/"},"sameAs":["https:\/\/www.facebook.com\/Malinska.Island.Krk\/","https:\/\/www.instagram.com\/visitmalinska\/"]}]}},"_links":{"self":[{"href":"https:\/\/www.visitmalinska.com\/en\/wp-json\/wp\/v2\/pages\/30096","targetHints":{"allow":["GET"]}}],"collection":[{"href":"https:\/\/www.visitmalinska.com\/en\/wp-json\/wp\/v2\/pages"}],"about":[{"href":"https:\/\/www.visitmalinska.com\/en\/wp-json\/wp\/v2\/types\/page"}],"author":[{"embeddable":true,"href":"https:\/\/www.visitmalinska.com\/en\/wp-json\/wp\/v2\/users\/1"}],"replies":[{"embeddable":true,"href":"https:\/\/www.visitmalinska.com\/en\/wp-json\/wp\/v2\/comments?post=30096"}],"version-history":[{"count":14,"href":"https:\/\/www.visitmalinska.com\/en\/wp-json\/wp\/v2\/pages\/30096\/revisions"}],"predecessor-version":[{"id":34538,"href":"https:\/\/www.visitmalinska.com\/en\/wp-json\/wp\/v2\/pages\/30096\/revisions\/34538"}],"up":[{"embeddable":true,"href":"https:\/\/www.visitmalinska.com\/en\/wp-json\/wp\/v2\/pages\/30084"}],"wp:attachment":[{"href":"https:\/\/www.visitmalinska.com\/en\/wp-json\/wp\/v2\/media?parent=30096"}],"curies":[{"name":"wp","href":"https:\/\/api.w.org\/{rel}","templated":true}]}}