{"id":34687,"date":"2021-01-12T16:55:59","date_gmt":"2021-01-12T14:55:59","guid":{"rendered":"https:\/\/www.visitmalinska.com\/?page_id=34687"},"modified":"2021-01-12T17:16:10","modified_gmt":"2021-01-12T15:16:10","slug":"kuca-dubasljanske-bastine","status":"publish","type":"page","link":"https:\/\/www.visitmalinska.com\/de\/kulturerbe\/heimatmuseum-dubasnica\/","title":{"rendered":"Heimatmuseum Duba\u0161nica"},"content":{"rendered":"<p>[vc_row][vc_column]<div id=\"fullwidth-block-69d0168348595\" class=\"fullwidth-block clearfix\"  style=\"background-color: #1c8cce;\"><script type=\"text\/javascript\">if (typeof(gem_fix_fullwidth_position) == \"function\") { gem_fix_fullwidth_position(document.getElementById(\"fullwidth-block-69d0168348595\")); }<\/script><div class=\"fullwidth-block-inner\">[vc_row_inner][vc_column_inner css=&#8221;.vc_custom_1557924656461{padding-top: 50px !important;padding-bottom: 50px !important;}&#8221;][vc_column_text]<\/p>\n<h5 style=\"text-align: center;\"><a href=\"https:\/\/www.visitmalinska.com\/de\/kulturerbe\/\"><span style=\"color: #ffffff;\">Kulturerbe<\/span><\/a><\/h5>\n<p>[\/vc_column_text][vc_column_text]<\/p>\n<h1 style=\"text-align: center;\"><span style=\"color: #ffffff;\">Heimatmuseum Duba\u0161nica<\/span><\/h1>\n<p>[\/vc_column_text][\/vc_column_inner][\/vc_row_inner]<\/div><\/div>[\/vc_column][\/vc_row][vc_row][vc_column]<div id=\"fullwidth-block-69d01683485eb\" class=\"fullwidth-block clearfix\"  style=\"\"><script type=\"text\/javascript\">if (typeof(gem_fix_fullwidth_position) == \"function\") { gem_fix_fullwidth_position(document.getElementById(\"fullwidth-block-69d01683485eb\")); }<\/script><div class=\"fullwidth-block-inner\">[vc_row_inner][vc_column_inner][vc_single_image image=&#8221;34690&#8243; img_size=&#8221;full&#8221;][\/vc_column_inner][\/vc_row_inner]<\/div><\/div>[\/vc_column][\/vc_row][vc_row css=&#8221;.vc_custom_1557925708802{padding-top: 50px !important;}&#8221;][vc_column][vc_column_text]Dieses alte Landhaus, das Mitte des 19. Jahrhunderts erbaut wurde und f\u00fcr zwei Familien bestimmt war, zeugt von der bescheidenen Lebensweise der Menschen in Duba\u0161nica, die haupts\u00e4chlich in der Landwirtschaft und Tierhaltung t\u00e4tig waren. Es wurde Bruchstein mit Kalkm\u00f6rtel und Sand aus der Region gebaut und mit M\u00f6nch- und Nonenziegeln bedeckt. Das Haus hatte keine eigene Wasserzisterne. Im Erdgeschoss befanden sich zwei getrennte (jetzt verbundene) Keller (<em>Konoba<\/em>). Die gemeinsame, etwas erh\u00f6ht liegende Terrasse namens <em>Balatura<\/em> bot Zugang zu zwei getrennten Wohneinheiten. Die <em>Konoba<\/em> wurde durch einen Vorraum namens <em>Volta<\/em> (Gew\u00f6lbe, Bogen) betreten. Hier wurden der Wagen und die Wein- und Schnapsf\u00e4sser aufbewahrt und der K\u00e4se getrocknet. Mit <em>Balatura<\/em> bezeichnet man die Decke der <em>Volta<\/em>, die mit ihrer komplexen Bauweise daf\u00fcr sorgte, dass keine Sonnenstrahlen in den Keller eindrangen und er k\u00fchl blieb. Die <em>Balatura<\/em> war \u00fcber externe Treppe zug\u00e4nglich und diente eigentlich als Wohnraum, in dem man W\u00e4sche trocknete und Abende im Gespr\u00e4ch verbrachte. Im Haus gab es auf der linken Seite eine Feuerstelle (<em>Ognji\u0161\u0107e<\/em>) ohne Schornstein, w\u00e4hrend der Raum auf der rechten Seite besser ausgestattet war. Neben dem Steinofen befand sich ein Steinbecken, eine Feuerstelle mit Kamin und ein angebautes Schlafzimmer im zweiten Stock. An das gemeinsame Haus war ein kleiner, mit Stroh bedeckter Schweinestall angegliedert.<\/p>\n<p>Heute wird das Haus zu einem ethnographischen Interpretationszentrum umfunktioniert und bleibt ein Zeuge des Lebens und der Br\u00e4uche in Duba\u0161nica. Auch Workshops zur traditionellen Gastronomie, zu vergessenen Fertigkeiten und Handwerken, zur traditionellen Musik und zum glagolitischen Alphabet werden im Haus stattfinden.<\/p>\n<p>Vor dem Haus befindet sich die B\u00fcste von Professor Ivan Mil\u010deti\u0107 (1853-1921), einer prominenten Pers\u00f6nlichkeit dieser Gegend. Er war Literaturhistoriker, Dialektologe und Philologe und interessierte sich f\u00fcr die Geschichte, Folklore und Br\u00e4uche seiner Heimatregion Duba\u0161nica. In seinem ber\u00fchmten Werk <em>Kroatische glagolitische Bibliographie<\/em> aus dem Jahr 1911 bearbeitete er fachm\u00e4nnisch alte glagolitische Manuskripte.[\/vc_column_text][\/vc_column][\/vc_row]<\/p>\n","protected":false},"excerpt":{"rendered":"<p>Dieses alte Landhaus, das Mitte des 19. Jahrhunderts erbaut wurde und f\u00fcr zwei Familien bestimmt war.<\/p>\n","protected":false},"author":1,"featured_media":34690,"parent":30185,"menu_order":0,"comment_status":"closed","ping_status":"closed","template":"","meta":{"footnotes":""},"class_list":["post-34687","page","type-page","status-publish","has-post-thumbnail"],"acf":[],"yoast_head":"<!-- This site is optimized with the Yoast SEO plugin v23.5 - https:\/\/yoast.com\/wordpress\/plugins\/seo\/ -->\n<title>Heimatmuseum Duba\u0161nica - TZO Malinska-Duba\u0161nica<\/title>\n<meta name=\"robots\" content=\"index, follow, max-snippet:-1, max-image-preview:large, max-video-preview:-1\" \/>\n<link rel=\"canonical\" href=\"https:\/\/www.visitmalinska.com\/kulturno-povijesne-znamenitosti\/kuca-dubasljanske-bastine\/\" \/>\n<meta property=\"og:locale\" content=\"de_DE\" \/>\n<meta property=\"og:type\" content=\"article\" \/>\n<meta property=\"og:title\" content=\"{:hr}Ku\u0107a duba\u0161ljanske ba\u0161tine{:}{:en}Duba\u0161nica Heritage House{:}{:de}Heimatmuseum Duba\u0161nica{:}{:it}Casa del patrimonio storico di Duba\u0161nica{:}{:si}Hi\u0161a duba\u0161ljanske dedi\u0161\u010dine{:} - TZO Malinska-Duba\u0161nica\" \/>\n<meta property=\"og:description\" content=\"Dieses alte Landhaus, das Mitte des 19. Jahrhunderts erbaut wurde und f\u00fcr zwei Familien bestimmt war.\" \/>\n<meta property=\"og:url\" content=\"https:\/\/www.visitmalinska.com\/kulturno-povijesne-znamenitosti\/kuca-dubasljanske-bastine\/\" \/>\n<meta property=\"og:site_name\" content=\"TZO Malinska-Duba\u0161nica\" \/>\n<meta property=\"article:publisher\" content=\"https:\/\/www.facebook.com\/Malinska.Island.Krk\/\" \/>\n<meta property=\"article:modified_time\" content=\"2021-01-12T15:16:10+00:00\" \/>\n<meta property=\"og:image\" content=\"https:\/\/www.visitmalinska.com\/wp-content\/uploads\/2021\/01\/tabela-018.jpg\" \/>\n\t<meta property=\"og:image:width\" content=\"1920\" \/>\n\t<meta property=\"og:image:height\" content=\"700\" \/>\n\t<meta property=\"og:image:type\" content=\"image\/jpeg\" \/>\n<meta name=\"twitter:card\" content=\"summary_large_image\" \/>\n<meta name=\"twitter:label1\" content=\"Est. reading time\" \/>\n\t<meta name=\"twitter:data1\" content=\"10 minutes\" \/>\n<script type=\"application\/ld+json\" class=\"yoast-schema-graph\">{\"@context\":\"https:\/\/schema.org\",\"@graph\":[{\"@type\":\"WebPage\",\"@id\":\"https:\/\/www.visitmalinska.com\/kulturno-povijesne-znamenitosti\/kuca-dubasljanske-bastine\/\",\"url\":\"https:\/\/www.visitmalinska.com\/kulturno-povijesne-znamenitosti\/kuca-dubasljanske-bastine\/\",\"name\":\"{:hr}Ku\u0107a duba\u0161ljanske ba\u0161tine{:}{:en}Duba\u0161nica Heritage House{:}{:de}Heimatmuseum Duba\u0161nica{:}{:it}Casa del patrimonio storico di Duba\u0161nica{:}{:si}Hi\u0161a duba\u0161ljanske dedi\u0161\u010dine{:} - TZO Malinska-Duba\u0161nica\",\"isPartOf\":{\"@id\":\"https:\/\/www.visitmalinska.com\/#website\"},\"primaryImageOfPage\":{\"@id\":\"https:\/\/www.visitmalinska.com\/kulturno-povijesne-znamenitosti\/kuca-dubasljanske-bastine\/#primaryimage\"},\"image\":{\"@id\":\"https:\/\/www.visitmalinska.com\/kulturno-povijesne-znamenitosti\/kuca-dubasljanske-bastine\/#primaryimage\"},\"thumbnailUrl\":\"https:\/\/www.visitmalinska.com\/wp-content\/uploads\/2021\/01\/tabela-018.jpg\",\"datePublished\":\"2021-01-12T14:55:59+00:00\",\"dateModified\":\"2021-01-12T15:16:10+00:00\",\"breadcrumb\":{\"@id\":\"https:\/\/www.visitmalinska.com\/kulturno-povijesne-znamenitosti\/kuca-dubasljanske-bastine\/#breadcrumb\"},\"inLanguage\":\"de-DE\",\"potentialAction\":[{\"@type\":\"ReadAction\",\"target\":[\"https:\/\/www.visitmalinska.com\/kulturno-povijesne-znamenitosti\/kuca-dubasljanske-bastine\/\"]}]},{\"@type\":\"ImageObject\",\"inLanguage\":\"de-DE\",\"@id\":\"https:\/\/www.visitmalinska.com\/kulturno-povijesne-znamenitosti\/kuca-dubasljanske-bastine\/#primaryimage\",\"url\":\"https:\/\/www.visitmalinska.com\/wp-content\/uploads\/2021\/01\/tabela-018.jpg\",\"contentUrl\":\"https:\/\/www.visitmalinska.com\/wp-content\/uploads\/2021\/01\/tabela-018.jpg\",\"width\":1920,\"height\":700},{\"@type\":\"BreadcrumbList\",\"@id\":\"https:\/\/www.visitmalinska.com\/kulturno-povijesne-znamenitosti\/kuca-dubasljanske-bastine\/#breadcrumb\",\"itemListElement\":[{\"@type\":\"ListItem\",\"position\":1,\"name\":\"Po\u010detna stranica\",\"item\":\"https:\/\/www.visitmalinska.com\/\"},{\"@type\":\"ListItem\",\"position\":2,\"name\":\"Kulturno povijesne znamenitosti\",\"item\":\"https:\/\/www.visitmalinska.com\/kulturno-povijesne-znamenitosti\/\"},{\"@type\":\"ListItem\",\"position\":3,\"name\":\"Ku\u0107a duba\u0161ljanske ba\u0161tine\"}]},{\"@type\":\"WebSite\",\"@id\":\"https:\/\/www.visitmalinska.com\/#website\",\"url\":\"https:\/\/www.visitmalinska.com\/\",\"name\":\"TZO Malinska-Duba\u0161nica\",\"description\":\"\",\"publisher\":{\"@id\":\"https:\/\/www.visitmalinska.com\/#organization\"},\"potentialAction\":[{\"@type\":\"SearchAction\",\"target\":{\"@type\":\"EntryPoint\",\"urlTemplate\":\"https:\/\/www.visitmalinska.com\/?s={search_term_string}\"},\"query-input\":{\"@type\":\"PropertyValueSpecification\",\"valueRequired\":true,\"valueName\":\"search_term_string\"}}],\"inLanguage\":\"de-DE\"},{\"@type\":\"Organization\",\"@id\":\"https:\/\/www.visitmalinska.com\/#organization\",\"name\":\"TZO Malinska - Duba\u0161nica\",\"url\":\"https:\/\/www.visitmalinska.com\/\",\"logo\":{\"@type\":\"ImageObject\",\"inLanguage\":\"de-DE\",\"@id\":\"https:\/\/www.visitmalinska.com\/#\/schema\/logo\/image\/\",\"url\":\"https:\/\/www.visitmalinska.com\/wp-content\/uploads\/2019\/03\/malinska-logo-240.png\",\"contentUrl\":\"https:\/\/www.visitmalinska.com\/wp-content\/uploads\/2019\/03\/malinska-logo-240.png\",\"width\":1188,\"height\":241,\"caption\":\"TZO Malinska - Duba\u0161nica\"},\"image\":{\"@id\":\"https:\/\/www.visitmalinska.com\/#\/schema\/logo\/image\/\"},\"sameAs\":[\"https:\/\/www.facebook.com\/Malinska.Island.Krk\/\",\"https:\/\/www.instagram.com\/visitmalinska\/\"]}]}<\/script>\n<!-- \/ Yoast SEO plugin. -->","yoast_head_json":{"title":"Heimatmuseum Duba\u0161nica - TZO Malinska-Duba\u0161nica","robots":{"index":"index","follow":"follow","max-snippet":"max-snippet:-1","max-image-preview":"max-image-preview:large","max-video-preview":"max-video-preview:-1"},"canonical":"https:\/\/www.visitmalinska.com\/kulturno-povijesne-znamenitosti\/kuca-dubasljanske-bastine\/","og_locale":"de_DE","og_type":"article","og_title":"{:hr}Ku\u0107a duba\u0161ljanske ba\u0161tine{:}{:en}Duba\u0161nica Heritage House{:}{:de}Heimatmuseum Duba\u0161nica{:}{:it}Casa del patrimonio storico di Duba\u0161nica{:}{:si}Hi\u0161a duba\u0161ljanske dedi\u0161\u010dine{:} - TZO Malinska-Duba\u0161nica","og_description":"Dieses alte Landhaus, das Mitte des 19. Jahrhunderts erbaut wurde und f\u00fcr zwei Familien bestimmt war.","og_url":"https:\/\/www.visitmalinska.com\/kulturno-povijesne-znamenitosti\/kuca-dubasljanske-bastine\/","og_site_name":"TZO Malinska-Duba\u0161nica","article_publisher":"https:\/\/www.facebook.com\/Malinska.Island.Krk\/","article_modified_time":"2021-01-12T15:16:10+00:00","og_image":[{"width":1920,"height":700,"url":"https:\/\/www.visitmalinska.com\/wp-content\/uploads\/2021\/01\/tabela-018.jpg","type":"image\/jpeg"}],"twitter_card":"summary_large_image","twitter_misc":{"Est. reading time":"10 minutes"},"schema":{"@context":"https:\/\/schema.org","@graph":[{"@type":"WebPage","@id":"https:\/\/www.visitmalinska.com\/kulturno-povijesne-znamenitosti\/kuca-dubasljanske-bastine\/","url":"https:\/\/www.visitmalinska.com\/kulturno-povijesne-znamenitosti\/kuca-dubasljanske-bastine\/","name":"{:hr}Ku\u0107a duba\u0161ljanske ba\u0161tine{:}{:en}Duba\u0161nica Heritage House{:}{:de}Heimatmuseum Duba\u0161nica{:}{:it}Casa del patrimonio storico di Duba\u0161nica{:}{:si}Hi\u0161a duba\u0161ljanske dedi\u0161\u010dine{:} - TZO Malinska-Duba\u0161nica","isPartOf":{"@id":"https:\/\/www.visitmalinska.com\/#website"},"primaryImageOfPage":{"@id":"https:\/\/www.visitmalinska.com\/kulturno-povijesne-znamenitosti\/kuca-dubasljanske-bastine\/#primaryimage"},"image":{"@id":"https:\/\/www.visitmalinska.com\/kulturno-povijesne-znamenitosti\/kuca-dubasljanske-bastine\/#primaryimage"},"thumbnailUrl":"https:\/\/www.visitmalinska.com\/wp-content\/uploads\/2021\/01\/tabela-018.jpg","datePublished":"2021-01-12T14:55:59+00:00","dateModified":"2021-01-12T15:16:10+00:00","breadcrumb":{"@id":"https:\/\/www.visitmalinska.com\/kulturno-povijesne-znamenitosti\/kuca-dubasljanske-bastine\/#breadcrumb"},"inLanguage":"de-DE","potentialAction":[{"@type":"ReadAction","target":["https:\/\/www.visitmalinska.com\/kulturno-povijesne-znamenitosti\/kuca-dubasljanske-bastine\/"]}]},{"@type":"ImageObject","inLanguage":"de-DE","@id":"https:\/\/www.visitmalinska.com\/kulturno-povijesne-znamenitosti\/kuca-dubasljanske-bastine\/#primaryimage","url":"https:\/\/www.visitmalinska.com\/wp-content\/uploads\/2021\/01\/tabela-018.jpg","contentUrl":"https:\/\/www.visitmalinska.com\/wp-content\/uploads\/2021\/01\/tabela-018.jpg","width":1920,"height":700},{"@type":"BreadcrumbList","@id":"https:\/\/www.visitmalinska.com\/kulturno-povijesne-znamenitosti\/kuca-dubasljanske-bastine\/#breadcrumb","itemListElement":[{"@type":"ListItem","position":1,"name":"Po\u010detna stranica","item":"https:\/\/www.visitmalinska.com\/"},{"@type":"ListItem","position":2,"name":"Kulturno povijesne znamenitosti","item":"https:\/\/www.visitmalinska.com\/kulturno-povijesne-znamenitosti\/"},{"@type":"ListItem","position":3,"name":"Ku\u0107a duba\u0161ljanske ba\u0161tine"}]},{"@type":"WebSite","@id":"https:\/\/www.visitmalinska.com\/#website","url":"https:\/\/www.visitmalinska.com\/","name":"TZO Malinska-Duba\u0161nica","description":"","publisher":{"@id":"https:\/\/www.visitmalinska.com\/#organization"},"potentialAction":[{"@type":"SearchAction","target":{"@type":"EntryPoint","urlTemplate":"https:\/\/www.visitmalinska.com\/?s={search_term_string}"},"query-input":{"@type":"PropertyValueSpecification","valueRequired":true,"valueName":"search_term_string"}}],"inLanguage":"de-DE"},{"@type":"Organization","@id":"https:\/\/www.visitmalinska.com\/#organization","name":"TZO Malinska - Duba\u0161nica","url":"https:\/\/www.visitmalinska.com\/","logo":{"@type":"ImageObject","inLanguage":"de-DE","@id":"https:\/\/www.visitmalinska.com\/#\/schema\/logo\/image\/","url":"https:\/\/www.visitmalinska.com\/wp-content\/uploads\/2019\/03\/malinska-logo-240.png","contentUrl":"https:\/\/www.visitmalinska.com\/wp-content\/uploads\/2019\/03\/malinska-logo-240.png","width":1188,"height":241,"caption":"TZO Malinska - Duba\u0161nica"},"image":{"@id":"https:\/\/www.visitmalinska.com\/#\/schema\/logo\/image\/"},"sameAs":["https:\/\/www.facebook.com\/Malinska.Island.Krk\/","https:\/\/www.instagram.com\/visitmalinska\/"]}]}},"_links":{"self":[{"href":"https:\/\/www.visitmalinska.com\/de\/wp-json\/wp\/v2\/pages\/34687","targetHints":{"allow":["GET"]}}],"collection":[{"href":"https:\/\/www.visitmalinska.com\/de\/wp-json\/wp\/v2\/pages"}],"about":[{"href":"https:\/\/www.visitmalinska.com\/de\/wp-json\/wp\/v2\/types\/page"}],"author":[{"embeddable":true,"href":"https:\/\/www.visitmalinska.com\/de\/wp-json\/wp\/v2\/users\/1"}],"replies":[{"embeddable":true,"href":"https:\/\/www.visitmalinska.com\/de\/wp-json\/wp\/v2\/comments?post=34687"}],"version-history":[{"count":9,"href":"https:\/\/www.visitmalinska.com\/de\/wp-json\/wp\/v2\/pages\/34687\/revisions"}],"predecessor-version":[{"id":34700,"href":"https:\/\/www.visitmalinska.com\/de\/wp-json\/wp\/v2\/pages\/34687\/revisions\/34700"}],"up":[{"embeddable":true,"href":"https:\/\/www.visitmalinska.com\/de\/wp-json\/wp\/v2\/pages\/30185"}],"wp:featuredmedia":[{"embeddable":true,"href":"https:\/\/www.visitmalinska.com\/de\/wp-json\/wp\/v2\/media\/34690"}],"wp:attachment":[{"href":"https:\/\/www.visitmalinska.com\/de\/wp-json\/wp\/v2\/media?parent=34687"}],"curies":[{"name":"wp","href":"https:\/\/api.w.org\/{rel}","templated":true}]}}