{"id":32900,"date":"2019-11-03T17:52:15","date_gmt":"2019-11-03T15:52:15","guid":{"rendered":"https:\/\/www.visitmalinska.com\/?page_id=32900"},"modified":"2019-12-12T11:54:41","modified_gmt":"2019-12-12T09:54:41","slug":"samostan-franjevaca-trecoredaca-u-portu","status":"publish","type":"page","link":"https:\/\/www.visitmalinska.com\/de\/kulturerbe\/franziskanerkloster-des-dritten-ordens-in-porat\/","title":{"rendered":"Franziskanerkloster des Dritten Ordens in Porat"},"content":{"rendered":"<p>[vc_row][vc_column]<div id=\"fullwidth-block-69d011ebcf705\" class=\"fullwidth-block clearfix\"  style=\"background-color: #1c8cce;\"><script type=\"text\/javascript\">if (typeof(gem_fix_fullwidth_position) == \"function\") { gem_fix_fullwidth_position(document.getElementById(\"fullwidth-block-69d011ebcf705\")); }<\/script><div class=\"fullwidth-block-inner\">[vc_row_inner][vc_column_inner css=&#8221;.vc_custom_1557924656461{padding-top: 50px !important;padding-bottom: 50px !important;}&#8221;][vc_column_text]<\/p>\n<h5 style=\"text-align: center;\"><a href=\"https:\/\/www.visitmalinska.com\/de\/kulturerbe\/\"><span style=\"color: #ffffff;\">Kulturerbe<\/span><\/a><\/h5>\n<p>[\/vc_column_text][vc_column_text]<\/p>\n<h1 style=\"text-align: center;\"><span style=\"color: #ffffff;\">Franziskanerkloster des Dritten Ordens in Porat<\/span><\/h1>\n<p>[\/vc_column_text][\/vc_column_inner][\/vc_row_inner]<\/div><\/div>[\/vc_column][\/vc_row][vc_row][vc_column]<div id=\"fullwidth-block-69d011ebcf743\" class=\"fullwidth-block clearfix\"  style=\"\"><script type=\"text\/javascript\">if (typeof(gem_fix_fullwidth_position) == \"function\") { gem_fix_fullwidth_position(document.getElementById(\"fullwidth-block-69d011ebcf743\")); }<\/script><div class=\"fullwidth-block-inner\">[vc_row_inner][vc_column_inner][vc_single_image image=&#8221;31421&#8243; img_size=&#8221;full&#8221;][\/vc_column_inner][\/vc_row_inner]<\/div><\/div>[\/vc_column][\/vc_row][vc_row css=&#8221;.vc_custom_1557925708802{padding-top: 50px !important;}&#8221;][vc_column][vc_column_text]In Porat gab es einst die Kapelle der hl. Maria Magdalena, die Ivan Frankopan den Zugezogenen zur Nutzung zur Verf\u00fcgung gestellt hatte, bis sie die Kirche des hl. Apollinaris wieder hergerichtet hatten. Nachdem der F\u00fcrst im Jahr 1480 unter einem Vorwand nach Venedig gebracht wurde, wurde die Kirche von der Republik Venedig an die Franziskaner des Dritten Ordens \u00fcbergeben. Mithilfe der Bewohner wurde die Kirche im Jahr 1557 wieder hergerichtet und das Kloster erweitert. Dort lebten die Franziskaner Glagoliten, haben gebetet, das Land bewirtschaftet und Abschriften der kirchlichen B\u00fccher in glagolitischer Schrift gefertigt. Das heutige Aussehen des \u00e4u\u00dferen Bereiches des Klosters mit einem Kreuzgang und Brunnen in der Mitte stammt aus dem 17. Jahrhundert und ist auch heute noch eine beliebte geistliche Oase in Duba\u0161nica.<\/p>\n<p>Der Hauptaltar aus Marmor wurde im Jahr 1730 aus Venedig hierhergebracht. Dar\u00fcber befindet sich ein Polyptychon der hl. Maria Magdalena, das vor 1557 von Girolamo und Francesco da Santa Croce gemalt wurde. Auf dem mittleren Bild ist Maria Magdalena mit Johannes dem T\u00e4ufer und dem hl. Papst Gregor zu sehen. \u00dcber ihnen befinden sich die Mutter Gottes, der hl. Franziskus von Assisi und der hl. Quirinus, der Schutzheilige der Di\u00f6zese Krk. Die seitlichen Marmoralt\u00e4re sind dem hl. Nikolaus gewidmet (mit Marmorskulpturen des hl. Nikolaus, des hl. Petrus und Paulus) sowie dem hl. Rocco und Sebastian. Das gotische Holzkreuz ist ein besonderes Detail.<\/p>\n<p>Im Klosterarchiv werden die wertvollen Handschriften in glagolitischer Schrift aufbewahrt, zu denen der Kodex aus dem 16. Jahrhundert geh\u00f6rt, die sogenannte Sammlung von \u017dgombi\u0107, die Sammlung von Sablji\u0107 aus dem 17.\/18. Jahrhundert sowie die Sammlung von Hr\u017ei\u0107 aus dem 18. Jahrhundert.<\/p>\n<p>Der Kunsthistoriker und Wissenschaftler, Erforscher der glagolitischen Schrift \u2013aus dieser Gegend stammend, Akademiemitglied Branko Fu\u010di\u0107 hat im Innenhof des Klosters ein Lapidarium mit den wertvollsten kroatischen Steindenkm\u00e4lern mit glagolitischer Schrift aufgestellt, die Tafel von Ba\u0161ka, die Tafel von Senj, das Fragment von Grdosel, die Inschrift von Krk, die Tafel von Valun und andere St\u00fccke.<br \/>\n[\/vc_column_text][\/vc_column][\/vc_row]<\/p>\n","protected":false},"excerpt":{"rendered":"<p>In Porat gab es einst die Kapelle der hl. Maria Magdalena, die Ivan Frankopan den Zugezogenen zur Nutzung zur Verf\u00fcgung gestellt hatte, bis sie die Kirche des hl. Apollinaris wieder hergerichtet hatten.<\/p>\n","protected":false},"author":1,"featured_media":31421,"parent":30185,"menu_order":0,"comment_status":"closed","ping_status":"closed","template":"","meta":{"footnotes":""},"class_list":["post-32900","page","type-page","status-publish","has-post-thumbnail"],"acf":[],"yoast_head":"<!-- This site is optimized with the Yoast SEO plugin v23.5 - https:\/\/yoast.com\/wordpress\/plugins\/seo\/ -->\n<title>Franziskanerkloster des Dritten Ordens in Porat - TZO Malinska-Duba\u0161nica<\/title>\n<meta name=\"robots\" content=\"index, follow, max-snippet:-1, max-image-preview:large, max-video-preview:-1\" \/>\n<link rel=\"canonical\" href=\"https:\/\/www.visitmalinska.com\/kulturno-povijesne-znamenitosti\/samostan-franjevaca-trecoredaca-u-portu\/\" \/>\n<meta property=\"og:locale\" content=\"de_DE\" \/>\n<meta property=\"og:type\" content=\"article\" \/>\n<meta property=\"og:title\" content=\"{:hr}Samostan franjevaca tre\u0107oredaca u Portu{:}{:en}The Franciscan Monastery of the Third Order{:}{:de}Franziskanerkloster des Dritten Ordens in Porat{:}{:it}Convento dei francescani del Terzo Ordine a Porat{:}{:si}Samostan fran\u010di\u0161kanov tretjeredcev v Portu{:} - TZO Malinska-Duba\u0161nica\" \/>\n<meta property=\"og:description\" content=\"In Porat gab es einst die Kapelle der hl. Maria Magdalena, die Ivan Frankopan den Zugezogenen zur Nutzung zur Verf\u00fcgung gestellt hatte, bis sie die Kirche des hl. Apollinaris wieder hergerichtet hatten.\" \/>\n<meta property=\"og:url\" content=\"https:\/\/www.visitmalinska.com\/kulturno-povijesne-znamenitosti\/samostan-franjevaca-trecoredaca-u-portu\/\" \/>\n<meta property=\"og:site_name\" content=\"TZO Malinska-Duba\u0161nica\" \/>\n<meta property=\"article:publisher\" content=\"https:\/\/www.facebook.com\/Malinska.Island.Krk\/\" \/>\n<meta property=\"article:modified_time\" content=\"2019-12-12T09:54:41+00:00\" \/>\n<meta property=\"og:image\" content=\"https:\/\/www.visitmalinska.com\/wp-content\/uploads\/2019\/05\/tabela-002.jpg\" \/>\n\t<meta property=\"og:image:width\" content=\"1920\" \/>\n\t<meta property=\"og:image:height\" content=\"700\" \/>\n\t<meta property=\"og:image:type\" content=\"image\/jpeg\" \/>\n<meta name=\"twitter:card\" content=\"summary_large_image\" \/>\n<meta name=\"twitter:label1\" content=\"Est. reading time\" \/>\n\t<meta name=\"twitter:data1\" content=\"10 minutes\" \/>\n<script type=\"application\/ld+json\" class=\"yoast-schema-graph\">{\"@context\":\"https:\/\/schema.org\",\"@graph\":[{\"@type\":\"WebPage\",\"@id\":\"https:\/\/www.visitmalinska.com\/kulturno-povijesne-znamenitosti\/samostan-franjevaca-trecoredaca-u-portu\/\",\"url\":\"https:\/\/www.visitmalinska.com\/kulturno-povijesne-znamenitosti\/samostan-franjevaca-trecoredaca-u-portu\/\",\"name\":\"{:hr}Samostan franjevaca tre\u0107oredaca u Portu{:}{:en}The Franciscan Monastery of the Third Order{:}{:de}Franziskanerkloster des Dritten Ordens in Porat{:}{:it}Convento dei francescani del Terzo Ordine a Porat{:}{:si}Samostan fran\u010di\u0161kanov tretjeredcev v Portu{:} - TZO Malinska-Duba\u0161nica\",\"isPartOf\":{\"@id\":\"https:\/\/www.visitmalinska.com\/#website\"},\"primaryImageOfPage\":{\"@id\":\"https:\/\/www.visitmalinska.com\/kulturno-povijesne-znamenitosti\/samostan-franjevaca-trecoredaca-u-portu\/#primaryimage\"},\"image\":{\"@id\":\"https:\/\/www.visitmalinska.com\/kulturno-povijesne-znamenitosti\/samostan-franjevaca-trecoredaca-u-portu\/#primaryimage\"},\"thumbnailUrl\":\"https:\/\/www.visitmalinska.com\/wp-content\/uploads\/2019\/05\/tabela-002.jpg\",\"datePublished\":\"2019-11-03T15:52:15+00:00\",\"dateModified\":\"2019-12-12T09:54:41+00:00\",\"breadcrumb\":{\"@id\":\"https:\/\/www.visitmalinska.com\/kulturno-povijesne-znamenitosti\/samostan-franjevaca-trecoredaca-u-portu\/#breadcrumb\"},\"inLanguage\":\"de-DE\",\"potentialAction\":[{\"@type\":\"ReadAction\",\"target\":[\"https:\/\/www.visitmalinska.com\/kulturno-povijesne-znamenitosti\/samostan-franjevaca-trecoredaca-u-portu\/\"]}]},{\"@type\":\"ImageObject\",\"inLanguage\":\"de-DE\",\"@id\":\"https:\/\/www.visitmalinska.com\/kulturno-povijesne-znamenitosti\/samostan-franjevaca-trecoredaca-u-portu\/#primaryimage\",\"url\":\"https:\/\/www.visitmalinska.com\/wp-content\/uploads\/2019\/05\/tabela-002.jpg\",\"contentUrl\":\"https:\/\/www.visitmalinska.com\/wp-content\/uploads\/2019\/05\/tabela-002.jpg\",\"width\":1920,\"height\":700},{\"@type\":\"BreadcrumbList\",\"@id\":\"https:\/\/www.visitmalinska.com\/kulturno-povijesne-znamenitosti\/samostan-franjevaca-trecoredaca-u-portu\/#breadcrumb\",\"itemListElement\":[{\"@type\":\"ListItem\",\"position\":1,\"name\":\"Po\u010detna stranica\",\"item\":\"https:\/\/www.visitmalinska.com\/\"},{\"@type\":\"ListItem\",\"position\":2,\"name\":\"Kulturno povijesne znamenitosti\",\"item\":\"https:\/\/www.visitmalinska.com\/kulturno-povijesne-znamenitosti\/\"},{\"@type\":\"ListItem\",\"position\":3,\"name\":\"Samostan franjevaca tre\u0107oredaca u Portu\"}]},{\"@type\":\"WebSite\",\"@id\":\"https:\/\/www.visitmalinska.com\/#website\",\"url\":\"https:\/\/www.visitmalinska.com\/\",\"name\":\"TZO Malinska-Duba\u0161nica\",\"description\":\"\",\"publisher\":{\"@id\":\"https:\/\/www.visitmalinska.com\/#organization\"},\"potentialAction\":[{\"@type\":\"SearchAction\",\"target\":{\"@type\":\"EntryPoint\",\"urlTemplate\":\"https:\/\/www.visitmalinska.com\/?s={search_term_string}\"},\"query-input\":{\"@type\":\"PropertyValueSpecification\",\"valueRequired\":true,\"valueName\":\"search_term_string\"}}],\"inLanguage\":\"de-DE\"},{\"@type\":\"Organization\",\"@id\":\"https:\/\/www.visitmalinska.com\/#organization\",\"name\":\"TZO Malinska - Duba\u0161nica\",\"url\":\"https:\/\/www.visitmalinska.com\/\",\"logo\":{\"@type\":\"ImageObject\",\"inLanguage\":\"de-DE\",\"@id\":\"https:\/\/www.visitmalinska.com\/#\/schema\/logo\/image\/\",\"url\":\"https:\/\/www.visitmalinska.com\/wp-content\/uploads\/2019\/03\/malinska-logo-240.png\",\"contentUrl\":\"https:\/\/www.visitmalinska.com\/wp-content\/uploads\/2019\/03\/malinska-logo-240.png\",\"width\":1188,\"height\":241,\"caption\":\"TZO Malinska - Duba\u0161nica\"},\"image\":{\"@id\":\"https:\/\/www.visitmalinska.com\/#\/schema\/logo\/image\/\"},\"sameAs\":[\"https:\/\/www.facebook.com\/Malinska.Island.Krk\/\",\"https:\/\/www.instagram.com\/visitmalinska\/\"]}]}<\/script>\n<!-- \/ Yoast SEO plugin. -->","yoast_head_json":{"title":"Franziskanerkloster des Dritten Ordens in Porat - TZO Malinska-Duba\u0161nica","robots":{"index":"index","follow":"follow","max-snippet":"max-snippet:-1","max-image-preview":"max-image-preview:large","max-video-preview":"max-video-preview:-1"},"canonical":"https:\/\/www.visitmalinska.com\/kulturno-povijesne-znamenitosti\/samostan-franjevaca-trecoredaca-u-portu\/","og_locale":"de_DE","og_type":"article","og_title":"{:hr}Samostan franjevaca tre\u0107oredaca u Portu{:}{:en}The Franciscan Monastery of the Third Order{:}{:de}Franziskanerkloster des Dritten Ordens in Porat{:}{:it}Convento dei francescani del Terzo Ordine a Porat{:}{:si}Samostan fran\u010di\u0161kanov tretjeredcev v Portu{:} - TZO Malinska-Duba\u0161nica","og_description":"In Porat gab es einst die Kapelle der hl. Maria Magdalena, die Ivan Frankopan den Zugezogenen zur Nutzung zur Verf\u00fcgung gestellt hatte, bis sie die Kirche des hl. Apollinaris wieder hergerichtet hatten.","og_url":"https:\/\/www.visitmalinska.com\/kulturno-povijesne-znamenitosti\/samostan-franjevaca-trecoredaca-u-portu\/","og_site_name":"TZO Malinska-Duba\u0161nica","article_publisher":"https:\/\/www.facebook.com\/Malinska.Island.Krk\/","article_modified_time":"2019-12-12T09:54:41+00:00","og_image":[{"width":1920,"height":700,"url":"https:\/\/www.visitmalinska.com\/wp-content\/uploads\/2019\/05\/tabela-002.jpg","type":"image\/jpeg"}],"twitter_card":"summary_large_image","twitter_misc":{"Est. reading time":"10 minutes"},"schema":{"@context":"https:\/\/schema.org","@graph":[{"@type":"WebPage","@id":"https:\/\/www.visitmalinska.com\/kulturno-povijesne-znamenitosti\/samostan-franjevaca-trecoredaca-u-portu\/","url":"https:\/\/www.visitmalinska.com\/kulturno-povijesne-znamenitosti\/samostan-franjevaca-trecoredaca-u-portu\/","name":"{:hr}Samostan franjevaca tre\u0107oredaca u Portu{:}{:en}The Franciscan Monastery of the Third Order{:}{:de}Franziskanerkloster des Dritten Ordens in Porat{:}{:it}Convento dei francescani del Terzo Ordine a Porat{:}{:si}Samostan fran\u010di\u0161kanov tretjeredcev v Portu{:} - TZO Malinska-Duba\u0161nica","isPartOf":{"@id":"https:\/\/www.visitmalinska.com\/#website"},"primaryImageOfPage":{"@id":"https:\/\/www.visitmalinska.com\/kulturno-povijesne-znamenitosti\/samostan-franjevaca-trecoredaca-u-portu\/#primaryimage"},"image":{"@id":"https:\/\/www.visitmalinska.com\/kulturno-povijesne-znamenitosti\/samostan-franjevaca-trecoredaca-u-portu\/#primaryimage"},"thumbnailUrl":"https:\/\/www.visitmalinska.com\/wp-content\/uploads\/2019\/05\/tabela-002.jpg","datePublished":"2019-11-03T15:52:15+00:00","dateModified":"2019-12-12T09:54:41+00:00","breadcrumb":{"@id":"https:\/\/www.visitmalinska.com\/kulturno-povijesne-znamenitosti\/samostan-franjevaca-trecoredaca-u-portu\/#breadcrumb"},"inLanguage":"de-DE","potentialAction":[{"@type":"ReadAction","target":["https:\/\/www.visitmalinska.com\/kulturno-povijesne-znamenitosti\/samostan-franjevaca-trecoredaca-u-portu\/"]}]},{"@type":"ImageObject","inLanguage":"de-DE","@id":"https:\/\/www.visitmalinska.com\/kulturno-povijesne-znamenitosti\/samostan-franjevaca-trecoredaca-u-portu\/#primaryimage","url":"https:\/\/www.visitmalinska.com\/wp-content\/uploads\/2019\/05\/tabela-002.jpg","contentUrl":"https:\/\/www.visitmalinska.com\/wp-content\/uploads\/2019\/05\/tabela-002.jpg","width":1920,"height":700},{"@type":"BreadcrumbList","@id":"https:\/\/www.visitmalinska.com\/kulturno-povijesne-znamenitosti\/samostan-franjevaca-trecoredaca-u-portu\/#breadcrumb","itemListElement":[{"@type":"ListItem","position":1,"name":"Po\u010detna stranica","item":"https:\/\/www.visitmalinska.com\/"},{"@type":"ListItem","position":2,"name":"Kulturno povijesne znamenitosti","item":"https:\/\/www.visitmalinska.com\/kulturno-povijesne-znamenitosti\/"},{"@type":"ListItem","position":3,"name":"Samostan franjevaca tre\u0107oredaca u Portu"}]},{"@type":"WebSite","@id":"https:\/\/www.visitmalinska.com\/#website","url":"https:\/\/www.visitmalinska.com\/","name":"TZO Malinska-Duba\u0161nica","description":"","publisher":{"@id":"https:\/\/www.visitmalinska.com\/#organization"},"potentialAction":[{"@type":"SearchAction","target":{"@type":"EntryPoint","urlTemplate":"https:\/\/www.visitmalinska.com\/?s={search_term_string}"},"query-input":{"@type":"PropertyValueSpecification","valueRequired":true,"valueName":"search_term_string"}}],"inLanguage":"de-DE"},{"@type":"Organization","@id":"https:\/\/www.visitmalinska.com\/#organization","name":"TZO Malinska - Duba\u0161nica","url":"https:\/\/www.visitmalinska.com\/","logo":{"@type":"ImageObject","inLanguage":"de-DE","@id":"https:\/\/www.visitmalinska.com\/#\/schema\/logo\/image\/","url":"https:\/\/www.visitmalinska.com\/wp-content\/uploads\/2019\/03\/malinska-logo-240.png","contentUrl":"https:\/\/www.visitmalinska.com\/wp-content\/uploads\/2019\/03\/malinska-logo-240.png","width":1188,"height":241,"caption":"TZO Malinska - Duba\u0161nica"},"image":{"@id":"https:\/\/www.visitmalinska.com\/#\/schema\/logo\/image\/"},"sameAs":["https:\/\/www.facebook.com\/Malinska.Island.Krk\/","https:\/\/www.instagram.com\/visitmalinska\/"]}]}},"_links":{"self":[{"href":"https:\/\/www.visitmalinska.com\/de\/wp-json\/wp\/v2\/pages\/32900","targetHints":{"allow":["GET"]}}],"collection":[{"href":"https:\/\/www.visitmalinska.com\/de\/wp-json\/wp\/v2\/pages"}],"about":[{"href":"https:\/\/www.visitmalinska.com\/de\/wp-json\/wp\/v2\/types\/page"}],"author":[{"embeddable":true,"href":"https:\/\/www.visitmalinska.com\/de\/wp-json\/wp\/v2\/users\/1"}],"replies":[{"embeddable":true,"href":"https:\/\/www.visitmalinska.com\/de\/wp-json\/wp\/v2\/comments?post=32900"}],"version-history":[{"count":8,"href":"https:\/\/www.visitmalinska.com\/de\/wp-json\/wp\/v2\/pages\/32900\/revisions"}],"predecessor-version":[{"id":33424,"href":"https:\/\/www.visitmalinska.com\/de\/wp-json\/wp\/v2\/pages\/32900\/revisions\/33424"}],"up":[{"embeddable":true,"href":"https:\/\/www.visitmalinska.com\/de\/wp-json\/wp\/v2\/pages\/30185"}],"wp:featuredmedia":[{"embeddable":true,"href":"https:\/\/www.visitmalinska.com\/de\/wp-json\/wp\/v2\/media\/31421"}],"wp:attachment":[{"href":"https:\/\/www.visitmalinska.com\/de\/wp-json\/wp\/v2\/media?parent=32900"}],"curies":[{"name":"wp","href":"https:\/\/api.w.org\/{rel}","templated":true}]}}