{"id":32832,"date":"2019-11-03T16:20:12","date_gmt":"2019-11-03T14:20:12","guid":{"rendered":"https:\/\/www.visitmalinska.com\/?page_id=32832"},"modified":"2019-12-12T10:46:18","modified_gmt":"2019-12-12T08:46:18","slug":"kapela-sv-ivana-de-matha-matahara","status":"publish","type":"page","link":"https:\/\/www.visitmalinska.com\/de\/kulturerbe\/die-kapelle-des-hl-johannes-von-matha\/","title":{"rendered":"Die Kapelle des hl. Johannes von Matha"},"content":{"rendered":"<p>[vc_row][vc_column]<div id=\"fullwidth-block-69fcc4b0aa0d3\" class=\"fullwidth-block clearfix\"  style=\"background-color: #1c8cce;\"><script type=\"text\/javascript\">if (typeof(gem_fix_fullwidth_position) == \"function\") { gem_fix_fullwidth_position(document.getElementById(\"fullwidth-block-69fcc4b0aa0d3\")); }<\/script><div class=\"fullwidth-block-inner\">[vc_row_inner][vc_column_inner css=&#8221;.vc_custom_1557924656461{padding-top: 50px !important;padding-bottom: 50px !important;}&#8221;][vc_column_text]<\/p>\n<h5 style=\"text-align: center;\"><a href=\"https:\/\/www.visitmalinska.com\/de\/kulturerbe\/\"><span style=\"color: #ffffff;\">Kulturerbe<\/span><\/a><\/h5>\n<p>[\/vc_column_text][vc_column_text]<\/p>\n<h1 style=\"text-align: center;\"><span style=\"color: #ffffff;\">Die Kapelle des hl. Johannes von Matha<\/span><\/h1>\n<p>[\/vc_column_text][\/vc_column_inner][\/vc_row_inner]<\/div><\/div>[\/vc_column][\/vc_row][vc_row][vc_column]<div id=\"fullwidth-block-69fcc4b0aa0fc\" class=\"fullwidth-block clearfix\"  style=\"\"><script type=\"text\/javascript\">if (typeof(gem_fix_fullwidth_position) == \"function\") { gem_fix_fullwidth_position(document.getElementById(\"fullwidth-block-69fcc4b0aa0fc\")); }<\/script><div class=\"fullwidth-block-inner\">[vc_row_inner][vc_column_inner][vc_single_image image=&#8221;31487&#8243; img_size=&#8221;full&#8221;][\/vc_column_inner][\/vc_row_inner]<\/div><\/div>[\/vc_column][\/vc_row][vc_row css=&#8221;.vc_custom_1557925708802{padding-top: 50px !important;}&#8221;][vc_column][vc_column_text]Die Kapelle befindet sich im Wald, \u00f6stlich vom Dorf O\u0161trobradi\u0107i. Von der Kirche sind Ruinen \u2013 \u00dcberreste der einstigen Kirche verblieben, die im 15. Jahrhundert errichtet wurde. Danach wurde ein Schrein mit dem Bild des hl. Johannes de Matha errichtet \u2013 dem franz\u00f6sischen Pfarrer aus dem 12. Jahrhundert, der sich f\u00fcr die Befreiung der Sklaven eingesetzt hat. Daher stammt der sp\u00e4tere Namensgeber der Kapelle aus dem Jahr 1913, die unsere Bewohner errichtet haben, die einst nach Amerika ausgewandert sind. Das Dach wurde im Jahr 2014 erneuert. An der rechten Seitenwand befindet sich ein Gel\u00f6bnisbild von Antun Ma\u0161kulin aus dem 19. Jahrhundert als Andenken an einen schrecklichen Sturm, den er in der N\u00e4he von Venedig erlebt hat und als Gel\u00f6bnis an den hl. Nikolaus.[\/vc_column_text][\/vc_column][\/vc_row]<\/p>\n","protected":false},"excerpt":{"rendered":"<p>Die Kapelle befindet sich im Wald, \u00f6stlich vom Dorf O\u0161trobradi\u0107i.<\/p>\n","protected":false},"author":1,"featured_media":31487,"parent":30185,"menu_order":0,"comment_status":"closed","ping_status":"closed","template":"","meta":{"footnotes":""},"class_list":["post-32832","page","type-page","status-publish","has-post-thumbnail"],"acf":[],"yoast_head":"<!-- This site is optimized with the Yoast SEO plugin v23.5 - https:\/\/yoast.com\/wordpress\/plugins\/seo\/ -->\n<title>Die Kapelle des hl. Johannes von Matha - TZO Malinska-Duba\u0161nica<\/title>\n<meta name=\"robots\" content=\"index, follow, max-snippet:-1, max-image-preview:large, max-video-preview:-1\" \/>\n<link rel=\"canonical\" href=\"https:\/\/www.visitmalinska.com\/kulturno-povijesne-znamenitosti\/kapela-sv-ivana-de-matha-matahara\/\" \/>\n<meta property=\"og:locale\" content=\"de_DE\" \/>\n<meta property=\"og:type\" content=\"article\" \/>\n<meta property=\"og:title\" content=\"{:hr}Kapela sv. Ivana de Matha (Matahara){:}{:en}The Chapel of St John of Matha (Matahara){:}{:de}Die Kapelle des hl. Johannes von Matha{:}{:it}Cappella di San Giovanni de Matha (Matahara){:}{:si}Kapelica sv. Ivana de Matha (Matahara){:} - TZO Malinska-Duba\u0161nica\" \/>\n<meta property=\"og:description\" content=\"Die Kapelle befindet sich im Wald, \u00f6stlich vom Dorf O\u0161trobradi\u0107i.\" \/>\n<meta property=\"og:url\" content=\"https:\/\/www.visitmalinska.com\/kulturno-povijesne-znamenitosti\/kapela-sv-ivana-de-matha-matahara\/\" \/>\n<meta property=\"og:site_name\" content=\"TZO Malinska-Duba\u0161nica\" \/>\n<meta property=\"article:publisher\" content=\"https:\/\/www.facebook.com\/Malinska.Island.Krk\/\" \/>\n<meta property=\"article:modified_time\" content=\"2019-12-12T08:46:18+00:00\" \/>\n<meta property=\"og:image\" content=\"https:\/\/www.visitmalinska.com\/wp-content\/uploads\/2019\/05\/tabela-015.jpg\" \/>\n\t<meta property=\"og:image:width\" content=\"1920\" \/>\n\t<meta property=\"og:image:height\" content=\"700\" \/>\n\t<meta property=\"og:image:type\" content=\"image\/jpeg\" \/>\n<meta name=\"twitter:card\" content=\"summary_large_image\" \/>\n<meta name=\"twitter:label1\" content=\"Est. reading time\" \/>\n\t<meta name=\"twitter:data1\" content=\"6 minutes\" \/>\n<script type=\"application\/ld+json\" class=\"yoast-schema-graph\">{\"@context\":\"https:\/\/schema.org\",\"@graph\":[{\"@type\":\"WebPage\",\"@id\":\"https:\/\/www.visitmalinska.com\/kulturno-povijesne-znamenitosti\/kapela-sv-ivana-de-matha-matahara\/\",\"url\":\"https:\/\/www.visitmalinska.com\/kulturno-povijesne-znamenitosti\/kapela-sv-ivana-de-matha-matahara\/\",\"name\":\"{:hr}Kapela sv. Ivana de Matha (Matahara){:}{:en}The Chapel of St John of Matha (Matahara){:}{:de}Die Kapelle des hl. Johannes von Matha{:}{:it}Cappella di San Giovanni de Matha (Matahara){:}{:si}Kapelica sv. Ivana de Matha (Matahara){:} - TZO Malinska-Duba\u0161nica\",\"isPartOf\":{\"@id\":\"https:\/\/www.visitmalinska.com\/#website\"},\"primaryImageOfPage\":{\"@id\":\"https:\/\/www.visitmalinska.com\/kulturno-povijesne-znamenitosti\/kapela-sv-ivana-de-matha-matahara\/#primaryimage\"},\"image\":{\"@id\":\"https:\/\/www.visitmalinska.com\/kulturno-povijesne-znamenitosti\/kapela-sv-ivana-de-matha-matahara\/#primaryimage\"},\"thumbnailUrl\":\"https:\/\/www.visitmalinska.com\/wp-content\/uploads\/2019\/05\/tabela-015.jpg\",\"datePublished\":\"2019-11-03T14:20:12+00:00\",\"dateModified\":\"2019-12-12T08:46:18+00:00\",\"breadcrumb\":{\"@id\":\"https:\/\/www.visitmalinska.com\/kulturno-povijesne-znamenitosti\/kapela-sv-ivana-de-matha-matahara\/#breadcrumb\"},\"inLanguage\":\"de-DE\",\"potentialAction\":[{\"@type\":\"ReadAction\",\"target\":[\"https:\/\/www.visitmalinska.com\/kulturno-povijesne-znamenitosti\/kapela-sv-ivana-de-matha-matahara\/\"]}]},{\"@type\":\"ImageObject\",\"inLanguage\":\"de-DE\",\"@id\":\"https:\/\/www.visitmalinska.com\/kulturno-povijesne-znamenitosti\/kapela-sv-ivana-de-matha-matahara\/#primaryimage\",\"url\":\"https:\/\/www.visitmalinska.com\/wp-content\/uploads\/2019\/05\/tabela-015.jpg\",\"contentUrl\":\"https:\/\/www.visitmalinska.com\/wp-content\/uploads\/2019\/05\/tabela-015.jpg\",\"width\":1920,\"height\":700},{\"@type\":\"BreadcrumbList\",\"@id\":\"https:\/\/www.visitmalinska.com\/kulturno-povijesne-znamenitosti\/kapela-sv-ivana-de-matha-matahara\/#breadcrumb\",\"itemListElement\":[{\"@type\":\"ListItem\",\"position\":1,\"name\":\"Po\u010detna stranica\",\"item\":\"https:\/\/www.visitmalinska.com\/\"},{\"@type\":\"ListItem\",\"position\":2,\"name\":\"Kulturno povijesne znamenitosti\",\"item\":\"https:\/\/www.visitmalinska.com\/kulturno-povijesne-znamenitosti\/\"},{\"@type\":\"ListItem\",\"position\":3,\"name\":\"Kapela sv. Ivana de Matha (Matahara)\"}]},{\"@type\":\"WebSite\",\"@id\":\"https:\/\/www.visitmalinska.com\/#website\",\"url\":\"https:\/\/www.visitmalinska.com\/\",\"name\":\"TZO Malinska-Duba\u0161nica\",\"description\":\"\",\"publisher\":{\"@id\":\"https:\/\/www.visitmalinska.com\/#organization\"},\"potentialAction\":[{\"@type\":\"SearchAction\",\"target\":{\"@type\":\"EntryPoint\",\"urlTemplate\":\"https:\/\/www.visitmalinska.com\/?s={search_term_string}\"},\"query-input\":{\"@type\":\"PropertyValueSpecification\",\"valueRequired\":true,\"valueName\":\"search_term_string\"}}],\"inLanguage\":\"de-DE\"},{\"@type\":\"Organization\",\"@id\":\"https:\/\/www.visitmalinska.com\/#organization\",\"name\":\"TZO Malinska - Duba\u0161nica\",\"url\":\"https:\/\/www.visitmalinska.com\/\",\"logo\":{\"@type\":\"ImageObject\",\"inLanguage\":\"de-DE\",\"@id\":\"https:\/\/www.visitmalinska.com\/#\/schema\/logo\/image\/\",\"url\":\"https:\/\/www.visitmalinska.com\/wp-content\/uploads\/2019\/03\/malinska-logo-240.png\",\"contentUrl\":\"https:\/\/www.visitmalinska.com\/wp-content\/uploads\/2019\/03\/malinska-logo-240.png\",\"width\":1188,\"height\":241,\"caption\":\"TZO Malinska - Duba\u0161nica\"},\"image\":{\"@id\":\"https:\/\/www.visitmalinska.com\/#\/schema\/logo\/image\/\"},\"sameAs\":[\"https:\/\/www.facebook.com\/Malinska.Island.Krk\/\",\"https:\/\/www.instagram.com\/visitmalinska\/\"]}]}<\/script>\n<!-- \/ Yoast SEO plugin. -->","yoast_head_json":{"title":"Die Kapelle des hl. Johannes von Matha - TZO Malinska-Duba\u0161nica","robots":{"index":"index","follow":"follow","max-snippet":"max-snippet:-1","max-image-preview":"max-image-preview:large","max-video-preview":"max-video-preview:-1"},"canonical":"https:\/\/www.visitmalinska.com\/kulturno-povijesne-znamenitosti\/kapela-sv-ivana-de-matha-matahara\/","og_locale":"de_DE","og_type":"article","og_title":"{:hr}Kapela sv. Ivana de Matha (Matahara){:}{:en}The Chapel of St John of Matha (Matahara){:}{:de}Die Kapelle des hl. Johannes von Matha{:}{:it}Cappella di San Giovanni de Matha (Matahara){:}{:si}Kapelica sv. Ivana de Matha (Matahara){:} - TZO Malinska-Duba\u0161nica","og_description":"Die Kapelle befindet sich im Wald, \u00f6stlich vom Dorf O\u0161trobradi\u0107i.","og_url":"https:\/\/www.visitmalinska.com\/kulturno-povijesne-znamenitosti\/kapela-sv-ivana-de-matha-matahara\/","og_site_name":"TZO Malinska-Duba\u0161nica","article_publisher":"https:\/\/www.facebook.com\/Malinska.Island.Krk\/","article_modified_time":"2019-12-12T08:46:18+00:00","og_image":[{"width":1920,"height":700,"url":"https:\/\/www.visitmalinska.com\/wp-content\/uploads\/2019\/05\/tabela-015.jpg","type":"image\/jpeg"}],"twitter_card":"summary_large_image","twitter_misc":{"Est. reading time":"6 minutes"},"schema":{"@context":"https:\/\/schema.org","@graph":[{"@type":"WebPage","@id":"https:\/\/www.visitmalinska.com\/kulturno-povijesne-znamenitosti\/kapela-sv-ivana-de-matha-matahara\/","url":"https:\/\/www.visitmalinska.com\/kulturno-povijesne-znamenitosti\/kapela-sv-ivana-de-matha-matahara\/","name":"{:hr}Kapela sv. Ivana de Matha (Matahara){:}{:en}The Chapel of St John of Matha (Matahara){:}{:de}Die Kapelle des hl. Johannes von Matha{:}{:it}Cappella di San Giovanni de Matha (Matahara){:}{:si}Kapelica sv. Ivana de Matha (Matahara){:} - TZO Malinska-Duba\u0161nica","isPartOf":{"@id":"https:\/\/www.visitmalinska.com\/#website"},"primaryImageOfPage":{"@id":"https:\/\/www.visitmalinska.com\/kulturno-povijesne-znamenitosti\/kapela-sv-ivana-de-matha-matahara\/#primaryimage"},"image":{"@id":"https:\/\/www.visitmalinska.com\/kulturno-povijesne-znamenitosti\/kapela-sv-ivana-de-matha-matahara\/#primaryimage"},"thumbnailUrl":"https:\/\/www.visitmalinska.com\/wp-content\/uploads\/2019\/05\/tabela-015.jpg","datePublished":"2019-11-03T14:20:12+00:00","dateModified":"2019-12-12T08:46:18+00:00","breadcrumb":{"@id":"https:\/\/www.visitmalinska.com\/kulturno-povijesne-znamenitosti\/kapela-sv-ivana-de-matha-matahara\/#breadcrumb"},"inLanguage":"de-DE","potentialAction":[{"@type":"ReadAction","target":["https:\/\/www.visitmalinska.com\/kulturno-povijesne-znamenitosti\/kapela-sv-ivana-de-matha-matahara\/"]}]},{"@type":"ImageObject","inLanguage":"de-DE","@id":"https:\/\/www.visitmalinska.com\/kulturno-povijesne-znamenitosti\/kapela-sv-ivana-de-matha-matahara\/#primaryimage","url":"https:\/\/www.visitmalinska.com\/wp-content\/uploads\/2019\/05\/tabela-015.jpg","contentUrl":"https:\/\/www.visitmalinska.com\/wp-content\/uploads\/2019\/05\/tabela-015.jpg","width":1920,"height":700},{"@type":"BreadcrumbList","@id":"https:\/\/www.visitmalinska.com\/kulturno-povijesne-znamenitosti\/kapela-sv-ivana-de-matha-matahara\/#breadcrumb","itemListElement":[{"@type":"ListItem","position":1,"name":"Po\u010detna stranica","item":"https:\/\/www.visitmalinska.com\/"},{"@type":"ListItem","position":2,"name":"Kulturno povijesne znamenitosti","item":"https:\/\/www.visitmalinska.com\/kulturno-povijesne-znamenitosti\/"},{"@type":"ListItem","position":3,"name":"Kapela sv. Ivana de Matha (Matahara)"}]},{"@type":"WebSite","@id":"https:\/\/www.visitmalinska.com\/#website","url":"https:\/\/www.visitmalinska.com\/","name":"TZO Malinska-Duba\u0161nica","description":"","publisher":{"@id":"https:\/\/www.visitmalinska.com\/#organization"},"potentialAction":[{"@type":"SearchAction","target":{"@type":"EntryPoint","urlTemplate":"https:\/\/www.visitmalinska.com\/?s={search_term_string}"},"query-input":{"@type":"PropertyValueSpecification","valueRequired":true,"valueName":"search_term_string"}}],"inLanguage":"de-DE"},{"@type":"Organization","@id":"https:\/\/www.visitmalinska.com\/#organization","name":"TZO Malinska - Duba\u0161nica","url":"https:\/\/www.visitmalinska.com\/","logo":{"@type":"ImageObject","inLanguage":"de-DE","@id":"https:\/\/www.visitmalinska.com\/#\/schema\/logo\/image\/","url":"https:\/\/www.visitmalinska.com\/wp-content\/uploads\/2019\/03\/malinska-logo-240.png","contentUrl":"https:\/\/www.visitmalinska.com\/wp-content\/uploads\/2019\/03\/malinska-logo-240.png","width":1188,"height":241,"caption":"TZO Malinska - Duba\u0161nica"},"image":{"@id":"https:\/\/www.visitmalinska.com\/#\/schema\/logo\/image\/"},"sameAs":["https:\/\/www.facebook.com\/Malinska.Island.Krk\/","https:\/\/www.instagram.com\/visitmalinska\/"]}]}},"_links":{"self":[{"href":"https:\/\/www.visitmalinska.com\/de\/wp-json\/wp\/v2\/pages\/32832","targetHints":{"allow":["GET"]}}],"collection":[{"href":"https:\/\/www.visitmalinska.com\/de\/wp-json\/wp\/v2\/pages"}],"about":[{"href":"https:\/\/www.visitmalinska.com\/de\/wp-json\/wp\/v2\/types\/page"}],"author":[{"embeddable":true,"href":"https:\/\/www.visitmalinska.com\/de\/wp-json\/wp\/v2\/users\/1"}],"replies":[{"embeddable":true,"href":"https:\/\/www.visitmalinska.com\/de\/wp-json\/wp\/v2\/comments?post=32832"}],"version-history":[{"count":11,"href":"https:\/\/www.visitmalinska.com\/de\/wp-json\/wp\/v2\/pages\/32832\/revisions"}],"predecessor-version":[{"id":33400,"href":"https:\/\/www.visitmalinska.com\/de\/wp-json\/wp\/v2\/pages\/32832\/revisions\/33400"}],"up":[{"embeddable":true,"href":"https:\/\/www.visitmalinska.com\/de\/wp-json\/wp\/v2\/pages\/30185"}],"wp:featuredmedia":[{"embeddable":true,"href":"https:\/\/www.visitmalinska.com\/de\/wp-json\/wp\/v2\/media\/31487"}],"wp:attachment":[{"href":"https:\/\/www.visitmalinska.com\/de\/wp-json\/wp\/v2\/media?parent=32832"}],"curies":[{"name":"wp","href":"https:\/\/api.w.org\/{rel}","templated":true}]}}