{"id":30120,"date":"2019-03-19T13:35:27","date_gmt":"2019-03-19T13:35:27","guid":{"rendered":"http:\/\/www.visitmalinska.com\/?page_id=30120"},"modified":"2022-02-16T15:38:44","modified_gmt":"2022-02-16T13:38:44","slug":"outdoor","status":"publish","type":"page","link":"https:\/\/www.visitmalinska.com\/de\/malinska-fur-alle\/outdoor\/","title":{"rendered":"Outdoor"},"content":{"rendered":"<p>[vc_row][vc_column][vc_column_text]Ein Sommerurlaub kann viel mehr bieten als Sonnenb\u00e4der und Meeresrauschen: Aktivurlaub wird immer beliebter \u2013 vom Fahrradfahren, Laufen und Wandern bis zum Segeln und Wassersportaktivit\u00e4ten.<\/p>\n<p>Dank des Klimas, des sauberen Meeres, der \u00fcppigen mediterranen Vegetation und der Spazierwege ist Malinska f\u00fcr zahlreiche Liebhaber von Outdoor-Sportarten und Aktivurlaub ein beliebtes Urlaubsziel.[\/vc_column_text][\/vc_column][\/vc_row][vc_row css=&#8221;.vc_custom_1645016103652{padding-top: 4% !important;}&#8221;][vc_column][vc_basic_grid post_type=&#8221;ids&#8221; item=&#8221;theGem_mediaGrid_3&#8243; initial_loading_animation=&#8221;none&#8221; grid_id=&#8221;vc_gid:1645016020475-b5fef6b0-b002-1&#8243; include=&#8221;36962, 36983, 36996&#8243; el_class=&#8221;homepage_grid&#8221;][\/vc_column][\/vc_row]<\/p>\n","protected":false},"excerpt":{"rendered":"<p>Ein Sommerurlaub kann viel mehr bieten als Sonnenb\u00e4der und Meeresrauschen.<\/p>\n","protected":false},"author":1,"featured_media":32151,"parent":30090,"menu_order":0,"comment_status":"closed","ping_status":"closed","template":"","meta":{"footnotes":""},"class_list":["post-30120","page","type-page","status-publish","has-post-thumbnail"],"acf":[],"yoast_head":"<!-- This site is optimized with the Yoast SEO plugin v23.5 - https:\/\/yoast.com\/wordpress\/plugins\/seo\/ -->\n<title>Outdoor - TZO Malinska-Duba\u0161nica<\/title>\n<meta name=\"description\" content=\"Ljetni odmor mo\u017ee biti puno vi\u0161e od upijanja sunca i oslu\u0161kivanja morskih valova: aktivni odmori postaju sve popularniji - od vo\u017enji biciklom, tr\u010danja i planinarenja do jedrenja i sportova na vodi.\" \/>\n<meta name=\"robots\" content=\"index, follow, max-snippet:-1, max-image-preview:large, max-video-preview:-1\" \/>\n<link rel=\"canonical\" href=\"https:\/\/www.visitmalinska.com\/malinska-za-sve\/outdoor\/\" \/>\n<meta property=\"og:locale\" content=\"de_DE\" \/>\n<meta property=\"og:type\" content=\"article\" \/>\n<meta property=\"og:title\" content=\"{:hr}Outdoor{:}{:en}Outdoor{:}{:de}Outdoor{:}{:it}Outdoor{:}{:si}Outdoor{:} - TZO Malinska-Duba\u0161nica\" \/>\n<meta property=\"og:description\" content=\"{:hr}Ljetni odmor mo\u017ee biti puno vi\u0161e od upijanja sunca i oslu\u0161kivanja morskih valova: aktivni odmori postaju sve popularniji - od vo\u017enji biciklom, tr\u010danja i planinarenja do jedrenja i sportova na vodi.{:}{:en}Your summer holidays can be so much more than soaking up the sun and listening to the roar of the waves. Active holidays are becoming an increasingly popular option, offering activities such as cycling, running, hiking, sailing and water sports.{:}\" \/>\n<meta property=\"og:url\" content=\"https:\/\/www.visitmalinska.com\/malinska-za-sve\/outdoor\/\" \/>\n<meta property=\"og:site_name\" content=\"TZO Malinska-Duba\u0161nica\" \/>\n<meta property=\"article:publisher\" content=\"https:\/\/www.facebook.com\/Malinska.Island.Krk\/\" \/>\n<meta property=\"article:modified_time\" content=\"2022-02-16T13:38:44+00:00\" \/>\n<meta property=\"og:image\" content=\"https:\/\/www.visitmalinska.com\/wp-content\/uploads\/2019\/09\/aktivni-odmor-facebook.jpg\" \/>\n\t<meta property=\"og:image:width\" content=\"1200\" \/>\n\t<meta property=\"og:image:height\" content=\"630\" \/>\n\t<meta property=\"og:image:type\" content=\"image\/jpeg\" \/>\n<meta name=\"twitter:card\" content=\"summary_large_image\" \/>\n<meta name=\"twitter:image\" content=\"https:\/\/www.visitmalinska.com\/wp-content\/uploads\/2019\/09\/aktivni-odmor-twitter.jpg\" \/>\n<meta name=\"twitter:label1\" content=\"Est. reading time\" \/>\n\t<meta name=\"twitter:data1\" content=\"3 minutes\" \/>\n<script type=\"application\/ld+json\" class=\"yoast-schema-graph\">{\"@context\":\"https:\/\/schema.org\",\"@graph\":[{\"@type\":\"WebPage\",\"@id\":\"https:\/\/www.visitmalinska.com\/malinska-za-sve\/outdoor\/\",\"url\":\"https:\/\/www.visitmalinska.com\/malinska-za-sve\/outdoor\/\",\"name\":\"{:hr}Outdoor{:}{:en}Outdoor{:}{:de}Outdoor{:}{:it}Outdoor{:}{:si}Outdoor{:} - TZO Malinska-Duba\u0161nica\",\"isPartOf\":{\"@id\":\"https:\/\/www.visitmalinska.com\/#website\"},\"primaryImageOfPage\":{\"@id\":\"https:\/\/www.visitmalinska.com\/malinska-za-sve\/outdoor\/#primaryimage\"},\"image\":{\"@id\":\"https:\/\/www.visitmalinska.com\/malinska-za-sve\/outdoor\/#primaryimage\"},\"thumbnailUrl\":\"https:\/\/www.visitmalinska.com\/wp-content\/uploads\/2019\/08\/004-aktivni-odmor-clean-v3.jpg\",\"datePublished\":\"2019-03-19T13:35:27+00:00\",\"dateModified\":\"2022-02-16T13:38:44+00:00\",\"description\":\"{:hr}Ljetni odmor mo\u017ee biti puno vi\u0161e od upijanja sunca i oslu\u0161kivanja morskih valova: aktivni odmori postaju sve popularniji - od vo\u017enji biciklom, tr\u010danja i planinarenja do jedrenja i sportova na vodi.{:}{:en}Your summer holidays can be so much more than soaking up the sun and listening to the roar of the waves. Active holidays are becoming an increasingly popular option, offering activities such as cycling, running, hiking, sailing and water sports.{:}\",\"breadcrumb\":{\"@id\":\"https:\/\/www.visitmalinska.com\/malinska-za-sve\/outdoor\/#breadcrumb\"},\"inLanguage\":\"de-DE\",\"potentialAction\":[{\"@type\":\"ReadAction\",\"target\":[\"https:\/\/www.visitmalinska.com\/malinska-za-sve\/outdoor\/\"]}]},{\"@type\":\"ImageObject\",\"inLanguage\":\"de-DE\",\"@id\":\"https:\/\/www.visitmalinska.com\/malinska-za-sve\/outdoor\/#primaryimage\",\"url\":\"https:\/\/www.visitmalinska.com\/wp-content\/uploads\/2019\/08\/004-aktivni-odmor-clean-v3.jpg\",\"contentUrl\":\"https:\/\/www.visitmalinska.com\/wp-content\/uploads\/2019\/08\/004-aktivni-odmor-clean-v3.jpg\",\"width\":1000,\"height\":1000},{\"@type\":\"BreadcrumbList\",\"@id\":\"https:\/\/www.visitmalinska.com\/malinska-za-sve\/outdoor\/#breadcrumb\",\"itemListElement\":[{\"@type\":\"ListItem\",\"position\":1,\"name\":\"Po\u010detna stranica\",\"item\":\"https:\/\/www.visitmalinska.com\/\"},{\"@type\":\"ListItem\",\"position\":2,\"name\":\"Malinska za sve\",\"item\":\"https:\/\/www.visitmalinska.com\/malinska-za-sve\/\"},{\"@type\":\"ListItem\",\"position\":3,\"name\":\"Outdoor\"}]},{\"@type\":\"WebSite\",\"@id\":\"https:\/\/www.visitmalinska.com\/#website\",\"url\":\"https:\/\/www.visitmalinska.com\/\",\"name\":\"TZO Malinska-Duba\u0161nica\",\"description\":\"\",\"publisher\":{\"@id\":\"https:\/\/www.visitmalinska.com\/#organization\"},\"potentialAction\":[{\"@type\":\"SearchAction\",\"target\":{\"@type\":\"EntryPoint\",\"urlTemplate\":\"https:\/\/www.visitmalinska.com\/?s={search_term_string}\"},\"query-input\":{\"@type\":\"PropertyValueSpecification\",\"valueRequired\":true,\"valueName\":\"search_term_string\"}}],\"inLanguage\":\"de-DE\"},{\"@type\":\"Organization\",\"@id\":\"https:\/\/www.visitmalinska.com\/#organization\",\"name\":\"TZO Malinska - Duba\u0161nica\",\"url\":\"https:\/\/www.visitmalinska.com\/\",\"logo\":{\"@type\":\"ImageObject\",\"inLanguage\":\"de-DE\",\"@id\":\"https:\/\/www.visitmalinska.com\/#\/schema\/logo\/image\/\",\"url\":\"https:\/\/www.visitmalinska.com\/wp-content\/uploads\/2019\/03\/malinska-logo-240.png\",\"contentUrl\":\"https:\/\/www.visitmalinska.com\/wp-content\/uploads\/2019\/03\/malinska-logo-240.png\",\"width\":1188,\"height\":241,\"caption\":\"TZO Malinska - Duba\u0161nica\"},\"image\":{\"@id\":\"https:\/\/www.visitmalinska.com\/#\/schema\/logo\/image\/\"},\"sameAs\":[\"https:\/\/www.facebook.com\/Malinska.Island.Krk\/\",\"https:\/\/www.instagram.com\/visitmalinska\/\"]}]}<\/script>\n<!-- \/ Yoast SEO plugin. -->","yoast_head_json":{"title":"Outdoor - TZO Malinska-Duba\u0161nica","description":"Ljetni odmor mo\u017ee biti puno vi\u0161e od upijanja sunca i oslu\u0161kivanja morskih valova: aktivni odmori postaju sve popularniji - od vo\u017enji biciklom, tr\u010danja i planinarenja do jedrenja i sportova na vodi.","robots":{"index":"index","follow":"follow","max-snippet":"max-snippet:-1","max-image-preview":"max-image-preview:large","max-video-preview":"max-video-preview:-1"},"canonical":"https:\/\/www.visitmalinska.com\/malinska-za-sve\/outdoor\/","og_locale":"de_DE","og_type":"article","og_title":"{:hr}Outdoor{:}{:en}Outdoor{:}{:de}Outdoor{:}{:it}Outdoor{:}{:si}Outdoor{:} - TZO Malinska-Duba\u0161nica","og_description":"{:hr}Ljetni odmor mo\u017ee biti puno vi\u0161e od upijanja sunca i oslu\u0161kivanja morskih valova: aktivni odmori postaju sve popularniji - od vo\u017enji biciklom, tr\u010danja i planinarenja do jedrenja i sportova na vodi.{:}{:en}Your summer holidays can be so much more than soaking up the sun and listening to the roar of the waves. Active holidays are becoming an increasingly popular option, offering activities such as cycling, running, hiking, sailing and water sports.{:}","og_url":"https:\/\/www.visitmalinska.com\/malinska-za-sve\/outdoor\/","og_site_name":"TZO Malinska-Duba\u0161nica","article_publisher":"https:\/\/www.facebook.com\/Malinska.Island.Krk\/","article_modified_time":"2022-02-16T13:38:44+00:00","og_image":[{"width":1200,"height":630,"url":"https:\/\/www.visitmalinska.com\/wp-content\/uploads\/2019\/09\/aktivni-odmor-facebook.jpg","type":"image\/jpeg"}],"twitter_card":"summary_large_image","twitter_image":"https:\/\/www.visitmalinska.com\/wp-content\/uploads\/2019\/09\/aktivni-odmor-twitter.jpg","twitter_misc":{"Est. reading time":"3 minutes"},"schema":{"@context":"https:\/\/schema.org","@graph":[{"@type":"WebPage","@id":"https:\/\/www.visitmalinska.com\/malinska-za-sve\/outdoor\/","url":"https:\/\/www.visitmalinska.com\/malinska-za-sve\/outdoor\/","name":"{:hr}Outdoor{:}{:en}Outdoor{:}{:de}Outdoor{:}{:it}Outdoor{:}{:si}Outdoor{:} - TZO Malinska-Duba\u0161nica","isPartOf":{"@id":"https:\/\/www.visitmalinska.com\/#website"},"primaryImageOfPage":{"@id":"https:\/\/www.visitmalinska.com\/malinska-za-sve\/outdoor\/#primaryimage"},"image":{"@id":"https:\/\/www.visitmalinska.com\/malinska-za-sve\/outdoor\/#primaryimage"},"thumbnailUrl":"https:\/\/www.visitmalinska.com\/wp-content\/uploads\/2019\/08\/004-aktivni-odmor-clean-v3.jpg","datePublished":"2019-03-19T13:35:27+00:00","dateModified":"2022-02-16T13:38:44+00:00","description":"{:hr}Ljetni odmor mo\u017ee biti puno vi\u0161e od upijanja sunca i oslu\u0161kivanja morskih valova: aktivni odmori postaju sve popularniji - od vo\u017enji biciklom, tr\u010danja i planinarenja do jedrenja i sportova na vodi.{:}{:en}Your summer holidays can be so much more than soaking up the sun and listening to the roar of the waves. Active holidays are becoming an increasingly popular option, offering activities such as cycling, running, hiking, sailing and water sports.{:}","breadcrumb":{"@id":"https:\/\/www.visitmalinska.com\/malinska-za-sve\/outdoor\/#breadcrumb"},"inLanguage":"de-DE","potentialAction":[{"@type":"ReadAction","target":["https:\/\/www.visitmalinska.com\/malinska-za-sve\/outdoor\/"]}]},{"@type":"ImageObject","inLanguage":"de-DE","@id":"https:\/\/www.visitmalinska.com\/malinska-za-sve\/outdoor\/#primaryimage","url":"https:\/\/www.visitmalinska.com\/wp-content\/uploads\/2019\/08\/004-aktivni-odmor-clean-v3.jpg","contentUrl":"https:\/\/www.visitmalinska.com\/wp-content\/uploads\/2019\/08\/004-aktivni-odmor-clean-v3.jpg","width":1000,"height":1000},{"@type":"BreadcrumbList","@id":"https:\/\/www.visitmalinska.com\/malinska-za-sve\/outdoor\/#breadcrumb","itemListElement":[{"@type":"ListItem","position":1,"name":"Po\u010detna stranica","item":"https:\/\/www.visitmalinska.com\/"},{"@type":"ListItem","position":2,"name":"Malinska za sve","item":"https:\/\/www.visitmalinska.com\/malinska-za-sve\/"},{"@type":"ListItem","position":3,"name":"Outdoor"}]},{"@type":"WebSite","@id":"https:\/\/www.visitmalinska.com\/#website","url":"https:\/\/www.visitmalinska.com\/","name":"TZO Malinska-Duba\u0161nica","description":"","publisher":{"@id":"https:\/\/www.visitmalinska.com\/#organization"},"potentialAction":[{"@type":"SearchAction","target":{"@type":"EntryPoint","urlTemplate":"https:\/\/www.visitmalinska.com\/?s={search_term_string}"},"query-input":{"@type":"PropertyValueSpecification","valueRequired":true,"valueName":"search_term_string"}}],"inLanguage":"de-DE"},{"@type":"Organization","@id":"https:\/\/www.visitmalinska.com\/#organization","name":"TZO Malinska - Duba\u0161nica","url":"https:\/\/www.visitmalinska.com\/","logo":{"@type":"ImageObject","inLanguage":"de-DE","@id":"https:\/\/www.visitmalinska.com\/#\/schema\/logo\/image\/","url":"https:\/\/www.visitmalinska.com\/wp-content\/uploads\/2019\/03\/malinska-logo-240.png","contentUrl":"https:\/\/www.visitmalinska.com\/wp-content\/uploads\/2019\/03\/malinska-logo-240.png","width":1188,"height":241,"caption":"TZO Malinska - Duba\u0161nica"},"image":{"@id":"https:\/\/www.visitmalinska.com\/#\/schema\/logo\/image\/"},"sameAs":["https:\/\/www.facebook.com\/Malinska.Island.Krk\/","https:\/\/www.instagram.com\/visitmalinska\/"]}]}},"_links":{"self":[{"href":"https:\/\/www.visitmalinska.com\/de\/wp-json\/wp\/v2\/pages\/30120","targetHints":{"allow":["GET"]}}],"collection":[{"href":"https:\/\/www.visitmalinska.com\/de\/wp-json\/wp\/v2\/pages"}],"about":[{"href":"https:\/\/www.visitmalinska.com\/de\/wp-json\/wp\/v2\/types\/page"}],"author":[{"embeddable":true,"href":"https:\/\/www.visitmalinska.com\/de\/wp-json\/wp\/v2\/users\/1"}],"replies":[{"embeddable":true,"href":"https:\/\/www.visitmalinska.com\/de\/wp-json\/wp\/v2\/comments?post=30120"}],"version-history":[{"count":43,"href":"https:\/\/www.visitmalinska.com\/de\/wp-json\/wp\/v2\/pages\/30120\/revisions"}],"predecessor-version":[{"id":37022,"href":"https:\/\/www.visitmalinska.com\/de\/wp-json\/wp\/v2\/pages\/30120\/revisions\/37022"}],"up":[{"embeddable":true,"href":"https:\/\/www.visitmalinska.com\/de\/wp-json\/wp\/v2\/pages\/30090"}],"wp:featuredmedia":[{"embeddable":true,"href":"https:\/\/www.visitmalinska.com\/de\/wp-json\/wp\/v2\/media\/32151"}],"wp:attachment":[{"href":"https:\/\/www.visitmalinska.com\/de\/wp-json\/wp\/v2\/media?parent=30120"}],"curies":[{"name":"wp","href":"https:\/\/api.w.org\/{rel}","templated":true}]}}