{"id":30118,"date":"2019-03-19T13:35:00","date_gmt":"2019-03-19T13:35:00","guid":{"rendered":"http:\/\/www.visitmalinska.com\/?page_id=30118"},"modified":"2019-12-02T17:21:56","modified_gmt":"2019-12-02T15:21:56","slug":"obitelj-i-djeca","status":"publish","type":"page","link":"https:\/\/www.visitmalinska.com\/de\/malinska-fur-alle\/familie-und-kinder\/","title":{"rendered":"Familie und Kinder"},"content":{"rendered":"<p>[vc_row][vc_column][vc_column_text]Malinska ist bei Familien mit Kindern sehr beliebt. Sowohl wegen der sehr guten Verbindung und der N\u00e4he vor allem zu Rijeka und Zagreb als auch aufgrund des Angebots in Bezug auf Familien- und Hotelunterk\u00fcnfte, der Str\u00e4nde und Gastronomie zu angemessenen Preisen ist Malinska im Laufe der Jahre f\u00fcr viele Familien zu einem TOP-Urlaubsziel geworden.<\/p>\n<p>Zudem sind die Sicherheit und Ruhe in Malinska ein besonderes Plus f\u00fcr alle Eltern, die auf der Suche nach echter Erholung sind.<\/p>\n<p>Wenn Sie m\u00f6chten, dass Ihre Kinder einen magischen Urlaub erleben, wo alle zusammen sorglos Spazierengehen, mit dem Fahrrad fahren oder die Tage am kristallklaren Meer verbringen, umgeben von der ruhigen Natur \u2013 dann reisen Sie nach Malinska.<\/p>\n<p>&nbsp;<\/p>\n<p><strong><img loading=\"lazy\" decoding=\"async\" class=\"responsive aligncenter wp-image-31618 size-full\" src=\"http:\/\/www.visitmalinska.com\/wp-content\/uploads\/2019\/07\/obitelj-i-djeca-2.jpg\" alt=\"\" width=\"1280\" height=\"720\" srcset=\"https:\/\/www.visitmalinska.com\/wp-content\/uploads\/2019\/07\/obitelj-i-djeca-2.jpg 1280w, https:\/\/www.visitmalinska.com\/wp-content\/uploads\/2019\/07\/obitelj-i-djeca-2-300x169.jpg 300w, https:\/\/www.visitmalinska.com\/wp-content\/uploads\/2019\/07\/obitelj-i-djeca-2-768x432.jpg 768w, https:\/\/www.visitmalinska.com\/wp-content\/uploads\/2019\/07\/obitelj-i-djeca-2-1024x576.jpg 1024w\" sizes=\"auto, (max-width: 1280px) 100vw, 1280px\" \/><\/strong><\/p>\n<h4><strong>UNTERKUNFT F\u00dcR FAMILIEN<\/strong><\/h4>\n<p>Private Ferienwohnungen in Malinska sind w\u00e4hrend der Saison fast immer ausgebucht, deshalb empfehlen wir, Ihren Aufenthalt vor der Ankunft an Ihrem Urlaubsort zu planen, damit Sie die f\u00fcr Sie optimale Unterkunft finden. Wenn Sie dennoch ein Last-Minute-Gast sind, helfen zahlreiche Fremdenverkehrsb\u00fcros in Malinska gern dabei, eine angenehme Unterkunft f\u00fcr Sie zu finden.<\/p>\n<p>Neben den hunderten privaten Familienobjekten bieten auch gro\u00dfe und kleine unabh\u00e4ngige Hotels eine Unterkunft mit \u00dcbernachtung und Mahlzeiten f\u00fcr einen noch entspannteren Urlaub.<\/p>\n<p>Eines der \u00e4ltesten Hotels in Malinska ist das Hotel Malin mit 128 Zimmern und 21 luxuri\u00f6s ausgestatteten Apartments. Das Hotel befindet sich direkt am Meer in der N\u00e4he des Stadtzentrums und ist w\u00e4hrend des ganzen Jahres ge\u00f6ffnet. Die Hotels Vila Rova und Blue Wave Resort befinden sich etwas weiter am Meer in der Bucht Rova direkt an einem Kiesstrand und bieten Ihren G\u00e4sten auch einen Pool zum Entspannen. Etwas weiter am Ufer entlang im Porat befinden sich das ausgezeichnete Hotel Spa &#038; Wellness Hotel Pinia sowie das Hotel Villa Margaret.<br \/>\nAuf der anderen Seite befinden sich die Hotels Adria und das Hotel Luxury Riva direkt an der Strandpromenade am Meer im Stadtzentrum.<\/p>\n<p>Auch unsere Fans des Campingurlaubs werden nicht vergessen. Der an einem Familienhaus gelegene Campingplatz Draga befindet sich in der N\u00e4he des Stadtzentrums von Malinska in ruhiger Lage ganze 200 m vom Strand entfernt.<\/p>\n<p>Ganz gleich, welche Art Gast Sie sind, ob Sie eine 5-Sterne-Unterkunft oder eine bescheidene Privatunterkunft suchen, jede Familie findet eine optimale Unterkunft in Malinska.<\/p>\n<p>&nbsp;<\/p>\n<p><strong><img loading=\"lazy\" decoding=\"async\" class=\"responsive aligncenter wp-image-31619 size-full\" src=\"http:\/\/www.visitmalinska.com\/wp-content\/uploads\/2019\/07\/obitelj-i-djeca-3.jpg\" alt=\"\" width=\"1280\" height=\"720\" srcset=\"https:\/\/www.visitmalinska.com\/wp-content\/uploads\/2019\/07\/obitelj-i-djeca-3.jpg 1280w, https:\/\/www.visitmalinska.com\/wp-content\/uploads\/2019\/07\/obitelj-i-djeca-3-300x169.jpg 300w, https:\/\/www.visitmalinska.com\/wp-content\/uploads\/2019\/07\/obitelj-i-djeca-3-768x432.jpg 768w, https:\/\/www.visitmalinska.com\/wp-content\/uploads\/2019\/07\/obitelj-i-djeca-3-1024x576.jpg 1024w\" sizes=\"auto, (max-width: 1280px) 100vw, 1280px\" \/><\/strong><\/p>\n<h4><strong>STR\u00c4NDE F\u00dcR FAMILIEN MIT KINDERN<\/strong><\/h4>\n<p>An etwa zehn Str\u00e4nden entlang der geschl\u00e4ngelten K\u00fcste von Malinska findet jeder Gast einen Lieblingsplatz. Die Str\u00e4nde erstrecken sich entlang der Stra\u00dfe Rajska cesta, die Malinska und Njivice miteinander verbindet, bis zur romantischen kleinen Stadt Porat, etwa 3 km von Malinska entfernt.<\/p>\n<p>Wenn Sie Sandstr\u00e4nde m\u00f6gen oder Betonplateaus, von denen Sie ins Meer springen k\u00f6nnen, Kiesstr\u00e4nde oder Str\u00e4nde, an denen Menschen mit Behinderungen baden k\u00f6nnen, dann werden Sie nicht entt\u00e4uscht. Nahezu alle Str\u00e4nde bieten zus\u00e4tzliche Angebote wie einen Wasserpark, Tretboote, Sandk\u00e4sten, Sonnenliegen, Sonnenschirme und Gastronomieobjekte, in denen Sie etwas trinken oder ein Eis essen k\u00f6nnen.<\/p>\n<p>&nbsp;<\/p>\n<p><strong><img loading=\"lazy\" decoding=\"async\" class=\"responsive aligncenter wp-image-31620 size-full\" src=\"http:\/\/www.visitmalinska.com\/wp-content\/uploads\/2019\/07\/obitelj-i-djeca-4.jpg\" alt=\"\" width=\"1280\" height=\"720\" srcset=\"https:\/\/www.visitmalinska.com\/wp-content\/uploads\/2019\/07\/obitelj-i-djeca-4.jpg 1280w, https:\/\/www.visitmalinska.com\/wp-content\/uploads\/2019\/07\/obitelj-i-djeca-4-300x169.jpg 300w, https:\/\/www.visitmalinska.com\/wp-content\/uploads\/2019\/07\/obitelj-i-djeca-4-768x432.jpg 768w, https:\/\/www.visitmalinska.com\/wp-content\/uploads\/2019\/07\/obitelj-i-djeca-4-1024x576.jpg 1024w\" sizes=\"auto, (max-width: 1280px) 100vw, 1280px\" \/><\/strong><\/p>\n<h4><strong>UNTERHALTUNG UND AKTIVIT\u00c4TEN F\u00dcR FAMILIEN MIT KINDERN<\/strong><\/h4>\n<p>Ihre Kleinen k\u00f6nnen nicht nur die zuvor erw\u00e4hnten Aktivit\u00e4ten im Meer genie\u00dfen, sondern an mehreren Orten in Malinska auch auf Spielpl\u00e4tzen f\u00fcr Kinder im Vorschulalter spielen, die mit Schaukeln, Rutschen, Wippen und Kletterger\u00fcsten ausgestattet sind. Solche Spielpl\u00e4tze befinden sich auf \u00f6ffentlichen Fl\u00e4chen neben dem Strand Rupa, in der Stra\u00dfe Nikola Tesla, in sv. Vid, Kremeni\u0107i, Zidari\u0107i, in Richtung Rovi, in Porat sowie am Eingang in die Stra\u00dfe Kvarnerska ulica in der Stra\u00dfe Nedjeljka Karabai\u0107a.<\/p>\n<p>Unsere j\u00fcngsten Besucher wird zudem das Angebot f\u00fcr Kinder im Stadtzentrum von Malinska freuen, wie beispielsweise ein Rummelplatz, Trampolin, Bungee-Trampolin und ein 4D Kino!<\/p>\n<p>Wenn Sie eine aktive Familie sind und gern Spazieren gehen oder mit dem Fahrrad fahren, dann k\u00f6nnen Sie entlang des gesamten 10 km langen Ufers von Malinska gem\u00fctlich Spazieren gehen oder mit dem Fahrrad auf Wegen fahren, die gr\u00f6\u00dftenteils im Schatten liegen.<\/p>\n<p>&nbsp;<\/p>\n<p><strong><img loading=\"lazy\" decoding=\"async\" class=\"responsive aligncenter wp-image-31621 size-full\" src=\"http:\/\/www.visitmalinska.com\/wp-content\/uploads\/2019\/07\/obitelj-i-djeca-5.jpg\" alt=\"\" width=\"1280\" height=\"720\" srcset=\"https:\/\/www.visitmalinska.com\/wp-content\/uploads\/2019\/07\/obitelj-i-djeca-5.jpg 1280w, https:\/\/www.visitmalinska.com\/wp-content\/uploads\/2019\/07\/obitelj-i-djeca-5-300x169.jpg 300w, https:\/\/www.visitmalinska.com\/wp-content\/uploads\/2019\/07\/obitelj-i-djeca-5-768x432.jpg 768w, https:\/\/www.visitmalinska.com\/wp-content\/uploads\/2019\/07\/obitelj-i-djeca-5-1024x576.jpg 1024w\" sizes=\"auto, (max-width: 1280px) 100vw, 1280px\" \/><\/strong><\/p>\n<h4><strong>WO K\u00d6NNEN SIE ESSEN GEHEN?<\/strong><\/h4>\n<p>Restaurants, Pizzerien, Konditoreien und Fast-Food-Objekte befinden sich \u00fcberall in Malinska, sodass Sie nicht dar\u00fcber nachdenken m\u00fcssen, wo Sie essen gehen k\u00f6nnen. Ihnen stehen Mahlzeiten f\u00fcr jedermanns Geschmack zur Verf\u00fcgung, und da Malinska ein richtiger Familienort ist, finden auch Ihre Kleinen bestimmt etwas, was ihnen schmeckt.[\/vc_column_text][\/vc_column][\/vc_row]<\/p>\n","protected":false},"excerpt":{"rendered":"<p>Malinska ist bei Familien mit Kindern sehr beliebt.<\/p>\n","protected":false},"author":1,"featured_media":31615,"parent":30090,"menu_order":0,"comment_status":"closed","ping_status":"closed","template":"","meta":{"footnotes":""},"class_list":["post-30118","page","type-page","status-publish","has-post-thumbnail"],"acf":[],"yoast_head":"<!-- This site is optimized with the Yoast SEO plugin v23.5 - https:\/\/yoast.com\/wordpress\/plugins\/seo\/ -->\n<title>Familie und Kinder - TZO Malinska-Duba\u0161nica<\/title>\n<meta name=\"description\" content=\"Malinska je jedna od destinacija koje obitelji s djecom najvi\u0161e vole.\" \/>\n<meta name=\"robots\" content=\"index, follow, max-snippet:-1, max-image-preview:large, max-video-preview:-1\" \/>\n<link rel=\"canonical\" href=\"https:\/\/www.visitmalinska.com\/de\/malinska-fur-alle\/familie-und-kinder\/\" \/>\n<meta property=\"og:locale\" content=\"de_DE\" \/>\n<meta property=\"og:type\" content=\"article\" \/>\n<meta property=\"og:title\" content=\"{:hr}Obitelj i djeca{:}{:en}Families and Children{:}{:de}Familie und Kinder{:}{:it}Famiglie e bambini{:}{:si}Dru\u017eina in otroci{:} - TZO Malinska-Duba\u0161nica\" \/>\n<meta property=\"og:description\" content=\"{:hr}Malinska je jedna od destinacija koje obitelji s djecom najvi\u0161e vole.{:}{:en}Malinska is one of the most popular destinations for families and children.{:}\" \/>\n<meta property=\"og:url\" content=\"https:\/\/www.visitmalinska.com\/de\/malinska-fur-alle\/familie-und-kinder\/\" \/>\n<meta property=\"og:site_name\" content=\"TZO Malinska-Duba\u0161nica\" \/>\n<meta property=\"article:publisher\" content=\"https:\/\/www.facebook.com\/Malinska.Island.Krk\/\" \/>\n<meta property=\"article:modified_time\" content=\"2019-12-02T15:21:56+00:00\" \/>\n<meta property=\"og:image\" content=\"https:\/\/www.visitmalinska.com\/wp-content\/uploads\/2019\/09\/obitelj-i-djeca-facebook.jpg\" \/>\n\t<meta property=\"og:image:width\" content=\"1200\" \/>\n\t<meta property=\"og:image:height\" content=\"630\" \/>\n\t<meta property=\"og:image:type\" content=\"image\/jpeg\" \/>\n<meta name=\"twitter:card\" content=\"summary_large_image\" \/>\n<meta name=\"twitter:image\" content=\"https:\/\/www.visitmalinska.com\/wp-content\/uploads\/2019\/09\/obitelj-i-djeca-twitter.jpg\" \/>\n<meta name=\"twitter:label1\" content=\"Est. reading time\" \/>\n\t<meta name=\"twitter:data1\" content=\"17 minutes\" \/>\n<script type=\"application\/ld+json\" class=\"yoast-schema-graph\">{\"@context\":\"https:\/\/schema.org\",\"@graph\":[{\"@type\":\"WebPage\",\"@id\":\"https:\/\/www.visitmalinska.com\/de\/malinska-fur-alle\/familie-und-kinder\/\",\"url\":\"https:\/\/www.visitmalinska.com\/de\/malinska-fur-alle\/familie-und-kinder\/\",\"name\":\"{:hr}Obitelj i djeca{:}{:en}Families and Children{:}{:de}Familie und Kinder{:}{:it}Famiglie e bambini{:}{:si}Dru\u017eina in otroci{:} - TZO Malinska-Duba\u0161nica\",\"isPartOf\":{\"@id\":\"https:\/\/www.visitmalinska.com\/#website\"},\"primaryImageOfPage\":{\"@id\":\"https:\/\/www.visitmalinska.com\/de\/malinska-fur-alle\/familie-und-kinder\/#primaryimage\"},\"image\":{\"@id\":\"https:\/\/www.visitmalinska.com\/de\/malinska-fur-alle\/familie-und-kinder\/#primaryimage\"},\"thumbnailUrl\":\"https:\/\/www.visitmalinska.com\/wp-content\/uploads\/2019\/07\/002-obitelj-i-djeca-2.jpg\",\"datePublished\":\"2019-03-19T13:35:00+00:00\",\"dateModified\":\"2019-12-02T15:21:56+00:00\",\"description\":\"{:hr}Malinska je jedna od destinacija koje obitelji s djecom najvi\u0161e vole.{:}{:en}Malinska is one of the most popular destinations for families and children.{:}\",\"breadcrumb\":{\"@id\":\"https:\/\/www.visitmalinska.com\/de\/malinska-fur-alle\/familie-und-kinder\/#breadcrumb\"},\"inLanguage\":\"de-DE\",\"potentialAction\":[{\"@type\":\"ReadAction\",\"target\":[\"https:\/\/www.visitmalinska.com\/de\/malinska-fur-alle\/familie-und-kinder\/\"]}]},{\"@type\":\"ImageObject\",\"inLanguage\":\"de-DE\",\"@id\":\"https:\/\/www.visitmalinska.com\/de\/malinska-fur-alle\/familie-und-kinder\/#primaryimage\",\"url\":\"https:\/\/www.visitmalinska.com\/wp-content\/uploads\/2019\/07\/002-obitelj-i-djeca-2.jpg\",\"contentUrl\":\"https:\/\/www.visitmalinska.com\/wp-content\/uploads\/2019\/07\/002-obitelj-i-djeca-2.jpg\",\"width\":1000,\"height\":1000},{\"@type\":\"BreadcrumbList\",\"@id\":\"https:\/\/www.visitmalinska.com\/de\/malinska-fur-alle\/familie-und-kinder\/#breadcrumb\",\"itemListElement\":[{\"@type\":\"ListItem\",\"position\":1,\"name\":\"Po\u010detna stranica\",\"item\":\"https:\/\/www.visitmalinska.com\/\"},{\"@type\":\"ListItem\",\"position\":2,\"name\":\"Malinska za sve\",\"item\":\"https:\/\/www.visitmalinska.com\/malinska-za-sve\/\"},{\"@type\":\"ListItem\",\"position\":3,\"name\":\"Familie und Kinder\"}]},{\"@type\":\"WebSite\",\"@id\":\"https:\/\/www.visitmalinska.com\/#website\",\"url\":\"https:\/\/www.visitmalinska.com\/\",\"name\":\"TZO Malinska-Duba\u0161nica\",\"description\":\"\",\"publisher\":{\"@id\":\"https:\/\/www.visitmalinska.com\/#organization\"},\"potentialAction\":[{\"@type\":\"SearchAction\",\"target\":{\"@type\":\"EntryPoint\",\"urlTemplate\":\"https:\/\/www.visitmalinska.com\/?s={search_term_string}\"},\"query-input\":{\"@type\":\"PropertyValueSpecification\",\"valueRequired\":true,\"valueName\":\"search_term_string\"}}],\"inLanguage\":\"de-DE\"},{\"@type\":\"Organization\",\"@id\":\"https:\/\/www.visitmalinska.com\/#organization\",\"name\":\"TZO Malinska - Duba\u0161nica\",\"url\":\"https:\/\/www.visitmalinska.com\/\",\"logo\":{\"@type\":\"ImageObject\",\"inLanguage\":\"de-DE\",\"@id\":\"https:\/\/www.visitmalinska.com\/#\/schema\/logo\/image\/\",\"url\":\"https:\/\/www.visitmalinska.com\/wp-content\/uploads\/2019\/03\/malinska-logo-240.png\",\"contentUrl\":\"https:\/\/www.visitmalinska.com\/wp-content\/uploads\/2019\/03\/malinska-logo-240.png\",\"width\":1188,\"height\":241,\"caption\":\"TZO Malinska - Duba\u0161nica\"},\"image\":{\"@id\":\"https:\/\/www.visitmalinska.com\/#\/schema\/logo\/image\/\"},\"sameAs\":[\"https:\/\/www.facebook.com\/Malinska.Island.Krk\/\",\"https:\/\/www.instagram.com\/visitmalinska\/\"]}]}<\/script>\n<!-- \/ Yoast SEO plugin. -->","yoast_head_json":{"title":"Familie und Kinder - TZO Malinska-Duba\u0161nica","description":"Malinska je jedna od destinacija koje obitelji s djecom najvi\u0161e vole.","robots":{"index":"index","follow":"follow","max-snippet":"max-snippet:-1","max-image-preview":"max-image-preview:large","max-video-preview":"max-video-preview:-1"},"canonical":"https:\/\/www.visitmalinska.com\/de\/malinska-fur-alle\/familie-und-kinder\/","og_locale":"de_DE","og_type":"article","og_title":"{:hr}Obitelj i djeca{:}{:en}Families and Children{:}{:de}Familie und Kinder{:}{:it}Famiglie e bambini{:}{:si}Dru\u017eina in otroci{:} - TZO Malinska-Duba\u0161nica","og_description":"{:hr}Malinska je jedna od destinacija koje obitelji s djecom najvi\u0161e vole.{:}{:en}Malinska is one of the most popular destinations for families and children.{:}","og_url":"https:\/\/www.visitmalinska.com\/de\/malinska-fur-alle\/familie-und-kinder\/","og_site_name":"TZO Malinska-Duba\u0161nica","article_publisher":"https:\/\/www.facebook.com\/Malinska.Island.Krk\/","article_modified_time":"2019-12-02T15:21:56+00:00","og_image":[{"width":1200,"height":630,"url":"https:\/\/www.visitmalinska.com\/wp-content\/uploads\/2019\/09\/obitelj-i-djeca-facebook.jpg","type":"image\/jpeg"}],"twitter_card":"summary_large_image","twitter_image":"https:\/\/www.visitmalinska.com\/wp-content\/uploads\/2019\/09\/obitelj-i-djeca-twitter.jpg","twitter_misc":{"Est. reading time":"17 minutes"},"schema":{"@context":"https:\/\/schema.org","@graph":[{"@type":"WebPage","@id":"https:\/\/www.visitmalinska.com\/de\/malinska-fur-alle\/familie-und-kinder\/","url":"https:\/\/www.visitmalinska.com\/de\/malinska-fur-alle\/familie-und-kinder\/","name":"{:hr}Obitelj i djeca{:}{:en}Families and Children{:}{:de}Familie und Kinder{:}{:it}Famiglie e bambini{:}{:si}Dru\u017eina in otroci{:} - TZO Malinska-Duba\u0161nica","isPartOf":{"@id":"https:\/\/www.visitmalinska.com\/#website"},"primaryImageOfPage":{"@id":"https:\/\/www.visitmalinska.com\/de\/malinska-fur-alle\/familie-und-kinder\/#primaryimage"},"image":{"@id":"https:\/\/www.visitmalinska.com\/de\/malinska-fur-alle\/familie-und-kinder\/#primaryimage"},"thumbnailUrl":"https:\/\/www.visitmalinska.com\/wp-content\/uploads\/2019\/07\/002-obitelj-i-djeca-2.jpg","datePublished":"2019-03-19T13:35:00+00:00","dateModified":"2019-12-02T15:21:56+00:00","description":"{:hr}Malinska je jedna od destinacija koje obitelji s djecom najvi\u0161e vole.{:}{:en}Malinska is one of the most popular destinations for families and children.{:}","breadcrumb":{"@id":"https:\/\/www.visitmalinska.com\/de\/malinska-fur-alle\/familie-und-kinder\/#breadcrumb"},"inLanguage":"de-DE","potentialAction":[{"@type":"ReadAction","target":["https:\/\/www.visitmalinska.com\/de\/malinska-fur-alle\/familie-und-kinder\/"]}]},{"@type":"ImageObject","inLanguage":"de-DE","@id":"https:\/\/www.visitmalinska.com\/de\/malinska-fur-alle\/familie-und-kinder\/#primaryimage","url":"https:\/\/www.visitmalinska.com\/wp-content\/uploads\/2019\/07\/002-obitelj-i-djeca-2.jpg","contentUrl":"https:\/\/www.visitmalinska.com\/wp-content\/uploads\/2019\/07\/002-obitelj-i-djeca-2.jpg","width":1000,"height":1000},{"@type":"BreadcrumbList","@id":"https:\/\/www.visitmalinska.com\/de\/malinska-fur-alle\/familie-und-kinder\/#breadcrumb","itemListElement":[{"@type":"ListItem","position":1,"name":"Po\u010detna stranica","item":"https:\/\/www.visitmalinska.com\/"},{"@type":"ListItem","position":2,"name":"Malinska za sve","item":"https:\/\/www.visitmalinska.com\/malinska-za-sve\/"},{"@type":"ListItem","position":3,"name":"Familie und Kinder"}]},{"@type":"WebSite","@id":"https:\/\/www.visitmalinska.com\/#website","url":"https:\/\/www.visitmalinska.com\/","name":"TZO Malinska-Duba\u0161nica","description":"","publisher":{"@id":"https:\/\/www.visitmalinska.com\/#organization"},"potentialAction":[{"@type":"SearchAction","target":{"@type":"EntryPoint","urlTemplate":"https:\/\/www.visitmalinska.com\/?s={search_term_string}"},"query-input":{"@type":"PropertyValueSpecification","valueRequired":true,"valueName":"search_term_string"}}],"inLanguage":"de-DE"},{"@type":"Organization","@id":"https:\/\/www.visitmalinska.com\/#organization","name":"TZO Malinska - Duba\u0161nica","url":"https:\/\/www.visitmalinska.com\/","logo":{"@type":"ImageObject","inLanguage":"de-DE","@id":"https:\/\/www.visitmalinska.com\/#\/schema\/logo\/image\/","url":"https:\/\/www.visitmalinska.com\/wp-content\/uploads\/2019\/03\/malinska-logo-240.png","contentUrl":"https:\/\/www.visitmalinska.com\/wp-content\/uploads\/2019\/03\/malinska-logo-240.png","width":1188,"height":241,"caption":"TZO Malinska - Duba\u0161nica"},"image":{"@id":"https:\/\/www.visitmalinska.com\/#\/schema\/logo\/image\/"},"sameAs":["https:\/\/www.facebook.com\/Malinska.Island.Krk\/","https:\/\/www.instagram.com\/visitmalinska\/"]}]}},"_links":{"self":[{"href":"https:\/\/www.visitmalinska.com\/de\/wp-json\/wp\/v2\/pages\/30118","targetHints":{"allow":["GET"]}}],"collection":[{"href":"https:\/\/www.visitmalinska.com\/de\/wp-json\/wp\/v2\/pages"}],"about":[{"href":"https:\/\/www.visitmalinska.com\/de\/wp-json\/wp\/v2\/types\/page"}],"author":[{"embeddable":true,"href":"https:\/\/www.visitmalinska.com\/de\/wp-json\/wp\/v2\/users\/1"}],"replies":[{"embeddable":true,"href":"https:\/\/www.visitmalinska.com\/de\/wp-json\/wp\/v2\/comments?post=30118"}],"version-history":[{"count":12,"href":"https:\/\/www.visitmalinska.com\/de\/wp-json\/wp\/v2\/pages\/30118\/revisions"}],"predecessor-version":[{"id":33170,"href":"https:\/\/www.visitmalinska.com\/de\/wp-json\/wp\/v2\/pages\/30118\/revisions\/33170"}],"up":[{"embeddable":true,"href":"https:\/\/www.visitmalinska.com\/de\/wp-json\/wp\/v2\/pages\/30090"}],"wp:featuredmedia":[{"embeddable":true,"href":"https:\/\/www.visitmalinska.com\/de\/wp-json\/wp\/v2\/media\/31615"}],"wp:attachment":[{"href":"https:\/\/www.visitmalinska.com\/de\/wp-json\/wp\/v2\/media?parent=30118"}],"curies":[{"name":"wp","href":"https:\/\/api.w.org\/{rel}","templated":true}]}}