{"id":30100,"date":"2019-03-19T13:16:07","date_gmt":"2019-03-19T13:16:07","guid":{"rendered":"http:\/\/www.visitmalinska.com\/?page_id=30100"},"modified":"2019-12-11T16:48:10","modified_gmt":"2019-12-11T14:48:10","slug":"tradicija-i-obicaji","status":"publish","type":"page","link":"https:\/\/www.visitmalinska.com\/de\/uber-malinska\/tradition-und-gebrauche\/","title":{"rendered":"Tradition und Gebr\u00e4uche"},"content":{"rendered":"<p>[vc_row][vc_column][vc_column_text]In jeder Familie auf Krk, in der Architektur, der Musik und dem Essen stecken die mediterrane Kultur und die hiesige Inselkultur &#8211; sie steckt im Anbau der Nahrung, der Verarbeitung, Zubereitung und dem Genuss derselben. Da die hiesigen Bewohner einst Fischfang, Olivenanbau, Weinanbau, den Anbau von Feigen und Schafzucht betrieben haben, wurde diese Tradition gepflegt und wird noch heute mit Stolz erhalten.[\/vc_column_text][\/vc_column][\/vc_row][vc_row css=&#8221;.vc_custom_1566902748616{padding-top: 50px !important;}&#8221;][vc_column width=&#8221;1\/2&#8243;][vc_column_text]<\/p>\n<h4>Folklore in Duba\u0161nica<\/h4>\n<p><img loading=\"lazy\" decoding=\"async\" class=\"responsive aligncenter wp-image-31682 size-full\" src=\"http:\/\/www.visitmalinska.com\/wp-content\/uploads\/2019\/07\/dubasljanski-folklor-2.jpg\" alt=\"\" width=\"1280\" height=\"720\" srcset=\"https:\/\/www.visitmalinska.com\/wp-content\/uploads\/2019\/07\/dubasljanski-folklor-2.jpg 1280w, https:\/\/www.visitmalinska.com\/wp-content\/uploads\/2019\/07\/dubasljanski-folklor-2-300x169.jpg 300w, https:\/\/www.visitmalinska.com\/wp-content\/uploads\/2019\/07\/dubasljanski-folklor-2-768x432.jpg 768w, https:\/\/www.visitmalinska.com\/wp-content\/uploads\/2019\/07\/dubasljanski-folklor-2-1024x576.jpg 1024w\" sizes=\"auto, (max-width: 1280px) 100vw, 1280px\" \/><\/p>\n<p>Die Tracht in Duba\u0161nica ist sehr auff\u00e4llig. Dieser mediterrane Typ einer Volkstracht zeichnet sich durch die M\u00e4nnertracht mit schwarz-wei\u00dfer Hose (brage\u0161e) mit h\u00e4ngendem, gerafftem Hosenboden und Hosenbeinen bis zur halben Wade aus.[\/vc_column_text]<div class=\"gem-button-container gem-button-position-inline\"><a title=\"Duba\u0161nica folklore\" class=\"gem-button gem-button-size-small gem-button-style-flat gem-button-text-weight-normal\" style=\"border-radius: 3px;\" onmouseleave=\"\" onmouseenter=\"\" href=\"https:\/\/www.visitmalinska.com\/de\/uber-malinska\/tradition-und-gebrauche\/folklore-in-dubasnica\/\" target=\"_self\">Finde mehr heraus<\/a><\/div> [\/vc_column][vc_column width=&#8221;1\/2&#8243;][vc_column_text]<\/p>\n<h4>Sensa \u2013 Tage des K\u00e4ses<\/h4>\n<p><img loading=\"lazy\" decoding=\"async\" class=\"responsive aligncenter wp-image-31530 size-full\" src=\"http:\/\/www.visitmalinska.com\/wp-content\/uploads\/2019\/07\/sensa-dani-sira-000.jpg\" alt=\"\" width=\"1280\" height=\"720\" srcset=\"https:\/\/www.visitmalinska.com\/wp-content\/uploads\/2019\/07\/sensa-dani-sira-000.jpg 1280w, https:\/\/www.visitmalinska.com\/wp-content\/uploads\/2019\/07\/sensa-dani-sira-000-300x169.jpg 300w, https:\/\/www.visitmalinska.com\/wp-content\/uploads\/2019\/07\/sensa-dani-sira-000-768x432.jpg 768w, https:\/\/www.visitmalinska.com\/wp-content\/uploads\/2019\/07\/sensa-dani-sira-000-1024x576.jpg 1024w\" sizes=\"auto, (max-width: 1280px) 100vw, 1280px\" \/><\/p>\n<p>Sensa ist ein alter Volksbrauch, der schon seit Jahrhunderten in Duba\u0161nica gepflegt wird. Hierbei handelt es sich um einen Laufwettbewerb der Hirten von Duba\u0161nica oder wie der Volksmund sagt: \u201elauf f\u00fcr deinen K\u00e4se\u201c, und er stammt aus dem Brauch der Viehzucht der meisten Bewohner von Duba\u0161nica. Sensa (aus dem lat. Ascensio, Hinaufsteigen) ist der volkst\u00fcmliche Begriff f\u00fcr Christi Himmelfahrt (lat. Ascensio Domini).[\/vc_column_text]<div class=\"gem-button-container gem-button-position-inline\"><a title=\"Sensa - days of cheese\" class=\"gem-button gem-button-size-small gem-button-style-flat gem-button-text-weight-normal\" style=\"border-radius: 3px;\" onmouseleave=\"\" onmouseenter=\"\" href=\"https:\/\/www.visitmalinska.com\/de\/uber-malinska\/tradition-und-gebrauche\/sensa-tage-des-kases\/\" target=\"_self\">Finde mehr heraus<\/a><\/div> [\/vc_column][\/vc_row]<\/p>\n","protected":false},"excerpt":{"rendered":"<p>In jeder Familie auf Krk, in der Architektur, der Musik und dem Essen stecken die mediterrane Kultur und die hiesige Inselkultur.<\/p>\n","protected":false},"author":1,"featured_media":30481,"parent":30084,"menu_order":0,"comment_status":"closed","ping_status":"closed","template":"","meta":{"footnotes":""},"class_list":["post-30100","page","type-page","status-publish","has-post-thumbnail"],"acf":[],"yoast_head":"<!-- This site is optimized with the Yoast SEO plugin v23.5 - https:\/\/yoast.com\/wordpress\/plugins\/seo\/ -->\n<title>Tradition und Gebr\u00e4uche - TZO Malinska-Duba\u0161nica<\/title>\n<meta name=\"robots\" content=\"index, follow, max-snippet:-1, max-image-preview:large, max-video-preview:-1\" \/>\n<link rel=\"canonical\" href=\"https:\/\/www.visitmalinska.com\/si\/o-malinski\/tradicija-in-obicaji\/\" \/>\n<meta property=\"og:locale\" content=\"de_DE\" \/>\n<meta property=\"og:type\" content=\"article\" \/>\n<meta property=\"og:title\" content=\"{:hr}Tradicija i obi\u010daji{:}{:en}Tradition and customs{:}{:de}Tradition und Gebr\u00e4uche{:}{:it}Tradizione e usanze{:}{:si}Tradicija in obi\u010daji{:} - TZO Malinska-Duba\u0161nica\" \/>\n<meta property=\"og:description\" content=\"In jeder Familie auf Krk, in der Architektur, der Musik und dem Essen stecken die mediterrane Kultur und die hiesige Inselkultur.\" \/>\n<meta property=\"og:url\" content=\"https:\/\/www.visitmalinska.com\/si\/o-malinski\/tradicija-in-obicaji\/\" \/>\n<meta property=\"og:site_name\" content=\"TZO Malinska-Duba\u0161nica\" \/>\n<meta property=\"article:publisher\" content=\"https:\/\/www.facebook.com\/Malinska.Island.Krk\/\" \/>\n<meta property=\"article:modified_time\" content=\"2019-12-11T14:48:10+00:00\" \/>\n<meta property=\"og:image\" content=\"https:\/\/www.visitmalinska.com\/wp-content\/uploads\/2019\/03\/006-dogadanja-clean.jpg\" \/>\n\t<meta property=\"og:image:width\" content=\"1000\" \/>\n\t<meta property=\"og:image:height\" content=\"1000\" \/>\n\t<meta property=\"og:image:type\" content=\"image\/jpeg\" \/>\n<meta name=\"twitter:card\" content=\"summary_large_image\" \/>\n<meta name=\"twitter:label1\" content=\"Est. reading time\" \/>\n\t<meta name=\"twitter:data1\" content=\"7 minutes\" \/>\n<script type=\"application\/ld+json\" class=\"yoast-schema-graph\">{\"@context\":\"https:\/\/schema.org\",\"@graph\":[{\"@type\":\"WebPage\",\"@id\":\"https:\/\/www.visitmalinska.com\/si\/o-malinski\/tradicija-in-obicaji\/\",\"url\":\"https:\/\/www.visitmalinska.com\/si\/o-malinski\/tradicija-in-obicaji\/\",\"name\":\"{:hr}Tradicija i obi\u010daji{:}{:en}Tradition and customs{:}{:de}Tradition und Gebr\u00e4uche{:}{:it}Tradizione e usanze{:}{:si}Tradicija in obi\u010daji{:} - TZO Malinska-Duba\u0161nica\",\"isPartOf\":{\"@id\":\"https:\/\/www.visitmalinska.com\/#website\"},\"primaryImageOfPage\":{\"@id\":\"https:\/\/www.visitmalinska.com\/si\/o-malinski\/tradicija-in-obicaji\/#primaryimage\"},\"image\":{\"@id\":\"https:\/\/www.visitmalinska.com\/si\/o-malinski\/tradicija-in-obicaji\/#primaryimage\"},\"thumbnailUrl\":\"https:\/\/www.visitmalinska.com\/wp-content\/uploads\/2019\/03\/006-dogadanja-clean.jpg\",\"datePublished\":\"2019-03-19T13:16:07+00:00\",\"dateModified\":\"2019-12-11T14:48:10+00:00\",\"breadcrumb\":{\"@id\":\"https:\/\/www.visitmalinska.com\/si\/o-malinski\/tradicija-in-obicaji\/#breadcrumb\"},\"inLanguage\":\"de-DE\",\"potentialAction\":[{\"@type\":\"ReadAction\",\"target\":[\"https:\/\/www.visitmalinska.com\/si\/o-malinski\/tradicija-in-obicaji\/\"]}]},{\"@type\":\"ImageObject\",\"inLanguage\":\"de-DE\",\"@id\":\"https:\/\/www.visitmalinska.com\/si\/o-malinski\/tradicija-in-obicaji\/#primaryimage\",\"url\":\"https:\/\/www.visitmalinska.com\/wp-content\/uploads\/2019\/03\/006-dogadanja-clean.jpg\",\"contentUrl\":\"https:\/\/www.visitmalinska.com\/wp-content\/uploads\/2019\/03\/006-dogadanja-clean.jpg\",\"width\":1000,\"height\":1000},{\"@type\":\"BreadcrumbList\",\"@id\":\"https:\/\/www.visitmalinska.com\/si\/o-malinski\/tradicija-in-obicaji\/#breadcrumb\",\"itemListElement\":[{\"@type\":\"ListItem\",\"position\":1,\"name\":\"Po\u010detna stranica\",\"item\":\"https:\/\/www.visitmalinska.com\/\"},{\"@type\":\"ListItem\",\"position\":2,\"name\":\"O Malinski\",\"item\":\"https:\/\/www.visitmalinska.com\/si\/o-malinski\/\"},{\"@type\":\"ListItem\",\"position\":3,\"name\":\"Tradicija in obi\u010daji\"}]},{\"@type\":\"WebSite\",\"@id\":\"https:\/\/www.visitmalinska.com\/#website\",\"url\":\"https:\/\/www.visitmalinska.com\/\",\"name\":\"TZO Malinska-Duba\u0161nica\",\"description\":\"\",\"publisher\":{\"@id\":\"https:\/\/www.visitmalinska.com\/#organization\"},\"potentialAction\":[{\"@type\":\"SearchAction\",\"target\":{\"@type\":\"EntryPoint\",\"urlTemplate\":\"https:\/\/www.visitmalinska.com\/?s={search_term_string}\"},\"query-input\":{\"@type\":\"PropertyValueSpecification\",\"valueRequired\":true,\"valueName\":\"search_term_string\"}}],\"inLanguage\":\"de-DE\"},{\"@type\":\"Organization\",\"@id\":\"https:\/\/www.visitmalinska.com\/#organization\",\"name\":\"TZO Malinska - Duba\u0161nica\",\"url\":\"https:\/\/www.visitmalinska.com\/\",\"logo\":{\"@type\":\"ImageObject\",\"inLanguage\":\"de-DE\",\"@id\":\"https:\/\/www.visitmalinska.com\/#\/schema\/logo\/image\/\",\"url\":\"https:\/\/www.visitmalinska.com\/wp-content\/uploads\/2019\/03\/malinska-logo-240.png\",\"contentUrl\":\"https:\/\/www.visitmalinska.com\/wp-content\/uploads\/2019\/03\/malinska-logo-240.png\",\"width\":1188,\"height\":241,\"caption\":\"TZO Malinska - Duba\u0161nica\"},\"image\":{\"@id\":\"https:\/\/www.visitmalinska.com\/#\/schema\/logo\/image\/\"},\"sameAs\":[\"https:\/\/www.facebook.com\/Malinska.Island.Krk\/\",\"https:\/\/www.instagram.com\/visitmalinska\/\"]}]}<\/script>\n<!-- \/ Yoast SEO plugin. -->","yoast_head_json":{"title":"Tradition und Gebr\u00e4uche - TZO Malinska-Duba\u0161nica","robots":{"index":"index","follow":"follow","max-snippet":"max-snippet:-1","max-image-preview":"max-image-preview:large","max-video-preview":"max-video-preview:-1"},"canonical":"https:\/\/www.visitmalinska.com\/si\/o-malinski\/tradicija-in-obicaji\/","og_locale":"de_DE","og_type":"article","og_title":"{:hr}Tradicija i obi\u010daji{:}{:en}Tradition and customs{:}{:de}Tradition und Gebr\u00e4uche{:}{:it}Tradizione e usanze{:}{:si}Tradicija in obi\u010daji{:} - TZO Malinska-Duba\u0161nica","og_description":"In jeder Familie auf Krk, in der Architektur, der Musik und dem Essen stecken die mediterrane Kultur und die hiesige Inselkultur.","og_url":"https:\/\/www.visitmalinska.com\/si\/o-malinski\/tradicija-in-obicaji\/","og_site_name":"TZO Malinska-Duba\u0161nica","article_publisher":"https:\/\/www.facebook.com\/Malinska.Island.Krk\/","article_modified_time":"2019-12-11T14:48:10+00:00","og_image":[{"width":1000,"height":1000,"url":"https:\/\/www.visitmalinska.com\/wp-content\/uploads\/2019\/03\/006-dogadanja-clean.jpg","type":"image\/jpeg"}],"twitter_card":"summary_large_image","twitter_misc":{"Est. reading time":"7 minutes"},"schema":{"@context":"https:\/\/schema.org","@graph":[{"@type":"WebPage","@id":"https:\/\/www.visitmalinska.com\/si\/o-malinski\/tradicija-in-obicaji\/","url":"https:\/\/www.visitmalinska.com\/si\/o-malinski\/tradicija-in-obicaji\/","name":"{:hr}Tradicija i obi\u010daji{:}{:en}Tradition and customs{:}{:de}Tradition und Gebr\u00e4uche{:}{:it}Tradizione e usanze{:}{:si}Tradicija in obi\u010daji{:} - TZO Malinska-Duba\u0161nica","isPartOf":{"@id":"https:\/\/www.visitmalinska.com\/#website"},"primaryImageOfPage":{"@id":"https:\/\/www.visitmalinska.com\/si\/o-malinski\/tradicija-in-obicaji\/#primaryimage"},"image":{"@id":"https:\/\/www.visitmalinska.com\/si\/o-malinski\/tradicija-in-obicaji\/#primaryimage"},"thumbnailUrl":"https:\/\/www.visitmalinska.com\/wp-content\/uploads\/2019\/03\/006-dogadanja-clean.jpg","datePublished":"2019-03-19T13:16:07+00:00","dateModified":"2019-12-11T14:48:10+00:00","breadcrumb":{"@id":"https:\/\/www.visitmalinska.com\/si\/o-malinski\/tradicija-in-obicaji\/#breadcrumb"},"inLanguage":"de-DE","potentialAction":[{"@type":"ReadAction","target":["https:\/\/www.visitmalinska.com\/si\/o-malinski\/tradicija-in-obicaji\/"]}]},{"@type":"ImageObject","inLanguage":"de-DE","@id":"https:\/\/www.visitmalinska.com\/si\/o-malinski\/tradicija-in-obicaji\/#primaryimage","url":"https:\/\/www.visitmalinska.com\/wp-content\/uploads\/2019\/03\/006-dogadanja-clean.jpg","contentUrl":"https:\/\/www.visitmalinska.com\/wp-content\/uploads\/2019\/03\/006-dogadanja-clean.jpg","width":1000,"height":1000},{"@type":"BreadcrumbList","@id":"https:\/\/www.visitmalinska.com\/si\/o-malinski\/tradicija-in-obicaji\/#breadcrumb","itemListElement":[{"@type":"ListItem","position":1,"name":"Po\u010detna stranica","item":"https:\/\/www.visitmalinska.com\/"},{"@type":"ListItem","position":2,"name":"O Malinski","item":"https:\/\/www.visitmalinska.com\/si\/o-malinski\/"},{"@type":"ListItem","position":3,"name":"Tradicija in obi\u010daji"}]},{"@type":"WebSite","@id":"https:\/\/www.visitmalinska.com\/#website","url":"https:\/\/www.visitmalinska.com\/","name":"TZO Malinska-Duba\u0161nica","description":"","publisher":{"@id":"https:\/\/www.visitmalinska.com\/#organization"},"potentialAction":[{"@type":"SearchAction","target":{"@type":"EntryPoint","urlTemplate":"https:\/\/www.visitmalinska.com\/?s={search_term_string}"},"query-input":{"@type":"PropertyValueSpecification","valueRequired":true,"valueName":"search_term_string"}}],"inLanguage":"de-DE"},{"@type":"Organization","@id":"https:\/\/www.visitmalinska.com\/#organization","name":"TZO Malinska - Duba\u0161nica","url":"https:\/\/www.visitmalinska.com\/","logo":{"@type":"ImageObject","inLanguage":"de-DE","@id":"https:\/\/www.visitmalinska.com\/#\/schema\/logo\/image\/","url":"https:\/\/www.visitmalinska.com\/wp-content\/uploads\/2019\/03\/malinska-logo-240.png","contentUrl":"https:\/\/www.visitmalinska.com\/wp-content\/uploads\/2019\/03\/malinska-logo-240.png","width":1188,"height":241,"caption":"TZO Malinska - Duba\u0161nica"},"image":{"@id":"https:\/\/www.visitmalinska.com\/#\/schema\/logo\/image\/"},"sameAs":["https:\/\/www.facebook.com\/Malinska.Island.Krk\/","https:\/\/www.instagram.com\/visitmalinska\/"]}]}},"_links":{"self":[{"href":"https:\/\/www.visitmalinska.com\/de\/wp-json\/wp\/v2\/pages\/30100","targetHints":{"allow":["GET"]}}],"collection":[{"href":"https:\/\/www.visitmalinska.com\/de\/wp-json\/wp\/v2\/pages"}],"about":[{"href":"https:\/\/www.visitmalinska.com\/de\/wp-json\/wp\/v2\/types\/page"}],"author":[{"embeddable":true,"href":"https:\/\/www.visitmalinska.com\/de\/wp-json\/wp\/v2\/users\/1"}],"replies":[{"embeddable":true,"href":"https:\/\/www.visitmalinska.com\/de\/wp-json\/wp\/v2\/comments?post=30100"}],"version-history":[{"count":21,"href":"https:\/\/www.visitmalinska.com\/de\/wp-json\/wp\/v2\/pages\/30100\/revisions"}],"predecessor-version":[{"id":33356,"href":"https:\/\/www.visitmalinska.com\/de\/wp-json\/wp\/v2\/pages\/30100\/revisions\/33356"}],"up":[{"embeddable":true,"href":"https:\/\/www.visitmalinska.com\/de\/wp-json\/wp\/v2\/pages\/30084"}],"wp:featuredmedia":[{"embeddable":true,"href":"https:\/\/www.visitmalinska.com\/de\/wp-json\/wp\/v2\/media\/30481"}],"wp:attachment":[{"href":"https:\/\/www.visitmalinska.com\/de\/wp-json\/wp\/v2\/media?parent=30100"}],"curies":[{"name":"wp","href":"https:\/\/api.w.org\/{rel}","templated":true}]}}