{"id":30098,"date":"2019-03-19T13:15:37","date_gmt":"2019-03-19T11:15:37","guid":{"rendered":"http:\/\/www.visitmalinska.com\/?page_id=30098"},"modified":"2026-04-02T13:56:13","modified_gmt":"2026-04-02T11:56:13","slug":"kultura-i-umjetnost","status":"publish","type":"page","link":"https:\/\/www.visitmalinska.com\/de\/uber-malinska\/kultur-und-kunst\/","title":{"rendered":"Kultur und Kunst"},"content":{"rendered":"<p>[vc_row][vc_column][vc_column_text]<\/p>\n<h2 data-section-id=\"1xupnxo\" data-start=\"94\" data-end=\"113\">Kultur und Kunst<\/h2>\n<p data-start=\"115\" data-end=\"514\">Das Gebiet von Malinska und Duba\u0161nica ist von einem reichen kulturellen und historischen Erbe gepr\u00e4gt, das sich von der Urgeschichte und der Antike bis zur Entwicklung des modernen Tourismus erstreckt. Spuren der Vergangenheit finden sich in arch\u00e4ologischen Fundst\u00e4tten, sakralen Bauwerken, Museumssammlungen und Interpretationszentren, die die Identit\u00e4t und Traditionen dieser Region widerspiegeln.<\/p>\n<p data-start=\"516\" data-end=\"678\">Entdecken Sie die kulturelle Geschichte von Malinska durch ihre wichtigsten historischen Themen, Sehensw\u00fcrdigkeiten und Orte, die das Erbe von Duba\u0161nica bewahren.<\/p>\n<h2 data-section-id=\"1plgucs\" data-start=\"680\" data-end=\"693\">Geschichte<\/h2>\n<p data-start=\"695\" data-end=\"1067\">Das Gebiet von Duba\u0161nica ist seit der Urgeschichte besiedelt. Seine Entwicklung wurde von den Liburnern, den mittelalterlichen F\u00fcrsten Frankopan sowie vom sp\u00e4teren wirtschaftlichen Aufschwung gepr\u00e4gt, der mit der Seefahrt und dem Holzhandel verbunden war. Entdecken Sie die wichtigsten historischen Ereignisse, die das heutige Malinska gepr\u00e4gt haben.<br data-start=\"1045\" data-end=\"1048\" \/><a href=\"https:\/\/www.visitmalinska.com\/de\/uber-malinska\/kultur-und-kunst\/geschichte\/\"><strong data-start=\"1050\" data-end=\"1067\">Mehr erfahren<\/strong><\/a><\/p>\n<h2 data-section-id=\"mnboru\" data-start=\"1069\" data-end=\"1109\">Die Anf\u00e4nge des Tourismus in Malinska<\/h2>\n<p data-start=\"1111\" data-end=\"1430\">Die Entwicklung von Malinska als Tourismusdestination begann mit der Einf\u00fchrung von Dampfschifflinien und dem Ausbau des Hafens. Im Laufe der Zeit entwickelte sich der Ort zu einem der bekanntesten Urlaubsziele auf der Insel Krk. Entdecken Sie, wie die touristische Geschichte von Malinska begann.<br data-start=\"1408\" data-end=\"1411\" \/><a href=\"https:\/\/www.visitmalinska.com\/de\/uber-malinska\/kultur-und-kunst\/die-anfange-des-tourismus-in-malinska\/\"><strong data-start=\"1413\" data-end=\"1430\">Mehr erfahren<\/strong><\/a><\/p>\n<h2 data-section-id=\"1mt6212\" data-start=\"1432\" data-end=\"1471\">Kulturhistorische Sehensw\u00fcrdigkeiten<\/h2>\n<p data-start=\"1473\" data-end=\"1744\">Zahlreiche Kapellen, Kirchen, Skulpturen und traditionelle Standorte zeugen vom reichen kulturellen Erbe dieser Region. Entdecken Sie die wichtigsten Sehensw\u00fcrdigkeiten, die einen bedeutenden Teil der Identit\u00e4t von Malinska und Duba\u0161nica darstellen.<br data-start=\"1722\" data-end=\"1725\" \/><a href=\"https:\/\/www.visitmalinska.com\/de\/kulturerbe\/\"><strong data-start=\"1727\" data-end=\"1744\">Mehr erfahren<\/strong><\/a><\/p>\n<h2 data-section-id=\"1cyiuvp\" data-start=\"1746\" data-end=\"1782\">Arch\u00e4ologische Fundst\u00e4tte Cickini<\/h2>\n<p data-start=\"1784\" data-end=\"2094\">Diese fr\u00fchchristliche arch\u00e4ologische Anlage aus dem 5. und 6. Jahrhundert z\u00e4hlt zu den bedeutendsten historischen Fundst\u00e4tten der Region. Die Anlage umfasst die \u00dcberreste einer Kirche, eines Baptisteriums sowie eines Wohnkomplexes und bietet einen Einblick in das Leben in der Sp\u00e4tantike.<br data-start=\"2072\" data-end=\"2075\" \/><a href=\"https:\/\/www.visitmalinska.com\/de\/uber-malinska\/kultur-und-kunst\/die-archaologische-statte-cickini\/\"><strong data-start=\"2077\" data-end=\"2094\">Mehr erfahren<\/strong><\/a><\/p>\n<h2 data-section-id=\"ps048o\" data-start=\"2096\" data-end=\"2148\">Interpretationszentrum des maritimen Erbes DUBoak<\/h2>\n<p data-start=\"2150\" data-end=\"2454\">Dieses moderne Interpretationszentrum pr\u00e4sentiert auf interaktive Weise das reiche maritime und forstwirtschaftliche Erbe von Duba\u0161nica und zeigt die enge Verbindung der lokalen Bev\u00f6lkerung mit dem Meer und den Eichenw\u00e4ldern, die die Entwicklung der Region ma\u00dfgeblich gepr\u00e4gt haben.<br data-start=\"2432\" data-end=\"2435\" \/><a href=\"https:\/\/www.visitmalinska.com\/de\/uber-malinska\/kultur-und-kunst\/interpretacijski-centar-maritimne-bastine-duboak\/\"><strong data-start=\"2437\" data-end=\"2454\">Mehr erfahren<\/strong><\/a><\/p>\n<h2 data-section-id=\"1afhikg\" data-start=\"2456\" data-end=\"2478\">Museen und Galerien<\/h2>\n<p data-start=\"2480\" data-end=\"2747\">In den Museen und Galerien von Malinska k\u00f6nnen Besucher das k\u00fcnstlerische und historische Erbe des Ortes entdecken, darunter arch\u00e4ologische Funde, sakrale Kunst und ethnografische Sammlungen, die das Leben vergangener Generationen dokumentieren.<br data-start=\"2725\" data-end=\"2728\" \/><a href=\"https:\/\/www.visitmalinska.com\/de\/uber-malinska\/kultur-und-kunst\/museen-und-galerien\/\"><strong data-start=\"2730\" data-end=\"2747\">Mehr erfahren<\/strong><\/a><\/p>\n<h2 data-section-id=\"ssyi3b\" data-start=\"2749\" data-end=\"2778\">Historische Besonderheiten<\/h2>\n<p data-start=\"2780\" data-end=\"3041\">Entdecken Sie weniger bekannte, aber faszinierende historische Geschichten, Pers\u00f6nlichkeiten und Ereignisse, die die Entwicklung von Malinska und den umliegenden Ortschaften gepr\u00e4gt und das kulturelle Bild der Destination bereichert haben.<br data-start=\"3019\" data-end=\"3022\" \/><a href=\"https:\/\/www.visitmalinska.com\/de\/uber-malinska\/kultur-und-kunst\/interessantes-aus-der-geschichte\/\"><strong data-start=\"3024\" data-end=\"3041\">Mehr erfahren<\/strong><\/a><\/p>\n<p>[\/vc_column_text][\/vc_column][\/vc_row]<\/p>\n","protected":false},"excerpt":{"rendered":"<p>Entdecken Sie alles, was wir aus dem Schatz unseres reichen kulturellen und k\u00fcnstlerischen Erbes zu bieten haben.<\/p>\n","protected":false},"author":1,"featured_media":30475,"parent":30084,"menu_order":0,"comment_status":"closed","ping_status":"closed","template":"","meta":{"footnotes":""},"class_list":["post-30098","page","type-page","status-publish","has-post-thumbnail"],"acf":[],"yoast_head":"<!-- This site is optimized with the Yoast SEO plugin v23.5 - https:\/\/yoast.com\/wordpress\/plugins\/seo\/ -->\n<title>Kultur und Kunst - TZO Malinska-Duba\u0161nica<\/title>\n<meta name=\"description\" content=\"Odkrijte kulturo in umetnost v Malinski na otoku Krk \u2013 zgodovina, muzeji, arheolo\u0161ko najdi\u0161\u010de Cickini in kulturne znamenitosti.\" \/>\n<meta name=\"robots\" content=\"noindex, nofollow\" \/>\n<meta property=\"og:locale\" content=\"de_DE\" \/>\n<meta property=\"og:type\" content=\"article\" \/>\n<meta property=\"og:title\" content=\"{:hr}Kultura i umjetnost{:}{:en}Culture and art{:}{:de}Kultur und Kunst{:}{:it}Cultura e arte{:}{:si}Kultura in umetnost{:} - TZO Malinska-Duba\u0161nica\" \/>\n<meta property=\"og:description\" content=\"Odkrijte kulturo in umetnost v Malinski na otoku Krk \u2013 zgodovina, muzeji, arheolo\u0161ko najdi\u0161\u010de Cickini in kulturne znamenitosti.\" \/>\n<meta property=\"og:url\" content=\"https:\/\/www.visitmalinska.com\/o-malinskoj\/kultura-i-umjetnost\/\" \/>\n<meta property=\"og:site_name\" content=\"TZO Malinska-Duba\u0161nica\" \/>\n<meta property=\"article:publisher\" content=\"https:\/\/www.facebook.com\/Malinska.Island.Krk\/\" \/>\n<meta property=\"article:modified_time\" content=\"2026-04-02T11:56:13+00:00\" \/>\n<meta property=\"og:image\" content=\"https:\/\/www.visitmalinska.com\/wp-content\/uploads\/2019\/09\/tzo-malinska-dubasnica-facebook.jpg\" \/>\n\t<meta property=\"og:image:width\" content=\"1200\" \/>\n\t<meta property=\"og:image:height\" content=\"630\" \/>\n\t<meta property=\"og:image:type\" content=\"image\/jpeg\" \/>\n<meta name=\"twitter:card\" content=\"summary_large_image\" \/>\n<meta name=\"twitter:label1\" content=\"Est. reading time\" \/>\n\t<meta name=\"twitter:data1\" content=\"3 minutes\" \/>\n<script type=\"application\/ld+json\" class=\"yoast-schema-graph\">{\"@context\":\"https:\/\/schema.org\",\"@graph\":[{\"@type\":\"WebPage\",\"@id\":\"https:\/\/www.visitmalinska.com\/o-malinskoj\/kultura-i-umjetnost\/\",\"url\":\"https:\/\/www.visitmalinska.com\/o-malinskoj\/kultura-i-umjetnost\/\",\"name\":\"{:hr}Kultura i umjetnost{:}{:en}Culture and art{:}{:de}Kultur und Kunst{:}{:it}Cultura e arte{:}{:si}Kultura in umetnost{:} - TZO Malinska-Duba\u0161nica\",\"isPartOf\":{\"@id\":\"https:\/\/www.visitmalinska.com\/#website\"},\"primaryImageOfPage\":{\"@id\":\"https:\/\/www.visitmalinska.com\/o-malinskoj\/kultura-i-umjetnost\/#primaryimage\"},\"image\":{\"@id\":\"https:\/\/www.visitmalinska.com\/o-malinskoj\/kultura-i-umjetnost\/#primaryimage\"},\"thumbnailUrl\":\"https:\/\/www.visitmalinska.com\/wp-content\/uploads\/2019\/03\/003-kultura-i-umjetnost-clean.jpg\",\"datePublished\":\"2019-03-19T11:15:37+00:00\",\"dateModified\":\"2026-04-02T11:56:13+00:00\",\"description\":\"Odkrijte kulturo in umetnost v Malinski na otoku Krk \u2013 zgodovina, muzeji, arheolo\u0161ko najdi\u0161\u010de Cickini in kulturne znamenitosti.\",\"breadcrumb\":{\"@id\":\"https:\/\/www.visitmalinska.com\/o-malinskoj\/kultura-i-umjetnost\/#breadcrumb\"},\"inLanguage\":\"de-DE\",\"potentialAction\":[{\"@type\":\"ReadAction\",\"target\":[\"https:\/\/www.visitmalinska.com\/o-malinskoj\/kultura-i-umjetnost\/\"]}]},{\"@type\":\"ImageObject\",\"inLanguage\":\"de-DE\",\"@id\":\"https:\/\/www.visitmalinska.com\/o-malinskoj\/kultura-i-umjetnost\/#primaryimage\",\"url\":\"https:\/\/www.visitmalinska.com\/wp-content\/uploads\/2019\/03\/003-kultura-i-umjetnost-clean.jpg\",\"contentUrl\":\"https:\/\/www.visitmalinska.com\/wp-content\/uploads\/2019\/03\/003-kultura-i-umjetnost-clean.jpg\",\"width\":1000,\"height\":1000},{\"@type\":\"BreadcrumbList\",\"@id\":\"https:\/\/www.visitmalinska.com\/o-malinskoj\/kultura-i-umjetnost\/#breadcrumb\",\"itemListElement\":[{\"@type\":\"ListItem\",\"position\":1,\"name\":\"Po\u010detna stranica\",\"item\":\"https:\/\/www.visitmalinska.com\/\"},{\"@type\":\"ListItem\",\"position\":2,\"name\":\"O Malinski\",\"item\":\"https:\/\/www.visitmalinska.com\/si\/o-malinski\/\"},{\"@type\":\"ListItem\",\"position\":3,\"name\":\"Kultura i umjetnost\"}]},{\"@type\":\"WebSite\",\"@id\":\"https:\/\/www.visitmalinska.com\/#website\",\"url\":\"https:\/\/www.visitmalinska.com\/\",\"name\":\"TZO Malinska-Duba\u0161nica\",\"description\":\"\",\"publisher\":{\"@id\":\"https:\/\/www.visitmalinska.com\/#organization\"},\"potentialAction\":[{\"@type\":\"SearchAction\",\"target\":{\"@type\":\"EntryPoint\",\"urlTemplate\":\"https:\/\/www.visitmalinska.com\/?s={search_term_string}\"},\"query-input\":{\"@type\":\"PropertyValueSpecification\",\"valueRequired\":true,\"valueName\":\"search_term_string\"}}],\"inLanguage\":\"de-DE\"},{\"@type\":\"Organization\",\"@id\":\"https:\/\/www.visitmalinska.com\/#organization\",\"name\":\"TZO Malinska - Duba\u0161nica\",\"url\":\"https:\/\/www.visitmalinska.com\/\",\"logo\":{\"@type\":\"ImageObject\",\"inLanguage\":\"de-DE\",\"@id\":\"https:\/\/www.visitmalinska.com\/#\/schema\/logo\/image\/\",\"url\":\"https:\/\/www.visitmalinska.com\/wp-content\/uploads\/2019\/03\/malinska-logo-240.png\",\"contentUrl\":\"https:\/\/www.visitmalinska.com\/wp-content\/uploads\/2019\/03\/malinska-logo-240.png\",\"width\":1188,\"height\":241,\"caption\":\"TZO Malinska - Duba\u0161nica\"},\"image\":{\"@id\":\"https:\/\/www.visitmalinska.com\/#\/schema\/logo\/image\/\"},\"sameAs\":[\"https:\/\/www.facebook.com\/Malinska.Island.Krk\/\",\"https:\/\/www.instagram.com\/visitmalinska\/\"]}]}<\/script>\n<!-- \/ Yoast SEO plugin. -->","yoast_head_json":{"title":"Kultur und Kunst - TZO Malinska-Duba\u0161nica","description":"Odkrijte kulturo in umetnost v Malinski na otoku Krk \u2013 zgodovina, muzeji, arheolo\u0161ko najdi\u0161\u010de Cickini in kulturne znamenitosti.","robots":{"index":"noindex","follow":"nofollow"},"og_locale":"de_DE","og_type":"article","og_title":"{:hr}Kultura i umjetnost{:}{:en}Culture and art{:}{:de}Kultur und Kunst{:}{:it}Cultura e arte{:}{:si}Kultura in umetnost{:} - TZO Malinska-Duba\u0161nica","og_description":"Odkrijte kulturo in umetnost v Malinski na otoku Krk \u2013 zgodovina, muzeji, arheolo\u0161ko najdi\u0161\u010de Cickini in kulturne znamenitosti.","og_url":"https:\/\/www.visitmalinska.com\/o-malinskoj\/kultura-i-umjetnost\/","og_site_name":"TZO Malinska-Duba\u0161nica","article_publisher":"https:\/\/www.facebook.com\/Malinska.Island.Krk\/","article_modified_time":"2026-04-02T11:56:13+00:00","og_image":[{"width":1200,"height":630,"url":"https:\/\/www.visitmalinska.com\/wp-content\/uploads\/2019\/09\/tzo-malinska-dubasnica-facebook.jpg","type":"image\/jpeg"}],"twitter_card":"summary_large_image","twitter_misc":{"Est. reading time":"3 minutes"},"schema":{"@context":"https:\/\/schema.org","@graph":[{"@type":"WebPage","@id":"https:\/\/www.visitmalinska.com\/o-malinskoj\/kultura-i-umjetnost\/","url":"https:\/\/www.visitmalinska.com\/o-malinskoj\/kultura-i-umjetnost\/","name":"{:hr}Kultura i umjetnost{:}{:en}Culture and art{:}{:de}Kultur und Kunst{:}{:it}Cultura e arte{:}{:si}Kultura in umetnost{:} - TZO Malinska-Duba\u0161nica","isPartOf":{"@id":"https:\/\/www.visitmalinska.com\/#website"},"primaryImageOfPage":{"@id":"https:\/\/www.visitmalinska.com\/o-malinskoj\/kultura-i-umjetnost\/#primaryimage"},"image":{"@id":"https:\/\/www.visitmalinska.com\/o-malinskoj\/kultura-i-umjetnost\/#primaryimage"},"thumbnailUrl":"https:\/\/www.visitmalinska.com\/wp-content\/uploads\/2019\/03\/003-kultura-i-umjetnost-clean.jpg","datePublished":"2019-03-19T11:15:37+00:00","dateModified":"2026-04-02T11:56:13+00:00","description":"Odkrijte kulturo in umetnost v Malinski na otoku Krk \u2013 zgodovina, muzeji, arheolo\u0161ko najdi\u0161\u010de Cickini in kulturne znamenitosti.","breadcrumb":{"@id":"https:\/\/www.visitmalinska.com\/o-malinskoj\/kultura-i-umjetnost\/#breadcrumb"},"inLanguage":"de-DE","potentialAction":[{"@type":"ReadAction","target":["https:\/\/www.visitmalinska.com\/o-malinskoj\/kultura-i-umjetnost\/"]}]},{"@type":"ImageObject","inLanguage":"de-DE","@id":"https:\/\/www.visitmalinska.com\/o-malinskoj\/kultura-i-umjetnost\/#primaryimage","url":"https:\/\/www.visitmalinska.com\/wp-content\/uploads\/2019\/03\/003-kultura-i-umjetnost-clean.jpg","contentUrl":"https:\/\/www.visitmalinska.com\/wp-content\/uploads\/2019\/03\/003-kultura-i-umjetnost-clean.jpg","width":1000,"height":1000},{"@type":"BreadcrumbList","@id":"https:\/\/www.visitmalinska.com\/o-malinskoj\/kultura-i-umjetnost\/#breadcrumb","itemListElement":[{"@type":"ListItem","position":1,"name":"Po\u010detna stranica","item":"https:\/\/www.visitmalinska.com\/"},{"@type":"ListItem","position":2,"name":"O Malinski","item":"https:\/\/www.visitmalinska.com\/si\/o-malinski\/"},{"@type":"ListItem","position":3,"name":"Kultura i umjetnost"}]},{"@type":"WebSite","@id":"https:\/\/www.visitmalinska.com\/#website","url":"https:\/\/www.visitmalinska.com\/","name":"TZO Malinska-Duba\u0161nica","description":"","publisher":{"@id":"https:\/\/www.visitmalinska.com\/#organization"},"potentialAction":[{"@type":"SearchAction","target":{"@type":"EntryPoint","urlTemplate":"https:\/\/www.visitmalinska.com\/?s={search_term_string}"},"query-input":{"@type":"PropertyValueSpecification","valueRequired":true,"valueName":"search_term_string"}}],"inLanguage":"de-DE"},{"@type":"Organization","@id":"https:\/\/www.visitmalinska.com\/#organization","name":"TZO Malinska - Duba\u0161nica","url":"https:\/\/www.visitmalinska.com\/","logo":{"@type":"ImageObject","inLanguage":"de-DE","@id":"https:\/\/www.visitmalinska.com\/#\/schema\/logo\/image\/","url":"https:\/\/www.visitmalinska.com\/wp-content\/uploads\/2019\/03\/malinska-logo-240.png","contentUrl":"https:\/\/www.visitmalinska.com\/wp-content\/uploads\/2019\/03\/malinska-logo-240.png","width":1188,"height":241,"caption":"TZO Malinska - Duba\u0161nica"},"image":{"@id":"https:\/\/www.visitmalinska.com\/#\/schema\/logo\/image\/"},"sameAs":["https:\/\/www.facebook.com\/Malinska.Island.Krk\/","https:\/\/www.instagram.com\/visitmalinska\/"]}]}},"_links":{"self":[{"href":"https:\/\/www.visitmalinska.com\/de\/wp-json\/wp\/v2\/pages\/30098","targetHints":{"allow":["GET"]}}],"collection":[{"href":"https:\/\/www.visitmalinska.com\/de\/wp-json\/wp\/v2\/pages"}],"about":[{"href":"https:\/\/www.visitmalinska.com\/de\/wp-json\/wp\/v2\/types\/page"}],"author":[{"embeddable":true,"href":"https:\/\/www.visitmalinska.com\/de\/wp-json\/wp\/v2\/users\/1"}],"replies":[{"embeddable":true,"href":"https:\/\/www.visitmalinska.com\/de\/wp-json\/wp\/v2\/comments?post=30098"}],"version-history":[{"count":34,"href":"https:\/\/www.visitmalinska.com\/de\/wp-json\/wp\/v2\/pages\/30098\/revisions"}],"predecessor-version":[{"id":43417,"href":"https:\/\/www.visitmalinska.com\/de\/wp-json\/wp\/v2\/pages\/30098\/revisions\/43417"}],"up":[{"embeddable":true,"href":"https:\/\/www.visitmalinska.com\/de\/wp-json\/wp\/v2\/pages\/30084"}],"wp:featuredmedia":[{"embeddable":true,"href":"https:\/\/www.visitmalinska.com\/de\/wp-json\/wp\/v2\/media\/30475"}],"wp:attachment":[{"href":"https:\/\/www.visitmalinska.com\/de\/wp-json\/wp\/v2\/media?parent=30098"}],"curies":[{"name":"wp","href":"https:\/\/api.w.org\/{rel}","templated":true}]}}