{"id":30096,"date":"2019-03-19T13:14:46","date_gmt":"2019-03-19T13:14:46","guid":{"rendered":"http:\/\/www.visitmalinska.com\/?page_id=30096"},"modified":"2020-11-18T20:27:57","modified_gmt":"2020-11-18T18:27:57","slug":"klima-i-polozaj","status":"publish","type":"page","link":"https:\/\/www.visitmalinska.com\/de\/uber-malinska\/klima-und-lage\/","title":{"rendered":"Klima und Lage"},"content":{"rendered":"<p>[vc_row][vc_column][vc_column_text]<\/p>\n<h4><strong>KLIMA<\/strong><\/h4>\n<p>Aufgrund der mediterranen Vegetation mit dichtem Waldbewuchs, der geographischen Lage, des Meeres und der vielen Sonnenergie sind Malinska und Umgebung (Duba\u0161nica) klimatechnisch sehr g\u00fcnstig und bieten das angenehmste Klima auf der Insel Krk. Malinska und Umgebung begeistern nicht nur Touristen aus allen Teilen Europas und der Welt, sondern dieses Klima hilft aufgrund des hohen Salzgehaltes in der Luft dar\u00fcber hinaus bei der Behandlung und Rehabilitation der Atemwege.<br \/>\nDie Badesaison beginnt im Mai und dauert bis Oktober. In dieser Zeit liegen die Meerestemperaturen nicht unter angenehmen 20 Grad. Die durchschnittliche Temperatur liegt bei 17,4\u00b0 C, wobei der Juli mit durchschnittlichen 25\u00b0C der w\u00e4rmste Monat ist und der Februar mit 15\u00b0C der k\u00e4lteste.<\/p>\n<p>Mit durchschnittlich 260 Sonnentagen, 93 Regentagen und 64 Tagen ohne Wind \u00fcberwiegt in Malinska ein Mittelmeerklima mit hei\u00dfen und trockenen Sommern und milden und regnerischen Wintern.<\/p>\n<p>Am h\u00e4ufigsten weht ein S\u00fcdwind (warmer und feuchter Wind) und Borawinde (st\u00e4rkster und trockenster Wind). Der Maestral (ein nordwestlicher Wind) erfrischt in der w\u00e4rmeren Zeit des Jahres und weht vom Festland in Richtung Meer. Der Nordwind Tramuntana hingegen k\u00fcndigt in den Sommermonaten kurze Gewitter mit Schauern an. Die Bucht Malinska ist vor Winden gesch\u00fctzt.<\/p>\n<p><strong><img loading=\"lazy\" decoding=\"async\" class=\"responsive aligncenter wp-image-32077 size-full\" src=\"http:\/\/www.visitmalinska.com\/wp-content\/uploads\/2019\/08\/malinska-krk-mapa.jpg\" alt=\"\" width=\"1280\" height=\"720\" srcset=\"https:\/\/www.visitmalinska.com\/wp-content\/uploads\/2019\/08\/malinska-krk-mapa.jpg 1280w, https:\/\/www.visitmalinska.com\/wp-content\/uploads\/2019\/08\/malinska-krk-mapa-300x169.jpg 300w, https:\/\/www.visitmalinska.com\/wp-content\/uploads\/2019\/08\/malinska-krk-mapa-768x432.jpg 768w, https:\/\/www.visitmalinska.com\/wp-content\/uploads\/2019\/08\/malinska-krk-mapa-1024x576.jpg 1024w\" sizes=\"auto, (max-width: 1280px) 100vw, 1280px\" \/><\/strong><\/p>\n<h4><strong>LAGE<\/strong><\/h4>\n<p>Im nordwestlichen Teil der Insel Krk befindet sich in einer breiten Bucht zwischen dem Kap \u0106uf und Pelova der Ort Malinska, der mit seinen zwanzig umliegenden D\u00f6rfern die historische Gemeinde Duba\u0161nica bildet. Diese Gegend ist insbesondere von der St\u00e4rke und Sch\u00f6nheit des Meeres und den W\u00e4ldern von Duba\u0161nica gepr\u00e4gt.<\/p>\n<p>Malinska liegt in einer Bucht, die sich zur Kvarnerbucht und zum gr\u00f6\u00dften kroatischen Hafen Rijeka erstreckt. Der wundersch\u00f6ne Blick im westlichen Teil von Duba\u0161nica reicht bis nach Istrien und U\u010dka, und die K\u00fcste ist relativ niedrig und gut zu erreichen.<\/p>\n<p>Fast in der Mitte der Insel in einem karst- und kalksteinreichen Gebiet, das vor starken Winden gesch\u00fctzt ist, befindet sich der Teil von Malinska, der sich \u00fcber das Inland erstreckt. Hier herrscht eines der angenehmsten Klimaverh\u00e4ltnisse auf der Insel Krk mit einer \u00fcppigen Vegetation.[\/vc_column_text][\/vc_column][\/vc_row]<\/p>\n","protected":false},"excerpt":{"rendered":"<p>Aufgrund der mediterranen Vegetation mit dichtem Waldbewuchs.<\/p>\n","protected":false},"author":1,"featured_media":0,"parent":30084,"menu_order":0,"comment_status":"closed","ping_status":"closed","template":"","meta":{"footnotes":""},"class_list":["post-30096","page","type-page","status-publish"],"acf":[],"yoast_head":"<!-- This site is optimized with the Yoast SEO plugin v23.5 - https:\/\/yoast.com\/wordpress\/plugins\/seo\/ -->\n<title>Klima und Lage - TZO Malinska-Duba\u0161nica<\/title>\n<meta name=\"robots\" content=\"index, follow, max-snippet:-1, max-image-preview:large, max-video-preview:-1\" \/>\n<link rel=\"canonical\" href=\"https:\/\/www.visitmalinska.com\/o-malinskoj\/klima-i-polozaj\/\" \/>\n<meta property=\"og:locale\" content=\"de_DE\" \/>\n<meta property=\"og:type\" content=\"article\" \/>\n<meta property=\"og:title\" content=\"{:hr}Klima i polo\u017eaj{:}{:en}Climate and location{:}{:de}Klima und Lage{:}{:it}Clima e posizione{:}{:si}Klima in polo\u017eaj{:} - TZO Malinska-Duba\u0161nica\" \/>\n<meta property=\"og:description\" content=\"Aufgrund der mediterranen Vegetation mit dichtem Waldbewuchs.\" \/>\n<meta property=\"og:url\" content=\"https:\/\/www.visitmalinska.com\/o-malinskoj\/klima-i-polozaj\/\" \/>\n<meta property=\"og:site_name\" content=\"TZO Malinska-Duba\u0161nica\" \/>\n<meta property=\"article:publisher\" content=\"https:\/\/www.facebook.com\/Malinska.Island.Krk\/\" \/>\n<meta property=\"article:modified_time\" content=\"2020-11-18T18:27:57+00:00\" \/>\n<meta property=\"og:image\" content=\"http:\/\/www.visitmalinska.com\/wp-content\/uploads\/2019\/08\/malinska-krk-mapa.jpg\" \/>\n<meta name=\"twitter:card\" content=\"summary_large_image\" \/>\n<meta name=\"twitter:label1\" content=\"Est. reading time\" \/>\n\t<meta name=\"twitter:data1\" content=\"9 minutes\" \/>\n<script type=\"application\/ld+json\" class=\"yoast-schema-graph\">{\"@context\":\"https:\/\/schema.org\",\"@graph\":[{\"@type\":\"WebPage\",\"@id\":\"https:\/\/www.visitmalinska.com\/o-malinskoj\/klima-i-polozaj\/\",\"url\":\"https:\/\/www.visitmalinska.com\/o-malinskoj\/klima-i-polozaj\/\",\"name\":\"{:hr}Klima i polo\u017eaj{:}{:en}Climate and location{:}{:de}Klima und Lage{:}{:it}Clima e posizione{:}{:si}Klima in polo\u017eaj{:} - TZO Malinska-Duba\u0161nica\",\"isPartOf\":{\"@id\":\"https:\/\/www.visitmalinska.com\/#website\"},\"primaryImageOfPage\":{\"@id\":\"https:\/\/www.visitmalinska.com\/o-malinskoj\/klima-i-polozaj\/#primaryimage\"},\"image\":{\"@id\":\"https:\/\/www.visitmalinska.com\/o-malinskoj\/klima-i-polozaj\/#primaryimage\"},\"thumbnailUrl\":\"http:\/\/www.visitmalinska.com\/wp-content\/uploads\/2019\/08\/malinska-krk-mapa.jpg\",\"datePublished\":\"2019-03-19T13:14:46+00:00\",\"dateModified\":\"2020-11-18T18:27:57+00:00\",\"breadcrumb\":{\"@id\":\"https:\/\/www.visitmalinska.com\/o-malinskoj\/klima-i-polozaj\/#breadcrumb\"},\"inLanguage\":\"de-DE\",\"potentialAction\":[{\"@type\":\"ReadAction\",\"target\":[\"https:\/\/www.visitmalinska.com\/o-malinskoj\/klima-i-polozaj\/\"]}]},{\"@type\":\"ImageObject\",\"inLanguage\":\"de-DE\",\"@id\":\"https:\/\/www.visitmalinska.com\/o-malinskoj\/klima-i-polozaj\/#primaryimage\",\"url\":\"http:\/\/www.visitmalinska.com\/wp-content\/uploads\/2019\/08\/malinska-krk-mapa.jpg\",\"contentUrl\":\"http:\/\/www.visitmalinska.com\/wp-content\/uploads\/2019\/08\/malinska-krk-mapa.jpg\"},{\"@type\":\"BreadcrumbList\",\"@id\":\"https:\/\/www.visitmalinska.com\/o-malinskoj\/klima-i-polozaj\/#breadcrumb\",\"itemListElement\":[{\"@type\":\"ListItem\",\"position\":1,\"name\":\"Po\u010detna stranica\",\"item\":\"https:\/\/www.visitmalinska.com\/\"},{\"@type\":\"ListItem\",\"position\":2,\"name\":\"O Malinski\",\"item\":\"https:\/\/www.visitmalinska.com\/si\/o-malinski\/\"},{\"@type\":\"ListItem\",\"position\":3,\"name\":\"Klima i polo\u017eaj\"}]},{\"@type\":\"WebSite\",\"@id\":\"https:\/\/www.visitmalinska.com\/#website\",\"url\":\"https:\/\/www.visitmalinska.com\/\",\"name\":\"TZO Malinska-Duba\u0161nica\",\"description\":\"\",\"publisher\":{\"@id\":\"https:\/\/www.visitmalinska.com\/#organization\"},\"potentialAction\":[{\"@type\":\"SearchAction\",\"target\":{\"@type\":\"EntryPoint\",\"urlTemplate\":\"https:\/\/www.visitmalinska.com\/?s={search_term_string}\"},\"query-input\":{\"@type\":\"PropertyValueSpecification\",\"valueRequired\":true,\"valueName\":\"search_term_string\"}}],\"inLanguage\":\"de-DE\"},{\"@type\":\"Organization\",\"@id\":\"https:\/\/www.visitmalinska.com\/#organization\",\"name\":\"TZO Malinska - Duba\u0161nica\",\"url\":\"https:\/\/www.visitmalinska.com\/\",\"logo\":{\"@type\":\"ImageObject\",\"inLanguage\":\"de-DE\",\"@id\":\"https:\/\/www.visitmalinska.com\/#\/schema\/logo\/image\/\",\"url\":\"https:\/\/www.visitmalinska.com\/wp-content\/uploads\/2019\/03\/malinska-logo-240.png\",\"contentUrl\":\"https:\/\/www.visitmalinska.com\/wp-content\/uploads\/2019\/03\/malinska-logo-240.png\",\"width\":1188,\"height\":241,\"caption\":\"TZO Malinska - Duba\u0161nica\"},\"image\":{\"@id\":\"https:\/\/www.visitmalinska.com\/#\/schema\/logo\/image\/\"},\"sameAs\":[\"https:\/\/www.facebook.com\/Malinska.Island.Krk\/\",\"https:\/\/www.instagram.com\/visitmalinska\/\"]}]}<\/script>\n<!-- \/ Yoast SEO plugin. -->","yoast_head_json":{"title":"Klima und Lage - TZO Malinska-Duba\u0161nica","robots":{"index":"index","follow":"follow","max-snippet":"max-snippet:-1","max-image-preview":"max-image-preview:large","max-video-preview":"max-video-preview:-1"},"canonical":"https:\/\/www.visitmalinska.com\/o-malinskoj\/klima-i-polozaj\/","og_locale":"de_DE","og_type":"article","og_title":"{:hr}Klima i polo\u017eaj{:}{:en}Climate and location{:}{:de}Klima und Lage{:}{:it}Clima e posizione{:}{:si}Klima in polo\u017eaj{:} - TZO Malinska-Duba\u0161nica","og_description":"Aufgrund der mediterranen Vegetation mit dichtem Waldbewuchs.","og_url":"https:\/\/www.visitmalinska.com\/o-malinskoj\/klima-i-polozaj\/","og_site_name":"TZO Malinska-Duba\u0161nica","article_publisher":"https:\/\/www.facebook.com\/Malinska.Island.Krk\/","article_modified_time":"2020-11-18T18:27:57+00:00","og_image":[{"url":"http:\/\/www.visitmalinska.com\/wp-content\/uploads\/2019\/08\/malinska-krk-mapa.jpg"}],"twitter_card":"summary_large_image","twitter_misc":{"Est. reading time":"9 minutes"},"schema":{"@context":"https:\/\/schema.org","@graph":[{"@type":"WebPage","@id":"https:\/\/www.visitmalinska.com\/o-malinskoj\/klima-i-polozaj\/","url":"https:\/\/www.visitmalinska.com\/o-malinskoj\/klima-i-polozaj\/","name":"{:hr}Klima i polo\u017eaj{:}{:en}Climate and location{:}{:de}Klima und Lage{:}{:it}Clima e posizione{:}{:si}Klima in polo\u017eaj{:} - TZO Malinska-Duba\u0161nica","isPartOf":{"@id":"https:\/\/www.visitmalinska.com\/#website"},"primaryImageOfPage":{"@id":"https:\/\/www.visitmalinska.com\/o-malinskoj\/klima-i-polozaj\/#primaryimage"},"image":{"@id":"https:\/\/www.visitmalinska.com\/o-malinskoj\/klima-i-polozaj\/#primaryimage"},"thumbnailUrl":"http:\/\/www.visitmalinska.com\/wp-content\/uploads\/2019\/08\/malinska-krk-mapa.jpg","datePublished":"2019-03-19T13:14:46+00:00","dateModified":"2020-11-18T18:27:57+00:00","breadcrumb":{"@id":"https:\/\/www.visitmalinska.com\/o-malinskoj\/klima-i-polozaj\/#breadcrumb"},"inLanguage":"de-DE","potentialAction":[{"@type":"ReadAction","target":["https:\/\/www.visitmalinska.com\/o-malinskoj\/klima-i-polozaj\/"]}]},{"@type":"ImageObject","inLanguage":"de-DE","@id":"https:\/\/www.visitmalinska.com\/o-malinskoj\/klima-i-polozaj\/#primaryimage","url":"http:\/\/www.visitmalinska.com\/wp-content\/uploads\/2019\/08\/malinska-krk-mapa.jpg","contentUrl":"http:\/\/www.visitmalinska.com\/wp-content\/uploads\/2019\/08\/malinska-krk-mapa.jpg"},{"@type":"BreadcrumbList","@id":"https:\/\/www.visitmalinska.com\/o-malinskoj\/klima-i-polozaj\/#breadcrumb","itemListElement":[{"@type":"ListItem","position":1,"name":"Po\u010detna stranica","item":"https:\/\/www.visitmalinska.com\/"},{"@type":"ListItem","position":2,"name":"O Malinski","item":"https:\/\/www.visitmalinska.com\/si\/o-malinski\/"},{"@type":"ListItem","position":3,"name":"Klima i polo\u017eaj"}]},{"@type":"WebSite","@id":"https:\/\/www.visitmalinska.com\/#website","url":"https:\/\/www.visitmalinska.com\/","name":"TZO Malinska-Duba\u0161nica","description":"","publisher":{"@id":"https:\/\/www.visitmalinska.com\/#organization"},"potentialAction":[{"@type":"SearchAction","target":{"@type":"EntryPoint","urlTemplate":"https:\/\/www.visitmalinska.com\/?s={search_term_string}"},"query-input":{"@type":"PropertyValueSpecification","valueRequired":true,"valueName":"search_term_string"}}],"inLanguage":"de-DE"},{"@type":"Organization","@id":"https:\/\/www.visitmalinska.com\/#organization","name":"TZO Malinska - Duba\u0161nica","url":"https:\/\/www.visitmalinska.com\/","logo":{"@type":"ImageObject","inLanguage":"de-DE","@id":"https:\/\/www.visitmalinska.com\/#\/schema\/logo\/image\/","url":"https:\/\/www.visitmalinska.com\/wp-content\/uploads\/2019\/03\/malinska-logo-240.png","contentUrl":"https:\/\/www.visitmalinska.com\/wp-content\/uploads\/2019\/03\/malinska-logo-240.png","width":1188,"height":241,"caption":"TZO Malinska - Duba\u0161nica"},"image":{"@id":"https:\/\/www.visitmalinska.com\/#\/schema\/logo\/image\/"},"sameAs":["https:\/\/www.facebook.com\/Malinska.Island.Krk\/","https:\/\/www.instagram.com\/visitmalinska\/"]}]}},"_links":{"self":[{"href":"https:\/\/www.visitmalinska.com\/de\/wp-json\/wp\/v2\/pages\/30096","targetHints":{"allow":["GET"]}}],"collection":[{"href":"https:\/\/www.visitmalinska.com\/de\/wp-json\/wp\/v2\/pages"}],"about":[{"href":"https:\/\/www.visitmalinska.com\/de\/wp-json\/wp\/v2\/types\/page"}],"author":[{"embeddable":true,"href":"https:\/\/www.visitmalinska.com\/de\/wp-json\/wp\/v2\/users\/1"}],"replies":[{"embeddable":true,"href":"https:\/\/www.visitmalinska.com\/de\/wp-json\/wp\/v2\/comments?post=30096"}],"version-history":[{"count":14,"href":"https:\/\/www.visitmalinska.com\/de\/wp-json\/wp\/v2\/pages\/30096\/revisions"}],"predecessor-version":[{"id":34538,"href":"https:\/\/www.visitmalinska.com\/de\/wp-json\/wp\/v2\/pages\/30096\/revisions\/34538"}],"up":[{"embeddable":true,"href":"https:\/\/www.visitmalinska.com\/de\/wp-json\/wp\/v2\/pages\/30084"}],"wp:attachment":[{"href":"https:\/\/www.visitmalinska.com\/de\/wp-json\/wp\/v2\/media?parent=30096"}],"curies":[{"name":"wp","href":"https:\/\/api.w.org\/{rel}","templated":true}]}}